{"id":96,"date":"2025-11-28T13:42:59","date_gmt":"2025-11-28T11:42:59","guid":{"rendered":"https:\/\/webs.uab.cat\/transvec\/?page_id=96"},"modified":"2025-12-04T12:43:05","modified_gmt":"2025-12-04T10:43:05","slug":"matteo-mandelli","status":"publish","type":"page","link":"https:\/\/webs.uab.cat\/transvec\/equipo-investigador\/transvec-1\/matteo-mandelli\/","title":{"rendered":"Matteo Mandelli"},"content":{"rendered":"\n<h2 class=\"wp-block-heading has-verd-tropic-color has-text-color has-large-font-size\"><strong>MATTEO MANDELLI<\/strong><\/h2>\n\n\n\n<div class=\"wp-block-columns is-layout-flex wp-container-core-columns-is-layout-9d6595d7 wp-block-columns-is-layout-flex\">\n<div class=\"wp-block-column is-layout-flow wp-block-column-is-layout-flow\" style=\"flex-basis:66.66%\">\n<p class=\"has-small-font-size\">Matteo Mandelli es investigador postdoctoral en el Centro de Estudios Europeos y Pol\u00edtica Comparada (CEE) de Sciences Po en Par\u00eds.<\/p>\n\n\n\n<p class=\"has-small-font-size\">Obtuvo su doctorado en Estudios Pol\u00edticos por la Universidad de Mil\u00e1n en septiembre de 2023. A continuaci\u00f3n, se incorpor\u00f3 a Sciences Po, donde llev\u00f3 a cabo un proyecto en el Laboratory for Interdisciplinary Evaluation of Public (LIEPP)<\/p>\n<\/div>\n\n\n\n<div class=\"wp-block-column is-vertically-aligned-center is-layout-flow wp-block-column-is-layout-flow\" style=\"flex-basis:33.33%\">\n<figure class=\"wp-block-image size-full\"><img loading=\"lazy\" decoding=\"async\" width=\"450\" height=\"450\" src=\"https:\/\/webs.uab.cat\/transvec\/wp-content\/uploads\/sites\/687\/2025\/12\/MATTEO-2.png\" alt=\"\" class=\"wp-image-195\" srcset=\"https:\/\/webs.uab.cat\/transvec\/wp-content\/uploads\/sites\/687\/2025\/12\/MATTEO-2.png 450w, https:\/\/webs.uab.cat\/transvec\/wp-content\/uploads\/sites\/687\/2025\/12\/MATTEO-2-300x300.png 300w, https:\/\/webs.uab.cat\/transvec\/wp-content\/uploads\/sites\/687\/2025\/12\/MATTEO-2-150x150.png 150w\" sizes=\"auto, (max-width: 450px) 100vw, 450px\" \/><\/figure>\n<\/div>\n<\/div>\n\n\n\n<p class=\"has-small-font-size\">A lo largo de los a\u00f1os, ha colaborado con diversos proyectos de investigaci\u00f3n acad\u00e9mica internacional, as\u00ed como con la Fundaci\u00f3n Verde Europea, el Instituto Sindical Europeo y la Red Europea contra la Pobreza. Ha sido profesor visitante en la Universidad de Maynooth (Irlanda) y en la Universidad Aut\u00f3noma de Barcelona. Es cofundador y miembro del consejo de administraci\u00f3n de la Red de Bienestar Sostenible y Pol\u00edtica Ecosocial. En Sciences Po, es uno de los coordinadores de la iniciativa Transiciones Socioecol\u00f3gicas (SET) y miembro del comit\u00e9 directivo del Atelier interdisciplinaire de recherches sur l&#8217;environnement (AIRE).<\/p>\n\n\n\n<p class=\"has-verd-tropic-color has-text-color has-normal-font-size\"><strong>Intereses de investigaci\u00f3n<\/strong><\/p>\n\n\n\n<p class=\"has-small-font-size\">Su principal inter\u00e9s investigador es el papel del estado del bienestar en la respuesta a la crisis ecol\u00f3gica y la transici\u00f3n verde, con especial atenci\u00f3n a las pol\u00edticas distributivas implicadas. Su trabajo se ha centrado en definir e identificar pol\u00edticas y riesgos ecosociales, as\u00ed como en examinar los conflictos pol\u00edticos y los procesos de elaboraci\u00f3n de pol\u00edticas relacionados con ellos dentro de la Uni\u00f3n Europea y sus Estados miembros, contribuyendo en general al debate sobre el avance de una transici\u00f3n justa desde la perspectiva de los estudios pol\u00edticos.<\/p>\n","protected":false},"excerpt":{"rendered":"<p>MATTEO MANDELLI Matteo Mandelli es investigador postdoctoral en el Centro de Estudios Europeos y Pol\u00edtica Comparada (CEE) de Sciences Po en Par\u00eds. Obtuvo su doctorado en Estudios Pol\u00edticos por la Universidad de Mil\u00e1n en septiembre de 2023. A continuaci\u00f3n, se incorpor\u00f3 a Sciences Po, donde llev\u00f3 a cabo un proyecto en el Laboratory for Interdisciplinary [&hellip;]<\/p>\n","protected":false},"author":2648,"featured_media":0,"parent":24,"menu_order":6,"comment_status":"closed","ping_status":"closed","template":"","meta":{"footnotes":""},"class_list":["post-96","page","type-page","status-publish","hentry"],"_links":{"self":[{"href":"https:\/\/webs.uab.cat\/transvec\/wp-json\/wp\/v2\/pages\/96","targetHints":{"allow":["GET"]}}],"collection":[{"href":"https:\/\/webs.uab.cat\/transvec\/wp-json\/wp\/v2\/pages"}],"about":[{"href":"https:\/\/webs.uab.cat\/transvec\/wp-json\/wp\/v2\/types\/page"}],"author":[{"embeddable":true,"href":"https:\/\/webs.uab.cat\/transvec\/wp-json\/wp\/v2\/users\/2648"}],"replies":[{"embeddable":true,"href":"https:\/\/webs.uab.cat\/transvec\/wp-json\/wp\/v2\/comments?post=96"}],"version-history":[{"count":3,"href":"https:\/\/webs.uab.cat\/transvec\/wp-json\/wp\/v2\/pages\/96\/revisions"}],"predecessor-version":[{"id":218,"href":"https:\/\/webs.uab.cat\/transvec\/wp-json\/wp\/v2\/pages\/96\/revisions\/218"}],"up":[{"embeddable":true,"href":"https:\/\/webs.uab.cat\/transvec\/wp-json\/wp\/v2\/pages\/24"}],"wp:attachment":[{"href":"https:\/\/webs.uab.cat\/transvec\/wp-json\/wp\/v2\/media?parent=96"}],"curies":[{"name":"wp","href":"https:\/\/api.w.org\/{rel}","templated":true}]}}