{"id":98,"date":"2025-11-28T13:43:46","date_gmt":"2025-11-28T11:43:46","guid":{"rendered":"https:\/\/webs.uab.cat\/transvec\/?page_id=98"},"modified":"2025-12-11T15:06:44","modified_gmt":"2025-12-11T13:06:44","slug":"mario-risquez","status":"publish","type":"page","link":"https:\/\/webs.uab.cat\/transvec\/equipo-investigador\/transvec-2\/mario-risquez\/","title":{"rendered":"Mario R\u00edsquez"},"content":{"rendered":"\n<h2 class=\"wp-block-heading has-groc-caputxina-color has-text-color has-large-font-size\"><strong>MARIO R\u00cdSQUEZ RAMOS<\/strong><\/h2>\n\n\n\n<div class=\"wp-block-columns is-layout-flex wp-container-core-columns-is-layout-9d6595d7 wp-block-columns-is-layout-flex\">\n<div class=\"wp-block-column is-layout-flow wp-block-column-is-layout-flow\" style=\"flex-basis:66.66%\">\n<p class=\"has-small-font-size\">Mario R\u00edsquez Ramos es Doctor en Econom\u00eda y actualmente profesor ayudante doctor en el departamento de Econom\u00eda Aplicada, Estructura e Historia de la Universidad Complutense de Madrid. Ha impartido o imparte docencia en las asignaturas de Econom\u00eda Pol\u00edtica Mundial, Organizaci\u00f3n Econ\u00f3mica Internacional y Econom\u00eda Internacional.<\/p>\n<\/div>\n\n\n\n<div class=\"wp-block-column is-vertically-aligned-center is-layout-flow wp-block-column-is-layout-flow\" style=\"flex-basis:33.33%\">\n<figure class=\"wp-block-image size-full\"><img loading=\"lazy\" decoding=\"async\" width=\"450\" height=\"450\" src=\"https:\/\/webs.uab.cat\/transvec\/wp-content\/uploads\/sites\/687\/2025\/12\/MARIO-2.png\" alt=\"\" class=\"wp-image-276\" srcset=\"https:\/\/webs.uab.cat\/transvec\/wp-content\/uploads\/sites\/687\/2025\/12\/MARIO-2.png 450w, https:\/\/webs.uab.cat\/transvec\/wp-content\/uploads\/sites\/687\/2025\/12\/MARIO-2-300x300.png 300w, https:\/\/webs.uab.cat\/transvec\/wp-content\/uploads\/sites\/687\/2025\/12\/MARIO-2-150x150.png 150w\" sizes=\"auto, (max-width: 450px) 100vw, 450px\" \/><\/figure>\n<\/div>\n<\/div>\n\n\n\n<p class=\"has-small-font-size\">Sus l\u00edneas de investigaci\u00f3n se centran en el an\u00e1lisis de la din\u00e1mica de competencia entre empresas y de los determinantes de la competitividad, con especial \u00e9nfasis en el estudio del papel que juegan las condiciones laborales y las innovaciones tecnol\u00f3gicas y organizacionales como resortes de competitividad en el marco de las cadenas globales de producci\u00f3n. Es tambi\u00e9n investigador adscrito en el Instituto Complutense de Estudios Internacionales, y coorganizador del Seminario Permanente sobre Cadenas Globales de Producci\u00f3n en el propio ICEI. Asimismo, tambi\u00e9n es miembro del Grupo de Investigaci\u00f3n Charles Babbage en Ciencias Sociales del Trabajo (UCM).<\/p>\n\n\n\n<p class=\"has-small-font-size\">Durante los \u00faltimos a\u00f1os ha trabajado y participado en organizaciones del tercer sector, en especial en la ONGD Economistas sin Fronteras. Tambi\u00e9n ha desempe\u00f1ado tareas de asistencia t\u00e9cnica en la Comisi\u00f3n de Industria, Comercio y Turismo en el Congreso de los Diputados. Actualmente realiza una labor t\u00e9cnica en el Gabinete Socioecon\u00f3mico de la Confederaci\u00f3n General del Trabajo.<\/p>\n","protected":false},"excerpt":{"rendered":"<p>MARIO R\u00cdSQUEZ RAMOS Mario R\u00edsquez Ramos es Doctor en Econom\u00eda y actualmente profesor ayudante doctor en el departamento de Econom\u00eda Aplicada, Estructura e Historia de la Universidad Complutense de Madrid. Ha impartido o imparte docencia en las asignaturas de Econom\u00eda Pol\u00edtica Mundial, Organizaci\u00f3n Econ\u00f3mica Internacional y Econom\u00eda Internacional. Sus l\u00edneas de investigaci\u00f3n se centran en [&hellip;]<\/p>\n","protected":false},"author":2648,"featured_media":0,"parent":26,"menu_order":2,"comment_status":"closed","ping_status":"closed","template":"","meta":{"footnotes":""},"class_list":["post-98","page","type-page","status-publish","hentry"],"_links":{"self":[{"href":"https:\/\/webs.uab.cat\/transvec\/wp-json\/wp\/v2\/pages\/98","targetHints":{"allow":["GET"]}}],"collection":[{"href":"https:\/\/webs.uab.cat\/transvec\/wp-json\/wp\/v2\/pages"}],"about":[{"href":"https:\/\/webs.uab.cat\/transvec\/wp-json\/wp\/v2\/types\/page"}],"author":[{"embeddable":true,"href":"https:\/\/webs.uab.cat\/transvec\/wp-json\/wp\/v2\/users\/2648"}],"replies":[{"embeddable":true,"href":"https:\/\/webs.uab.cat\/transvec\/wp-json\/wp\/v2\/comments?post=98"}],"version-history":[{"count":2,"href":"https:\/\/webs.uab.cat\/transvec\/wp-json\/wp\/v2\/pages\/98\/revisions"}],"predecessor-version":[{"id":277,"href":"https:\/\/webs.uab.cat\/transvec\/wp-json\/wp\/v2\/pages\/98\/revisions\/277"}],"up":[{"embeddable":true,"href":"https:\/\/webs.uab.cat\/transvec\/wp-json\/wp\/v2\/pages\/26"}],"wp:attachment":[{"href":"https:\/\/webs.uab.cat\/transvec\/wp-json\/wp\/v2\/media?parent=98"}],"curies":[{"name":"wp","href":"https:\/\/api.w.org\/{rel}","templated":true}]}}