{"id":119,"date":"2015-09-02T11:44:46","date_gmt":"2015-09-02T09:44:46","guid":{"rendered":"http:\/\/tudistar.com\/es\/?page_id=119"},"modified":"2024-10-30T12:02:01","modified_gmt":"2024-10-30T10:02:01","slug":"publicaciones","status":"publish","type":"page","link":"https:\/\/webs.uab.cat\/tudistar\/publicaciones\/","title":{"rendered":"Publicaciones"},"content":{"rendered":"\n<div class=\"wp-block-columns alignwide is-layout-flex wp-container-core-columns-is-layout-9d6595d7 wp-block-columns-is-layout-flex\">\n<div class=\"wp-block-column is-layout-flow wp-block-column-is-layout-flow\" style=\"flex-basis:33.33%\">\n<p><\/p>\n\n\n<div class=\"wp-block-image is-style-default\">\n<figure class=\"aligncenter size-full is-resized\"><img loading=\"lazy\" decoding=\"async\" width=\"255\" height=\"90\" src=\"https:\/\/webs.uab.cat\/tudistar\/wp-content\/uploads\/sites\/532\/2024\/10\/VkbitfRu_400x400.png\" alt=\"\" class=\"wp-image-1250\" style=\"width:292px;height:auto\" \/><\/figure>\n<\/div><\/div>\n\n\n\n<div class=\"wp-block-column is-layout-flow wp-block-column-is-layout-flow\" style=\"flex-basis:66.66%\">\n<p>El Grupo de Investigaci\u00f3n en Turismo i Nuevas Din\u00e0micas Socioterritoriales dispone de un espacio en el Dep\u00f3sito Digital de Documentos (DDD) de la Universitat Aut\u00f2noma de Barcelona. En este espacio puedes consultar todas las publicaciones en abierto que han realizados los investigadores del grupo.\u00a0Clica aqu\u00ed para acceder.<\/p>\n\n\n\n<p>Para conocer las publicaciones del personal investigador del grupo se recomienda acceder al perfil de investigaci\u00f3n de cada persona, que se encuentra en el espacio <a href=\"https:\/\/webs.uab.cat\/tudistar\/equipoinvestigacion\/\">\u201cEquipo de investigaci\u00f3n\u201d<\/a>.<\/p>\n<\/div>\n<\/div>\n","protected":false},"excerpt":{"rendered":"<p>El Grupo de Investigaci\u00f3n en Turismo i Nuevas Din\u00e0micas Socioterritoriales dispone de un espacio en el Dep\u00f3sito Digital de Documentos (DDD) de la Universitat Aut\u00f2noma de Barcelona. En este espacio puedes consultar todas las publicaciones en abierto que han realizados los investigadores del grupo.\u00a0Clica aqu\u00ed para acceder. Para conocer las publicaciones del personal investigador del [&hellip;]<\/p>\n","protected":false},"author":2826,"featured_media":0,"parent":0,"menu_order":0,"comment_status":"open","ping_status":"open","template":"","meta":{"footnotes":""},"class_list":["post-119","page","type-page","status-publish","hentry"],"_links":{"self":[{"href":"https:\/\/webs.uab.cat\/tudistar\/wp-json\/wp\/v2\/pages\/119","targetHints":{"allow":["GET"]}}],"collection":[{"href":"https:\/\/webs.uab.cat\/tudistar\/wp-json\/wp\/v2\/pages"}],"about":[{"href":"https:\/\/webs.uab.cat\/tudistar\/wp-json\/wp\/v2\/types\/page"}],"author":[{"embeddable":true,"href":"https:\/\/webs.uab.cat\/tudistar\/wp-json\/wp\/v2\/users\/2826"}],"replies":[{"embeddable":true,"href":"https:\/\/webs.uab.cat\/tudistar\/wp-json\/wp\/v2\/comments?post=119"}],"version-history":[{"count":2,"href":"https:\/\/webs.uab.cat\/tudistar\/wp-json\/wp\/v2\/pages\/119\/revisions"}],"predecessor-version":[{"id":1264,"href":"https:\/\/webs.uab.cat\/tudistar\/wp-json\/wp\/v2\/pages\/119\/revisions\/1264"}],"wp:attachment":[{"href":"https:\/\/webs.uab.cat\/tudistar\/wp-json\/wp\/v2\/media?parent=119"}],"curies":[{"name":"wp","href":"https:\/\/api.w.org\/{rel}","templated":true}]}}