{"id":42,"date":"2015-06-29T19:03:51","date_gmt":"2015-06-29T17:03:51","guid":{"rendered":"http:\/\/tudistar.com\/es\/?page_id=42"},"modified":"2024-10-31T17:48:32","modified_gmt":"2024-10-31T15:48:32","slug":"contacto","status":"publish","type":"page","link":"https:\/\/webs.uab.cat\/tudistar\/contacto\/","title":{"rendered":"Contacto"},"content":{"rendered":"\n<p><strong>Grupo de Investigaci\u00f3n sobre Turismo y Din\u00e1micas Socioterritoriales<\/strong><br>Departamento de Geograf\u00eda<br>Calle de la Fortuna, s\/n<br>Edificio B, planta 1, despacho B9\/1020<br>Campus de Bellaterra<br>Universitat Aut\u00f2noma de Barcelona<br>08193 Bellaterra \u2013 Cerdanyola del Vall\u00e8s<\/p>\n\n\n\n<p>Tel.: 935 811 859<\/p>\n\n\n\n<p>Web:\u00a0<a href=\"https:\/\/webs.uab.cat\/tudistar\">https:\/\/webs.uab.cat\/tudistar<\/a><\/p>\n\n\n\n<p>Direcci\u00f3n electr\u00f3nica: asuncion.blanco@uab.cat<\/p>\n","protected":false},"excerpt":{"rendered":"<p>Grupo de Investigaci\u00f3n sobre Turismo y Din\u00e1micas SocioterritorialesDepartamento de Geograf\u00edaCalle de la Fortuna, s\/nEdificio B, planta 1, despacho B9\/1020Campus de BellaterraUniversitat Aut\u00f2noma de Barcelona08193 Bellaterra \u2013 Cerdanyola del Vall\u00e8s Tel.: 935 811 859 Web:\u00a0https:\/\/webs.uab.cat\/tudistar Direcci\u00f3n electr\u00f3nica: asuncion.blanco@uab.cat<\/p>\n","protected":false},"author":2826,"featured_media":0,"parent":0,"menu_order":0,"comment_status":"closed","ping_status":"open","template":"","meta":{"footnotes":""},"class_list":["post-42","page","type-page","status-publish","hentry"],"_links":{"self":[{"href":"https:\/\/webs.uab.cat\/tudistar\/wp-json\/wp\/v2\/pages\/42","targetHints":{"allow":["GET"]}}],"collection":[{"href":"https:\/\/webs.uab.cat\/tudistar\/wp-json\/wp\/v2\/pages"}],"about":[{"href":"https:\/\/webs.uab.cat\/tudistar\/wp-json\/wp\/v2\/types\/page"}],"author":[{"embeddable":true,"href":"https:\/\/webs.uab.cat\/tudistar\/wp-json\/wp\/v2\/users\/2826"}],"replies":[{"embeddable":true,"href":"https:\/\/webs.uab.cat\/tudistar\/wp-json\/wp\/v2\/comments?post=42"}],"version-history":[{"count":2,"href":"https:\/\/webs.uab.cat\/tudistar\/wp-json\/wp\/v2\/pages\/42\/revisions"}],"predecessor-version":[{"id":1270,"href":"https:\/\/webs.uab.cat\/tudistar\/wp-json\/wp\/v2\/pages\/42\/revisions\/1270"}],"wp:attachment":[{"href":"https:\/\/webs.uab.cat\/tudistar\/wp-json\/wp\/v2\/media?parent=42"}],"curies":[{"name":"wp","href":"https:\/\/api.w.org\/{rel}","templated":true}]}}