{"id":46,"date":"2015-06-29T19:16:00","date_gmt":"2015-06-29T17:16:00","guid":{"rendered":"http:\/\/tudistar.com\/es\/?page_id=46"},"modified":"2024-10-31T18:41:47","modified_gmt":"2024-10-31T16:41:47","slug":"equipoinvestigacion","status":"publish","type":"page","link":"https:\/\/webs.uab.cat\/tudistar\/equipoinvestigacion\/","title":{"rendered":"Equipo de investigaci\u00f3n"},"content":{"rendered":"\n<p>El grupo de investigaci\u00f3n TUDISTAR est\u00e1 formado por profesores e investigadores de varias universidades espa\u00f1olas y una francesa: Universitat Aut\u00f2noma de Barcelona, Universitat de les Illes Balears, Universidade de Santiago de Compostela, Universidad de Vigo, Universidad de Murcia, Universidad de Alicante, Universitat Oberta de Catalunya, Universitat de Vic, Universidad de Salamanca, Universidad Complutense de Madrid y Universidad de Toulouse II (Le MIrail).<\/p>\n\n\n\n<div class=\"wp-block-columns alignwide is-layout-flex wp-container-core-columns-is-layout-9d6595d7 wp-block-columns-is-layout-flex\">\n<div class=\"wp-block-column has-gris-pubilla-background-color has-background is-layout-flow wp-block-column-is-layout-flow\">\n<p class=\"has-text-align-center has-large-font-size\"><strong>Gemma C\u00e0novas Valiente<\/strong><\/p>\n\n\n<div class=\"wp-block-image\">\n<figure class=\"aligncenter size-full is-resized\"><img loading=\"lazy\" decoding=\"async\" width=\"1024\" height=\"683\" src=\"https:\/\/webs.uab.cat\/tudistar\/wp-content\/uploads\/sites\/532\/2024\/10\/image.png\" alt=\"\" class=\"wp-image-1261\" style=\"object-fit:cover;width:250px;height:250px\" srcset=\"https:\/\/webs.uab.cat\/tudistar\/wp-content\/uploads\/sites\/532\/2024\/10\/image.png 1024w, https:\/\/webs.uab.cat\/tudistar\/wp-content\/uploads\/sites\/532\/2024\/10\/image-300x200.png 300w, https:\/\/webs.uab.cat\/tudistar\/wp-content\/uploads\/sites\/532\/2024\/10\/image-768x512.png 768w\" sizes=\"auto, (max-width: 1024px) 100vw, 1024px\" \/><\/figure>\n<\/div>\n\n\n<p class=\"has-text-align-center\">Departamento de Geograf\u00eda<br>Universitat Aut\u00f2noma de Barcelona<br>gemma.canovas@uab.cat<\/p>\n\n\n\n<div class=\"wp-block-buttons is-content-justification-center is-layout-flex wp-container-core-buttons-is-layout-16018d1d wp-block-buttons-is-layout-flex\">\n<div class=\"wp-block-button\"><a class=\"wp-block-button__link wp-element-button\" href=\"https:\/\/portalrecerca.uab.cat\/en\/persons\/gemma-canoves-valiente-4\">perfil de investigaci\u00f3n<\/a><\/div>\n\n\n\n<div class=\"wp-block-button\"><a class=\"wp-block-button__link wp-element-button\" href=\"https:\/\/ddd.uab.cat\/search?ln=ca&amp;p=Canovas%2C+Gemma&amp;f=author&amp;action_search=Cerca&amp;c=Dip%C3%B2sit+Digital+de+Documents+de+la+UAB&amp;sf=&amp;so=d&amp;rm=&amp;rg=10&amp;sc=1&amp;of=hb\">acceso al ddd<\/a><\/div>\n<\/div>\n<\/div>\n\n\n\n<div class=\"wp-block-column has-gris-pubilla-background-color has-background is-layout-flow wp-block-column-is-layout-flow\">\n<p class=\"has-text-align-center has-large-font-size\"><strong>Asunci\u00f3n Blanco Romero<\/strong><\/p>\n\n\n<div class=\"wp-block-image\">\n<figure class=\"aligncenter size-full is-resized\"><img loading=\"lazy\" decoding=\"async\" width=\"1024\" height=\"1024\" src=\"https:\/\/webs.uab.cat\/tudistar\/wp-content\/uploads\/sites\/532\/2024\/10\/image-1.png\" alt=\"\" class=\"wp-image-1265\" style=\"object-fit:cover;width:250px;height:250px\" srcset=\"https:\/\/webs.uab.cat\/tudistar\/wp-content\/uploads\/sites\/532\/2024\/10\/image-1.png 1024w, https:\/\/webs.uab.cat\/tudistar\/wp-content\/uploads\/sites\/532\/2024\/10\/image-1-300x300.png 300w, https:\/\/webs.uab.cat\/tudistar\/wp-content\/uploads\/sites\/532\/2024\/10\/image-1-150x150.png 150w, https:\/\/webs.uab.cat\/tudistar\/wp-content\/uploads\/sites\/532\/2024\/10\/image-1-768x768.png 768w\" sizes=\"auto, (max-width: 1024px) 100vw, 1024px\" \/><\/figure>\n<\/div>\n\n\n<p class=\"has-text-align-center\">Departamento de Geograf\u00eda<br>Universitat Aut\u00f2noma de Barcelona<br>asuncion.blanco@uab.cat<\/p>\n\n\n\n<div class=\"wp-block-buttons is-content-justification-center is-layout-flex wp-container-core-buttons-is-layout-16018d1d wp-block-buttons-is-layout-flex\">\n<div class=\"wp-block-button\"><a class=\"wp-block-button__link wp-element-button\" href=\"https:\/\/portalrecerca.uab.cat\/en\/persons\/maria-asuncion-blanco-romero-3\">perfil de investigaci\u00f3n<\/a><\/div>\n\n\n\n<div class=\"wp-block-button\"><a class=\"wp-block-button__link wp-element-button\" href=\"https:\/\/ddd.uab.cat\/search?ln=ca&amp;sc=1&amp;p=Blanco%2C+Asunci%C3%B3n&amp;f=author&amp;action_search=Cerca&amp;c=artinf&amp;c=jorcon&amp;c=pubper&amp;c=llicol&amp;c=docrec&amp;c=matdid&amp;c=matcur&amp;c=docgra&amp;c=fonper\">acceso al ddd<\/a><\/div>\n<\/div>\n<\/div>\n\n\n\n<div class=\"wp-block-column has-gris-pubilla-background-color has-background is-layout-flow wp-block-column-is-layout-flow\">\n<p class=\"has-text-align-center has-large-font-size\"><strong>Elena de U\u00f1a \u00c1lvarez<\/strong><\/p>\n\n\n<div class=\"wp-block-image\">\n<figure class=\"aligncenter size-full is-resized\"><img loading=\"lazy\" decoding=\"async\" width=\"200\" height=\"200\" src=\"https:\/\/webs.uab.cat\/tudistar\/wp-content\/uploads\/sites\/532\/2024\/10\/image-2.png\" alt=\"\" class=\"wp-image-1272\" style=\"object-fit:cover;width:250px;height:250px\" srcset=\"https:\/\/webs.uab.cat\/tudistar\/wp-content\/uploads\/sites\/532\/2024\/10\/image-2.png 200w, https:\/\/webs.uab.cat\/tudistar\/wp-content\/uploads\/sites\/532\/2024\/10\/image-2-150x150.png 150w\" sizes=\"auto, (max-width: 200px) 100vw, 200px\" \/><\/figure>\n<\/div>\n\n\n<p class=\"has-text-align-center\">Departamento de Historia, Arte y Geograf\u00eda<br>Universidad de Vigo<br>edeuna@uvigo.es<\/p>\n\n\n\n<div class=\"wp-block-buttons is-content-justification-center is-layout-flex wp-container-core-buttons-is-layout-16018d1d wp-block-buttons-is-layout-flex\">\n<div class=\"wp-block-button\"><a class=\"wp-block-button__link wp-element-button\" href=\"https:\/\/portalrecerca.uab.cat\/en\/persons\/maria-asuncion-blanco-romero-3\">perfil de investigaci\u00f3n<\/a><\/div>\n\n\n\n<div class=\"wp-block-button\"><a class=\"wp-block-button__link wp-element-button\" href=\"https:\/\/ddd.uab.cat\/search?ln=ca&amp;sc=1&amp;p=Blanco%2C+Asunci%C3%B3n&amp;f=author&amp;action_search=Cerca&amp;c=artinf&amp;c=jorcon&amp;c=pubper&amp;c=llicol&amp;c=docrec&amp;c=matdid&amp;c=matcur&amp;c=docgra&amp;c=fonper\">acceso al ddd<\/a><\/div>\n<\/div>\n<\/div>\n<\/div>\n\n\n\n<div class=\"wp-block-columns alignwide is-layout-flex wp-container-core-columns-is-layout-9d6595d7 wp-block-columns-is-layout-flex\">\n<div class=\"wp-block-column has-gris-pubilla-background-color has-background is-layout-flow wp-block-column-is-layout-flow\">\n<p class=\"has-text-align-center has-large-font-size\"><strong>Cayetano Espejo Mar\u00edn<\/strong><\/p>\n\n\n<div class=\"wp-block-image\">\n<figure class=\"aligncenter size-full is-resized\"><img loading=\"lazy\" decoding=\"async\" width=\"314\" height=\"364\" src=\"https:\/\/webs.uab.cat\/tudistar\/wp-content\/uploads\/sites\/532\/2024\/10\/image-3.png\" alt=\"\" class=\"wp-image-1275\" style=\"object-fit:cover;width:250px;height:250px\" srcset=\"https:\/\/webs.uab.cat\/tudistar\/wp-content\/uploads\/sites\/532\/2024\/10\/image-3.png 314w, https:\/\/webs.uab.cat\/tudistar\/wp-content\/uploads\/sites\/532\/2024\/10\/image-3-259x300.png 259w\" sizes=\"auto, (max-width: 314px) 100vw, 314px\" \/><\/figure>\n<\/div>\n\n\n<p class=\"has-text-align-center\">Departamento de Geograf\u00eda<br>Universidad de Murcia<br>cespejo@um.es<\/p>\n\n\n\n<div class=\"wp-block-buttons is-content-justification-center is-layout-flex wp-container-core-buttons-is-layout-16018d1d wp-block-buttons-is-layout-flex\">\n<div class=\"wp-block-button\"><a class=\"wp-block-button__link wp-element-button\" href=\"https:\/\/portalrecerca.uab.cat\/en\/persons\/gemma-canoves-valiente-4\">perfil de investigaci\u00f3n<\/a><\/div>\n\n\n\n<div class=\"wp-block-button\"><a class=\"wp-block-button__link wp-element-button\" href=\"https:\/\/ddd.uab.cat\/search?ln=ca&amp;p=Canovas%2C+Gemma&amp;f=author&amp;action_search=Cerca&amp;c=Dip%C3%B2sit+Digital+de+Documents+de+la+UAB&amp;sf=&amp;so=d&amp;rm=&amp;rg=10&amp;sc=1&amp;of=hb\">acceso al ddd<\/a><\/div>\n<\/div>\n<\/div>\n\n\n\n<div class=\"wp-block-column has-gris-pubilla-background-color has-background is-layout-flow wp-block-column-is-layout-flow\">\n<p class=\"has-text-align-center has-large-font-size\"><strong>Llu\u00eds Garay Tamaj\u00f3n<\/strong><\/p>\n\n\n<div class=\"wp-block-image\">\n<figure class=\"aligncenter size-full is-resized\"><img loading=\"lazy\" decoding=\"async\" width=\"400\" height=\"400\" src=\"https:\/\/webs.uab.cat\/tudistar\/wp-content\/uploads\/sites\/532\/2024\/10\/image-4.png\" alt=\"\" class=\"wp-image-1278\" style=\"object-fit:cover;width:250px;height:250px\" srcset=\"https:\/\/webs.uab.cat\/tudistar\/wp-content\/uploads\/sites\/532\/2024\/10\/image-4.png 400w, https:\/\/webs.uab.cat\/tudistar\/wp-content\/uploads\/sites\/532\/2024\/10\/image-4-300x300.png 300w, https:\/\/webs.uab.cat\/tudistar\/wp-content\/uploads\/sites\/532\/2024\/10\/image-4-150x150.png 150w\" sizes=\"auto, (max-width: 400px) 100vw, 400px\" \/><\/figure>\n<\/div>\n\n\n<p class=\"has-text-align-center\"><br>Universitat Oberta de Catalunya<br>lgaray@uoc.edu<\/p>\n\n\n\n<div class=\"wp-block-buttons is-content-justification-center is-layout-flex wp-container-core-buttons-is-layout-16018d1d wp-block-buttons-is-layout-flex\">\n<div class=\"wp-block-button\"><a class=\"wp-block-button__link wp-element-button\" href=\"https:\/\/portalrecerca.uab.cat\/en\/persons\/maria-asuncion-blanco-romero-3\">perfil de investigaci\u00f3n<\/a><\/div>\n\n\n\n<div class=\"wp-block-button\"><a class=\"wp-block-button__link wp-element-button\" href=\"https:\/\/ddd.uab.cat\/search?ln=ca&amp;sc=1&amp;p=Blanco%2C+Asunci%C3%B3n&amp;f=author&amp;action_search=Cerca&amp;c=artinf&amp;c=jorcon&amp;c=pubper&amp;c=llicol&amp;c=docrec&amp;c=matdid&amp;c=matcur&amp;c=docgra&amp;c=fonper\">acceso al ddd<\/a><\/div>\n<\/div>\n<\/div>\n\n\n\n<div class=\"wp-block-column has-gris-pubilla-background-color has-background is-layout-flow wp-block-column-is-layout-flow\">\n<p class=\"has-text-align-center has-large-font-size\"><strong>Montserrat Villarino<\/strong><\/p>\n\n\n<div class=\"wp-block-image\">\n<figure class=\"aligncenter size-full is-resized\"><img loading=\"lazy\" decoding=\"async\" width=\"225\" height=\"300\" src=\"https:\/\/webs.uab.cat\/tudistar\/wp-content\/uploads\/sites\/532\/2024\/10\/image-5.png\" alt=\"\" class=\"wp-image-1281\" style=\"object-fit:cover;width:250px;height:250px\" \/><\/figure>\n<\/div>\n\n\n<p class=\"has-text-align-center\">Departamento de Geograf\u00eda<br>Universidad de Santiago de Compostela<br>montserrat.villarino@usc.es<\/p>\n\n\n\n<div class=\"wp-block-buttons is-content-justification-center is-layout-flex wp-container-core-buttons-is-layout-16018d1d wp-block-buttons-is-layout-flex\">\n<div class=\"wp-block-button\"><a class=\"wp-block-button__link wp-element-button\" href=\"https:\/\/portalrecerca.uab.cat\/en\/persons\/maria-asuncion-blanco-romero-3\">perfil de investigaci\u00f3n<\/a><\/div>\n\n\n\n<div class=\"wp-block-button\"><a class=\"wp-block-button__link wp-element-button\" href=\"https:\/\/ddd.uab.cat\/search?ln=ca&amp;sc=1&amp;p=Blanco%2C+Asunci%C3%B3n&amp;f=author&amp;action_search=Cerca&amp;c=artinf&amp;c=jorcon&amp;c=pubper&amp;c=llicol&amp;c=docrec&amp;c=matdid&amp;c=matcur&amp;c=docgra&amp;c=fonper\">acceso al ddd<\/a><\/div>\n<\/div>\n<\/div>\n<\/div>\n\n\n\n<div class=\"wp-block-columns alignwide is-layout-flex wp-container-core-columns-is-layout-9d6595d7 wp-block-columns-is-layout-flex\">\n<div class=\"wp-block-column has-gris-pubilla-background-color has-background is-layout-flow wp-block-column-is-layout-flow\">\n<p class=\"has-text-align-center has-large-font-size\"><strong>Inmaculada D\u00edaz Soria<\/strong><\/p>\n\n\n<div class=\"wp-block-image\">\n<figure class=\"aligncenter size-full is-resized\"><img loading=\"lazy\" decoding=\"async\" width=\"512\" height=\"512\" src=\"https:\/\/webs.uab.cat\/tudistar\/wp-content\/uploads\/sites\/532\/2024\/10\/image-6.png\" alt=\"\" class=\"wp-image-1284\" style=\"object-fit:cover;width:250px;height:250px\" srcset=\"https:\/\/webs.uab.cat\/tudistar\/wp-content\/uploads\/sites\/532\/2024\/10\/image-6.png 512w, https:\/\/webs.uab.cat\/tudistar\/wp-content\/uploads\/sites\/532\/2024\/10\/image-6-300x300.png 300w, https:\/\/webs.uab.cat\/tudistar\/wp-content\/uploads\/sites\/532\/2024\/10\/image-6-150x150.png 150w\" sizes=\"auto, (max-width: 512px) 100vw, 512px\" \/><\/figure>\n<\/div>\n\n\n<p class=\"has-text-align-center\">Departamento de Geograf\u00eda<br>Universitat Aut\u00f2noma de Barcelona<br>inmaculada.diaz@uab.cat<br><\/p>\n\n\n\n<div class=\"wp-block-buttons is-content-justification-center is-layout-flex wp-container-core-buttons-is-layout-16018d1d wp-block-buttons-is-layout-flex\">\n<div class=\"wp-block-button\"><a class=\"wp-block-button__link wp-element-button\" href=\"https:\/\/portalrecerca.uab.cat\/en\/persons\/gemma-canoves-valiente-4\">perfil de investigaci\u00f3n<\/a><\/div>\n\n\n\n<div class=\"wp-block-button\"><a class=\"wp-block-button__link wp-element-button\" href=\"https:\/\/ddd.uab.cat\/search?ln=ca&amp;p=Canovas%2C+Gemma&amp;f=author&amp;action_search=Cerca&amp;c=Dip%C3%B2sit+Digital+de+Documents+de+la+UAB&amp;sf=&amp;so=d&amp;rm=&amp;rg=10&amp;sc=1&amp;of=hb\">acceso al ddd<\/a><\/div>\n<\/div>\n<\/div>\n\n\n\n<div class=\"wp-block-column has-gris-pubilla-background-color has-background is-layout-flow wp-block-column-is-layout-flow\">\n<p class=\"has-text-align-center has-large-font-size\"><strong>Aureli Lojo<\/strong><\/p>\n\n\n<div class=\"wp-block-image\">\n<figure class=\"aligncenter size-full is-resized\"><img loading=\"lazy\" decoding=\"async\" width=\"250\" height=\"328\" src=\"https:\/\/webs.uab.cat\/tudistar\/wp-content\/uploads\/sites\/532\/2024\/10\/image-7.png\" alt=\"\" class=\"wp-image-1287\" style=\"object-fit:cover;width:250px;height:250px\" srcset=\"https:\/\/webs.uab.cat\/tudistar\/wp-content\/uploads\/sites\/532\/2024\/10\/image-7.png 250w, https:\/\/webs.uab.cat\/tudistar\/wp-content\/uploads\/sites\/532\/2024\/10\/image-7-229x300.png 229w\" sizes=\"auto, (max-width: 250px) 100vw, 250px\" \/><\/figure>\n<\/div>\n\n\n<p class=\"has-text-align-center\">Departamento de Geograf\u00eda<br>Universitat Aut\u00f2noma de Barcelona<br>Aureli.lojo@uab.cat<br><\/p>\n\n\n\n<div class=\"wp-block-buttons is-content-justification-center is-layout-flex wp-container-core-buttons-is-layout-16018d1d wp-block-buttons-is-layout-flex\">\n<div class=\"wp-block-button\"><a class=\"wp-block-button__link wp-element-button\" href=\"https:\/\/portalrecerca.uab.cat\/en\/persons\/maria-asuncion-blanco-romero-3\">perfil de investigaci\u00f3n<\/a><\/div>\n\n\n\n<div class=\"wp-block-button\"><a class=\"wp-block-button__link wp-element-button\" href=\"https:\/\/ddd.uab.cat\/search?ln=ca&amp;sc=1&amp;p=Blanco%2C+Asunci%C3%B3n&amp;f=author&amp;action_search=Cerca&amp;c=artinf&amp;c=jorcon&amp;c=pubper&amp;c=llicol&amp;c=docrec&amp;c=matdid&amp;c=matcur&amp;c=docgra&amp;c=fonper\">acceso al ddd<\/a><\/div>\n<\/div>\n<\/div>\n\n\n\n<div class=\"wp-block-column has-gris-pubilla-background-color has-background is-layout-flow wp-block-column-is-layout-flow\">\n<p class=\"has-text-align-center has-large-font-size\"><strong>M\u00f2nica Molina Hoyo<\/strong><\/p>\n\n\n<div class=\"wp-block-image\">\n<figure class=\"aligncenter size-large is-resized\"><img loading=\"lazy\" decoding=\"async\" width=\"666\" height=\"1024\" src=\"https:\/\/webs.uab.cat\/tudistar\/wp-content\/uploads\/sites\/532\/2024\/10\/image-9-666x1024.png\" alt=\"\" class=\"wp-image-1293\" style=\"object-fit:cover;width:250px;height:250px\" srcset=\"https:\/\/webs.uab.cat\/tudistar\/wp-content\/uploads\/sites\/532\/2024\/10\/image-9-666x1024.png 666w, https:\/\/webs.uab.cat\/tudistar\/wp-content\/uploads\/sites\/532\/2024\/10\/image-9-195x300.png 195w, https:\/\/webs.uab.cat\/tudistar\/wp-content\/uploads\/sites\/532\/2024\/10\/image-9-768x1181.png 768w, https:\/\/webs.uab.cat\/tudistar\/wp-content\/uploads\/sites\/532\/2024\/10\/image-9-999x1536.png 999w, https:\/\/webs.uab.cat\/tudistar\/wp-content\/uploads\/sites\/532\/2024\/10\/image-9-1331x2048.png 1331w, https:\/\/webs.uab.cat\/tudistar\/wp-content\/uploads\/sites\/532\/2024\/10\/image-9-1200x1846.png 1200w, https:\/\/webs.uab.cat\/tudistar\/wp-content\/uploads\/sites\/532\/2024\/10\/image-9.png 1685w\" sizes=\"auto, (max-width: 666px) 100vw, 666px\" \/><\/figure>\n<\/div>\n\n\n<p class=\"has-text-align-center\">Departamento de Organizaci\u00f3n, Gesti\u00f3n Empresarial i Dise\u00f1o del Producto<br>Universitat de Girona<br>edeuna@uvigo.es<\/p>\n\n\n\n<div class=\"wp-block-buttons is-content-justification-center is-layout-flex wp-container-core-buttons-is-layout-16018d1d wp-block-buttons-is-layout-flex\">\n<div class=\"wp-block-button\"><a class=\"wp-block-button__link wp-element-button\" href=\"https:\/\/portalrecerca.uab.cat\/en\/persons\/maria-asuncion-blanco-romero-3\">perfil de investigaci\u00f3n<\/a><\/div>\n\n\n\n<div class=\"wp-block-button\"><a class=\"wp-block-button__link wp-element-button\" href=\"https:\/\/ddd.uab.cat\/search?ln=ca&amp;sc=1&amp;p=Blanco%2C+Asunci%C3%B3n&amp;f=author&amp;action_search=Cerca&amp;c=artinf&amp;c=jorcon&amp;c=pubper&amp;c=llicol&amp;c=docrec&amp;c=matdid&amp;c=matcur&amp;c=docgra&amp;c=fonper\">acceso al ddd<\/a><\/div>\n<\/div>\n<\/div>\n<\/div>\n\n\n\n<div class=\"wp-block-columns alignwide is-layout-flex wp-container-core-columns-is-layout-9d6595d7 wp-block-columns-is-layout-flex\">\n<div class=\"wp-block-column has-gris-pubilla-background-color has-background is-layout-flow wp-block-column-is-layout-flow\">\n<p class=\"has-text-align-center has-large-font-size\"><strong>Josep Maria Prat Forga<\/strong><\/p>\n\n\n<div class=\"wp-block-image\">\n<figure class=\"aligncenter size-full is-resized\"><img loading=\"lazy\" decoding=\"async\" width=\"380\" height=\"383\" src=\"https:\/\/webs.uab.cat\/tudistar\/wp-content\/uploads\/sites\/532\/2024\/10\/image-10.png\" alt=\"\" class=\"wp-image-1296\" style=\"object-fit:cover;width:250px;height:250px\" srcset=\"https:\/\/webs.uab.cat\/tudistar\/wp-content\/uploads\/sites\/532\/2024\/10\/image-10.png 380w, https:\/\/webs.uab.cat\/tudistar\/wp-content\/uploads\/sites\/532\/2024\/10\/image-10-298x300.png 298w, https:\/\/webs.uab.cat\/tudistar\/wp-content\/uploads\/sites\/532\/2024\/10\/image-10-150x150.png 150w\" sizes=\"auto, (max-width: 380px) 100vw, 380px\" \/><\/figure>\n<\/div>\n\n\n<p class=\"has-text-align-center\">President<br>Institut d&#8217;Estudis Ceretans<br> <\/p>\n\n\n\n<div class=\"wp-block-buttons is-content-justification-center is-layout-flex wp-container-core-buttons-is-layout-16018d1d wp-block-buttons-is-layout-flex\">\n<div class=\"wp-block-button\"><a class=\"wp-block-button__link wp-element-button\" href=\"https:\/\/portalrecerca.uab.cat\/en\/persons\/gemma-canoves-valiente-4\">perfil de investigaci\u00f3n<\/a><\/div>\n\n\n\n<div class=\"wp-block-button\"><a class=\"wp-block-button__link wp-element-button\" href=\"https:\/\/ddd.uab.cat\/search?ln=ca&amp;p=Canovas%2C+Gemma&amp;f=author&amp;action_search=Cerca&amp;c=Dip%C3%B2sit+Digital+de+Documents+de+la+UAB&amp;sf=&amp;so=d&amp;rm=&amp;rg=10&amp;sc=1&amp;of=hb\">acceso al ddd<\/a><\/div>\n<\/div>\n<\/div>\n\n\n\n<div class=\"wp-block-column has-gris-pubilla-background-color has-background is-layout-flow wp-block-column-is-layout-flow\">\n<p class=\"has-text-align-center has-large-font-size\"><strong>Gabriela Rodr\u00edguez J\u00e1come<\/strong><\/p>\n\n\n<div class=\"wp-block-image\">\n<figure class=\"aligncenter size-full is-resized\"><img loading=\"lazy\" decoding=\"async\" width=\"512\" height=\"512\" src=\"https:\/\/webs.uab.cat\/tudistar\/wp-content\/uploads\/sites\/532\/2024\/10\/image-11.png\" alt=\"\" class=\"wp-image-1299\" style=\"object-fit:cover;width:250px;height:250px\" srcset=\"https:\/\/webs.uab.cat\/tudistar\/wp-content\/uploads\/sites\/532\/2024\/10\/image-11.png 512w, https:\/\/webs.uab.cat\/tudistar\/wp-content\/uploads\/sites\/532\/2024\/10\/image-11-300x300.png 300w, https:\/\/webs.uab.cat\/tudistar\/wp-content\/uploads\/sites\/532\/2024\/10\/image-11-150x150.png 150w\" sizes=\"auto, (max-width: 512px) 100vw, 512px\" \/><\/figure>\n<\/div>\n\n\n<p class=\"has-text-align-center\">Departamento de Geograf\u00eda<br>Universitat Aut\u00f2noma de Barcelona<br>ga.diylab@gmail.com<\/p>\n\n\n\n<div class=\"wp-block-buttons is-content-justification-center is-layout-flex wp-container-core-buttons-is-layout-16018d1d wp-block-buttons-is-layout-flex\">\n<div class=\"wp-block-button\"><a class=\"wp-block-button__link wp-element-button\" href=\"https:\/\/portalrecerca.uab.cat\/en\/persons\/maria-asuncion-blanco-romero-3\">perfil de investigaci\u00f3n<\/a><\/div>\n\n\n\n<div class=\"wp-block-button\"><a class=\"wp-block-button__link wp-element-button\" href=\"https:\/\/ddd.uab.cat\/search?ln=ca&amp;sc=1&amp;p=Blanco%2C+Asunci%C3%B3n&amp;f=author&amp;action_search=Cerca&amp;c=artinf&amp;c=jorcon&amp;c=pubper&amp;c=llicol&amp;c=docrec&amp;c=matdid&amp;c=matcur&amp;c=docgra&amp;c=fonper\">acceso al ddd<\/a><\/div>\n<\/div>\n<\/div>\n\n\n\n<div class=\"wp-block-column has-gris-pubilla-background-color has-background is-layout-flow wp-block-column-is-layout-flow\">\n<p class=\"has-text-align-center has-large-font-size\"><strong>Raul Suhett de Morais<\/strong><\/p>\n\n\n<div class=\"wp-block-image\">\n<figure class=\"aligncenter size-full is-resized\"><img loading=\"lazy\" decoding=\"async\" width=\"300\" height=\"225\" src=\"https:\/\/webs.uab.cat\/tudistar\/wp-content\/uploads\/sites\/532\/2024\/10\/image-12.png\" alt=\"\" class=\"wp-image-1302\" style=\"object-fit:cover;width:250px;height:250px\" \/><\/figure>\n<\/div>\n\n\n<p class=\"has-text-align-center\">Departamento de Geograf\u00eda<br>Universitat Aut\u00f2noma de Barcelona<br>Raul.Suhett@e-campus.uab.cat<\/p>\n\n\n\n<div class=\"wp-block-buttons is-content-justification-center is-layout-flex wp-container-core-buttons-is-layout-16018d1d wp-block-buttons-is-layout-flex\">\n<div class=\"wp-block-button\"><a class=\"wp-block-button__link wp-element-button\" href=\"https:\/\/portalrecerca.uab.cat\/en\/persons\/maria-asuncion-blanco-romero-3\">perfil de investigaci\u00f3n<\/a><\/div>\n\n\n\n<div class=\"wp-block-button\"><a class=\"wp-block-button__link wp-element-button\" href=\"https:\/\/ddd.uab.cat\/search?ln=ca&amp;sc=1&amp;p=Blanco%2C+Asunci%C3%B3n&amp;f=author&amp;action_search=Cerca&amp;c=artinf&amp;c=jorcon&amp;c=pubper&amp;c=llicol&amp;c=docrec&amp;c=matdid&amp;c=matcur&amp;c=docgra&amp;c=fonper\">acceso al ddd<\/a><\/div>\n<\/div>\n<\/div>\n<\/div>\n\n\n\n<div class=\"wp-block-columns alignwide is-layout-flex wp-container-core-columns-is-layout-9d6595d7 wp-block-columns-is-layout-flex\">\n<div class=\"wp-block-column has-gris-pubilla-background-color has-background is-layout-flow wp-block-column-is-layout-flow\">\n<p class=\"has-text-align-center has-large-font-size\"><strong>Mingge Tian<\/strong><\/p>\n\n\n<div class=\"wp-block-image\">\n<figure class=\"aligncenter size-full is-resized\"><img loading=\"lazy\" decoding=\"async\" width=\"512\" height=\"512\" src=\"https:\/\/webs.uab.cat\/tudistar\/wp-content\/uploads\/sites\/532\/2024\/10\/image-13.png\" alt=\"\" class=\"wp-image-1305\" style=\"object-fit:cover;width:250px;height:250px\" srcset=\"https:\/\/webs.uab.cat\/tudistar\/wp-content\/uploads\/sites\/532\/2024\/10\/image-13.png 512w, https:\/\/webs.uab.cat\/tudistar\/wp-content\/uploads\/sites\/532\/2024\/10\/image-13-300x300.png 300w, https:\/\/webs.uab.cat\/tudistar\/wp-content\/uploads\/sites\/532\/2024\/10\/image-13-150x150.png 150w\" sizes=\"auto, (max-width: 512px) 100vw, 512px\" \/><\/figure>\n<\/div>\n\n\n<p class=\"has-text-align-center\">Departamento de Geograf\u00eda<br>Universitat Aut\u00f2noma de Barcelona<br> <\/p>\n\n\n\n<div class=\"wp-block-buttons is-content-justification-center is-layout-flex wp-container-core-buttons-is-layout-16018d1d wp-block-buttons-is-layout-flex\">\n<div class=\"wp-block-button\"><a class=\"wp-block-button__link wp-element-button\" href=\"https:\/\/portalrecerca.uab.cat\/en\/persons\/gemma-canoves-valiente-4\">perfil de investigaci\u00f3n<\/a><\/div>\n\n\n\n<div class=\"wp-block-button\"><a class=\"wp-block-button__link wp-element-button\" href=\"https:\/\/ddd.uab.cat\/search?ln=ca&amp;p=Canovas%2C+Gemma&amp;f=author&amp;action_search=Cerca&amp;c=Dip%C3%B2sit+Digital+de+Documents+de+la+UAB&amp;sf=&amp;so=d&amp;rm=&amp;rg=10&amp;sc=1&amp;of=hb\">acceso al ddd<\/a><\/div>\n<\/div>\n<\/div>\n\n\n\n<div class=\"wp-block-column is-layout-flow wp-block-column-is-layout-flow\"><\/div>\n\n\n\n<div class=\"wp-block-column is-layout-flow wp-block-column-is-layout-flow\"><\/div>\n<\/div>\n","protected":false},"excerpt":{"rendered":"<p>El grupo de investigaci\u00f3n TUDISTAR est\u00e1 formado por profesores e investigadores de varias universidades espa\u00f1olas y una francesa: Universitat Aut\u00f2noma de Barcelona, Universitat de les Illes Balears, Universidade de Santiago de Compostela, Universidad de Vigo, Universidad de Murcia, Universidad de Alicante, Universitat Oberta de Catalunya, Universitat de Vic, Universidad de Salamanca, Universidad Complutense de Madrid [&hellip;]<\/p>\n","protected":false},"author":2826,"featured_media":0,"parent":0,"menu_order":0,"comment_status":"closed","ping_status":"open","template":"","meta":{"footnotes":""},"class_list":["post-46","page","type-page","status-publish","hentry"],"_links":{"self":[{"href":"https:\/\/webs.uab.cat\/tudistar\/wp-json\/wp\/v2\/pages\/46","targetHints":{"allow":["GET"]}}],"collection":[{"href":"https:\/\/webs.uab.cat\/tudistar\/wp-json\/wp\/v2\/pages"}],"about":[{"href":"https:\/\/webs.uab.cat\/tudistar\/wp-json\/wp\/v2\/types\/page"}],"author":[{"embeddable":true,"href":"https:\/\/webs.uab.cat\/tudistar\/wp-json\/wp\/v2\/users\/2826"}],"replies":[{"embeddable":true,"href":"https:\/\/webs.uab.cat\/tudistar\/wp-json\/wp\/v2\/comments?post=46"}],"version-history":[{"count":4,"href":"https:\/\/webs.uab.cat\/tudistar\/wp-json\/wp\/v2\/pages\/46\/revisions"}],"predecessor-version":[{"id":1308,"href":"https:\/\/webs.uab.cat\/tudistar\/wp-json\/wp\/v2\/pages\/46\/revisions\/1308"}],"wp:attachment":[{"href":"https:\/\/webs.uab.cat\/tudistar\/wp-json\/wp\/v2\/media?parent=46"}],"curies":[{"name":"wp","href":"https:\/\/api.w.org\/{rel}","templated":true}]}}