{"id":465,"date":"2016-10-01T12:59:45","date_gmt":"2016-10-01T10:59:45","guid":{"rendered":"http:\/\/tudistar.com\/?page_id=465"},"modified":"2024-10-31T20:14:39","modified_gmt":"2024-10-31T18:14:39","slug":"proyectos","status":"publish","type":"page","link":"https:\/\/webs.uab.cat\/tudistar\/proyectos\/","title":{"rendered":"Proyectos"},"content":{"rendered":"\n<h2 class=\"wp-block-heading alignwide has-verd-tropic-color has-text-color has-link-color wp-elements-634fa18a9da633c205b1af006efa42e0\"><strong><em>Estrategias\u00a0y alternativas de adaptaci\u00f3n de los destinos tur\u00edsticos en Espa\u00f1a en tiempos de cambio. An\u00e1lisis multiescalar\u00a0a partir de los usos tur\u00edsticos del territorio\u00a0<\/em>(ADAPTATUR)<\/strong><\/h2>\n\n\n\n<div class=\"wp-block-columns alignwide is-layout-flex wp-container-core-columns-is-layout-9d6595d7 wp-block-columns-is-layout-flex\">\n<div class=\"wp-block-column is-layout-flow wp-block-column-is-layout-flow\">\n<p>Es un\u00a0proyecto coordinado\u00a0correspondiente a la convocatoria 2020\u00a0de \u00abProyectos de I+D+i\u00bb Retos de la Sociedad del Plan Estatal de Investigaci\u00f3n Cient\u00edfica y T\u00e9cnica y de Innovaci\u00f3n 2017-2020.\u00a0<\/p>\n\n\n\n<p>Subproyecto coordinador 1:\u00a0<em><strong>Estrategias de adaptaci\u00f3n y alternativas a partir de los destinos de turismo\u00a0de interior en tiempos de cambio (ADAPTATUR_ Interior).<\/strong>\u00a0<\/em>Ref.\u00a0\u00a0PID2020-114186RB-C21 financiado por MCIN-AEI\/ 10.13039\/501100011033<\/p>\n\n\n\n<p>Subproyecto coordinado 2:\u00a0<em><strong>Turismo urbano en tiempos de cambio. Estrategias de adaptaci\u00f3n y\u00a0resiliencia en los modelos de planificaci\u00f3n y gesti\u00f3n del destino (ADAPTATUR_Ciudad)<\/strong><\/em>.\u00a0Ref.\u00a0PID2020-114186RB-C22 financiado por MCIN-AEI\/ 10.13039\/501100011033<\/p>\n<\/div>\n\n\n\n<div class=\"wp-block-column is-layout-flow wp-block-column-is-layout-flow\">\n<figure class=\"wp-block-image size-full\"><img loading=\"lazy\" decoding=\"async\" width=\"1021\" height=\"511\" src=\"https:\/\/webs.uab.cat\/tudistar\/wp-content\/uploads\/sites\/532\/2024\/10\/image-72.png\" alt=\"\" class=\"wp-image-1491\" srcset=\"https:\/\/webs.uab.cat\/tudistar\/wp-content\/uploads\/sites\/532\/2024\/10\/image-72.png 1021w, https:\/\/webs.uab.cat\/tudistar\/wp-content\/uploads\/sites\/532\/2024\/10\/image-72-300x150.png 300w, https:\/\/webs.uab.cat\/tudistar\/wp-content\/uploads\/sites\/532\/2024\/10\/image-72-768x384.png 768w\" sizes=\"auto, (max-width: 1021px) 100vw, 1021px\" \/><\/figure>\n\n\n\n<div class=\"wp-block-buttons is-layout-flex wp-block-buttons-is-layout-flex\">\n<div class=\"wp-block-button\"><a class=\"wp-block-button__link wp-element-button\" href=\"https:\/\/www.ucm.es\/adaptatur\/adaptatur-1\">Proyecto<\/a><\/div>\n\n\n\n<div class=\"wp-block-button\"><a class=\"wp-block-button__link wp-element-button\" href=\"https:\/\/www.ucm.es\/adaptatur\/transferencia-\">Subproyecto 1<\/a><\/div>\n\n\n\n<div class=\"wp-block-button\"><a class=\"wp-block-button__link wp-element-button\" href=\"https:\/\/www.ucm.es\/adaptatur\/divulgacion-y-difusion\">Subproyecto 2<\/a><\/div>\n<\/div>\n<\/div>\n<\/div>\n","protected":false},"excerpt":{"rendered":"<p>Estrategias\u00a0y alternativas de adaptaci\u00f3n de los destinos tur\u00edsticos en Espa\u00f1a en tiempos de cambio. An\u00e1lisis multiescalar\u00a0a partir de los usos tur\u00edsticos del territorio\u00a0(ADAPTATUR) Es un\u00a0proyecto coordinado\u00a0correspondiente a la convocatoria 2020\u00a0de \u00abProyectos de I+D+i\u00bb Retos de la Sociedad del Plan Estatal de Investigaci\u00f3n Cient\u00edfica y T\u00e9cnica y de Innovaci\u00f3n 2017-2020.\u00a0 Subproyecto coordinador 1:\u00a0Estrategias de adaptaci\u00f3n y [&hellip;]<\/p>\n","protected":false},"author":2826,"featured_media":0,"parent":0,"menu_order":0,"comment_status":"open","ping_status":"open","template":"","meta":{"footnotes":""},"class_list":["post-465","page","type-page","status-publish","hentry"],"_links":{"self":[{"href":"https:\/\/webs.uab.cat\/tudistar\/wp-json\/wp\/v2\/pages\/465","targetHints":{"allow":["GET"]}}],"collection":[{"href":"https:\/\/webs.uab.cat\/tudistar\/wp-json\/wp\/v2\/pages"}],"about":[{"href":"https:\/\/webs.uab.cat\/tudistar\/wp-json\/wp\/v2\/types\/page"}],"author":[{"embeddable":true,"href":"https:\/\/webs.uab.cat\/tudistar\/wp-json\/wp\/v2\/users\/2826"}],"replies":[{"embeddable":true,"href":"https:\/\/webs.uab.cat\/tudistar\/wp-json\/wp\/v2\/comments?post=465"}],"version-history":[{"count":1,"href":"https:\/\/webs.uab.cat\/tudistar\/wp-json\/wp\/v2\/pages\/465\/revisions"}],"predecessor-version":[{"id":1494,"href":"https:\/\/webs.uab.cat\/tudistar\/wp-json\/wp\/v2\/pages\/465\/revisions\/1494"}],"wp:attachment":[{"href":"https:\/\/webs.uab.cat\/tudistar\/wp-json\/wp\/v2\/media?parent=465"}],"curies":[{"name":"wp","href":"https:\/\/api.w.org\/{rel}","templated":true}]}}