{"id":101,"date":"2009-05-25T13:30:47","date_gmt":"2009-05-25T11:30:47","guid":{"rendered":"https:\/\/webs.uab.cat\/txicc\/members\/"},"modified":"2025-08-01T13:44:20","modified_gmt":"2025-08-01T11:44:20","slug":"members","status":"publish","type":"page","link":"https:\/\/webs.uab.cat\/txicc\/en\/members\/","title":{"rendered":"Members"},"content":{"rendered":"\n<ul class=\"wp-block-list\">\n<li><strong><a href=\"https:\/\/webs.uab.cat\/sara-rovira\/en\/\" target=\"_blank\" rel=\"noreferrer noopener\">PhD. Sara Rovira-Esteva<\/a><\/strong> (Main Researcher). Departament de Traducci\u00f3 i d&#8217;Interpretaci\u00f3 i Estudis de l&#8217;\u00c0sia Oriental (UAB)<\/li>\n\n\n\n<li><strong><a href=\"https:\/\/portalrecerca.uab.cat\/en\/persons\/helena-casas-tost-7\" target=\"_blank\" rel=\"noreferrer noopener\">PhD. Helena Casas-Tost<\/a><\/strong>&nbsp;Departament de Traducci\u00f3 i d&#8217;Interpretaci\u00f3 i Estudis de l&#8217;\u00c0sia Oriental (UAB)<\/li>\n\n\n\n<li><a rel=\"noreferrer noopener\" href=\"https:\/\/portalrecerca.uab.cat\/en\/persons\/mireia-vargas-urp%C3%AD-6\" target=\"_blank\"><strong>PhD. Mireia Vargas-Urpi<\/strong>&nbsp;<\/a>Departament de Traducci\u00f3 i d&#8217;Interpretaci\u00f3 i Estudis de l&#8217;\u00c0sia Oriental (UAB)<\/li>\n\n\n\n<li><a rel=\"noreferrer noopener\" href=\"https:\/\/portalrecerca.uab.cat\/en\/persons\/antonio-paoliello-2\" target=\"_blank\"><strong>Dr. Antonio Paoliello<\/strong>&nbsp;<\/a>Departament de Traducci\u00f3 i d\u2019Interpretaci\u00f3 i Estudis de l\u2019\u00c0sia Oriental (UAB)<\/li>\n\n\n\n<li><a href=\"https:\/\/portalrecerca.uab.cat\/en\/persons\/maialen-marin-lacarta\"><strong>Dra. Maialen Marin-Lacarta<\/strong><\/a> &#8211; Departament of Translation, Interprerting and East Asian Studies (UAB)<\/li>\n\n\n\n<li><a href=\"https:\/\/www.ugr.es\/personal\/juan-jose-ciruela-alferez\"><strong>Dr. Juan Jos\u00e9 Ciruela Alf\u00e9rez<\/strong><\/a>&nbsp;Departamento de Ling\u00fc\u00edstica General y Teor\u00eda de la Literatura&nbsp;(UGR)<\/li>\n\n\n\n<li><strong>PhD. Yu-Fen TAI.<\/strong> Tamkang University, Taiw\u00e1n (TKU, Taiw\u00e1n)<\/li>\n\n\n\n<li><strong>PhD. Xianghong Qu.<\/strong> Departament de Traducci\u00f3 i d&#8217;Interpretaci\u00f3 i Estudis de l&#8217;\u00c0sia Oriental (UAB)<\/li>\n\n\n\n<li><strong>MA.<a rel=\"noopener\" href=\"https:\/\/lilladeserta.cat\/category\/caracter-xines\/\" target=\"_blank\">&nbsp;S\u00edlvia Fustegueres<\/a><\/strong>. Professional translator and translation technology specialist at Ampersand Translations. <a rel=\"noopener\" href=\"http:\/\/www.ampersand.net\/en\/\" target=\"_blank\">Ampersand Traducci\u00f3 Autom\u00e0tica, SL.<\/a><\/li>\n<\/ul>\n","protected":false},"excerpt":{"rendered":"","protected":false},"author":20,"featured_media":0,"parent":0,"menu_order":0,"comment_status":"closed","ping_status":"closed","template":"","meta":{"footnotes":""},"class_list":["post-101","page","type-page","status-publish","hentry"],"yoast_head":"<!-- This site is optimized with the Yoast SEO plugin v26.8 - https:\/\/yoast.com\/product\/yoast-seo-wordpress\/ -->\n<title>Members - Grup de recerca en Traducci\u00f3 del xin\u00e8s al catal\u00e0\/castell\u00e0 (TXICC)<\/title>\n<meta name=\"robots\" content=\"index, follow, max-snippet:-1, max-image-preview:large, max-video-preview:-1\" \/>\n<link rel=\"canonical\" href=\"https:\/\/webs.uab.cat\/txicc\/en\/members\/\" \/>\n<meta property=\"og:locale\" content=\"en_US\" \/>\n<meta property=\"og:type\" content=\"article\" \/>\n<meta property=\"og:title\" content=\"Members - Grup de recerca en Traducci\u00f3 del xin\u00e8s al catal\u00e0\/castell\u00e0 (TXICC)\" \/>\n<meta property=\"og:url\" content=\"https:\/\/webs.uab.cat\/txicc\/en\/members\/\" \/>\n<meta property=\"og:site_name\" content=\"Grup de recerca en Traducci\u00f3 del xin\u00e8s al catal\u00e0\/castell\u00e0 (TXICC)\" \/>\n<meta property=\"article:modified_time\" content=\"2025-08-01T11:44:20+00:00\" \/>\n<meta name=\"twitter:card\" content=\"summary_large_image\" \/>\n<meta name=\"twitter:label1\" content=\"Est. reading time\" \/>\n\t<meta name=\"twitter:data1\" content=\"1 minute\" \/>\n<script type=\"application\/ld+json\" class=\"yoast-schema-graph\">{\"@context\":\"https:\/\/schema.org\",\"@graph\":[{\"@type\":\"WebPage\",\"@id\":\"https:\/\/webs.uab.cat\/txicc\/en\/members\/\",\"url\":\"https:\/\/webs.uab.cat\/txicc\/en\/members\/\",\"name\":\"Members - Grup de recerca en Traducci\u00f3 del xin\u00e8s al catal\u00e0\/castell\u00e0 (TXICC)\",\"isPartOf\":{\"@id\":\"https:\/\/webs.uab.cat\/txicc\/#website\"},\"datePublished\":\"2009-05-25T11:30:47+00:00\",\"dateModified\":\"2025-08-01T11:44:20+00:00\",\"breadcrumb\":{\"@id\":\"https:\/\/webs.uab.cat\/txicc\/en\/members\/#breadcrumb\"},\"inLanguage\":\"en-US\",\"potentialAction\":[{\"@type\":\"ReadAction\",\"target\":[\"https:\/\/webs.uab.cat\/txicc\/en\/members\/\"]}]},{\"@type\":\"BreadcrumbList\",\"@id\":\"https:\/\/webs.uab.cat\/txicc\/en\/members\/#breadcrumb\",\"itemListElement\":[{\"@type\":\"ListItem\",\"position\":1,\"name\":\"Portada\",\"item\":\"https:\/\/webs.uab.cat\/txicc\/en\/\"},{\"@type\":\"ListItem\",\"position\":2,\"name\":\"Members\"}]},{\"@type\":\"WebSite\",\"@id\":\"https:\/\/webs.uab.cat\/txicc\/#website\",\"url\":\"https:\/\/webs.uab.cat\/txicc\/\",\"name\":\"Grup de recerca en Traducci\u00f3 del xin\u00e8s al catal\u00e0\/castell\u00e0 (TXICC)\",\"description\":\"\",\"potentialAction\":[{\"@type\":\"SearchAction\",\"target\":{\"@type\":\"EntryPoint\",\"urlTemplate\":\"https:\/\/webs.uab.cat\/txicc\/?s={search_term_string}\"},\"query-input\":{\"@type\":\"PropertyValueSpecification\",\"valueRequired\":true,\"valueName\":\"search_term_string\"}}],\"inLanguage\":\"en-US\"}]}<\/script>\n<!-- \/ Yoast SEO plugin. -->","yoast_head_json":{"title":"Members - Grup de recerca en Traducci\u00f3 del xin\u00e8s al catal\u00e0\/castell\u00e0 (TXICC)","robots":{"index":"index","follow":"follow","max-snippet":"max-snippet:-1","max-image-preview":"max-image-preview:large","max-video-preview":"max-video-preview:-1"},"canonical":"https:\/\/webs.uab.cat\/txicc\/en\/members\/","og_locale":"en_US","og_type":"article","og_title":"Members - Grup de recerca en Traducci\u00f3 del xin\u00e8s al catal\u00e0\/castell\u00e0 (TXICC)","og_url":"https:\/\/webs.uab.cat\/txicc\/en\/members\/","og_site_name":"Grup de recerca en Traducci\u00f3 del xin\u00e8s al catal\u00e0\/castell\u00e0 (TXICC)","article_modified_time":"2025-08-01T11:44:20+00:00","twitter_card":"summary_large_image","twitter_misc":{"Est. reading time":"1 minute"},"schema":{"@context":"https:\/\/schema.org","@graph":[{"@type":"WebPage","@id":"https:\/\/webs.uab.cat\/txicc\/en\/members\/","url":"https:\/\/webs.uab.cat\/txicc\/en\/members\/","name":"Members - Grup de recerca en Traducci\u00f3 del xin\u00e8s al catal\u00e0\/castell\u00e0 (TXICC)","isPartOf":{"@id":"https:\/\/webs.uab.cat\/txicc\/#website"},"datePublished":"2009-05-25T11:30:47+00:00","dateModified":"2025-08-01T11:44:20+00:00","breadcrumb":{"@id":"https:\/\/webs.uab.cat\/txicc\/en\/members\/#breadcrumb"},"inLanguage":"en-US","potentialAction":[{"@type":"ReadAction","target":["https:\/\/webs.uab.cat\/txicc\/en\/members\/"]}]},{"@type":"BreadcrumbList","@id":"https:\/\/webs.uab.cat\/txicc\/en\/members\/#breadcrumb","itemListElement":[{"@type":"ListItem","position":1,"name":"Portada","item":"https:\/\/webs.uab.cat\/txicc\/en\/"},{"@type":"ListItem","position":2,"name":"Members"}]},{"@type":"WebSite","@id":"https:\/\/webs.uab.cat\/txicc\/#website","url":"https:\/\/webs.uab.cat\/txicc\/","name":"Grup de recerca en Traducci\u00f3 del xin\u00e8s al catal\u00e0\/castell\u00e0 (TXICC)","description":"","potentialAction":[{"@type":"SearchAction","target":{"@type":"EntryPoint","urlTemplate":"https:\/\/webs.uab.cat\/txicc\/?s={search_term_string}"},"query-input":{"@type":"PropertyValueSpecification","valueRequired":true,"valueName":"search_term_string"}}],"inLanguage":"en-US"}]}},"_links":{"self":[{"href":"https:\/\/webs.uab.cat\/txicc\/en\/wp-json\/wp\/v2\/pages\/101","targetHints":{"allow":["GET"]}}],"collection":[{"href":"https:\/\/webs.uab.cat\/txicc\/en\/wp-json\/wp\/v2\/pages"}],"about":[{"href":"https:\/\/webs.uab.cat\/txicc\/en\/wp-json\/wp\/v2\/types\/page"}],"author":[{"embeddable":true,"href":"https:\/\/webs.uab.cat\/txicc\/en\/wp-json\/wp\/v2\/users\/20"}],"replies":[{"embeddable":true,"href":"https:\/\/webs.uab.cat\/txicc\/en\/wp-json\/wp\/v2\/comments?post=101"}],"version-history":[{"count":14,"href":"https:\/\/webs.uab.cat\/txicc\/en\/wp-json\/wp\/v2\/pages\/101\/revisions"}],"predecessor-version":[{"id":1695,"href":"https:\/\/webs.uab.cat\/txicc\/en\/wp-json\/wp\/v2\/pages\/101\/revisions\/1695"}],"wp:attachment":[{"href":"https:\/\/webs.uab.cat\/txicc\/en\/wp-json\/wp\/v2\/media?parent=101"}],"curies":[{"name":"wp","href":"https:\/\/api.w.org\/{rel}","templated":true}]}}