{"id":116,"date":"2012-02-14T10:08:11","date_gmt":"2012-02-14T08:08:11","guid":{"rendered":"https:\/\/webs.uab.cat\/txicc\/dissemination-and-knowledge-transfer\/"},"modified":"2024-07-16T11:32:19","modified_gmt":"2024-07-16T09:32:19","slug":"dissemination-and-knowledge-transfer","status":"publish","type":"page","link":"https:\/\/webs.uab.cat\/txicc\/en\/dissemination-and-knowledge-transfer\/","title":{"rendered":"Dissemination and knowledge transfer"},"content":{"rendered":"\n<p><span style=\"font-family: Calibri,sans-serif\">TXICC members provide linguistic advice to institutions and language professionals, such as editors, translators, proof-readers, journalists, etc. on issues concerning the Chinese language and the Chinese community living in Catalonia. The institutions with which TXICC has cooperated include, among others, TERMCAT (the Catalan Centre for Terminology), the Catalan Studies Institute (IEC)&nbsp;and the General Directorate for Language Policy of the Catalan Autonomous Government (Generalitat de Catalunya). Moreover, they promote knowledge transfer in different formats, such as exhibitions, interviews, blogs, and so on.<\/span><\/p>\n\n\n\n<ul class=\"wp-block-list\">\n<li><a href=\"https:\/\/webs.uab.cat\/txicc\/en\/collaboration-agreements\/\">Collaboration agreements<\/a><\/li>\n<\/ul>\n\n\n\n<ul class=\"wp-block-list\">\n<li><span style=\"font-family: Calibri,sans-serif\"><a href=\"http:\/\/webs.uab.cat\/txicc\/en\/interviews\">Interviews<\/a><\/span><\/li>\n<\/ul>\n\n\n\n<ul class=\"wp-block-list\">\n<li><a href=\"https:\/\/webs.uab.cat\/txicc\/en\/exhibitions\/\">Exhibitions<\/a><\/li>\n<\/ul>\n\n\n\n<p><\/p>\n","protected":false},"excerpt":{"rendered":"<p>TXICC members provide linguistic advice to institutions and language professionals, such as editors, translators, proof-readers, journalists, etc. on issues concerning the Chinese language and the Chinese community living in Catalonia. The institutions with which TXICC has cooperated include, among others, TERMCAT (the Catalan Centre for Terminology), the Catalan Studies Institute (IEC)&nbsp;and the General Directorate for [&hellip;]<\/p>\n","protected":false},"author":20,"featured_media":0,"parent":0,"menu_order":0,"comment_status":"closed","ping_status":"closed","template":"","meta":{"footnotes":""},"class_list":["post-116","page","type-page","status-publish","hentry"],"yoast_head":"<!-- This site is optimized with the Yoast SEO plugin v26.8 - https:\/\/yoast.com\/product\/yoast-seo-wordpress\/ -->\n<title>Dissemination and knowledge transfer - Grup de recerca en Traducci\u00f3 del xin\u00e8s al catal\u00e0\/castell\u00e0 (TXICC)<\/title>\n<meta name=\"robots\" content=\"index, follow, max-snippet:-1, max-image-preview:large, max-video-preview:-1\" \/>\n<link rel=\"canonical\" href=\"https:\/\/webs.uab.cat\/txicc\/en\/dissemination-and-knowledge-transfer\/\" \/>\n<meta property=\"og:locale\" content=\"en_US\" \/>\n<meta property=\"og:type\" content=\"article\" \/>\n<meta property=\"og:title\" content=\"Dissemination and knowledge transfer - Grup de recerca en Traducci\u00f3 del xin\u00e8s al catal\u00e0\/castell\u00e0 (TXICC)\" \/>\n<meta property=\"og:description\" content=\"TXICC members provide linguistic advice to institutions and language professionals, such as editors, translators, proof-readers, journalists, etc. on issues concerning the Chinese language and the Chinese community living in Catalonia. The institutions with which TXICC has cooperated include, among others, TERMCAT (the Catalan Centre for Terminology), the Catalan Studies Institute (IEC)&nbsp;and the General Directorate for [&hellip;]\" \/>\n<meta property=\"og:url\" content=\"https:\/\/webs.uab.cat\/txicc\/en\/dissemination-and-knowledge-transfer\/\" \/>\n<meta property=\"og:site_name\" content=\"Grup de recerca en Traducci\u00f3 del xin\u00e8s al catal\u00e0\/castell\u00e0 (TXICC)\" \/>\n<meta property=\"article:modified_time\" content=\"2024-07-16T09:32:19+00:00\" \/>\n<meta name=\"twitter:card\" content=\"summary_large_image\" \/>\n<script type=\"application\/ld+json\" class=\"yoast-schema-graph\">{\"@context\":\"https:\/\/schema.org\",\"@graph\":[{\"@type\":\"WebPage\",\"@id\":\"https:\/\/webs.uab.cat\/txicc\/en\/dissemination-and-knowledge-transfer\/\",\"url\":\"https:\/\/webs.uab.cat\/txicc\/en\/dissemination-and-knowledge-transfer\/\",\"name\":\"Dissemination and knowledge transfer - Grup de recerca en Traducci\u00f3 del xin\u00e8s al catal\u00e0\/castell\u00e0 (TXICC)\",\"isPartOf\":{\"@id\":\"https:\/\/webs.uab.cat\/txicc\/#website\"},\"datePublished\":\"2012-02-14T08:08:11+00:00\",\"dateModified\":\"2024-07-16T09:32:19+00:00\",\"breadcrumb\":{\"@id\":\"https:\/\/webs.uab.cat\/txicc\/en\/dissemination-and-knowledge-transfer\/#breadcrumb\"},\"inLanguage\":\"en-US\",\"potentialAction\":[{\"@type\":\"ReadAction\",\"target\":[\"https:\/\/webs.uab.cat\/txicc\/en\/dissemination-and-knowledge-transfer\/\"]}]},{\"@type\":\"BreadcrumbList\",\"@id\":\"https:\/\/webs.uab.cat\/txicc\/en\/dissemination-and-knowledge-transfer\/#breadcrumb\",\"itemListElement\":[{\"@type\":\"ListItem\",\"position\":1,\"name\":\"Portada\",\"item\":\"https:\/\/webs.uab.cat\/txicc\/en\/\"},{\"@type\":\"ListItem\",\"position\":2,\"name\":\"Dissemination and knowledge transfer\"}]},{\"@type\":\"WebSite\",\"@id\":\"https:\/\/webs.uab.cat\/txicc\/#website\",\"url\":\"https:\/\/webs.uab.cat\/txicc\/\",\"name\":\"Grup de recerca en Traducci\u00f3 del xin\u00e8s al catal\u00e0\/castell\u00e0 (TXICC)\",\"description\":\"\",\"potentialAction\":[{\"@type\":\"SearchAction\",\"target\":{\"@type\":\"EntryPoint\",\"urlTemplate\":\"https:\/\/webs.uab.cat\/txicc\/?s={search_term_string}\"},\"query-input\":{\"@type\":\"PropertyValueSpecification\",\"valueRequired\":true,\"valueName\":\"search_term_string\"}}],\"inLanguage\":\"en-US\"}]}<\/script>\n<!-- \/ Yoast SEO plugin. -->","yoast_head_json":{"title":"Dissemination and knowledge transfer - Grup de recerca en Traducci\u00f3 del xin\u00e8s al catal\u00e0\/castell\u00e0 (TXICC)","robots":{"index":"index","follow":"follow","max-snippet":"max-snippet:-1","max-image-preview":"max-image-preview:large","max-video-preview":"max-video-preview:-1"},"canonical":"https:\/\/webs.uab.cat\/txicc\/en\/dissemination-and-knowledge-transfer\/","og_locale":"en_US","og_type":"article","og_title":"Dissemination and knowledge transfer - Grup de recerca en Traducci\u00f3 del xin\u00e8s al catal\u00e0\/castell\u00e0 (TXICC)","og_description":"TXICC members provide linguistic advice to institutions and language professionals, such as editors, translators, proof-readers, journalists, etc. on issues concerning the Chinese language and the Chinese community living in Catalonia. The institutions with which TXICC has cooperated include, among others, TERMCAT (the Catalan Centre for Terminology), the Catalan Studies Institute (IEC)&nbsp;and the General Directorate for [&hellip;]","og_url":"https:\/\/webs.uab.cat\/txicc\/en\/dissemination-and-knowledge-transfer\/","og_site_name":"Grup de recerca en Traducci\u00f3 del xin\u00e8s al catal\u00e0\/castell\u00e0 (TXICC)","article_modified_time":"2024-07-16T09:32:19+00:00","twitter_card":"summary_large_image","schema":{"@context":"https:\/\/schema.org","@graph":[{"@type":"WebPage","@id":"https:\/\/webs.uab.cat\/txicc\/en\/dissemination-and-knowledge-transfer\/","url":"https:\/\/webs.uab.cat\/txicc\/en\/dissemination-and-knowledge-transfer\/","name":"Dissemination and knowledge transfer - Grup de recerca en Traducci\u00f3 del xin\u00e8s al catal\u00e0\/castell\u00e0 (TXICC)","isPartOf":{"@id":"https:\/\/webs.uab.cat\/txicc\/#website"},"datePublished":"2012-02-14T08:08:11+00:00","dateModified":"2024-07-16T09:32:19+00:00","breadcrumb":{"@id":"https:\/\/webs.uab.cat\/txicc\/en\/dissemination-and-knowledge-transfer\/#breadcrumb"},"inLanguage":"en-US","potentialAction":[{"@type":"ReadAction","target":["https:\/\/webs.uab.cat\/txicc\/en\/dissemination-and-knowledge-transfer\/"]}]},{"@type":"BreadcrumbList","@id":"https:\/\/webs.uab.cat\/txicc\/en\/dissemination-and-knowledge-transfer\/#breadcrumb","itemListElement":[{"@type":"ListItem","position":1,"name":"Portada","item":"https:\/\/webs.uab.cat\/txicc\/en\/"},{"@type":"ListItem","position":2,"name":"Dissemination and knowledge transfer"}]},{"@type":"WebSite","@id":"https:\/\/webs.uab.cat\/txicc\/#website","url":"https:\/\/webs.uab.cat\/txicc\/","name":"Grup de recerca en Traducci\u00f3 del xin\u00e8s al catal\u00e0\/castell\u00e0 (TXICC)","description":"","potentialAction":[{"@type":"SearchAction","target":{"@type":"EntryPoint","urlTemplate":"https:\/\/webs.uab.cat\/txicc\/?s={search_term_string}"},"query-input":{"@type":"PropertyValueSpecification","valueRequired":true,"valueName":"search_term_string"}}],"inLanguage":"en-US"}]}},"_links":{"self":[{"href":"https:\/\/webs.uab.cat\/txicc\/en\/wp-json\/wp\/v2\/pages\/116","targetHints":{"allow":["GET"]}}],"collection":[{"href":"https:\/\/webs.uab.cat\/txicc\/en\/wp-json\/wp\/v2\/pages"}],"about":[{"href":"https:\/\/webs.uab.cat\/txicc\/en\/wp-json\/wp\/v2\/types\/page"}],"author":[{"embeddable":true,"href":"https:\/\/webs.uab.cat\/txicc\/en\/wp-json\/wp\/v2\/users\/20"}],"replies":[{"embeddable":true,"href":"https:\/\/webs.uab.cat\/txicc\/en\/wp-json\/wp\/v2\/comments?post=116"}],"version-history":[{"count":5,"href":"https:\/\/webs.uab.cat\/txicc\/en\/wp-json\/wp\/v2\/pages\/116\/revisions"}],"predecessor-version":[{"id":1424,"href":"https:\/\/webs.uab.cat\/txicc\/en\/wp-json\/wp\/v2\/pages\/116\/revisions\/1424"}],"wp:attachment":[{"href":"https:\/\/webs.uab.cat\/txicc\/en\/wp-json\/wp\/v2\/media?parent=116"}],"curies":[{"name":"wp","href":"https:\/\/api.w.org\/{rel}","templated":true}]}}