{"id":570,"date":"2013-07-03T13:46:43","date_gmt":"2013-07-03T11:46:43","guid":{"rendered":"https:\/\/webs.uab.cat\/txicc\/interview-sara-rovira-esteva-phd\/"},"modified":"2013-07-03T13:46:43","modified_gmt":"2013-07-03T11:46:43","slug":"interview-sara-rovira-esteva-phd","status":"publish","type":"page","link":"https:\/\/webs.uab.cat\/txicc\/en\/interview-sara-rovira-esteva-phd\/","title":{"rendered":"Interview with Sara Rovira Esteva, Ph.D"},"content":{"rendered":"<p style=\"text-align: justify;\">Sara Rovira-Esteva (1971- ) B.A. in Translation and Interpreting; Ph.D. in Translation Studies from the Universitat Aut\u00f2noma de Barcelona. Her research interests include Translation Studies, Cross-cultural Pragmatics, Teaching Chinese as a Foreign Language&nbsp; and Contrastive Linguistics. She has authored four books and published numerous articles in journals on Chinese-Spanish\/Catalan translation, Chinese linguistics and teaching Chinese as a foreign language. She has worked as a professional translator translating mainly Chinese films and contemporary Chinese literature.<\/p>\n<p style=\"text-align: center;\">&nbsp;<\/p>\n<p style=\"text-align: center;\"><strong>Part 1<\/strong><\/p>\n<p style=\"text-align: center;\"><iframe loading=\"lazy\" frameborder=\"0\" height=\"315\" src=\"\/\/www.youtube.com\/embed\/8yj55-rYdNE\" width=\"420\"><\/iframe><\/p>\n<p style=\"text-align: center;\">&nbsp;<\/p>\n<p style=\"text-align: center;\"><strong>Part 2<\/strong><\/p>\n<p style=\"text-align: center;\"><iframe loading=\"lazy\" frameborder=\"0\" height=\"315\" src=\"\/\/www.youtube.com\/embed\/8momzgoxuNg\" width=\"420\"><\/iframe><\/p>\n","protected":false},"excerpt":{"rendered":"<p>Sara Rovira-Esteva (1971- ) B.A. in Translation and Interpreting; Ph.D. in Translation Studies from the Universitat Aut\u00f2noma de Barcelona. Her research interests include Translation Studies, Cross-cultural Pragmatics, Teaching Chinese as a Foreign Language&nbsp; and Contrastive Linguistics. She has authored four books and published numerous articles in journals on Chinese-Spanish\/Catalan translation, Chinese linguistics and teaching Chinese [&hellip;]<\/p>\n","protected":false},"author":20,"featured_media":0,"parent":0,"menu_order":0,"comment_status":"closed","ping_status":"closed","template":"","meta":{"footnotes":""},"class_list":["post-570","page","type-page","status-publish","hentry"],"yoast_head":"<!-- This site is optimized with the Yoast SEO plugin v26.8 - https:\/\/yoast.com\/product\/yoast-seo-wordpress\/ -->\n<title>Interview with Sara Rovira Esteva, Ph.D - Grup de recerca en Traducci\u00f3 del xin\u00e8s al catal\u00e0\/castell\u00e0 (TXICC)<\/title>\n<meta name=\"robots\" content=\"index, follow, max-snippet:-1, max-image-preview:large, max-video-preview:-1\" \/>\n<link rel=\"canonical\" href=\"https:\/\/webs.uab.cat\/txicc\/en\/interview-sara-rovira-esteva-phd\/\" \/>\n<meta property=\"og:locale\" content=\"en_US\" \/>\n<meta property=\"og:type\" content=\"article\" \/>\n<meta property=\"og:title\" content=\"Interview with Sara Rovira Esteva, Ph.D - Grup de recerca en Traducci\u00f3 del xin\u00e8s al catal\u00e0\/castell\u00e0 (TXICC)\" \/>\n<meta property=\"og:description\" content=\"Sara Rovira-Esteva (1971- ) B.A. in Translation and Interpreting; Ph.D. in Translation Studies from the Universitat Aut\u00f2noma de Barcelona. Her research interests include Translation Studies, Cross-cultural Pragmatics, Teaching Chinese as a Foreign Language&nbsp; and Contrastive Linguistics. She has authored four books and published numerous articles in journals on Chinese-Spanish\/Catalan translation, Chinese linguistics and teaching Chinese [&hellip;]\" \/>\n<meta property=\"og:url\" content=\"https:\/\/webs.uab.cat\/txicc\/en\/interview-sara-rovira-esteva-phd\/\" \/>\n<meta property=\"og:site_name\" content=\"Grup de recerca en Traducci\u00f3 del xin\u00e8s al catal\u00e0\/castell\u00e0 (TXICC)\" \/>\n<meta name=\"twitter:card\" content=\"summary_large_image\" \/>\n<script type=\"application\/ld+json\" class=\"yoast-schema-graph\">{\"@context\":\"https:\/\/schema.org\",\"@graph\":[{\"@type\":\"WebPage\",\"@id\":\"https:\/\/webs.uab.cat\/txicc\/en\/interview-sara-rovira-esteva-phd\/\",\"url\":\"https:\/\/webs.uab.cat\/txicc\/en\/interview-sara-rovira-esteva-phd\/\",\"name\":\"Interview with Sara Rovira Esteva, Ph.D - Grup de recerca en Traducci\u00f3 del xin\u00e8s al catal\u00e0\/castell\u00e0 (TXICC)\",\"isPartOf\":{\"@id\":\"https:\/\/webs.uab.cat\/txicc\/#website\"},\"datePublished\":\"2013-07-03T11:46:43+00:00\",\"breadcrumb\":{\"@id\":\"https:\/\/webs.uab.cat\/txicc\/en\/interview-sara-rovira-esteva-phd\/#breadcrumb\"},\"inLanguage\":\"en-US\",\"potentialAction\":[{\"@type\":\"ReadAction\",\"target\":[\"https:\/\/webs.uab.cat\/txicc\/en\/interview-sara-rovira-esteva-phd\/\"]}]},{\"@type\":\"BreadcrumbList\",\"@id\":\"https:\/\/webs.uab.cat\/txicc\/en\/interview-sara-rovira-esteva-phd\/#breadcrumb\",\"itemListElement\":[{\"@type\":\"ListItem\",\"position\":1,\"name\":\"Portada\",\"item\":\"https:\/\/webs.uab.cat\/txicc\/en\/\"},{\"@type\":\"ListItem\",\"position\":2,\"name\":\"Interview with Sara Rovira Esteva, Ph.D\"}]},{\"@type\":\"WebSite\",\"@id\":\"https:\/\/webs.uab.cat\/txicc\/#website\",\"url\":\"https:\/\/webs.uab.cat\/txicc\/\",\"name\":\"Grup de recerca en Traducci\u00f3 del xin\u00e8s al catal\u00e0\/castell\u00e0 (TXICC)\",\"description\":\"\",\"potentialAction\":[{\"@type\":\"SearchAction\",\"target\":{\"@type\":\"EntryPoint\",\"urlTemplate\":\"https:\/\/webs.uab.cat\/txicc\/?s={search_term_string}\"},\"query-input\":{\"@type\":\"PropertyValueSpecification\",\"valueRequired\":true,\"valueName\":\"search_term_string\"}}],\"inLanguage\":\"en-US\"}]}<\/script>\n<!-- \/ Yoast SEO plugin. -->","yoast_head_json":{"title":"Interview with Sara Rovira Esteva, Ph.D - Grup de recerca en Traducci\u00f3 del xin\u00e8s al catal\u00e0\/castell\u00e0 (TXICC)","robots":{"index":"index","follow":"follow","max-snippet":"max-snippet:-1","max-image-preview":"max-image-preview:large","max-video-preview":"max-video-preview:-1"},"canonical":"https:\/\/webs.uab.cat\/txicc\/en\/interview-sara-rovira-esteva-phd\/","og_locale":"en_US","og_type":"article","og_title":"Interview with Sara Rovira Esteva, Ph.D - Grup de recerca en Traducci\u00f3 del xin\u00e8s al catal\u00e0\/castell\u00e0 (TXICC)","og_description":"Sara Rovira-Esteva (1971- ) B.A. in Translation and Interpreting; Ph.D. in Translation Studies from the Universitat Aut\u00f2noma de Barcelona. Her research interests include Translation Studies, Cross-cultural Pragmatics, Teaching Chinese as a Foreign Language&nbsp; and Contrastive Linguistics. She has authored four books and published numerous articles in journals on Chinese-Spanish\/Catalan translation, Chinese linguistics and teaching Chinese [&hellip;]","og_url":"https:\/\/webs.uab.cat\/txicc\/en\/interview-sara-rovira-esteva-phd\/","og_site_name":"Grup de recerca en Traducci\u00f3 del xin\u00e8s al catal\u00e0\/castell\u00e0 (TXICC)","twitter_card":"summary_large_image","schema":{"@context":"https:\/\/schema.org","@graph":[{"@type":"WebPage","@id":"https:\/\/webs.uab.cat\/txicc\/en\/interview-sara-rovira-esteva-phd\/","url":"https:\/\/webs.uab.cat\/txicc\/en\/interview-sara-rovira-esteva-phd\/","name":"Interview with Sara Rovira Esteva, Ph.D - Grup de recerca en Traducci\u00f3 del xin\u00e8s al catal\u00e0\/castell\u00e0 (TXICC)","isPartOf":{"@id":"https:\/\/webs.uab.cat\/txicc\/#website"},"datePublished":"2013-07-03T11:46:43+00:00","breadcrumb":{"@id":"https:\/\/webs.uab.cat\/txicc\/en\/interview-sara-rovira-esteva-phd\/#breadcrumb"},"inLanguage":"en-US","potentialAction":[{"@type":"ReadAction","target":["https:\/\/webs.uab.cat\/txicc\/en\/interview-sara-rovira-esteva-phd\/"]}]},{"@type":"BreadcrumbList","@id":"https:\/\/webs.uab.cat\/txicc\/en\/interview-sara-rovira-esteva-phd\/#breadcrumb","itemListElement":[{"@type":"ListItem","position":1,"name":"Portada","item":"https:\/\/webs.uab.cat\/txicc\/en\/"},{"@type":"ListItem","position":2,"name":"Interview with Sara Rovira Esteva, Ph.D"}]},{"@type":"WebSite","@id":"https:\/\/webs.uab.cat\/txicc\/#website","url":"https:\/\/webs.uab.cat\/txicc\/","name":"Grup de recerca en Traducci\u00f3 del xin\u00e8s al catal\u00e0\/castell\u00e0 (TXICC)","description":"","potentialAction":[{"@type":"SearchAction","target":{"@type":"EntryPoint","urlTemplate":"https:\/\/webs.uab.cat\/txicc\/?s={search_term_string}"},"query-input":{"@type":"PropertyValueSpecification","valueRequired":true,"valueName":"search_term_string"}}],"inLanguage":"en-US"}]}},"_links":{"self":[{"href":"https:\/\/webs.uab.cat\/txicc\/en\/wp-json\/wp\/v2\/pages\/570","targetHints":{"allow":["GET"]}}],"collection":[{"href":"https:\/\/webs.uab.cat\/txicc\/en\/wp-json\/wp\/v2\/pages"}],"about":[{"href":"https:\/\/webs.uab.cat\/txicc\/en\/wp-json\/wp\/v2\/types\/page"}],"author":[{"embeddable":true,"href":"https:\/\/webs.uab.cat\/txicc\/en\/wp-json\/wp\/v2\/users\/20"}],"replies":[{"embeddable":true,"href":"https:\/\/webs.uab.cat\/txicc\/en\/wp-json\/wp\/v2\/comments?post=570"}],"version-history":[{"count":0,"href":"https:\/\/webs.uab.cat\/txicc\/en\/wp-json\/wp\/v2\/pages\/570\/revisions"}],"wp:attachment":[{"href":"https:\/\/webs.uab.cat\/txicc\/en\/wp-json\/wp\/v2\/media?parent=570"}],"curies":[{"name":"wp","href":"https:\/\/api.w.org\/{rel}","templated":true}]}}