{"id":574,"date":"2013-08-12T20:44:29","date_gmt":"2013-08-12T18:44:29","guid":{"rendered":"https:\/\/webs.uab.cat\/txicc\/interview-maialen-marin-lacarta-phd\/"},"modified":"2013-08-12T20:44:29","modified_gmt":"2013-08-12T18:44:29","slug":"interview-maialen-marin-lacarta-phd","status":"publish","type":"page","link":"https:\/\/webs.uab.cat\/txicc\/en\/interview-maialen-marin-lacarta-phd\/","title":{"rendered":"Interview to Maialen Marin Lacarta, PhD."},"content":{"rendered":"<p style=\"text-align: justify;\"><span id=\"result_box\" lang=\"ca\"><span class=\"st\">Maialen Marin Lacarta, Ph.D in Sinology by the <span class=\"st\">National Institute of Oriental Languages and Civilizations (INALCO) in Paris, and Ph.D. in Translation and Intercultural Studies by the Universitat Aut\u00f2noma de Barcelona (UAB). Her doctoral dissertation explores the history of translation of Chinese modern and contemporary literature in Spain, as well as the complex position of this literature in the global literary system. She has published several academic articles on this topic. She has also taken degree and postgraduate courses at the universities of Burdeaux III, Sheffield, Peking, Taiwan National and Taiwan Chengchi. She has worked as teacher and researcher at the INALCO and as consultant at the Open University of Catalonia. She has translated&nbsp;Shen Congwen&#8217;s <em>Calma <\/em>(Alpha Decay, 2010) and <em>La ciudad fronteriza&nbsp;(<\/em><\/span><\/span><\/span><em>Edicions Bellaterra, 2013<\/em><span lang=\"ca\"><span class=\"st\"><span class=\"st\"><em>). S<\/em>he has collaborated in the translation and revision of <em><span id=\"result_box\" lang=\"ca\"><span class=\"hps\"><em>Los brigadistas chinos en la guerra civil: la llamada de Espa\u00f1a (1936-1939)<\/em><\/span><\/span>, <\/em>written by Ni Huiru and Zou Ningyuan (Catarata, 2013). In January 2013 she received the Jokin Zaitegi award for the translation with Aiora Jaka of an excerpt from a work by Mo Yan into euskara. Its publication is scheduled for late 2013:<\/span> <em>Maisua gero eta umoretsuago dago<\/em> (Elkar).<\/span><\/span><\/p>\n<p>&nbsp;<\/p>\n<p style=\"text-align: center;\"><strong><span lang=\"ca\"><strong>PART 1<\/strong><\/span><br \/>\n<strong><span lang=\"ca\"><iframe loading=\"lazy\" frameborder=\"0\" height=\"315\" src=\"\/\/www.youtube.com\/embed\/QH2hBYkQ6kc\" width=\"420\"><\/iframe><\/span><\/strong><\/strong><\/p>\n<p>&nbsp;<\/p>\n<p style=\"text-align: center;\">\n<strong><span lang=\"ca\"><span><strong>PART 2<\/strong><br \/>\n<iframe loading=\"lazy\" frameborder=\"0\" height=\"315\" src=\"\/\/www.youtube.com\/embed\/dSR3CtB_ED8\" width=\"420\"><\/iframe><\/span><\/span><\/strong><\/p>\n","protected":false},"excerpt":{"rendered":"<p>Maialen Marin Lacarta, Ph.D in Sinology by the National Institute of Oriental Languages and Civilizations (INALCO) in Paris, and Ph.D. in Translation and Intercultural Studies by the Universitat Aut\u00f2noma de Barcelona (UAB). Her doctoral dissertation explores the history of translation of Chinese modern and contemporary literature in Spain, as well as the complex position of [&hellip;]<\/p>\n","protected":false},"author":20,"featured_media":0,"parent":0,"menu_order":0,"comment_status":"closed","ping_status":"closed","template":"","meta":{"footnotes":""},"class_list":["post-574","page","type-page","status-publish","hentry"],"yoast_head":"<!-- This site is optimized with the Yoast SEO plugin v26.8 - https:\/\/yoast.com\/product\/yoast-seo-wordpress\/ -->\n<title>Interview to Maialen Marin Lacarta, PhD. - Grup de recerca en Traducci\u00f3 del xin\u00e8s al catal\u00e0\/castell\u00e0 (TXICC)<\/title>\n<meta name=\"robots\" content=\"index, follow, max-snippet:-1, max-image-preview:large, max-video-preview:-1\" \/>\n<link rel=\"canonical\" href=\"https:\/\/webs.uab.cat\/txicc\/en\/interview-maialen-marin-lacarta-phd\/\" \/>\n<meta property=\"og:locale\" content=\"en_US\" \/>\n<meta property=\"og:type\" content=\"article\" \/>\n<meta property=\"og:title\" content=\"Interview to Maialen Marin Lacarta, PhD. - Grup de recerca en Traducci\u00f3 del xin\u00e8s al catal\u00e0\/castell\u00e0 (TXICC)\" \/>\n<meta property=\"og:description\" content=\"Maialen Marin Lacarta, Ph.D in Sinology by the National Institute of Oriental Languages and Civilizations (INALCO) in Paris, and Ph.D. in Translation and Intercultural Studies by the Universitat Aut\u00f2noma de Barcelona (UAB). Her doctoral dissertation explores the history of translation of Chinese modern and contemporary literature in Spain, as well as the complex position of [&hellip;]\" \/>\n<meta property=\"og:url\" content=\"https:\/\/webs.uab.cat\/txicc\/en\/interview-maialen-marin-lacarta-phd\/\" \/>\n<meta property=\"og:site_name\" content=\"Grup de recerca en Traducci\u00f3 del xin\u00e8s al catal\u00e0\/castell\u00e0 (TXICC)\" \/>\n<meta name=\"twitter:card\" content=\"summary_large_image\" \/>\n<meta name=\"twitter:label1\" content=\"Est. reading time\" \/>\n\t<meta name=\"twitter:data1\" content=\"1 minute\" \/>\n<script type=\"application\/ld+json\" class=\"yoast-schema-graph\">{\"@context\":\"https:\/\/schema.org\",\"@graph\":[{\"@type\":\"WebPage\",\"@id\":\"https:\/\/webs.uab.cat\/txicc\/en\/interview-maialen-marin-lacarta-phd\/\",\"url\":\"https:\/\/webs.uab.cat\/txicc\/en\/interview-maialen-marin-lacarta-phd\/\",\"name\":\"Interview to Maialen Marin Lacarta, PhD. - Grup de recerca en Traducci\u00f3 del xin\u00e8s al catal\u00e0\/castell\u00e0 (TXICC)\",\"isPartOf\":{\"@id\":\"https:\/\/webs.uab.cat\/txicc\/#website\"},\"datePublished\":\"2013-08-12T18:44:29+00:00\",\"breadcrumb\":{\"@id\":\"https:\/\/webs.uab.cat\/txicc\/en\/interview-maialen-marin-lacarta-phd\/#breadcrumb\"},\"inLanguage\":\"en-US\",\"potentialAction\":[{\"@type\":\"ReadAction\",\"target\":[\"https:\/\/webs.uab.cat\/txicc\/en\/interview-maialen-marin-lacarta-phd\/\"]}]},{\"@type\":\"BreadcrumbList\",\"@id\":\"https:\/\/webs.uab.cat\/txicc\/en\/interview-maialen-marin-lacarta-phd\/#breadcrumb\",\"itemListElement\":[{\"@type\":\"ListItem\",\"position\":1,\"name\":\"Portada\",\"item\":\"https:\/\/webs.uab.cat\/txicc\/en\/\"},{\"@type\":\"ListItem\",\"position\":2,\"name\":\"Interview to Maialen Marin Lacarta, PhD.\"}]},{\"@type\":\"WebSite\",\"@id\":\"https:\/\/webs.uab.cat\/txicc\/#website\",\"url\":\"https:\/\/webs.uab.cat\/txicc\/\",\"name\":\"Grup de recerca en Traducci\u00f3 del xin\u00e8s al catal\u00e0\/castell\u00e0 (TXICC)\",\"description\":\"\",\"potentialAction\":[{\"@type\":\"SearchAction\",\"target\":{\"@type\":\"EntryPoint\",\"urlTemplate\":\"https:\/\/webs.uab.cat\/txicc\/?s={search_term_string}\"},\"query-input\":{\"@type\":\"PropertyValueSpecification\",\"valueRequired\":true,\"valueName\":\"search_term_string\"}}],\"inLanguage\":\"en-US\"}]}<\/script>\n<!-- \/ Yoast SEO plugin. -->","yoast_head_json":{"title":"Interview to Maialen Marin Lacarta, PhD. - Grup de recerca en Traducci\u00f3 del xin\u00e8s al catal\u00e0\/castell\u00e0 (TXICC)","robots":{"index":"index","follow":"follow","max-snippet":"max-snippet:-1","max-image-preview":"max-image-preview:large","max-video-preview":"max-video-preview:-1"},"canonical":"https:\/\/webs.uab.cat\/txicc\/en\/interview-maialen-marin-lacarta-phd\/","og_locale":"en_US","og_type":"article","og_title":"Interview to Maialen Marin Lacarta, PhD. - Grup de recerca en Traducci\u00f3 del xin\u00e8s al catal\u00e0\/castell\u00e0 (TXICC)","og_description":"Maialen Marin Lacarta, Ph.D in Sinology by the National Institute of Oriental Languages and Civilizations (INALCO) in Paris, and Ph.D. in Translation and Intercultural Studies by the Universitat Aut\u00f2noma de Barcelona (UAB). Her doctoral dissertation explores the history of translation of Chinese modern and contemporary literature in Spain, as well as the complex position of [&hellip;]","og_url":"https:\/\/webs.uab.cat\/txicc\/en\/interview-maialen-marin-lacarta-phd\/","og_site_name":"Grup de recerca en Traducci\u00f3 del xin\u00e8s al catal\u00e0\/castell\u00e0 (TXICC)","twitter_card":"summary_large_image","twitter_misc":{"Est. reading time":"1 minute"},"schema":{"@context":"https:\/\/schema.org","@graph":[{"@type":"WebPage","@id":"https:\/\/webs.uab.cat\/txicc\/en\/interview-maialen-marin-lacarta-phd\/","url":"https:\/\/webs.uab.cat\/txicc\/en\/interview-maialen-marin-lacarta-phd\/","name":"Interview to Maialen Marin Lacarta, PhD. - Grup de recerca en Traducci\u00f3 del xin\u00e8s al catal\u00e0\/castell\u00e0 (TXICC)","isPartOf":{"@id":"https:\/\/webs.uab.cat\/txicc\/#website"},"datePublished":"2013-08-12T18:44:29+00:00","breadcrumb":{"@id":"https:\/\/webs.uab.cat\/txicc\/en\/interview-maialen-marin-lacarta-phd\/#breadcrumb"},"inLanguage":"en-US","potentialAction":[{"@type":"ReadAction","target":["https:\/\/webs.uab.cat\/txicc\/en\/interview-maialen-marin-lacarta-phd\/"]}]},{"@type":"BreadcrumbList","@id":"https:\/\/webs.uab.cat\/txicc\/en\/interview-maialen-marin-lacarta-phd\/#breadcrumb","itemListElement":[{"@type":"ListItem","position":1,"name":"Portada","item":"https:\/\/webs.uab.cat\/txicc\/en\/"},{"@type":"ListItem","position":2,"name":"Interview to Maialen Marin Lacarta, PhD."}]},{"@type":"WebSite","@id":"https:\/\/webs.uab.cat\/txicc\/#website","url":"https:\/\/webs.uab.cat\/txicc\/","name":"Grup de recerca en Traducci\u00f3 del xin\u00e8s al catal\u00e0\/castell\u00e0 (TXICC)","description":"","potentialAction":[{"@type":"SearchAction","target":{"@type":"EntryPoint","urlTemplate":"https:\/\/webs.uab.cat\/txicc\/?s={search_term_string}"},"query-input":{"@type":"PropertyValueSpecification","valueRequired":true,"valueName":"search_term_string"}}],"inLanguage":"en-US"}]}},"_links":{"self":[{"href":"https:\/\/webs.uab.cat\/txicc\/en\/wp-json\/wp\/v2\/pages\/574","targetHints":{"allow":["GET"]}}],"collection":[{"href":"https:\/\/webs.uab.cat\/txicc\/en\/wp-json\/wp\/v2\/pages"}],"about":[{"href":"https:\/\/webs.uab.cat\/txicc\/en\/wp-json\/wp\/v2\/types\/page"}],"author":[{"embeddable":true,"href":"https:\/\/webs.uab.cat\/txicc\/en\/wp-json\/wp\/v2\/users\/20"}],"replies":[{"embeddable":true,"href":"https:\/\/webs.uab.cat\/txicc\/en\/wp-json\/wp\/v2\/comments?post=574"}],"version-history":[{"count":0,"href":"https:\/\/webs.uab.cat\/txicc\/en\/wp-json\/wp\/v2\/pages\/574\/revisions"}],"wp:attachment":[{"href":"https:\/\/webs.uab.cat\/txicc\/en\/wp-json\/wp\/v2\/media?parent=574"}],"curies":[{"name":"wp","href":"https:\/\/api.w.org\/{rel}","templated":true}]}}