{"id":589,"date":"2015-12-22T11:42:54","date_gmt":"2015-12-22T09:42:54","guid":{"rendered":"https:\/\/webs.uab.cat\/txicc\/media\/"},"modified":"2015-12-22T11:42:54","modified_gmt":"2015-12-22T09:42:54","slug":"media","status":"publish","type":"page","link":"https:\/\/webs.uab.cat\/txicc\/en\/media\/","title":{"rendered":"In the Media"},"content":{"rendered":"<ul type=\"disc\">\n<li>Rtve: <a href=\"\/\/www.rtve.es\/alacarta\/audios\/asia-hoy\/asia-hoy-como-usar-correctamente-chino-27-10-15\/3336460\/\" target=\"_blank\" rel=\"noopener\">Asia hoy<\/a><\/li>\n<li><a href=\"http:\/\/www.cultograma.com\/tofu-fengshui-taichi-el-chino-llega-a-nuestras-vidas\/\" target=\"_blank\" rel=\"noopener\">Digital Cultograma <\/a><\/li>\n<li><a href=\"http:\/\/laestrella.com.pa\/estilo\/cultura\/chino-parte-nuestras-vidas\/23876002\" target=\"_blank\" rel=\"noopener\">La Estrella de Panam\u00e1<\/a><\/li>\n<li><a href=\"http:\/\/www.fundeu.es\/noticia\/tofu-fengshui-taichi-el-chino-llega-a-nuestras-vidas\/\" target=\"_blank\" rel=\"noopener\">Fund\u00e9u <\/a><\/li>\n<li><a href=\"https:\/\/es-us.noticias.yahoo.com\/tofu-fengshui-taich%C3%AD-chino-llega-vidas-111600419.html\" target=\"_blank\" rel=\"noopener\">Yahoo Noticias<\/a><\/li>\n<li><a href=\"http:\/\/divertinajes.infolibre.es\/?p=741\" target=\"_blank\" rel=\"noopener\">Divertinajes<\/a><\/li>\n<\/ul>\n<p><a href=\"http:\/\/grupsderecerca.uab.cat\/txicc\/content\/convenis\" title=\"\">&nbsp;<\/a><\/p>\n","protected":false},"excerpt":{"rendered":"<p>Rtve: Asia hoy Digital Cultograma La Estrella de Panam\u00e1 Fund\u00e9u Yahoo Noticias Divertinajes &nbsp;<\/p>\n","protected":false},"author":20,"featured_media":0,"parent":0,"menu_order":0,"comment_status":"closed","ping_status":"closed","template":"","meta":{"footnotes":""},"class_list":["post-589","page","type-page","status-publish","hentry"],"yoast_head":"<!-- This site is optimized with the Yoast SEO plugin v26.8 - https:\/\/yoast.com\/product\/yoast-seo-wordpress\/ -->\n<title>In the Media - Grup de recerca en Traducci\u00f3 del xin\u00e8s al catal\u00e0\/castell\u00e0 (TXICC)<\/title>\n<meta name=\"robots\" content=\"index, follow, max-snippet:-1, max-image-preview:large, max-video-preview:-1\" \/>\n<link rel=\"canonical\" href=\"https:\/\/webs.uab.cat\/txicc\/en\/media\/\" \/>\n<meta property=\"og:locale\" content=\"en_US\" \/>\n<meta property=\"og:type\" content=\"article\" \/>\n<meta property=\"og:title\" content=\"In the Media - Grup de recerca en Traducci\u00f3 del xin\u00e8s al catal\u00e0\/castell\u00e0 (TXICC)\" \/>\n<meta property=\"og:description\" content=\"Rtve: Asia hoy Digital Cultograma La Estrella de Panam\u00e1 Fund\u00e9u Yahoo Noticias Divertinajes &nbsp;\" \/>\n<meta property=\"og:url\" content=\"https:\/\/webs.uab.cat\/txicc\/en\/media\/\" \/>\n<meta property=\"og:site_name\" content=\"Grup de recerca en Traducci\u00f3 del xin\u00e8s al catal\u00e0\/castell\u00e0 (TXICC)\" \/>\n<meta name=\"twitter:card\" content=\"summary_large_image\" \/>\n<script type=\"application\/ld+json\" class=\"yoast-schema-graph\">{\"@context\":\"https:\/\/schema.org\",\"@graph\":[{\"@type\":\"WebPage\",\"@id\":\"https:\/\/webs.uab.cat\/txicc\/en\/media\/\",\"url\":\"https:\/\/webs.uab.cat\/txicc\/en\/media\/\",\"name\":\"In the Media - Grup de recerca en Traducci\u00f3 del xin\u00e8s al catal\u00e0\/castell\u00e0 (TXICC)\",\"isPartOf\":{\"@id\":\"https:\/\/webs.uab.cat\/txicc\/#website\"},\"datePublished\":\"2015-12-22T09:42:54+00:00\",\"breadcrumb\":{\"@id\":\"https:\/\/webs.uab.cat\/txicc\/en\/media\/#breadcrumb\"},\"inLanguage\":\"en-US\",\"potentialAction\":[{\"@type\":\"ReadAction\",\"target\":[\"https:\/\/webs.uab.cat\/txicc\/en\/media\/\"]}]},{\"@type\":\"BreadcrumbList\",\"@id\":\"https:\/\/webs.uab.cat\/txicc\/en\/media\/#breadcrumb\",\"itemListElement\":[{\"@type\":\"ListItem\",\"position\":1,\"name\":\"Portada\",\"item\":\"https:\/\/webs.uab.cat\/txicc\/en\/\"},{\"@type\":\"ListItem\",\"position\":2,\"name\":\"In the Media\"}]},{\"@type\":\"WebSite\",\"@id\":\"https:\/\/webs.uab.cat\/txicc\/#website\",\"url\":\"https:\/\/webs.uab.cat\/txicc\/\",\"name\":\"Grup de recerca en Traducci\u00f3 del xin\u00e8s al catal\u00e0\/castell\u00e0 (TXICC)\",\"description\":\"\",\"potentialAction\":[{\"@type\":\"SearchAction\",\"target\":{\"@type\":\"EntryPoint\",\"urlTemplate\":\"https:\/\/webs.uab.cat\/txicc\/?s={search_term_string}\"},\"query-input\":{\"@type\":\"PropertyValueSpecification\",\"valueRequired\":true,\"valueName\":\"search_term_string\"}}],\"inLanguage\":\"en-US\"}]}<\/script>\n<!-- \/ Yoast SEO plugin. -->","yoast_head_json":{"title":"In the Media - Grup de recerca en Traducci\u00f3 del xin\u00e8s al catal\u00e0\/castell\u00e0 (TXICC)","robots":{"index":"index","follow":"follow","max-snippet":"max-snippet:-1","max-image-preview":"max-image-preview:large","max-video-preview":"max-video-preview:-1"},"canonical":"https:\/\/webs.uab.cat\/txicc\/en\/media\/","og_locale":"en_US","og_type":"article","og_title":"In the Media - Grup de recerca en Traducci\u00f3 del xin\u00e8s al catal\u00e0\/castell\u00e0 (TXICC)","og_description":"Rtve: Asia hoy Digital Cultograma La Estrella de Panam\u00e1 Fund\u00e9u Yahoo Noticias Divertinajes &nbsp;","og_url":"https:\/\/webs.uab.cat\/txicc\/en\/media\/","og_site_name":"Grup de recerca en Traducci\u00f3 del xin\u00e8s al catal\u00e0\/castell\u00e0 (TXICC)","twitter_card":"summary_large_image","schema":{"@context":"https:\/\/schema.org","@graph":[{"@type":"WebPage","@id":"https:\/\/webs.uab.cat\/txicc\/en\/media\/","url":"https:\/\/webs.uab.cat\/txicc\/en\/media\/","name":"In the Media - Grup de recerca en Traducci\u00f3 del xin\u00e8s al catal\u00e0\/castell\u00e0 (TXICC)","isPartOf":{"@id":"https:\/\/webs.uab.cat\/txicc\/#website"},"datePublished":"2015-12-22T09:42:54+00:00","breadcrumb":{"@id":"https:\/\/webs.uab.cat\/txicc\/en\/media\/#breadcrumb"},"inLanguage":"en-US","potentialAction":[{"@type":"ReadAction","target":["https:\/\/webs.uab.cat\/txicc\/en\/media\/"]}]},{"@type":"BreadcrumbList","@id":"https:\/\/webs.uab.cat\/txicc\/en\/media\/#breadcrumb","itemListElement":[{"@type":"ListItem","position":1,"name":"Portada","item":"https:\/\/webs.uab.cat\/txicc\/en\/"},{"@type":"ListItem","position":2,"name":"In the Media"}]},{"@type":"WebSite","@id":"https:\/\/webs.uab.cat\/txicc\/#website","url":"https:\/\/webs.uab.cat\/txicc\/","name":"Grup de recerca en Traducci\u00f3 del xin\u00e8s al catal\u00e0\/castell\u00e0 (TXICC)","description":"","potentialAction":[{"@type":"SearchAction","target":{"@type":"EntryPoint","urlTemplate":"https:\/\/webs.uab.cat\/txicc\/?s={search_term_string}"},"query-input":{"@type":"PropertyValueSpecification","valueRequired":true,"valueName":"search_term_string"}}],"inLanguage":"en-US"}]}},"_links":{"self":[{"href":"https:\/\/webs.uab.cat\/txicc\/en\/wp-json\/wp\/v2\/pages\/589","targetHints":{"allow":["GET"]}}],"collection":[{"href":"https:\/\/webs.uab.cat\/txicc\/en\/wp-json\/wp\/v2\/pages"}],"about":[{"href":"https:\/\/webs.uab.cat\/txicc\/en\/wp-json\/wp\/v2\/types\/page"}],"author":[{"embeddable":true,"href":"https:\/\/webs.uab.cat\/txicc\/en\/wp-json\/wp\/v2\/users\/20"}],"replies":[{"embeddable":true,"href":"https:\/\/webs.uab.cat\/txicc\/en\/wp-json\/wp\/v2\/comments?post=589"}],"version-history":[{"count":0,"href":"https:\/\/webs.uab.cat\/txicc\/en\/wp-json\/wp\/v2\/pages\/589\/revisions"}],"wp:attachment":[{"href":"https:\/\/webs.uab.cat\/txicc\/en\/wp-json\/wp\/v2\/media?parent=589"}],"curies":[{"name":"wp","href":"https:\/\/api.w.org\/{rel}","templated":true}]}}