{"id":596,"date":"2017-01-13T08:50:23","date_gmt":"2017-01-13T06:50:23","guid":{"rendered":"https:\/\/webs.uab.cat\/txicc\/translation-award\/"},"modified":"2023-12-11T10:52:07","modified_gmt":"2023-12-11T08:52:07","slug":"translation-award","status":"publish","type":"page","link":"https:\/\/webs.uab.cat\/txicc\/en\/translation-award\/","title":{"rendered":"Translation Award"},"content":{"rendered":"<h2>Chinese-Spanish\/Catalan Translation Award Marcela de Juan<\/h2>\n<p>This award aims to promote literary translation from Chinese into Spanish and Catalan and rewards the best translations that have been published recently. The award is biennial and will alternate the two languages: Spanish and Catalan. This prize will be awarded in\u00a0odd years for\u00a0Spanish translations published in the four previous years, and in even years for Catalan translations published in the four previous years.<\/p>\n<p>This award is jointly awarded by the Faculty of Translation and Interpretation of the Autonomous University of Barcelona, \u200b\u200bthe TXICC research group and the Confucius Institute of Barcelona. The jury is made up of professionals and academics from the field of Chinese &#8211; Spanish \/ Catalan translation and is chaired by the dean of the UAB Faculty of Translation and Interpreting. The endowment of the prize is \u20ac4,000 for the translator, although it may be void. The awarding ceremony will take place in Autumn.<\/p>\n<p><b>Contact person:<\/b><\/p>\n<p>Helena Casas Tost<\/p>\n<p>Senior Lecturer at the Departament de Traducci\u00f3 i d\u2019Interpretaci\u00f3 i d\u2019Estudis de l&#8217;\u00c0sia Oriental de la UAB and member of TXICC Research Group<\/p>\n<hr \/>\n<p><strong>Marcela de Juan<\/strong><\/p>\n<p>Marcela de Juan (Huang Masai, \u9ec4\u739b\u8d5b) \u00e9s una de les figures m\u00e9s destacades de l&#8217;\u00e0mbit de la traducci\u00f3 del xin\u00e8s al castell\u00e0. Filla d&#8217;un diplom\u00e0tic xin\u00e8s i d&#8217;una ciutadana belga, de Juan va n\u00e9ixer a l&#8217;Havana el 1905 i va viure llargs per\u00edodes a Madrid i a Pequ\u00edn a causa de les destinacions del seu pare. Com a traductora, escriptora i int\u00e8rpret del xin\u00e8s al castell\u00e0, va dur a terme una tasca de difusi\u00f3 important\u00edssima de la cultura xinesa a Espanya, amb una especial dedicaci\u00f3 a la literatura.<\/p>\n<p>En la seva vessant de traductora, es va dedicar especialment a la traducci\u00f3 de relats i poesia, amb diverses antologies publicades en tots dos camps. Alhora, cal destacar que no es va limitar a descobrir-nos un autor o una \u00e8poca concrets, sin\u00f3 que va traduir obres de dinasties diferents, per la qual cosa va oferir al lector espanyol una visi\u00f3 global de la literatura xinesa. La seva tasca va ser especialment important perqu\u00e8 va donar un nou impuls a la traducci\u00f3 del xin\u00e8s al castell\u00e0, que ocupava una posici\u00f3 secund\u00e0ria a principis del segle XX.<\/p>\n<p>Per la seva posici\u00f3 socioecon\u00f2mica, de Juan va tenir un acc\u00e9s privilegiat a pensadors espanyols i xinesos, com ara P\u00edo Baroja o Hu Shi, un aspecte que va enriquir el seu coneixement d&#8217;ambdues cultures. De Juan va morir a Ginebra el 1981 i hem considerat adequat recuperar la seva figura per a aquest premi de traducci\u00f3 del xin\u00e8s al castell\u00e0 i al catal\u00e0, precisament, perqu\u00e8 ella va ser una de les primeres grans traductores modernes del xin\u00e8s a Espanya.<\/p>\n","protected":false},"excerpt":{"rendered":"<p>Chinese-Spanish\/Catalan Translation Award Marcela de Juan This award aims to promote literary translation from Chinese into Spanish and Catalan and rewards the best translations that have been published recently. The award is biennial and will alternate the two languages: Spanish and Catalan. This prize will be awarded in\u00a0odd years for\u00a0Spanish translations published in the four [&hellip;]<\/p>\n","protected":false},"author":20,"featured_media":0,"parent":0,"menu_order":0,"comment_status":"closed","ping_status":"closed","template":"","meta":{"footnotes":""},"class_list":["post-596","page","type-page","status-publish","hentry"],"yoast_head":"<!-- This site is optimized with the Yoast SEO plugin v26.8 - https:\/\/yoast.com\/product\/yoast-seo-wordpress\/ -->\n<title>Translation Award - Grup de recerca en Traducci\u00f3 del xin\u00e8s al catal\u00e0\/castell\u00e0 (TXICC)<\/title>\n<meta name=\"robots\" content=\"index, follow, max-snippet:-1, max-image-preview:large, max-video-preview:-1\" \/>\n<link rel=\"canonical\" href=\"https:\/\/webs.uab.cat\/txicc\/en\/translation-award\/\" \/>\n<meta property=\"og:locale\" content=\"en_US\" \/>\n<meta property=\"og:type\" content=\"article\" \/>\n<meta property=\"og:title\" content=\"Translation Award - Grup de recerca en Traducci\u00f3 del xin\u00e8s al catal\u00e0\/castell\u00e0 (TXICC)\" \/>\n<meta property=\"og:description\" content=\"Chinese-Spanish\/Catalan Translation Award Marcela de Juan This award aims to promote literary translation from Chinese into Spanish and Catalan and rewards the best translations that have been published recently. The award is biennial and will alternate the two languages: Spanish and Catalan. This prize will be awarded in\u00a0odd years for\u00a0Spanish translations published in the four [&hellip;]\" \/>\n<meta property=\"og:url\" content=\"https:\/\/webs.uab.cat\/txicc\/en\/translation-award\/\" \/>\n<meta property=\"og:site_name\" content=\"Grup de recerca en Traducci\u00f3 del xin\u00e8s al catal\u00e0\/castell\u00e0 (TXICC)\" \/>\n<meta property=\"article:modified_time\" content=\"2023-12-11T08:52:07+00:00\" \/>\n<meta name=\"twitter:card\" content=\"summary_large_image\" \/>\n<meta name=\"twitter:label1\" content=\"Est. reading time\" \/>\n\t<meta name=\"twitter:data1\" content=\"2 minutes\" \/>\n<script type=\"application\/ld+json\" class=\"yoast-schema-graph\">{\"@context\":\"https:\/\/schema.org\",\"@graph\":[{\"@type\":\"WebPage\",\"@id\":\"https:\/\/webs.uab.cat\/txicc\/en\/translation-award\/\",\"url\":\"https:\/\/webs.uab.cat\/txicc\/en\/translation-award\/\",\"name\":\"Translation Award - Grup de recerca en Traducci\u00f3 del xin\u00e8s al catal\u00e0\/castell\u00e0 (TXICC)\",\"isPartOf\":{\"@id\":\"https:\/\/webs.uab.cat\/txicc\/#website\"},\"datePublished\":\"2017-01-13T06:50:23+00:00\",\"dateModified\":\"2023-12-11T08:52:07+00:00\",\"breadcrumb\":{\"@id\":\"https:\/\/webs.uab.cat\/txicc\/en\/translation-award\/#breadcrumb\"},\"inLanguage\":\"en-US\",\"potentialAction\":[{\"@type\":\"ReadAction\",\"target\":[\"https:\/\/webs.uab.cat\/txicc\/en\/translation-award\/\"]}]},{\"@type\":\"BreadcrumbList\",\"@id\":\"https:\/\/webs.uab.cat\/txicc\/en\/translation-award\/#breadcrumb\",\"itemListElement\":[{\"@type\":\"ListItem\",\"position\":1,\"name\":\"Portada\",\"item\":\"https:\/\/webs.uab.cat\/txicc\/en\/\"},{\"@type\":\"ListItem\",\"position\":2,\"name\":\"Translation Award\"}]},{\"@type\":\"WebSite\",\"@id\":\"https:\/\/webs.uab.cat\/txicc\/#website\",\"url\":\"https:\/\/webs.uab.cat\/txicc\/\",\"name\":\"Grup de recerca en Traducci\u00f3 del xin\u00e8s al catal\u00e0\/castell\u00e0 (TXICC)\",\"description\":\"\",\"potentialAction\":[{\"@type\":\"SearchAction\",\"target\":{\"@type\":\"EntryPoint\",\"urlTemplate\":\"https:\/\/webs.uab.cat\/txicc\/?s={search_term_string}\"},\"query-input\":{\"@type\":\"PropertyValueSpecification\",\"valueRequired\":true,\"valueName\":\"search_term_string\"}}],\"inLanguage\":\"en-US\"}]}<\/script>\n<!-- \/ Yoast SEO plugin. -->","yoast_head_json":{"title":"Translation Award - Grup de recerca en Traducci\u00f3 del xin\u00e8s al catal\u00e0\/castell\u00e0 (TXICC)","robots":{"index":"index","follow":"follow","max-snippet":"max-snippet:-1","max-image-preview":"max-image-preview:large","max-video-preview":"max-video-preview:-1"},"canonical":"https:\/\/webs.uab.cat\/txicc\/en\/translation-award\/","og_locale":"en_US","og_type":"article","og_title":"Translation Award - Grup de recerca en Traducci\u00f3 del xin\u00e8s al catal\u00e0\/castell\u00e0 (TXICC)","og_description":"Chinese-Spanish\/Catalan Translation Award Marcela de Juan This award aims to promote literary translation from Chinese into Spanish and Catalan and rewards the best translations that have been published recently. The award is biennial and will alternate the two languages: Spanish and Catalan. This prize will be awarded in\u00a0odd years for\u00a0Spanish translations published in the four [&hellip;]","og_url":"https:\/\/webs.uab.cat\/txicc\/en\/translation-award\/","og_site_name":"Grup de recerca en Traducci\u00f3 del xin\u00e8s al catal\u00e0\/castell\u00e0 (TXICC)","article_modified_time":"2023-12-11T08:52:07+00:00","twitter_card":"summary_large_image","twitter_misc":{"Est. reading time":"2 minutes"},"schema":{"@context":"https:\/\/schema.org","@graph":[{"@type":"WebPage","@id":"https:\/\/webs.uab.cat\/txicc\/en\/translation-award\/","url":"https:\/\/webs.uab.cat\/txicc\/en\/translation-award\/","name":"Translation Award - Grup de recerca en Traducci\u00f3 del xin\u00e8s al catal\u00e0\/castell\u00e0 (TXICC)","isPartOf":{"@id":"https:\/\/webs.uab.cat\/txicc\/#website"},"datePublished":"2017-01-13T06:50:23+00:00","dateModified":"2023-12-11T08:52:07+00:00","breadcrumb":{"@id":"https:\/\/webs.uab.cat\/txicc\/en\/translation-award\/#breadcrumb"},"inLanguage":"en-US","potentialAction":[{"@type":"ReadAction","target":["https:\/\/webs.uab.cat\/txicc\/en\/translation-award\/"]}]},{"@type":"BreadcrumbList","@id":"https:\/\/webs.uab.cat\/txicc\/en\/translation-award\/#breadcrumb","itemListElement":[{"@type":"ListItem","position":1,"name":"Portada","item":"https:\/\/webs.uab.cat\/txicc\/en\/"},{"@type":"ListItem","position":2,"name":"Translation Award"}]},{"@type":"WebSite","@id":"https:\/\/webs.uab.cat\/txicc\/#website","url":"https:\/\/webs.uab.cat\/txicc\/","name":"Grup de recerca en Traducci\u00f3 del xin\u00e8s al catal\u00e0\/castell\u00e0 (TXICC)","description":"","potentialAction":[{"@type":"SearchAction","target":{"@type":"EntryPoint","urlTemplate":"https:\/\/webs.uab.cat\/txicc\/?s={search_term_string}"},"query-input":{"@type":"PropertyValueSpecification","valueRequired":true,"valueName":"search_term_string"}}],"inLanguage":"en-US"}]}},"_links":{"self":[{"href":"https:\/\/webs.uab.cat\/txicc\/en\/wp-json\/wp\/v2\/pages\/596","targetHints":{"allow":["GET"]}}],"collection":[{"href":"https:\/\/webs.uab.cat\/txicc\/en\/wp-json\/wp\/v2\/pages"}],"about":[{"href":"https:\/\/webs.uab.cat\/txicc\/en\/wp-json\/wp\/v2\/types\/page"}],"author":[{"embeddable":true,"href":"https:\/\/webs.uab.cat\/txicc\/en\/wp-json\/wp\/v2\/users\/20"}],"replies":[{"embeddable":true,"href":"https:\/\/webs.uab.cat\/txicc\/en\/wp-json\/wp\/v2\/comments?post=596"}],"version-history":[{"count":2,"href":"https:\/\/webs.uab.cat\/txicc\/en\/wp-json\/wp\/v2\/pages\/596\/revisions"}],"predecessor-version":[{"id":1348,"href":"https:\/\/webs.uab.cat\/txicc\/en\/wp-json\/wp\/v2\/pages\/596\/revisions\/1348"}],"wp:attachment":[{"href":"https:\/\/webs.uab.cat\/txicc\/en\/wp-json\/wp\/v2\/media?parent=596"}],"curies":[{"name":"wp","href":"https:\/\/api.w.org\/{rel}","templated":true}]}}