{"id":599,"date":"2018-09-07T08:50:00","date_gmt":"2018-09-07T06:50:00","guid":{"rendered":"https:\/\/webs.uab.cat\/txicc\/2017s-edition\/"},"modified":"2018-09-07T09:09:17","modified_gmt":"2018-09-07T07:09:17","slug":"2017s-edition","status":"publish","type":"page","link":"https:\/\/webs.uab.cat\/txicc\/en\/2017s-edition\/","title":{"rendered":"2017&#8217;s edition"},"content":{"rendered":"<h2>Chinese-Spanish Marcela de Juan Translation Award&nbsp;(1<sup>st<\/sup>&nbsp;edition)<\/h2>\n<p>For a translation&nbsp;from Chinese&nbsp;into Spanish&nbsp;published from January 1st&nbsp;2013 and December 31 2016.<\/p>\n<p align=\"left\"><strong>Winner<\/strong><\/p>\n<p>Alicia Relinque Eleta, for the translation into Spanish of&nbsp;<a href=\"https:\/\/dtieao.uab.cat\/txicc\/lite\/traducciones\/el-pabellon-de-las-peonias-o-historia-del-alma-que-regreso\/\" target=\"_blank\" rel=\"noopener\"><em>El Pabell\u00f3n de las Peon\u00edas o Historia del alma que regres\u00f3<\/em><\/a>&nbsp;(Trotta), by Tang Xianzu<\/p>\n<p><strong>Jury<\/strong><\/p>\n<ul>\n<li>Gabriel Garc\u00eda-Noblejas Universidad de Granada)&nbsp;<\/li>\n<li>Manel Oll\u00e9 (Universitat Pompeu Fabra)<\/li>\n<li>Carles Prado (Universitat Oberta de Catalunya)<\/li>\n<li>S\u00edlvia Fustegueres (TXICC)<\/li>\n<li>Helena Casas-Tost (Universitat Aut\u00f2noma de Barcelona\/Fundaci\u00f3 Institut Confuci de Barcelona)<\/li>\n<\/ul>\n<hr \/>\n<p><strong>Press release&nbsp;<\/strong><\/p>\n<table border=\"1\" cellpadding=\"1\" cellspacing=\"1\" style=\"width:500px\">\n<tbody>\n<tr>\n<td style=\"width: 222px;\"><a href=\"http:\/\/www.lavanguardia.com\/vida\/20171016\/432127885861\/la-traduccion-del-chino-de-el-pabellon-de-las-peonias-primer-premio-marcela-de-juan.html\" target=\"_blank\" rel=\"noopener\">La Vanguardia<\/a><\/td>\n<td style=\"width: 265px;\">El Peri\u00f3dico <a href=\"http:\/\/www.elperiodico.com\/es\/ocio-y-cultura\/20171016\/alicia-relinque-gana-el-i-premio-de-traduccion-del-chino-al-espanol-6357242\" target=\"_blank\" rel=\"noopener\">1<\/a>, <a href=\"http:\/\/www.elperiodico.com\/es\/ocio-y-cultura\/20171016\/la-traduccion-del-chino-de-el-pabellon-de-las-peonias-primer-premio-marcela-de-juan-6357300\" target=\"_blank\" rel=\"noopener\">2<\/a><\/td>\n<\/tr>\n<tr>\n<td style=\"width: 222px;\"><a href=\"http:\/\/www.cuatro.com\/noticias\/cultura\/Pabellon-Peonias-Premio-Marcela-Juan_0_2452275974.html\" target=\"_blank\" rel=\"noopener\">Cuatro<\/a><\/td>\n<td style=\"width: 265px;\"><a href=\"http:\/\/www.telecinco.es\/informativos\/cultura\/Pabellon-Peonias-Premio-Marcela-Juan_0_2452275972.html\" target=\"_blank\" rel=\"noopener\">Telecinco<\/a><\/td>\n<\/tr>\n<tr>\n<td style=\"width: 222px;\"><a href=\"http:\/\/www.bolsamania.com\/noticias\/cultura\/la-traduccion-del-chino-de-el-pabellon-de-las-peonias-primer-premio-marcela-de-juan--2916215.html\" target=\"_blank\" rel=\"noopener\">Bolsaman\u00eda<\/a><\/td>\n<td style=\"width: 265px;\"><a href=\"http:\/\/www.diariosigloxxi.com\/texto-ep\/mostrar\/20171016193238\/traduccion-chino-pabellon-peonias-primer-premio-marcela-juan\" target=\"_blank\" rel=\"noopener\">Siglo XXI<\/a><\/td>\n<\/tr>\n<tr>\n<td style=\"width: 222px;\"><a href=\"http:\/\/noticias.interbusca.com\/cultura\/la-traduccion-del-chino-de-el-pabellon-de-las-peonias-primer-premio-marcela-de-juan-20171016193238.html\" target=\"_blank\" rel=\"noopener\">Noticias Interbusca<\/a><\/td>\n<td style=\"width: 265px;\"><a href=\"https:\/\/www.tribunapalencia.com\/noticias\/la-traduccion-del-chino-de-el-pabellon-de-las-peonias-primer-premio-marcela-de-juan\/1508175654\" target=\"_blank\" rel=\"noopener\">Tribuna Palencia<\/a><\/td>\n<\/tr>\n<tr>\n<td style=\"width: 222px;\"><a href=\"https:\/\/www.uab.cat\/web\/sala-de-premsa\/detall-de-noticia\/alicia-relinque-guanya-el-primer-premi-de-traduccio-del-xines-marcela-de-juan-1345667174054.html?noticiaid=1345737128723\" target=\"_blank\" rel=\"noopener\">Universitat Aut\u00f2noma de Barcelona<\/a><\/td>\n<td style=\"width: 265px;\">&nbsp;<\/td>\n<\/tr>\n<\/tbody>\n<\/table>\n","protected":false},"excerpt":{"rendered":"<p>Chinese-Spanish Marcela de Juan Translation Award&nbsp;(1st&nbsp;edition) For a translation&nbsp;from Chinese&nbsp;into Spanish&nbsp;published from January 1st&nbsp;2013 and December 31 2016. Winner Alicia Relinque Eleta, for the translation into Spanish of&nbsp;El Pabell\u00f3n de las Peon\u00edas o Historia del alma que regres\u00f3&nbsp;(Trotta), by Tang Xianzu Jury Gabriel Garc\u00eda-Noblejas Universidad de Granada)&nbsp; Manel Oll\u00e9 (Universitat Pompeu Fabra) Carles Prado (Universitat [&hellip;]<\/p>\n","protected":false},"author":20,"featured_media":0,"parent":0,"menu_order":0,"comment_status":"closed","ping_status":"closed","template":"","meta":{"footnotes":""},"class_list":["post-599","page","type-page","status-publish","hentry"],"yoast_head":"<!-- This site is optimized with the Yoast SEO plugin v26.8 - https:\/\/yoast.com\/product\/yoast-seo-wordpress\/ -->\n<title>2017&#039;s edition - Grup de recerca en Traducci\u00f3 del xin\u00e8s al catal\u00e0\/castell\u00e0 (TXICC)<\/title>\n<meta name=\"robots\" content=\"index, follow, max-snippet:-1, max-image-preview:large, max-video-preview:-1\" \/>\n<link rel=\"canonical\" href=\"https:\/\/webs.uab.cat\/txicc\/en\/2017s-edition\/\" \/>\n<meta property=\"og:locale\" content=\"en_US\" \/>\n<meta property=\"og:type\" content=\"article\" \/>\n<meta property=\"og:title\" content=\"2017&#039;s edition - Grup de recerca en Traducci\u00f3 del xin\u00e8s al catal\u00e0\/castell\u00e0 (TXICC)\" \/>\n<meta property=\"og:description\" content=\"Chinese-Spanish Marcela de Juan Translation Award&nbsp;(1st&nbsp;edition) For a translation&nbsp;from Chinese&nbsp;into Spanish&nbsp;published from January 1st&nbsp;2013 and December 31 2016. Winner Alicia Relinque Eleta, for the translation into Spanish of&nbsp;El Pabell\u00f3n de las Peon\u00edas o Historia del alma que regres\u00f3&nbsp;(Trotta), by Tang Xianzu Jury Gabriel Garc\u00eda-Noblejas Universidad de Granada)&nbsp; Manel Oll\u00e9 (Universitat Pompeu Fabra) Carles Prado (Universitat [&hellip;]\" \/>\n<meta property=\"og:url\" content=\"https:\/\/webs.uab.cat\/txicc\/en\/2017s-edition\/\" \/>\n<meta property=\"og:site_name\" content=\"Grup de recerca en Traducci\u00f3 del xin\u00e8s al catal\u00e0\/castell\u00e0 (TXICC)\" \/>\n<meta property=\"article:modified_time\" content=\"2018-09-07T07:09:17+00:00\" \/>\n<meta name=\"twitter:card\" content=\"summary_large_image\" \/>\n<meta name=\"twitter:label1\" content=\"Est. reading time\" \/>\n\t<meta name=\"twitter:data1\" content=\"1 minute\" \/>\n<script type=\"application\/ld+json\" class=\"yoast-schema-graph\">{\"@context\":\"https:\/\/schema.org\",\"@graph\":[{\"@type\":\"WebPage\",\"@id\":\"https:\/\/webs.uab.cat\/txicc\/en\/2017s-edition\/\",\"url\":\"https:\/\/webs.uab.cat\/txicc\/en\/2017s-edition\/\",\"name\":\"2017's edition - Grup de recerca en Traducci\u00f3 del xin\u00e8s al catal\u00e0\/castell\u00e0 (TXICC)\",\"isPartOf\":{\"@id\":\"https:\/\/webs.uab.cat\/txicc\/#website\"},\"datePublished\":\"2018-09-07T06:50:00+00:00\",\"dateModified\":\"2018-09-07T07:09:17+00:00\",\"breadcrumb\":{\"@id\":\"https:\/\/webs.uab.cat\/txicc\/en\/2017s-edition\/#breadcrumb\"},\"inLanguage\":\"en-US\",\"potentialAction\":[{\"@type\":\"ReadAction\",\"target\":[\"https:\/\/webs.uab.cat\/txicc\/en\/2017s-edition\/\"]}]},{\"@type\":\"BreadcrumbList\",\"@id\":\"https:\/\/webs.uab.cat\/txicc\/en\/2017s-edition\/#breadcrumb\",\"itemListElement\":[{\"@type\":\"ListItem\",\"position\":1,\"name\":\"Portada\",\"item\":\"https:\/\/webs.uab.cat\/txicc\/en\/\"},{\"@type\":\"ListItem\",\"position\":2,\"name\":\"2017&#8217;s edition\"}]},{\"@type\":\"WebSite\",\"@id\":\"https:\/\/webs.uab.cat\/txicc\/#website\",\"url\":\"https:\/\/webs.uab.cat\/txicc\/\",\"name\":\"Grup de recerca en Traducci\u00f3 del xin\u00e8s al catal\u00e0\/castell\u00e0 (TXICC)\",\"description\":\"\",\"potentialAction\":[{\"@type\":\"SearchAction\",\"target\":{\"@type\":\"EntryPoint\",\"urlTemplate\":\"https:\/\/webs.uab.cat\/txicc\/?s={search_term_string}\"},\"query-input\":{\"@type\":\"PropertyValueSpecification\",\"valueRequired\":true,\"valueName\":\"search_term_string\"}}],\"inLanguage\":\"en-US\"}]}<\/script>\n<!-- \/ Yoast SEO plugin. -->","yoast_head_json":{"title":"2017's edition - Grup de recerca en Traducci\u00f3 del xin\u00e8s al catal\u00e0\/castell\u00e0 (TXICC)","robots":{"index":"index","follow":"follow","max-snippet":"max-snippet:-1","max-image-preview":"max-image-preview:large","max-video-preview":"max-video-preview:-1"},"canonical":"https:\/\/webs.uab.cat\/txicc\/en\/2017s-edition\/","og_locale":"en_US","og_type":"article","og_title":"2017's edition - Grup de recerca en Traducci\u00f3 del xin\u00e8s al catal\u00e0\/castell\u00e0 (TXICC)","og_description":"Chinese-Spanish Marcela de Juan Translation Award&nbsp;(1st&nbsp;edition) For a translation&nbsp;from Chinese&nbsp;into Spanish&nbsp;published from January 1st&nbsp;2013 and December 31 2016. Winner Alicia Relinque Eleta, for the translation into Spanish of&nbsp;El Pabell\u00f3n de las Peon\u00edas o Historia del alma que regres\u00f3&nbsp;(Trotta), by Tang Xianzu Jury Gabriel Garc\u00eda-Noblejas Universidad de Granada)&nbsp; Manel Oll\u00e9 (Universitat Pompeu Fabra) Carles Prado (Universitat [&hellip;]","og_url":"https:\/\/webs.uab.cat\/txicc\/en\/2017s-edition\/","og_site_name":"Grup de recerca en Traducci\u00f3 del xin\u00e8s al catal\u00e0\/castell\u00e0 (TXICC)","article_modified_time":"2018-09-07T07:09:17+00:00","twitter_card":"summary_large_image","twitter_misc":{"Est. reading time":"1 minute"},"schema":{"@context":"https:\/\/schema.org","@graph":[{"@type":"WebPage","@id":"https:\/\/webs.uab.cat\/txicc\/en\/2017s-edition\/","url":"https:\/\/webs.uab.cat\/txicc\/en\/2017s-edition\/","name":"2017's edition - Grup de recerca en Traducci\u00f3 del xin\u00e8s al catal\u00e0\/castell\u00e0 (TXICC)","isPartOf":{"@id":"https:\/\/webs.uab.cat\/txicc\/#website"},"datePublished":"2018-09-07T06:50:00+00:00","dateModified":"2018-09-07T07:09:17+00:00","breadcrumb":{"@id":"https:\/\/webs.uab.cat\/txicc\/en\/2017s-edition\/#breadcrumb"},"inLanguage":"en-US","potentialAction":[{"@type":"ReadAction","target":["https:\/\/webs.uab.cat\/txicc\/en\/2017s-edition\/"]}]},{"@type":"BreadcrumbList","@id":"https:\/\/webs.uab.cat\/txicc\/en\/2017s-edition\/#breadcrumb","itemListElement":[{"@type":"ListItem","position":1,"name":"Portada","item":"https:\/\/webs.uab.cat\/txicc\/en\/"},{"@type":"ListItem","position":2,"name":"2017&#8217;s edition"}]},{"@type":"WebSite","@id":"https:\/\/webs.uab.cat\/txicc\/#website","url":"https:\/\/webs.uab.cat\/txicc\/","name":"Grup de recerca en Traducci\u00f3 del xin\u00e8s al catal\u00e0\/castell\u00e0 (TXICC)","description":"","potentialAction":[{"@type":"SearchAction","target":{"@type":"EntryPoint","urlTemplate":"https:\/\/webs.uab.cat\/txicc\/?s={search_term_string}"},"query-input":{"@type":"PropertyValueSpecification","valueRequired":true,"valueName":"search_term_string"}}],"inLanguage":"en-US"}]}},"_links":{"self":[{"href":"https:\/\/webs.uab.cat\/txicc\/en\/wp-json\/wp\/v2\/pages\/599","targetHints":{"allow":["GET"]}}],"collection":[{"href":"https:\/\/webs.uab.cat\/txicc\/en\/wp-json\/wp\/v2\/pages"}],"about":[{"href":"https:\/\/webs.uab.cat\/txicc\/en\/wp-json\/wp\/v2\/types\/page"}],"author":[{"embeddable":true,"href":"https:\/\/webs.uab.cat\/txicc\/en\/wp-json\/wp\/v2\/users\/20"}],"replies":[{"embeddable":true,"href":"https:\/\/webs.uab.cat\/txicc\/en\/wp-json\/wp\/v2\/comments?post=599"}],"version-history":[{"count":0,"href":"https:\/\/webs.uab.cat\/txicc\/en\/wp-json\/wp\/v2\/pages\/599\/revisions"}],"wp:attachment":[{"href":"https:\/\/webs.uab.cat\/txicc\/en\/wp-json\/wp\/v2\/media?parent=599"}],"curies":[{"name":"wp","href":"https:\/\/api.w.org\/{rel}","templated":true}]}}