{"id":643,"date":"2020-01-18T20:02:19","date_gmt":"2020-01-18T18:02:19","guid":{"rendered":"https:\/\/webs.uab.cat\/txicc\/official-masters-degree-in-teaching-chinese-to-spanish-speakers\/"},"modified":"2023-10-30T16:28:07","modified_gmt":"2023-10-30T14:28:07","slug":"official-masters-degree-in-teaching-chinese-to-spanish-speakers","status":"publish","type":"page","link":"https:\/\/webs.uab.cat\/txicc\/en\/official-masters-degree-in-teaching-chinese-to-spanish-speakers\/","title":{"rendered":"Official Master&#8217;s Degree in Teaching Chinese to Spanish Speakers"},"content":{"rendered":"<p>In this webpage, there is a complete list of the dissertations carried out in this master, organised by academic years, as well as a link to a document\u00a0including the name of the director, the summary and keywords.<\/p>\n<ul>\n<li><strong>Academic year 2019-2020<\/strong><\/li>\n<\/ul>\n<table border=\"3\" width=\"100%\" cellspacing=\"1\" cellpadding=\"2\">\n<tbody>\n<tr>\n<td style=\"border-color: #000000;width: 256px\"><strong>Name<\/strong><\/td>\n<td style=\"border-color: #000000;width: 1434px\"><strong>Dissertation&#8217;s title<\/strong><\/td>\n<\/tr>\n<tr>\n<td style=\"border-color: #000000;width: 256px\">Chen Hailun<\/td>\n<td style=\"border-color: #000000;width: 1434px\">La evaluaci\u00f3n aut\u00e9ntica en el aprendizaje del chino: An\u00e1lisis\u00a0y mejora de la autenticidad del examen chino oficial HSK de nivel 2<\/td>\n<\/tr>\n<tr>\n<td style=\"border-color: #000000;width: 256px\">Chen Jia<\/td>\n<td style=\"border-color: #000000;width: 1434px\">Materiales tecnol\u00f3gicos y el desarrollo de competencias interculturales, ling\u00fc\u00edsticas o digitales<\/td>\n<\/tr>\n<tr>\n<td style=\"border-color: #000000;width: 256px\">Chen Lewei<\/td>\n<td style=\"border-color: #000000;width: 1434px\">An\u00e1lisis y comparaci\u00f3n en el uso de la ense\u00f1anza tradicional e interactiva en las clases virtuales del chino para la competencia comunicativa oral<\/td>\n<\/tr>\n<tr>\n<td style=\"border-color: #000000;width: 256px\">Gao Xin<\/td>\n<td style=\"border-color: #000000;width: 1434px\">El uso de textos reales para la ense\u00f1anza del chino: los carteles como estudio de caso<\/td>\n<\/tr>\n<tr>\n<td style=\"border-color: #000000;width: 256px\">Julia Lu<\/td>\n<td style=\"border-color: #000000;width: 1434px\"><a href=\"https:\/\/ddd.uab.cat\/record\/232414\" target=\"_blank\" rel=\"noopener\">Ense\u00f1anza del chino como lengua heredada a estudiantes de origen chino en Espa\u00f1a<\/a><\/td>\n<\/tr>\n<tr>\n<td style=\"border-color: #000000;width: 256px\">Li Siyuan<\/td>\n<td style=\"border-color: #000000;width: 1434px\">Incentivar la expresi\u00f3n escritura a trav\u00e9s de uso de im\u00e1genes<\/td>\n<\/tr>\n<tr>\n<td style=\"border-color: #000000;width: 256px\">Li Yingxiang<\/td>\n<td style=\"border-color: #000000;width: 1434px\"><a href=\"https:\/\/ddd.uab.cat\/record\/232390\" target=\"_blank\" rel=\"noopener\">Tipolog\u00eda de recursos de las TIC para el aula de chino: clasificaci\u00f3n y caracter\u00edsticas<\/a><\/td>\n<\/tr>\n<tr>\n<td style=\"border-color: #000000;width: 256px\">Lin Weina<\/td>\n<td style=\"border-color: #000000;width: 1434px\">C\u00f3mo fomentar la participaci\u00f3n en adolescentes que cursan chino mandar\u00edn a trav\u00e9s de diferentes estrategias de ense\u00f1anza<\/td>\n<\/tr>\n<tr>\n<td style=\"border-color: #000000;width: 256px\">Lu Tianling<\/td>\n<td style=\"border-color: #000000;width: 1434px\">Comunicaci\u00f3n no verbal en la ense\u00f1anza de chino en la educaci\u00f3n infantil no formal -En aulas de chino con 9 alumnos (5-6 a\u00f1os)<\/td>\n<\/tr>\n<tr>\n<td style=\"border-color: #000000;width: 256px\">Peng Xin<\/td>\n<td style=\"border-color: #000000;width: 1434px\">An\u00e1lisis de actividades de gesti\u00f3n del aula (animar a la participaci\u00f3n, elicitar conocimientos, corregir, dar feedback, uso de la pizarra, etc.<\/td>\n<\/tr>\n<tr>\n<td style=\"border-color: #000000;width: 256px\">Qin Xinyue<\/td>\n<td style=\"border-color: #000000;width: 1434px\">Actitudes de los docentes en activo y en formaci\u00f3n hacia la ense\u00f1anza del chino como LE desde un enfoque pluriling\u00fce<\/td>\n<\/tr>\n<tr>\n<td style=\"border-color: #000000;width: 256px\">Tang Ting<\/td>\n<td style=\"border-color: #000000;width: 1434px\"><a href=\"https:\/\/ddd.uab.cat\/record\/232391\" target=\"_blank\" rel=\"noopener\">El uso de las TIC en la did\u00e1ctica del chino como lengua extranjera: Una revisi\u00f3n bibliogr\u00e1fica<\/a><\/td>\n<\/tr>\n<tr>\n<td style=\"border-color: #000000;width: 256px\">Tong Zhuohang<\/td>\n<td style=\"border-color: #000000;width: 1434px\">Malentendidos culturales en los materiales did\u00e1cticos: estudios y sugerencias<\/td>\n<\/tr>\n<tr>\n<td style=\"border-color: #000000;width: 256px\">Wang Zihui<\/td>\n<td style=\"border-color: #000000;width: 1434px\"><a href=\"https:\/\/ddd.uab.cat\/record\/229083\" target=\"_blank\" rel=\"noopener\">Propuesta para el aprendizaje de chino con redes sociales<\/a><\/td>\n<\/tr>\n<tr>\n<td style=\"border-color: #000000;width: 256px\">Yan Ni<\/td>\n<td style=\"border-color: #000000;width: 1434px\">An\u00e1lisis comparativo de dos aplicaciones para ayudar a ni\u00f1os de 6 a 8 a\u00f1os en su proceso de alfabetizaci\u00f3n en chino como lengua extranjera<\/td>\n<\/tr>\n<tr>\n<td style=\"border-color: #000000;width: 256px\">Yao Zhuoqun<\/td>\n<td style=\"border-color: #000000;width: 1434px\">Ense\u00f1anzar la part\u00edcula \u4e86 a estudiantes hispanohablantes de nivel a1 a2 y b1 desde un punto de vista contrastivo<\/td>\n<\/tr>\n<tr>\n<td style=\"border-color: #000000;width: 256px\">Yin Kexin<\/td>\n<td style=\"border-color: #000000;width: 1434px\">Herramientas on-line para el aprendizaje del chino en los adolescentes<\/td>\n<\/tr>\n<tr>\n<td style=\"border-color: #000000;width: 256px\">Zhang Jiayun<\/td>\n<td style=\"border-color: #000000;width: 1434px\">La gamificaci\u00f3n en el aprendizaje del chino: presente y futuro<\/td>\n<\/tr>\n<tr>\n<td style=\"border-color: #000000;width: 256px\">Zhang Yujing<\/td>\n<td style=\"border-color: #000000;width: 1434px\">El aprendizaje informal como complemento al aprendizaje formal del chino: estudio exploratorio en Barcelona<\/td>\n<\/tr>\n<tr>\n<td style=\"border-color: #000000;width: 256px\">Zheng Qi<\/td>\n<td style=\"border-color: #000000;width: 1434px\">El uso de las TIC en la clase de chino en la EOIBD<\/td>\n<\/tr>\n<tr>\n<td style=\"border-color: #000000;width: 256px\">Zhong Xin<\/td>\n<td style=\"border-color: #000000;width: 1434px\"><a href=\"https:\/\/ddd.uab.cat\/record\/229081\" target=\"_blank\" rel=\"noopener\">El tratamiento de los estereotipos culturales en la clase de chino como lengua extranjera: una propuesta did\u00e1ctica para nivel b\u00e1sico<\/a><\/td>\n<\/tr>\n<\/tbody>\n<\/table>\n<ul>\n<li><strong>Academic year 2018-2019<\/strong><\/li>\n<\/ul>\n<table border=\"3\" width=\"100%\" cellspacing=\"1\" cellpadding=\"2\">\n<tbody>\n<tr>\n<td style=\"border-color: #000000;width: 255px\"><strong>Name\u00a0<\/strong><\/td>\n<td style=\"border-color: #000000;width: 1435px\"><strong>Dissertation&#8217;s title<\/strong><\/td>\n<\/tr>\n<tr>\n<td style=\"border-color: #000000;width: 255px\">Chen Jiadi<\/td>\n<td style=\"border-color: #000000;width: 1435px\">Enfoques pluriling\u00fces y pluriculturales en la ense\u00f1anza \/ aprendizaje del chino<\/td>\n<\/tr>\n<tr>\n<td style=\"border-color: #000000;width: 255px\">Ding Lin<\/td>\n<td style=\"border-color: #000000;width: 1435px\">La mediaci\u00f3n en la clase de chino como lengua extranjera: an\u00e1lisis de casos en los niveles A1 y A2<\/td>\n<\/tr>\n<tr>\n<td style=\"border-color: #000000;width: 255px\">Fang Tianman<\/td>\n<td style=\"border-color: #000000;width: 1435px\">El componente l\u00fadico en las clases de chino como lengua extranjera: las canciones infantiles como herramienta de aprendizaje<\/td>\n<\/tr>\n<tr>\n<td style=\"border-color: #000000;width: 255px\">Jin Yuqian<\/td>\n<td style=\"border-color: #000000;width: 1435px\">El desarrollo de la competencia intercultural en el aula principiante de chino como la lengua extranjera segunda<\/td>\n<\/tr>\n<tr>\n<td style=\"border-color: #000000;width: 255px\">Li Peichen<\/td>\n<td style=\"border-color: #000000;width: 1435px\">An\u00e1lisis del discurso del profesor en el aula de chino como lengua extranjera: estudio de caso sobre las estrategias comunicativas en los niveles b\u00e1sicos<\/td>\n<\/tr>\n<tr>\n<td style=\"border-color: #000000;width: 255px\">Li Panpan<\/td>\n<td style=\"border-color: #000000;width: 1435px\">Los textos aut\u00e9nticos y no aut\u00e9nticos en varios manuales para aprender chino<\/td>\n<\/tr>\n<tr>\n<td style=\"border-color: #000000;width: 255px\">Liu Yifan<\/td>\n<td style=\"border-color: #000000;width: 1435px\">An\u00e1lisis de estudiantes de escuela secundaria con necesidades educativas especiales en Espa\u00f1a a trav\u00e9s de las experiencias personales de did\u00e1ctica del chino<\/td>\n<\/tr>\n<tr>\n<td style=\"border-color: #000000;width: 255px\">Ng Tung<\/td>\n<td style=\"border-color: #000000;width: 1435px\">Aplicaci\u00f3n del pluriling\u00fcismo en la ense\u00f1anza del chino para hispanohablantes<\/td>\n<\/tr>\n<tr>\n<td style=\"border-color: #000000;width: 255px\">Situ Dongqi<\/td>\n<td style=\"border-color: #000000;width: 1435px\">Situaci\u00f3n de los profesores de lengua china nativos en los centros de ense\u00f1anza de chino para\u00a0huaqiao\u00a0en Espa\u00f1a<\/td>\n<\/tr>\n<tr>\n<td style=\"border-color: #000000;width: 255px\">Sun Xiaoqing<\/td>\n<td style=\"border-color: #000000;width: 1435px\">An\u00e1lisis contrastivo de la ense\u00f1anza de los caracteres en diferentes manuales de chino<\/td>\n<\/tr>\n<tr>\n<td style=\"border-color: #000000;width: 255px\">Tang Siqi<\/td>\n<td style=\"border-color: #000000;width: 1435px\">An\u00e1lisis de la coherencia de la comprensi\u00f3n auditiva de HSK III con el Marco Com\u00fan Europeo de Referencia para las Lenguas<\/td>\n<\/tr>\n<tr>\n<td style=\"border-color: #000000;width: 255px\">Wu Xia<\/td>\n<td style=\"border-color: #000000;width: 1435px\">Estrategias pedag\u00f3gicas para el tratamiento de los mitos sobre la escritura china<\/td>\n<\/tr>\n<tr>\n<td style=\"border-color: #000000;width: 255px\">Wu Xuanxi<\/td>\n<td style=\"border-color: #000000;width: 1435px\">Fen\u00f3menos socioculturales (identidades de aprendices, motivaci\u00f3n\/inversi\u00f3n, etc.) en el aprendizaje del chino<\/td>\n<\/tr>\n<tr>\n<td style=\"border-color: #000000;width: 255px\">Xu Yanjun<\/td>\n<td style=\"border-color: #000000;width: 1435px\">Panor\u00e1mica de los recursos disponibles sobre el autoaprendizaje de la lengua china en YouTube \u2013 Nivel principiante<\/td>\n<\/tr>\n<tr>\n<td style=\"border-color: #000000;width: 255px\">Yang Fan<\/td>\n<td style=\"border-color: #000000;width: 1435px\">An\u00e1lisis de los aspectos culturales en varios libros de texto de nivel inicial de lengua china para hispanohablantes<\/td>\n<\/tr>\n<tr>\n<td style=\"border-color: #000000;width: 255px\">Zhang Wanyue<\/td>\n<td style=\"border-color: #000000;width: 1435px\">Ense\u00f1ar expresi\u00f3n escrita utilizando la clase invertida: nivel intermedio<\/td>\n<\/tr>\n<tr>\n<td style=\"border-color: #000000;width: 255px\">Zhang Kena<\/td>\n<td style=\"border-color: #000000;width: 1435px\">Un estudio de caso sobre trabajar individualmente o trabajar en grupo en la producci\u00f3n oral en clase del chino como lengua extranjera<\/td>\n<\/tr>\n<tr>\n<td style=\"border-color: #000000;width: 255px\">Zhang Xiaofang<\/td>\n<td style=\"border-color: #000000;width: 1435px\">La adaptaci\u00f3n de textos reales en los manuales para aprender chino como segunda lengua \u2013 El caso del manual \u00abNew practical Chinese reader 5\u00bb<\/td>\n<\/tr>\n<tr>\n<td style=\"border-color: #000000;width: 255px\">Zhou Hang<\/td>\n<td style=\"border-color: #000000;width: 1435px\">Herramientas TAC para el dise\u00f1o de actividades en la ense\u00f1anza y aprendizaje del chino como lengua extranjera<\/td>\n<\/tr>\n<\/tbody>\n<\/table>\n","protected":false},"excerpt":{"rendered":"<p>In this webpage, there is a complete list of the dissertations carried out in this master, organised by academic years, as well as a link to a document\u00a0including the name of the director, the summary and keywords. Academic year 2019-2020 Name Dissertation&#8217;s title Chen Hailun La evaluaci\u00f3n aut\u00e9ntica en el aprendizaje del chino: An\u00e1lisis\u00a0y mejora [&hellip;]<\/p>\n","protected":false},"author":20,"featured_media":0,"parent":0,"menu_order":0,"comment_status":"closed","ping_status":"closed","template":"","meta":{"footnotes":""},"class_list":["post-643","page","type-page","status-publish","hentry"],"yoast_head":"<!-- This site is optimized with the Yoast SEO plugin v26.8 - https:\/\/yoast.com\/product\/yoast-seo-wordpress\/ -->\n<title>Official Master&#039;s Degree in Teaching Chinese to Spanish Speakers - Grup de recerca en Traducci\u00f3 del xin\u00e8s al catal\u00e0\/castell\u00e0 (TXICC)<\/title>\n<meta name=\"robots\" content=\"index, follow, max-snippet:-1, max-image-preview:large, max-video-preview:-1\" \/>\n<link rel=\"canonical\" href=\"https:\/\/webs.uab.cat\/txicc\/en\/official-masters-degree-in-teaching-chinese-to-spanish-speakers\/\" \/>\n<meta property=\"og:locale\" content=\"en_US\" \/>\n<meta property=\"og:type\" content=\"article\" \/>\n<meta property=\"og:title\" content=\"Official Master&#039;s Degree in Teaching Chinese to Spanish Speakers - Grup de recerca en Traducci\u00f3 del xin\u00e8s al catal\u00e0\/castell\u00e0 (TXICC)\" \/>\n<meta property=\"og:description\" content=\"In this webpage, there is a complete list of the dissertations carried out in this master, organised by academic years, as well as a link to a document\u00a0including the name of the director, the summary and keywords. Academic year 2019-2020 Name Dissertation&#8217;s title Chen Hailun La evaluaci\u00f3n aut\u00e9ntica en el aprendizaje del chino: An\u00e1lisis\u00a0y mejora [&hellip;]\" \/>\n<meta property=\"og:url\" content=\"https:\/\/webs.uab.cat\/txicc\/en\/official-masters-degree-in-teaching-chinese-to-spanish-speakers\/\" \/>\n<meta property=\"og:site_name\" content=\"Grup de recerca en Traducci\u00f3 del xin\u00e8s al catal\u00e0\/castell\u00e0 (TXICC)\" \/>\n<meta property=\"article:modified_time\" content=\"2023-10-30T14:28:07+00:00\" \/>\n<meta name=\"twitter:card\" content=\"summary_large_image\" \/>\n<meta name=\"twitter:label1\" content=\"Est. reading time\" \/>\n\t<meta name=\"twitter:data1\" content=\"4 minutes\" \/>\n<script type=\"application\/ld+json\" class=\"yoast-schema-graph\">{\"@context\":\"https:\/\/schema.org\",\"@graph\":[{\"@type\":\"WebPage\",\"@id\":\"https:\/\/webs.uab.cat\/txicc\/en\/official-masters-degree-in-teaching-chinese-to-spanish-speakers\/\",\"url\":\"https:\/\/webs.uab.cat\/txicc\/en\/official-masters-degree-in-teaching-chinese-to-spanish-speakers\/\",\"name\":\"Official Master's Degree in Teaching Chinese to Spanish Speakers - Grup de recerca en Traducci\u00f3 del xin\u00e8s al catal\u00e0\/castell\u00e0 (TXICC)\",\"isPartOf\":{\"@id\":\"https:\/\/webs.uab.cat\/txicc\/#website\"},\"datePublished\":\"2020-01-18T18:02:19+00:00\",\"dateModified\":\"2023-10-30T14:28:07+00:00\",\"breadcrumb\":{\"@id\":\"https:\/\/webs.uab.cat\/txicc\/en\/official-masters-degree-in-teaching-chinese-to-spanish-speakers\/#breadcrumb\"},\"inLanguage\":\"en-US\",\"potentialAction\":[{\"@type\":\"ReadAction\",\"target\":[\"https:\/\/webs.uab.cat\/txicc\/en\/official-masters-degree-in-teaching-chinese-to-spanish-speakers\/\"]}]},{\"@type\":\"BreadcrumbList\",\"@id\":\"https:\/\/webs.uab.cat\/txicc\/en\/official-masters-degree-in-teaching-chinese-to-spanish-speakers\/#breadcrumb\",\"itemListElement\":[{\"@type\":\"ListItem\",\"position\":1,\"name\":\"Portada\",\"item\":\"https:\/\/webs.uab.cat\/txicc\/en\/\"},{\"@type\":\"ListItem\",\"position\":2,\"name\":\"Official Master&#8217;s Degree in Teaching Chinese to Spanish Speakers\"}]},{\"@type\":\"WebSite\",\"@id\":\"https:\/\/webs.uab.cat\/txicc\/#website\",\"url\":\"https:\/\/webs.uab.cat\/txicc\/\",\"name\":\"Grup de recerca en Traducci\u00f3 del xin\u00e8s al catal\u00e0\/castell\u00e0 (TXICC)\",\"description\":\"\",\"potentialAction\":[{\"@type\":\"SearchAction\",\"target\":{\"@type\":\"EntryPoint\",\"urlTemplate\":\"https:\/\/webs.uab.cat\/txicc\/?s={search_term_string}\"},\"query-input\":{\"@type\":\"PropertyValueSpecification\",\"valueRequired\":true,\"valueName\":\"search_term_string\"}}],\"inLanguage\":\"en-US\"}]}<\/script>\n<!-- \/ Yoast SEO plugin. -->","yoast_head_json":{"title":"Official Master's Degree in Teaching Chinese to Spanish Speakers - Grup de recerca en Traducci\u00f3 del xin\u00e8s al catal\u00e0\/castell\u00e0 (TXICC)","robots":{"index":"index","follow":"follow","max-snippet":"max-snippet:-1","max-image-preview":"max-image-preview:large","max-video-preview":"max-video-preview:-1"},"canonical":"https:\/\/webs.uab.cat\/txicc\/en\/official-masters-degree-in-teaching-chinese-to-spanish-speakers\/","og_locale":"en_US","og_type":"article","og_title":"Official Master's Degree in Teaching Chinese to Spanish Speakers - Grup de recerca en Traducci\u00f3 del xin\u00e8s al catal\u00e0\/castell\u00e0 (TXICC)","og_description":"In this webpage, there is a complete list of the dissertations carried out in this master, organised by academic years, as well as a link to a document\u00a0including the name of the director, the summary and keywords. Academic year 2019-2020 Name Dissertation&#8217;s title Chen Hailun La evaluaci\u00f3n aut\u00e9ntica en el aprendizaje del chino: An\u00e1lisis\u00a0y mejora [&hellip;]","og_url":"https:\/\/webs.uab.cat\/txicc\/en\/official-masters-degree-in-teaching-chinese-to-spanish-speakers\/","og_site_name":"Grup de recerca en Traducci\u00f3 del xin\u00e8s al catal\u00e0\/castell\u00e0 (TXICC)","article_modified_time":"2023-10-30T14:28:07+00:00","twitter_card":"summary_large_image","twitter_misc":{"Est. reading time":"4 minutes"},"schema":{"@context":"https:\/\/schema.org","@graph":[{"@type":"WebPage","@id":"https:\/\/webs.uab.cat\/txicc\/en\/official-masters-degree-in-teaching-chinese-to-spanish-speakers\/","url":"https:\/\/webs.uab.cat\/txicc\/en\/official-masters-degree-in-teaching-chinese-to-spanish-speakers\/","name":"Official Master's Degree in Teaching Chinese to Spanish Speakers - Grup de recerca en Traducci\u00f3 del xin\u00e8s al catal\u00e0\/castell\u00e0 (TXICC)","isPartOf":{"@id":"https:\/\/webs.uab.cat\/txicc\/#website"},"datePublished":"2020-01-18T18:02:19+00:00","dateModified":"2023-10-30T14:28:07+00:00","breadcrumb":{"@id":"https:\/\/webs.uab.cat\/txicc\/en\/official-masters-degree-in-teaching-chinese-to-spanish-speakers\/#breadcrumb"},"inLanguage":"en-US","potentialAction":[{"@type":"ReadAction","target":["https:\/\/webs.uab.cat\/txicc\/en\/official-masters-degree-in-teaching-chinese-to-spanish-speakers\/"]}]},{"@type":"BreadcrumbList","@id":"https:\/\/webs.uab.cat\/txicc\/en\/official-masters-degree-in-teaching-chinese-to-spanish-speakers\/#breadcrumb","itemListElement":[{"@type":"ListItem","position":1,"name":"Portada","item":"https:\/\/webs.uab.cat\/txicc\/en\/"},{"@type":"ListItem","position":2,"name":"Official Master&#8217;s Degree in Teaching Chinese to Spanish Speakers"}]},{"@type":"WebSite","@id":"https:\/\/webs.uab.cat\/txicc\/#website","url":"https:\/\/webs.uab.cat\/txicc\/","name":"Grup de recerca en Traducci\u00f3 del xin\u00e8s al catal\u00e0\/castell\u00e0 (TXICC)","description":"","potentialAction":[{"@type":"SearchAction","target":{"@type":"EntryPoint","urlTemplate":"https:\/\/webs.uab.cat\/txicc\/?s={search_term_string}"},"query-input":{"@type":"PropertyValueSpecification","valueRequired":true,"valueName":"search_term_string"}}],"inLanguage":"en-US"}]}},"_links":{"self":[{"href":"https:\/\/webs.uab.cat\/txicc\/en\/wp-json\/wp\/v2\/pages\/643","targetHints":{"allow":["GET"]}}],"collection":[{"href":"https:\/\/webs.uab.cat\/txicc\/en\/wp-json\/wp\/v2\/pages"}],"about":[{"href":"https:\/\/webs.uab.cat\/txicc\/en\/wp-json\/wp\/v2\/types\/page"}],"author":[{"embeddable":true,"href":"https:\/\/webs.uab.cat\/txicc\/en\/wp-json\/wp\/v2\/users\/20"}],"replies":[{"embeddable":true,"href":"https:\/\/webs.uab.cat\/txicc\/en\/wp-json\/wp\/v2\/comments?post=643"}],"version-history":[{"count":1,"href":"https:\/\/webs.uab.cat\/txicc\/en\/wp-json\/wp\/v2\/pages\/643\/revisions"}],"predecessor-version":[{"id":1128,"href":"https:\/\/webs.uab.cat\/txicc\/en\/wp-json\/wp\/v2\/pages\/643\/revisions\/1128"}],"wp:attachment":[{"href":"https:\/\/webs.uab.cat\/txicc\/en\/wp-json\/wp\/v2\/media?parent=643"}],"curies":[{"name":"wp","href":"https:\/\/api.w.org\/{rel}","templated":true}]}}