{"id":93,"date":"2025-07-22T09:07:00","date_gmt":"2025-07-22T07:07:00","guid":{"rendered":"https:\/\/webs.uab.cat\/txicc\/inici-2\/"},"modified":"2025-07-22T11:32:29","modified_gmt":"2025-07-22T09:32:29","slug":"inici-2","status":"publish","type":"page","link":"https:\/\/webs.uab.cat\/txicc\/en\/","title":{"rendered":"Home"},"content":{"rendered":"\n<figure class=\"wp-block-image size-large\"><img loading=\"lazy\" decoding=\"async\" width=\"1024\" height=\"701\" src=\"https:\/\/webs.uab.cat\/txicc\/wp-content\/uploads\/sites\/309\/2025\/03\/20250130_23253101-1TXICC01-1-1024x701.jpg\" alt=\"Grup TXICC\" class=\"wp-image-1666\" srcset=\"https:\/\/webs.uab.cat\/txicc\/wp-content\/uploads\/sites\/309\/2025\/03\/20250130_23253101-1TXICC01-1-1024x701.jpg 1024w, https:\/\/webs.uab.cat\/txicc\/wp-content\/uploads\/sites\/309\/2025\/03\/20250130_23253101-1TXICC01-1-300x205.jpg 300w, https:\/\/webs.uab.cat\/txicc\/wp-content\/uploads\/sites\/309\/2025\/03\/20250130_23253101-1TXICC01-1-768x526.jpg 768w, https:\/\/webs.uab.cat\/txicc\/wp-content\/uploads\/sites\/309\/2025\/03\/20250130_23253101-1TXICC01-1-1536x1052.jpg 1536w, https:\/\/webs.uab.cat\/txicc\/wp-content\/uploads\/sites\/309\/2025\/03\/20250130_23253101-1TXICC01-1-2048x1403.jpg 2048w, https:\/\/webs.uab.cat\/txicc\/wp-content\/uploads\/sites\/309\/2025\/03\/20250130_23253101-1TXICC01-1-1200x822.jpg 1200w, https:\/\/webs.uab.cat\/txicc\/wp-content\/uploads\/sites\/309\/2025\/03\/20250130_23253101-1TXICC01-1-1980x1356.jpg 1980w\" sizes=\"auto, (max-width: 1024px) 100vw, 1024px\" \/><\/figure>\n\n\n\n<p>The main aim of TXICC ( Research Group in Chinese-Catalan\/Spanish Translation and Interpreting) is to promote research in the field of Chinese-Spanish\/Catalan Translation and Interpreting, as well as in other related fields such as Contrastive Linguistics, Didactics of Chinese as a foreign language, Chinese for specific purposes (language for translators) and Intercultural Communication between these two cultures.<\/p>\n\n\n\n<p>TXICC was officially established as a research group recognized by the UAB in 2007. It was originally formed by all the teaching staff that participated in the Master in Chinese-Spanish Professional Translation and Interpretation, which was offered for the first time during the academic year 2004-2005. In a second stage, group membership changed to include only members whose interests and ongoing research are directly related to the group\u2019s areas of research, whether UAB teaching staff or external members.<\/p>\n","protected":false},"excerpt":{"rendered":"<p>The main aim of TXICC ( Research Group in Chinese-Catalan\/Spanish Translation and Interpreting) is to promote research in the field of Chinese-Spanish\/Catalan Translation and Interpreting, as well as in other related fields such as Contrastive Linguistics, Didactics of Chinese as a foreign language, Chinese for specific purposes (language for translators) and Intercultural Communication between these [&hellip;]<\/p>\n","protected":false},"author":20,"featured_media":0,"parent":0,"menu_order":0,"comment_status":"closed","ping_status":"closed","template":"","meta":{"footnotes":""},"class_list":["post-93","page","type-page","status-publish","hentry"],"yoast_head":"<!-- This site is optimized with the Yoast SEO plugin v26.8 - https:\/\/yoast.com\/product\/yoast-seo-wordpress\/ -->\n<title>Grup de recerca en Traducci\u00f3 del xin\u00e8s al catal\u00e0\/castell\u00e0 (TXICC) Home -<\/title>\n<meta name=\"description\" content=\"The main aim of TXICC ( Research Group in Chinese-Catalan\/Spanish Translation and Interpreting) is to promote research in the field of Chinese-Spanish\/Catalan Translation and Interpreting, as well as in other related fields such as Contrastive Linguistics, Didactics of Chinese as a foreign language, Chinese for specific purposes (language for translators) and Intercultural Communication between these two cultures.\" \/>\n<meta name=\"robots\" content=\"index, follow, max-snippet:-1, max-image-preview:large, max-video-preview:-1\" \/>\n<link rel=\"canonical\" href=\"https:\/\/webs.uab.cat\/txicc\/en\/\" \/>\n<meta property=\"og:locale\" content=\"en_US\" \/>\n<meta property=\"og:type\" content=\"article\" \/>\n<meta property=\"og:title\" content=\"Grup de recerca en Traducci\u00f3 del xin\u00e8s al catal\u00e0\/castell\u00e0 (TXICC) Home -\" \/>\n<meta property=\"og:description\" content=\"The main aim of TXICC ( Research Group in Chinese-Catalan\/Spanish Translation and Interpreting) is to promote research in the field of Chinese-Spanish\/Catalan Translation and Interpreting, as well as in other related fields such as Contrastive Linguistics, Didactics of Chinese as a foreign language, Chinese for specific purposes (language for translators) and Intercultural Communication between these two cultures.\" \/>\n<meta property=\"og:url\" content=\"https:\/\/webs.uab.cat\/txicc\/en\/\" \/>\n<meta property=\"og:site_name\" content=\"Grup de recerca en Traducci\u00f3 del xin\u00e8s al catal\u00e0\/castell\u00e0 (TXICC)\" \/>\n<meta property=\"article:modified_time\" content=\"2025-07-22T09:32:29+00:00\" \/>\n<meta property=\"og:image\" content=\"https:\/\/webs.uab.cat\/txicc\/wp-content\/uploads\/sites\/309\/2025\/03\/20250130_23253101-1TXICC01-1-scaled.jpg\" \/>\n\t<meta property=\"og:image:width\" content=\"2560\" \/>\n\t<meta property=\"og:image:height\" content=\"1754\" \/>\n\t<meta property=\"og:image:type\" content=\"image\/jpeg\" \/>\n<meta name=\"twitter:card\" content=\"summary_large_image\" \/>\n<meta name=\"twitter:label1\" content=\"Est. reading time\" \/>\n\t<meta name=\"twitter:data1\" content=\"1 minute\" \/>\n<script type=\"application\/ld+json\" class=\"yoast-schema-graph\">{\"@context\":\"https:\/\/schema.org\",\"@graph\":[{\"@type\":\"WebPage\",\"@id\":\"https:\/\/webs.uab.cat\/txicc\/en\/\",\"url\":\"https:\/\/webs.uab.cat\/txicc\/en\/\",\"name\":\"Grup de recerca en Traducci\u00f3 del xin\u00e8s al catal\u00e0\/castell\u00e0 (TXICC) Home -\",\"isPartOf\":{\"@id\":\"https:\/\/webs.uab.cat\/txicc\/#website\"},\"primaryImageOfPage\":{\"@id\":\"https:\/\/webs.uab.cat\/txicc\/en\/#primaryimage\"},\"image\":{\"@id\":\"https:\/\/webs.uab.cat\/txicc\/en\/#primaryimage\"},\"thumbnailUrl\":\"https:\/\/webs.uab.cat\/txicc\/wp-content\/uploads\/sites\/309\/2025\/03\/20250130_23253101-1TXICC01-1-1024x701.jpg\",\"datePublished\":\"2025-07-22T07:07:00+00:00\",\"dateModified\":\"2025-07-22T09:32:29+00:00\",\"description\":\"The main aim of TXICC ( Research Group in Chinese-Catalan\/Spanish Translation and Interpreting) is to promote research in the field of Chinese-Spanish\/Catalan Translation and Interpreting, as well as in other related fields such as Contrastive Linguistics, Didactics of Chinese as a foreign language, Chinese for specific purposes (language for translators) and Intercultural Communication between these two cultures.\",\"breadcrumb\":{\"@id\":\"https:\/\/webs.uab.cat\/txicc\/en\/#breadcrumb\"},\"inLanguage\":\"en-US\",\"potentialAction\":[{\"@type\":\"ReadAction\",\"target\":[\"https:\/\/webs.uab.cat\/txicc\/en\/\"]}]},{\"@type\":\"ImageObject\",\"inLanguage\":\"en-US\",\"@id\":\"https:\/\/webs.uab.cat\/txicc\/en\/#primaryimage\",\"url\":\"https:\/\/webs.uab.cat\/txicc\/wp-content\/uploads\/sites\/309\/2025\/03\/20250130_23253101-1TXICC01-1-1024x701.jpg\",\"contentUrl\":\"https:\/\/webs.uab.cat\/txicc\/wp-content\/uploads\/sites\/309\/2025\/03\/20250130_23253101-1TXICC01-1-1024x701.jpg\"},{\"@type\":\"BreadcrumbList\",\"@id\":\"https:\/\/webs.uab.cat\/txicc\/en\/#breadcrumb\",\"itemListElement\":[{\"@type\":\"ListItem\",\"position\":1,\"name\":\"Portada\",\"item\":\"https:\/\/webs.uab.cat\/txicc\/en\/\"},{\"@type\":\"ListItem\",\"position\":2,\"name\":\"Home\"}]},{\"@type\":\"WebSite\",\"@id\":\"https:\/\/webs.uab.cat\/txicc\/#website\",\"url\":\"https:\/\/webs.uab.cat\/txicc\/\",\"name\":\"Grup de recerca en Traducci\u00f3 del xin\u00e8s al catal\u00e0\/castell\u00e0 (TXICC)\",\"description\":\"\",\"potentialAction\":[{\"@type\":\"SearchAction\",\"target\":{\"@type\":\"EntryPoint\",\"urlTemplate\":\"https:\/\/webs.uab.cat\/txicc\/?s={search_term_string}\"},\"query-input\":{\"@type\":\"PropertyValueSpecification\",\"valueRequired\":true,\"valueName\":\"search_term_string\"}}],\"inLanguage\":\"en-US\"}]}<\/script>\n<!-- \/ Yoast SEO plugin. -->","yoast_head_json":{"title":"Grup de recerca en Traducci\u00f3 del xin\u00e8s al catal\u00e0\/castell\u00e0 (TXICC) Home -","description":"The main aim of TXICC ( Research Group in Chinese-Catalan\/Spanish Translation and Interpreting) is to promote research in the field of Chinese-Spanish\/Catalan Translation and Interpreting, as well as in other related fields such as Contrastive Linguistics, Didactics of Chinese as a foreign language, Chinese for specific purposes (language for translators) and Intercultural Communication between these two cultures.","robots":{"index":"index","follow":"follow","max-snippet":"max-snippet:-1","max-image-preview":"max-image-preview:large","max-video-preview":"max-video-preview:-1"},"canonical":"https:\/\/webs.uab.cat\/txicc\/en\/","og_locale":"en_US","og_type":"article","og_title":"Grup de recerca en Traducci\u00f3 del xin\u00e8s al catal\u00e0\/castell\u00e0 (TXICC) Home -","og_description":"The main aim of TXICC ( Research Group in Chinese-Catalan\/Spanish Translation and Interpreting) is to promote research in the field of Chinese-Spanish\/Catalan Translation and Interpreting, as well as in other related fields such as Contrastive Linguistics, Didactics of Chinese as a foreign language, Chinese for specific purposes (language for translators) and Intercultural Communication between these two cultures.","og_url":"https:\/\/webs.uab.cat\/txicc\/en\/","og_site_name":"Grup de recerca en Traducci\u00f3 del xin\u00e8s al catal\u00e0\/castell\u00e0 (TXICC)","article_modified_time":"2025-07-22T09:32:29+00:00","og_image":[{"width":2560,"height":1754,"url":"https:\/\/webs.uab.cat\/txicc\/wp-content\/uploads\/sites\/309\/2025\/03\/20250130_23253101-1TXICC01-1-scaled.jpg","type":"image\/jpeg"}],"twitter_card":"summary_large_image","twitter_misc":{"Est. reading time":"1 minute"},"schema":{"@context":"https:\/\/schema.org","@graph":[{"@type":"WebPage","@id":"https:\/\/webs.uab.cat\/txicc\/en\/","url":"https:\/\/webs.uab.cat\/txicc\/en\/","name":"Grup de recerca en Traducci\u00f3 del xin\u00e8s al catal\u00e0\/castell\u00e0 (TXICC) Home -","isPartOf":{"@id":"https:\/\/webs.uab.cat\/txicc\/#website"},"primaryImageOfPage":{"@id":"https:\/\/webs.uab.cat\/txicc\/en\/#primaryimage"},"image":{"@id":"https:\/\/webs.uab.cat\/txicc\/en\/#primaryimage"},"thumbnailUrl":"https:\/\/webs.uab.cat\/txicc\/wp-content\/uploads\/sites\/309\/2025\/03\/20250130_23253101-1TXICC01-1-1024x701.jpg","datePublished":"2025-07-22T07:07:00+00:00","dateModified":"2025-07-22T09:32:29+00:00","description":"The main aim of TXICC ( Research Group in Chinese-Catalan\/Spanish Translation and Interpreting) is to promote research in the field of Chinese-Spanish\/Catalan Translation and Interpreting, as well as in other related fields such as Contrastive Linguistics, Didactics of Chinese as a foreign language, Chinese for specific purposes (language for translators) and Intercultural Communication between these two cultures.","breadcrumb":{"@id":"https:\/\/webs.uab.cat\/txicc\/en\/#breadcrumb"},"inLanguage":"en-US","potentialAction":[{"@type":"ReadAction","target":["https:\/\/webs.uab.cat\/txicc\/en\/"]}]},{"@type":"ImageObject","inLanguage":"en-US","@id":"https:\/\/webs.uab.cat\/txicc\/en\/#primaryimage","url":"https:\/\/webs.uab.cat\/txicc\/wp-content\/uploads\/sites\/309\/2025\/03\/20250130_23253101-1TXICC01-1-1024x701.jpg","contentUrl":"https:\/\/webs.uab.cat\/txicc\/wp-content\/uploads\/sites\/309\/2025\/03\/20250130_23253101-1TXICC01-1-1024x701.jpg"},{"@type":"BreadcrumbList","@id":"https:\/\/webs.uab.cat\/txicc\/en\/#breadcrumb","itemListElement":[{"@type":"ListItem","position":1,"name":"Portada","item":"https:\/\/webs.uab.cat\/txicc\/en\/"},{"@type":"ListItem","position":2,"name":"Home"}]},{"@type":"WebSite","@id":"https:\/\/webs.uab.cat\/txicc\/#website","url":"https:\/\/webs.uab.cat\/txicc\/","name":"Grup de recerca en Traducci\u00f3 del xin\u00e8s al catal\u00e0\/castell\u00e0 (TXICC)","description":"","potentialAction":[{"@type":"SearchAction","target":{"@type":"EntryPoint","urlTemplate":"https:\/\/webs.uab.cat\/txicc\/?s={search_term_string}"},"query-input":{"@type":"PropertyValueSpecification","valueRequired":true,"valueName":"search_term_string"}}],"inLanguage":"en-US"}]}},"_links":{"self":[{"href":"https:\/\/webs.uab.cat\/txicc\/en\/wp-json\/wp\/v2\/pages\/93","targetHints":{"allow":["GET"]}}],"collection":[{"href":"https:\/\/webs.uab.cat\/txicc\/en\/wp-json\/wp\/v2\/pages"}],"about":[{"href":"https:\/\/webs.uab.cat\/txicc\/en\/wp-json\/wp\/v2\/types\/page"}],"author":[{"embeddable":true,"href":"https:\/\/webs.uab.cat\/txicc\/en\/wp-json\/wp\/v2\/users\/20"}],"replies":[{"embeddable":true,"href":"https:\/\/webs.uab.cat\/txicc\/en\/wp-json\/wp\/v2\/comments?post=93"}],"version-history":[{"count":5,"href":"https:\/\/webs.uab.cat\/txicc\/en\/wp-json\/wp\/v2\/pages\/93\/revisions"}],"predecessor-version":[{"id":1683,"href":"https:\/\/webs.uab.cat\/txicc\/en\/wp-json\/wp\/v2\/pages\/93\/revisions\/1683"}],"wp:attachment":[{"href":"https:\/\/webs.uab.cat\/txicc\/en\/wp-json\/wp\/v2\/media?parent=93"}],"curies":[{"name":"wp","href":"https:\/\/api.w.org\/{rel}","templated":true}]}}