{"id":99,"date":"2009-05-25T13:22:03","date_gmt":"2009-05-25T11:22:03","guid":{"rendered":"https:\/\/webs.uab.cat\/txicc\/projects\/"},"modified":"2025-12-16T20:52:27","modified_gmt":"2025-12-16T18:52:27","slug":"projects","status":"publish","type":"page","link":"https:\/\/webs.uab.cat\/txicc\/en\/projects\/","title":{"rendered":"Projects"},"content":{"rendered":"<p>TXICC has received funding from two main sources: on the one hand from the associated MA degree, and on the other, from funded projects obtained through a competitive process.<\/p>\n<p>Some of the members of the group are (or have been) also engaged in external projects, which partially coincide with TXICC\u2019s research areas.<\/p>\n<ul>\n<li><strong>Name of the project: <\/strong>Gram\u00e1tica pedag\u00f3gica del chino. <strong>Project responsible<\/strong>: Sara Rovira-Esteva. <strong>Funding Institution<\/strong><strong>:<\/strong> Fundaci\u00f3 Institut Confuci de Barcelona, Universitat Aut\u00f2noma de Barcelona i Instituto Confucio de la Universidad de Granada. <strong>Length<\/strong>: 2025-26.<\/li>\n<li><strong>Name of the project: <\/strong><a href=\"https:\/\/dtieao.uab.cat\/gelea2lt\/echineseplus\/\">e\u00b7Chinese Plus<\/a>. <strong>Project responsible<\/strong>: Helena Casas-Tost.\u00a0<strong>Funding Institution:<\/strong> Fundaci\u00f3 Institut Confuci de Barcelona &amp; UAB. <strong>Length<\/strong>: 2023-24.<\/li>\n<li><strong>Name of the project:<\/strong> General History of Film Translation in China (ref. 20&amp;ZD313).\u00a0<strong>Project responsible<\/strong>:\u00a0Jin Haina (Communication University of China).\u00a0<strong>Funding institution:<\/strong> National Social Science Major Research Projects. <strong>Length<\/strong>:\u00a02020.<\/li>\n<li><strong>Name of the project:<\/strong> <a href=\"https:\/\/dtieao.uab.cat\/txicc\/echinese\/en\/\">e\u00b7Chinese Tools. Digital Tools for Teaching and Learning Chinese<\/a>. <strong>Project responsible<\/strong>: Sara Rovira-Esteva &amp; Helena Casas-Tost. <strong>Funding institution:<\/strong> Fundaci\u00f3 Institut Confuci de Barcelona.\u00a0<strong>Length<\/strong>: 2020-2021.<\/li>\n<li><strong>Name of the project:\u00a0<\/strong>El cine chino traducido en Espa\u00f1a \/\u00a0La literatura china traducida en Espa\u00f1a. <strong>Project responsibles<\/strong>:\u00a0Helena Casas-Tost &amp;\u00a0Sara Rovira-Esteva. <strong>Funding institution:<\/strong> Fundaci\u00f3 Institut Confuci de Barcelona.\u00a0<strong>Length<\/strong>: 2018-2019. <strong>Results<\/strong>: <a href=\"https:\/\/dtieao.uab.cat\/txicc\/lite\/\" target=\"_blank\" rel=\"noopener\">Base de datos de literatura<\/a> \/ <a href=\"https:\/\/dtieao.uab.cat\/txicc\/cine\/\" target=\"_blank\" rel=\"noopener\">Base de datos de cine<\/a>.<\/li>\n<li><strong>Name of the project:<\/strong> \u201cDigital Translations in the Making: Hong Kong Contemporary Fiction in Spanish\u201d (ref: 12608815). <strong>Funding institution<\/strong><strong>:\u00a0<\/strong>General Research Fund (GRF), Hong Kong SAR Research Grants Council. <strong>Length<\/strong>: 2015-18. HK$135,000. <strong>Project responsible: <\/strong>Maialen Mar\u00edn Lacarta (Hong Kong Baptist University).<\/li>\n<li><strong>Name of the project:\u00a0<\/strong>La calidad de la traducci\u00f3n como factor de garant\u00eda del proceso penal: desarrollo de recursos al servicio de los int\u00e9rpretes judiciales de rumano, \u00e1rabe, chino, franc\u00e9s e ingl\u00e9s.\u00a0<strong>Funding institution:<\/strong>\u00a0MINISTERIO DE ECONOM\u00cdA Y COMPETITIVIDAD.\u00a0<strong>Length:<\/strong>\u00a02015-2018.\u00a0<strong>Project responsible<\/strong>: Carmen Bestu\u00e9 i Mariana Orozco.\u00a0<strong>Members:\u00a0<\/strong>Carmen Bestu\u00e9, Mariana Orozco, Marta Arum\u00ed, Anna Gil-Bardaj\u00ed (UAB); Mireia Vargas-Urpi (UPF).<\/li>\n<li><strong>Name of the project: <\/strong>\u201cClipFlair Foreign Language Learning Through Interactive Revoicing and Captioning of Clips\u201c (519085-LLP-1-2011-1-ES-KA2-KA2MP). <strong>Funding institution:<\/strong> Lifelong Learning Programme. Comenius, ICT and Languages. Education, Audiovisual and Culture Executive Agency (EACEA). Length<strong>:<\/strong> 01.12.2011- 31.05.2014 (30 months). <strong>Participating Universities:<\/strong> Pompeu Fabra (UPF) Spain; Research Academic Computer Technology Institute (CTI), Greece; Universitat Aut\u00f2noma de Barcelona (UAB), Spain; Imperial College London (ICL), United Kingdom; Universitatea \u201dBabe\u015f-Bolyai\u201d Cluj-Napoca (UBB), Romania; Universitat de Deusto (UD), Spain; Tallinn University (TLU), Estonia; University of Warsaw (UW), Poland; Universidade do Algarve (UALG), Portugal; National University of Ireland, Galway (NUI Galway), Ireland. <strong>Project responsible:<\/strong> Patrick Zabalbeascoa (UPF). <strong>UAB Team project responsible:<\/strong> Lupe Romero; <strong>UAB Members:<\/strong> (in alphabetical order): Casas-Tost, Helena; Gal\u00e1n, Anabel; Molina, Lucia; Rodr\u00edguez-Ines, Patricia; Romero, Lupe; Rovira-Esteva, Sara and Torres-Hostench, Olga.<\/li>\n<li><strong>Name of the project:\u00a0<\/strong><a href=\"http:\/\/chat.dmc.dit.ie\/\">ChAt Project (Chinese with Audio Technologies)<\/a>.\u00a0<strong>Funding institution<\/strong>: Proyecto de la Uni\u00f3n Europea, financiado por el programa Lifelong Learning: Comenius, ICT and Languages de la Direcci\u00f3n General Education, Audiovisual and Culture Executive Agency de la Uni\u00f3n Europea. Project Number: 511689-LLP-1-2010-1-IE-KA2-KA2MP.\u00a0<strong>Participant universities<\/strong>: Dublin Institute of Technology (Ireland), University College Dublin. (Ireland), Universidad de Granada (Espa\u00f1a), Institut Confucius de La Rochelle (France), Confucius Institut of the Friedrich-Alexander Univerisity, Erlangen-Nuremberg (Germany) and Beijing Language and Culture University (Popular Republic of China).\u00a0<strong>Length<\/strong>: 01\/11\/2010-31\/10\/2012. <strong>Project responsible<\/strong>: Dermot F. Campbell, Head, Department of Applied Languages. Senior Researcher, Digital Media Center, Dublin Institut of Technology.<\/li>\n<li><strong>Name of the project: <\/strong>&#8220;The dichotomy between free\/literal translation through history as a stimulus for national languages and\/or literatures&#8221; (\u4ee5\u76f4\u8b6f\u8207\u610f\u8b6f\u70ba\u6b77\u53f2\u6f14\u7e79:\u8ad6\u7ffb\u8b6f\u4e4b\u6587\u5b78\u66a8\u6587\u5316\u89d2\u8272).\u00a0<strong>Funding institution:<\/strong> National Science Council (NSC99-2410-H-032-066), Taiwan. <strong>Length:<\/strong> 2010-2011.\u00a0<strong>Project responsible<\/strong>: Tai Yufen.<\/li>\n<li><strong>Name of the project:\u00a0<\/strong>Terminolog\u00eda del aceite de oliva y comercio: China y otros mercados internacionales (P07-HUM-03041).\u00a0<strong>Funding institution<\/strong>: Proyecto de Investigaci\u00f3n de Excelencia, Consejer\u00eda de Innovaci\u00f3n, Ciencia y Empresa de la Junta de Andaluc\u00eda.\u00a0<strong>Participant universities<\/strong>: Universidad de Ja\u00e9n y Universidad de Granada.\u00a0<strong>Length<\/strong>: 31\/01\/2008-30\/01\/2012.\u00a0<strong>Project responsible<\/strong>: Mercedes Rold\u00e1n Vendrell.<\/li>\n<li><strong>Name of the project:<\/strong>\u00a0Digital teaching material to complement Chinese courses. <strong>Funding institution:<\/strong> Universitat Aut\u00f2noma de Barcelona. <strong>Project responsible<\/strong>: Helena Casas-Tost. <strong>Length:<\/strong> 2007-2008.\u00a0<strong>UAB members: <\/strong>Casas-Tost Helena; Rovira-Esteva, Sara; Su\u00e1rez, Anne-H\u00e9l\u00e8ne and Tai Yu-Fen.<\/li>\n<li><strong>Name of the project:<\/strong> Elaboration of an elementary Chinese textbook. Ruy de Clavijo Funding. <strong>Funding institution:<\/strong> Casa Asia. <strong>Length<\/strong>: 2004. <strong>Project responsible<\/strong>: Sara Rovira-Esteva. <strong>UAB members:<\/strong> Rovira-Esteva, Sara and Su\u00e1rez Anne-H\u00e9l\u00e8ne.<\/li>\n<li><strong>Name of the project:<\/strong> Chinese language textbook with an interactive material platform. Funding for teaching innovation projects. <strong>Funding institution:<\/strong> Universitat Aut\u00f2noma de Barcelona. <strong>Length:<\/strong> 2003-2004. <strong>Project responsible<\/strong>: Sara Rovira-Esteva. <strong>UAB members<\/strong>: Rovira-Esteva, Sara and Su\u00e1rez, Anne-H\u00e9l\u00e8ne.<\/li>\n<\/ul>\n","protected":false},"excerpt":{"rendered":"<p>TXICC has received funding from two main sources: on the one hand from the associated MA degree, and on the other, from funded projects obtained through a competitive process. Some of the members of the group are (or have been) also engaged in external projects, which partially coincide with TXICC\u2019s research areas. Name of the [&hellip;]<\/p>\n","protected":false},"author":20,"featured_media":0,"parent":0,"menu_order":0,"comment_status":"closed","ping_status":"closed","template":"","meta":{"footnotes":""},"class_list":["post-99","page","type-page","status-publish","hentry"],"yoast_head":"<!-- This site is optimized with the Yoast SEO plugin v26.8 - https:\/\/yoast.com\/product\/yoast-seo-wordpress\/ -->\n<title>Projects - Grup de recerca en Traducci\u00f3 del xin\u00e8s al catal\u00e0\/castell\u00e0 (TXICC)<\/title>\n<meta name=\"robots\" content=\"index, follow, max-snippet:-1, max-image-preview:large, max-video-preview:-1\" \/>\n<link rel=\"canonical\" href=\"https:\/\/webs.uab.cat\/txicc\/en\/projects\/\" \/>\n<meta property=\"og:locale\" content=\"en_US\" \/>\n<meta property=\"og:type\" content=\"article\" \/>\n<meta property=\"og:title\" content=\"Projects - Grup de recerca en Traducci\u00f3 del xin\u00e8s al catal\u00e0\/castell\u00e0 (TXICC)\" \/>\n<meta property=\"og:description\" content=\"TXICC has received funding from two main sources: on the one hand from the associated MA degree, and on the other, from funded projects obtained through a competitive process. Some of the members of the group are (or have been) also engaged in external projects, which partially coincide with TXICC\u2019s research areas. Name of the [&hellip;]\" \/>\n<meta property=\"og:url\" content=\"https:\/\/webs.uab.cat\/txicc\/en\/projects\/\" \/>\n<meta property=\"og:site_name\" content=\"Grup de recerca en Traducci\u00f3 del xin\u00e8s al catal\u00e0\/castell\u00e0 (TXICC)\" \/>\n<meta property=\"article:modified_time\" content=\"2025-12-16T18:52:27+00:00\" \/>\n<meta name=\"twitter:card\" content=\"summary_large_image\" \/>\n<meta name=\"twitter:label1\" content=\"Est. reading time\" \/>\n\t<meta name=\"twitter:data1\" content=\"4 minutes\" \/>\n<script type=\"application\/ld+json\" class=\"yoast-schema-graph\">{\"@context\":\"https:\/\/schema.org\",\"@graph\":[{\"@type\":\"WebPage\",\"@id\":\"https:\/\/webs.uab.cat\/txicc\/en\/projects\/\",\"url\":\"https:\/\/webs.uab.cat\/txicc\/en\/projects\/\",\"name\":\"Projects - Grup de recerca en Traducci\u00f3 del xin\u00e8s al catal\u00e0\/castell\u00e0 (TXICC)\",\"isPartOf\":{\"@id\":\"https:\/\/webs.uab.cat\/txicc\/#website\"},\"datePublished\":\"2009-05-25T11:22:03+00:00\",\"dateModified\":\"2025-12-16T18:52:27+00:00\",\"breadcrumb\":{\"@id\":\"https:\/\/webs.uab.cat\/txicc\/en\/projects\/#breadcrumb\"},\"inLanguage\":\"en-US\",\"potentialAction\":[{\"@type\":\"ReadAction\",\"target\":[\"https:\/\/webs.uab.cat\/txicc\/en\/projects\/\"]}]},{\"@type\":\"BreadcrumbList\",\"@id\":\"https:\/\/webs.uab.cat\/txicc\/en\/projects\/#breadcrumb\",\"itemListElement\":[{\"@type\":\"ListItem\",\"position\":1,\"name\":\"Portada\",\"item\":\"https:\/\/webs.uab.cat\/txicc\/en\/\"},{\"@type\":\"ListItem\",\"position\":2,\"name\":\"Projects\"}]},{\"@type\":\"WebSite\",\"@id\":\"https:\/\/webs.uab.cat\/txicc\/#website\",\"url\":\"https:\/\/webs.uab.cat\/txicc\/\",\"name\":\"Grup de recerca en Traducci\u00f3 del xin\u00e8s al catal\u00e0\/castell\u00e0 (TXICC)\",\"description\":\"\",\"potentialAction\":[{\"@type\":\"SearchAction\",\"target\":{\"@type\":\"EntryPoint\",\"urlTemplate\":\"https:\/\/webs.uab.cat\/txicc\/?s={search_term_string}\"},\"query-input\":{\"@type\":\"PropertyValueSpecification\",\"valueRequired\":true,\"valueName\":\"search_term_string\"}}],\"inLanguage\":\"en-US\"}]}<\/script>\n<!-- \/ Yoast SEO plugin. -->","yoast_head_json":{"title":"Projects - Grup de recerca en Traducci\u00f3 del xin\u00e8s al catal\u00e0\/castell\u00e0 (TXICC)","robots":{"index":"index","follow":"follow","max-snippet":"max-snippet:-1","max-image-preview":"max-image-preview:large","max-video-preview":"max-video-preview:-1"},"canonical":"https:\/\/webs.uab.cat\/txicc\/en\/projects\/","og_locale":"en_US","og_type":"article","og_title":"Projects - Grup de recerca en Traducci\u00f3 del xin\u00e8s al catal\u00e0\/castell\u00e0 (TXICC)","og_description":"TXICC has received funding from two main sources: on the one hand from the associated MA degree, and on the other, from funded projects obtained through a competitive process. Some of the members of the group are (or have been) also engaged in external projects, which partially coincide with TXICC\u2019s research areas. Name of the [&hellip;]","og_url":"https:\/\/webs.uab.cat\/txicc\/en\/projects\/","og_site_name":"Grup de recerca en Traducci\u00f3 del xin\u00e8s al catal\u00e0\/castell\u00e0 (TXICC)","article_modified_time":"2025-12-16T18:52:27+00:00","twitter_card":"summary_large_image","twitter_misc":{"Est. reading time":"4 minutes"},"schema":{"@context":"https:\/\/schema.org","@graph":[{"@type":"WebPage","@id":"https:\/\/webs.uab.cat\/txicc\/en\/projects\/","url":"https:\/\/webs.uab.cat\/txicc\/en\/projects\/","name":"Projects - Grup de recerca en Traducci\u00f3 del xin\u00e8s al catal\u00e0\/castell\u00e0 (TXICC)","isPartOf":{"@id":"https:\/\/webs.uab.cat\/txicc\/#website"},"datePublished":"2009-05-25T11:22:03+00:00","dateModified":"2025-12-16T18:52:27+00:00","breadcrumb":{"@id":"https:\/\/webs.uab.cat\/txicc\/en\/projects\/#breadcrumb"},"inLanguage":"en-US","potentialAction":[{"@type":"ReadAction","target":["https:\/\/webs.uab.cat\/txicc\/en\/projects\/"]}]},{"@type":"BreadcrumbList","@id":"https:\/\/webs.uab.cat\/txicc\/en\/projects\/#breadcrumb","itemListElement":[{"@type":"ListItem","position":1,"name":"Portada","item":"https:\/\/webs.uab.cat\/txicc\/en\/"},{"@type":"ListItem","position":2,"name":"Projects"}]},{"@type":"WebSite","@id":"https:\/\/webs.uab.cat\/txicc\/#website","url":"https:\/\/webs.uab.cat\/txicc\/","name":"Grup de recerca en Traducci\u00f3 del xin\u00e8s al catal\u00e0\/castell\u00e0 (TXICC)","description":"","potentialAction":[{"@type":"SearchAction","target":{"@type":"EntryPoint","urlTemplate":"https:\/\/webs.uab.cat\/txicc\/?s={search_term_string}"},"query-input":{"@type":"PropertyValueSpecification","valueRequired":true,"valueName":"search_term_string"}}],"inLanguage":"en-US"}]}},"_links":{"self":[{"href":"https:\/\/webs.uab.cat\/txicc\/en\/wp-json\/wp\/v2\/pages\/99","targetHints":{"allow":["GET"]}}],"collection":[{"href":"https:\/\/webs.uab.cat\/txicc\/en\/wp-json\/wp\/v2\/pages"}],"about":[{"href":"https:\/\/webs.uab.cat\/txicc\/en\/wp-json\/wp\/v2\/types\/page"}],"author":[{"embeddable":true,"href":"https:\/\/webs.uab.cat\/txicc\/en\/wp-json\/wp\/v2\/users\/20"}],"replies":[{"embeddable":true,"href":"https:\/\/webs.uab.cat\/txicc\/en\/wp-json\/wp\/v2\/comments?post=99"}],"version-history":[{"count":5,"href":"https:\/\/webs.uab.cat\/txicc\/en\/wp-json\/wp\/v2\/pages\/99\/revisions"}],"predecessor-version":[{"id":1751,"href":"https:\/\/webs.uab.cat\/txicc\/en\/wp-json\/wp\/v2\/pages\/99\/revisions\/1751"}],"wp:attachment":[{"href":"https:\/\/webs.uab.cat\/txicc\/en\/wp-json\/wp\/v2\/media?parent=99"}],"curies":[{"name":"wp","href":"https:\/\/api.w.org\/{rel}","templated":true}]}}