{"id":103,"date":"2012-02-14T09:52:51","date_gmt":"2012-02-14T07:52:51","guid":{"rendered":"https:\/\/webs.uab.cat\/txicc\/tesinas\/"},"modified":"2025-01-19T23:10:23","modified_gmt":"2025-01-19T21:10:23","slug":"tesinas","status":"publish","type":"page","link":"https:\/\/webs.uab.cat\/txicc\/es\/tesinas\/","title":{"rendered":"Tesinas"},"content":{"rendered":"\n<p>Los miembros del grupo han dirigido un gran n\u00famero de trabajos de investigaci\u00f3n tanto en el marco del m\u00e1ster propio que dio lugar al grupo como en el contexto de los estudios oficiales de m\u00e1ster y doctorado de la Facultad y del Departamento de Traducci\u00f3n e Interpretaci\u00f3n, respectivamente. Este gran n\u00famero de trabajos ofrece una idea de la larga trayectoria y experiencia con la que cuentan los miembros en la formaci\u00f3n de investigadores.<\/p>\n\n\n\n<p><a href=\"https:\/\/webs.uab.cat\/txicc\/es\/master-universitario-en-didactica-del-chino-para-hispanohablantes\/\" data-type=\"page\" data-id=\"642\">Tesinas del\u00a0M\u00e1ster Universitario en Did\u00e1ctica del Chino para Hispanohablantes<\/a><br><a href=\"https:\/\/webs.uab.cat\/txicc\/es\/tesinas-de-master-oficial-o-trabajos-de-investigacion-del-doctorado\/\" data-type=\"page\" data-id=\"516\">Tesinas de m\u00e1ster oficial o trabajos de investigaci\u00f3n de doctorado<\/a><br><a href=\"https:\/\/webs.uab.cat\/txicc\/es\/tesinas-del-master-propio-master-de-traduccion-e-interpretacion-profesional-chino-espanol\/\" data-type=\"page\" data-id=\"515\">Tesinas del m\u00e1ster propio M\u00e1ster de Traducci\u00f3n e Interpretaci\u00f3n Profesional Chino-Espa\u00f1ol<\/a><\/p>\n","protected":false},"excerpt":{"rendered":"<p>Los miembros del grupo han dirigido un gran n\u00famero de trabajos de investigaci\u00f3n tanto en el marco del m\u00e1ster propio que dio lugar al grupo como en el contexto de los estudios oficiales de m\u00e1ster y doctorado de la Facultad y del Departamento de Traducci\u00f3n e Interpretaci\u00f3n, respectivamente. Este gran n\u00famero de trabajos ofrece una [&hellip;]<\/p>\n","protected":false},"author":20,"featured_media":0,"parent":0,"menu_order":0,"comment_status":"closed","ping_status":"closed","template":"","meta":{"footnotes":""},"class_list":["post-103","page","type-page","status-publish","hentry"],"yoast_head":"<!-- This site is optimized with the Yoast SEO plugin v26.8 - https:\/\/yoast.com\/product\/yoast-seo-wordpress\/ -->\n<title>Tesinas - Grup de recerca en Traducci\u00f3 del xin\u00e8s al catal\u00e0\/castell\u00e0 (TXICC)<\/title>\n<meta name=\"robots\" content=\"index, follow, max-snippet:-1, max-image-preview:large, max-video-preview:-1\" \/>\n<link rel=\"canonical\" href=\"https:\/\/webs.uab.cat\/txicc\/es\/tesinas\/\" \/>\n<meta property=\"og:locale\" content=\"es_ES\" \/>\n<meta property=\"og:type\" content=\"article\" \/>\n<meta property=\"og:title\" content=\"Tesinas - Grup de recerca en Traducci\u00f3 del xin\u00e8s al catal\u00e0\/castell\u00e0 (TXICC)\" \/>\n<meta property=\"og:description\" content=\"Los miembros del grupo han dirigido un gran n\u00famero de trabajos de investigaci\u00f3n tanto en el marco del m\u00e1ster propio que dio lugar al grupo como en el contexto de los estudios oficiales de m\u00e1ster y doctorado de la Facultad y del Departamento de Traducci\u00f3n e Interpretaci\u00f3n, respectivamente. Este gran n\u00famero de trabajos ofrece una [&hellip;]\" \/>\n<meta property=\"og:url\" content=\"https:\/\/webs.uab.cat\/txicc\/es\/tesinas\/\" \/>\n<meta property=\"og:site_name\" content=\"Grup de recerca en Traducci\u00f3 del xin\u00e8s al catal\u00e0\/castell\u00e0 (TXICC)\" \/>\n<meta property=\"article:modified_time\" content=\"2025-01-19T21:10:23+00:00\" \/>\n<meta name=\"twitter:card\" content=\"summary_large_image\" \/>\n<meta name=\"twitter:label1\" content=\"Tiempo de lectura\" \/>\n\t<meta name=\"twitter:data1\" content=\"1 minuto\" \/>\n<script type=\"application\/ld+json\" class=\"yoast-schema-graph\">{\"@context\":\"https:\/\/schema.org\",\"@graph\":[{\"@type\":\"WebPage\",\"@id\":\"https:\/\/webs.uab.cat\/txicc\/es\/tesinas\/\",\"url\":\"https:\/\/webs.uab.cat\/txicc\/es\/tesinas\/\",\"name\":\"Tesinas - Grup de recerca en Traducci\u00f3 del xin\u00e8s al catal\u00e0\/castell\u00e0 (TXICC)\",\"isPartOf\":{\"@id\":\"https:\/\/webs.uab.cat\/txicc\/#website\"},\"datePublished\":\"2012-02-14T07:52:51+00:00\",\"dateModified\":\"2025-01-19T21:10:23+00:00\",\"breadcrumb\":{\"@id\":\"https:\/\/webs.uab.cat\/txicc\/es\/tesinas\/#breadcrumb\"},\"inLanguage\":\"es\",\"potentialAction\":[{\"@type\":\"ReadAction\",\"target\":[\"https:\/\/webs.uab.cat\/txicc\/es\/tesinas\/\"]}]},{\"@type\":\"BreadcrumbList\",\"@id\":\"https:\/\/webs.uab.cat\/txicc\/es\/tesinas\/#breadcrumb\",\"itemListElement\":[{\"@type\":\"ListItem\",\"position\":1,\"name\":\"Portada\",\"item\":\"https:\/\/webs.uab.cat\/txicc\/es\/\"},{\"@type\":\"ListItem\",\"position\":2,\"name\":\"Tesinas\"}]},{\"@type\":\"WebSite\",\"@id\":\"https:\/\/webs.uab.cat\/txicc\/#website\",\"url\":\"https:\/\/webs.uab.cat\/txicc\/\",\"name\":\"Grup de recerca en Traducci\u00f3 del xin\u00e8s al catal\u00e0\/castell\u00e0 (TXICC)\",\"description\":\"\",\"potentialAction\":[{\"@type\":\"SearchAction\",\"target\":{\"@type\":\"EntryPoint\",\"urlTemplate\":\"https:\/\/webs.uab.cat\/txicc\/?s={search_term_string}\"},\"query-input\":{\"@type\":\"PropertyValueSpecification\",\"valueRequired\":true,\"valueName\":\"search_term_string\"}}],\"inLanguage\":\"es\"}]}<\/script>\n<!-- \/ Yoast SEO plugin. -->","yoast_head_json":{"title":"Tesinas - Grup de recerca en Traducci\u00f3 del xin\u00e8s al catal\u00e0\/castell\u00e0 (TXICC)","robots":{"index":"index","follow":"follow","max-snippet":"max-snippet:-1","max-image-preview":"max-image-preview:large","max-video-preview":"max-video-preview:-1"},"canonical":"https:\/\/webs.uab.cat\/txicc\/es\/tesinas\/","og_locale":"es_ES","og_type":"article","og_title":"Tesinas - Grup de recerca en Traducci\u00f3 del xin\u00e8s al catal\u00e0\/castell\u00e0 (TXICC)","og_description":"Los miembros del grupo han dirigido un gran n\u00famero de trabajos de investigaci\u00f3n tanto en el marco del m\u00e1ster propio que dio lugar al grupo como en el contexto de los estudios oficiales de m\u00e1ster y doctorado de la Facultad y del Departamento de Traducci\u00f3n e Interpretaci\u00f3n, respectivamente. Este gran n\u00famero de trabajos ofrece una [&hellip;]","og_url":"https:\/\/webs.uab.cat\/txicc\/es\/tesinas\/","og_site_name":"Grup de recerca en Traducci\u00f3 del xin\u00e8s al catal\u00e0\/castell\u00e0 (TXICC)","article_modified_time":"2025-01-19T21:10:23+00:00","twitter_card":"summary_large_image","twitter_misc":{"Tiempo de lectura":"1 minuto"},"schema":{"@context":"https:\/\/schema.org","@graph":[{"@type":"WebPage","@id":"https:\/\/webs.uab.cat\/txicc\/es\/tesinas\/","url":"https:\/\/webs.uab.cat\/txicc\/es\/tesinas\/","name":"Tesinas - Grup de recerca en Traducci\u00f3 del xin\u00e8s al catal\u00e0\/castell\u00e0 (TXICC)","isPartOf":{"@id":"https:\/\/webs.uab.cat\/txicc\/#website"},"datePublished":"2012-02-14T07:52:51+00:00","dateModified":"2025-01-19T21:10:23+00:00","breadcrumb":{"@id":"https:\/\/webs.uab.cat\/txicc\/es\/tesinas\/#breadcrumb"},"inLanguage":"es","potentialAction":[{"@type":"ReadAction","target":["https:\/\/webs.uab.cat\/txicc\/es\/tesinas\/"]}]},{"@type":"BreadcrumbList","@id":"https:\/\/webs.uab.cat\/txicc\/es\/tesinas\/#breadcrumb","itemListElement":[{"@type":"ListItem","position":1,"name":"Portada","item":"https:\/\/webs.uab.cat\/txicc\/es\/"},{"@type":"ListItem","position":2,"name":"Tesinas"}]},{"@type":"WebSite","@id":"https:\/\/webs.uab.cat\/txicc\/#website","url":"https:\/\/webs.uab.cat\/txicc\/","name":"Grup de recerca en Traducci\u00f3 del xin\u00e8s al catal\u00e0\/castell\u00e0 (TXICC)","description":"","potentialAction":[{"@type":"SearchAction","target":{"@type":"EntryPoint","urlTemplate":"https:\/\/webs.uab.cat\/txicc\/?s={search_term_string}"},"query-input":{"@type":"PropertyValueSpecification","valueRequired":true,"valueName":"search_term_string"}}],"inLanguage":"es"}]}},"_links":{"self":[{"href":"https:\/\/webs.uab.cat\/txicc\/es\/wp-json\/wp\/v2\/pages\/103","targetHints":{"allow":["GET"]}}],"collection":[{"href":"https:\/\/webs.uab.cat\/txicc\/es\/wp-json\/wp\/v2\/pages"}],"about":[{"href":"https:\/\/webs.uab.cat\/txicc\/es\/wp-json\/wp\/v2\/types\/page"}],"author":[{"embeddable":true,"href":"https:\/\/webs.uab.cat\/txicc\/es\/wp-json\/wp\/v2\/users\/20"}],"replies":[{"embeddable":true,"href":"https:\/\/webs.uab.cat\/txicc\/es\/wp-json\/wp\/v2\/comments?post=103"}],"version-history":[{"count":2,"href":"https:\/\/webs.uab.cat\/txicc\/es\/wp-json\/wp\/v2\/pages\/103\/revisions"}],"predecessor-version":[{"id":1483,"href":"https:\/\/webs.uab.cat\/txicc\/es\/wp-json\/wp\/v2\/pages\/103\/revisions\/1483"}],"wp:attachment":[{"href":"https:\/\/webs.uab.cat\/txicc\/es\/wp-json\/wp\/v2\/media?parent=103"}],"curies":[{"name":"wp","href":"https:\/\/api.w.org\/{rel}","templated":true}]}}