{"id":1296,"date":"2015-02-19T11:57:02","date_gmt":"2015-02-19T09:57:02","guid":{"rendered":"https:\/\/webs.uab.cat\/txicc\/?page_id=1296"},"modified":"2025-12-16T21:09:31","modified_gmt":"2025-12-16T19:09:31","slug":"convenios","status":"publish","type":"page","link":"https:\/\/webs.uab.cat\/txicc\/es\/convenios\/","title":{"rendered":"Convenios"},"content":{"rendered":"\n<ul class=\"wp-block-list\">\n<li>Asociaci\u00f3n de profesores para la ense\u00f1anza del chino (AEPEC). 2024-2028.<\/li>\n\n\n\n<li>Base de datos bibliogr\u00e1ficos BITRA (Bibliograf\u00eda de interpretaci\u00f3 y Traducci\u00f3n). 2016-2026.<\/li>\n\n\n\n<li>C\u00e0tedra d&#8217;Estudis Asi\u00e0tics de la Universitat de Lleida. 2014-2015.<\/li>\n\n\n\n<li>Corporaci\u00f3 Catalana de Mitjans Audiovisuals. 2016-2023.<\/li>\n\n\n\n<li>Departament de Cultura de la Generalitat de Catalunya. 2016-2028.<\/li>\n\n\n\n<li>Departament d&#8217;Educaci\u00f3 de la Generalitat de Catalunya. 2020-2024.<\/li>\n\n\n\n<li>Fund\u00e9u BBVA. 2014-2015.<\/li>\n\n\n\n<li>Institut d&#8217;Estudis Catalans. 2013-2026.<\/li>\n\n\n\n<li>Institut Ramon Llull. 2020-2023.<\/li>\n\n\n\n<li>National Museum of Taiwan Literature. 2024-2028.<\/li>\n\n\n\n<li>Shanghai Yier Information Technology. 2021-2025.<\/li>\n\n\n\n<li>Termcat. 2015-2028.<\/li>\n<\/ul>\n","protected":false},"excerpt":{"rendered":"","protected":false},"author":103,"featured_media":0,"parent":0,"menu_order":0,"comment_status":"closed","ping_status":"closed","template":"","meta":{"footnotes":""},"class_list":["post-1296","page","type-page","status-publish","hentry"],"yoast_head":"<!-- This site is optimized with the Yoast SEO plugin v26.8 - https:\/\/yoast.com\/product\/yoast-seo-wordpress\/ -->\n<title>Convenios - Grup de recerca en Traducci\u00f3 del xin\u00e8s al catal\u00e0\/castell\u00e0 (TXICC)<\/title>\n<meta name=\"robots\" content=\"index, follow, max-snippet:-1, max-image-preview:large, max-video-preview:-1\" \/>\n<link rel=\"canonical\" href=\"https:\/\/webs.uab.cat\/txicc\/es\/convenios\/\" \/>\n<meta property=\"og:locale\" content=\"es_ES\" \/>\n<meta property=\"og:type\" content=\"article\" \/>\n<meta property=\"og:title\" content=\"Convenios - Grup de recerca en Traducci\u00f3 del xin\u00e8s al catal\u00e0\/castell\u00e0 (TXICC)\" \/>\n<meta property=\"og:url\" content=\"https:\/\/webs.uab.cat\/txicc\/es\/convenios\/\" \/>\n<meta property=\"og:site_name\" content=\"Grup de recerca en Traducci\u00f3 del xin\u00e8s al catal\u00e0\/castell\u00e0 (TXICC)\" \/>\n<meta property=\"article:modified_time\" content=\"2025-12-16T19:09:31+00:00\" \/>\n<meta name=\"twitter:card\" content=\"summary_large_image\" \/>\n<meta name=\"twitter:label1\" content=\"Tiempo de lectura\" \/>\n\t<meta name=\"twitter:data1\" content=\"1 minuto\" \/>\n<script type=\"application\/ld+json\" class=\"yoast-schema-graph\">{\"@context\":\"https:\/\/schema.org\",\"@graph\":[{\"@type\":\"WebPage\",\"@id\":\"https:\/\/webs.uab.cat\/txicc\/es\/convenios\/\",\"url\":\"https:\/\/webs.uab.cat\/txicc\/es\/convenios\/\",\"name\":\"Convenios - Grup de recerca en Traducci\u00f3 del xin\u00e8s al catal\u00e0\/castell\u00e0 (TXICC)\",\"isPartOf\":{\"@id\":\"https:\/\/webs.uab.cat\/txicc\/#website\"},\"datePublished\":\"2015-02-19T09:57:02+00:00\",\"dateModified\":\"2025-12-16T19:09:31+00:00\",\"breadcrumb\":{\"@id\":\"https:\/\/webs.uab.cat\/txicc\/es\/convenios\/#breadcrumb\"},\"inLanguage\":\"es\",\"potentialAction\":[{\"@type\":\"ReadAction\",\"target\":[\"https:\/\/webs.uab.cat\/txicc\/es\/convenios\/\"]}]},{\"@type\":\"BreadcrumbList\",\"@id\":\"https:\/\/webs.uab.cat\/txicc\/es\/convenios\/#breadcrumb\",\"itemListElement\":[{\"@type\":\"ListItem\",\"position\":1,\"name\":\"Portada\",\"item\":\"https:\/\/webs.uab.cat\/txicc\/es\/\"},{\"@type\":\"ListItem\",\"position\":2,\"name\":\"Convenios\"}]},{\"@type\":\"WebSite\",\"@id\":\"https:\/\/webs.uab.cat\/txicc\/#website\",\"url\":\"https:\/\/webs.uab.cat\/txicc\/\",\"name\":\"Grup de recerca en Traducci\u00f3 del xin\u00e8s al catal\u00e0\/castell\u00e0 (TXICC)\",\"description\":\"\",\"potentialAction\":[{\"@type\":\"SearchAction\",\"target\":{\"@type\":\"EntryPoint\",\"urlTemplate\":\"https:\/\/webs.uab.cat\/txicc\/?s={search_term_string}\"},\"query-input\":{\"@type\":\"PropertyValueSpecification\",\"valueRequired\":true,\"valueName\":\"search_term_string\"}}],\"inLanguage\":\"es\"}]}<\/script>\n<!-- \/ Yoast SEO plugin. -->","yoast_head_json":{"title":"Convenios - Grup de recerca en Traducci\u00f3 del xin\u00e8s al catal\u00e0\/castell\u00e0 (TXICC)","robots":{"index":"index","follow":"follow","max-snippet":"max-snippet:-1","max-image-preview":"max-image-preview:large","max-video-preview":"max-video-preview:-1"},"canonical":"https:\/\/webs.uab.cat\/txicc\/es\/convenios\/","og_locale":"es_ES","og_type":"article","og_title":"Convenios - Grup de recerca en Traducci\u00f3 del xin\u00e8s al catal\u00e0\/castell\u00e0 (TXICC)","og_url":"https:\/\/webs.uab.cat\/txicc\/es\/convenios\/","og_site_name":"Grup de recerca en Traducci\u00f3 del xin\u00e8s al catal\u00e0\/castell\u00e0 (TXICC)","article_modified_time":"2025-12-16T19:09:31+00:00","twitter_card":"summary_large_image","twitter_misc":{"Tiempo de lectura":"1 minuto"},"schema":{"@context":"https:\/\/schema.org","@graph":[{"@type":"WebPage","@id":"https:\/\/webs.uab.cat\/txicc\/es\/convenios\/","url":"https:\/\/webs.uab.cat\/txicc\/es\/convenios\/","name":"Convenios - Grup de recerca en Traducci\u00f3 del xin\u00e8s al catal\u00e0\/castell\u00e0 (TXICC)","isPartOf":{"@id":"https:\/\/webs.uab.cat\/txicc\/#website"},"datePublished":"2015-02-19T09:57:02+00:00","dateModified":"2025-12-16T19:09:31+00:00","breadcrumb":{"@id":"https:\/\/webs.uab.cat\/txicc\/es\/convenios\/#breadcrumb"},"inLanguage":"es","potentialAction":[{"@type":"ReadAction","target":["https:\/\/webs.uab.cat\/txicc\/es\/convenios\/"]}]},{"@type":"BreadcrumbList","@id":"https:\/\/webs.uab.cat\/txicc\/es\/convenios\/#breadcrumb","itemListElement":[{"@type":"ListItem","position":1,"name":"Portada","item":"https:\/\/webs.uab.cat\/txicc\/es\/"},{"@type":"ListItem","position":2,"name":"Convenios"}]},{"@type":"WebSite","@id":"https:\/\/webs.uab.cat\/txicc\/#website","url":"https:\/\/webs.uab.cat\/txicc\/","name":"Grup de recerca en Traducci\u00f3 del xin\u00e8s al catal\u00e0\/castell\u00e0 (TXICC)","description":"","potentialAction":[{"@type":"SearchAction","target":{"@type":"EntryPoint","urlTemplate":"https:\/\/webs.uab.cat\/txicc\/?s={search_term_string}"},"query-input":{"@type":"PropertyValueSpecification","valueRequired":true,"valueName":"search_term_string"}}],"inLanguage":"es"}]}},"_links":{"self":[{"href":"https:\/\/webs.uab.cat\/txicc\/es\/wp-json\/wp\/v2\/pages\/1296","targetHints":{"allow":["GET"]}}],"collection":[{"href":"https:\/\/webs.uab.cat\/txicc\/es\/wp-json\/wp\/v2\/pages"}],"about":[{"href":"https:\/\/webs.uab.cat\/txicc\/es\/wp-json\/wp\/v2\/types\/page"}],"author":[{"embeddable":true,"href":"https:\/\/webs.uab.cat\/txicc\/es\/wp-json\/wp\/v2\/users\/103"}],"replies":[{"embeddable":true,"href":"https:\/\/webs.uab.cat\/txicc\/es\/wp-json\/wp\/v2\/comments?post=1296"}],"version-history":[{"count":6,"href":"https:\/\/webs.uab.cat\/txicc\/es\/wp-json\/wp\/v2\/pages\/1296\/revisions"}],"predecessor-version":[{"id":1756,"href":"https:\/\/webs.uab.cat\/txicc\/es\/wp-json\/wp\/v2\/pages\/1296\/revisions\/1756"}],"wp:attachment":[{"href":"https:\/\/webs.uab.cat\/txicc\/es\/wp-json\/wp\/v2\/media?parent=1296"}],"curies":[{"name":"wp","href":"https:\/\/api.w.org\/{rel}","templated":true}]}}