{"id":562,"date":"2013-05-01T22:34:37","date_gmt":"2013-05-01T20:34:37","guid":{"rendered":"https:\/\/webs.uab.cat\/txicc\/entrevistas\/"},"modified":"2022-12-15T23:42:26","modified_gmt":"2022-12-15T21:42:26","slug":"entrevistas","status":"publish","type":"page","link":"https:\/\/webs.uab.cat\/txicc\/es\/entrevistas\/","title":{"rendered":"Entrevistas"},"content":{"rendered":"\n<p>Entre las actividades de transferencia y difusi\u00f3n del conocimiento al resto de la comunidad acad\u00e9mica y a la sociedad en general, el grupo est\u00e1 llevando a cabo una serie de entrevistas a traductores y traductoras del chino al catal\u00e1n y castellano para visibilizar su labor y dar a conocer las especificidades propias de esta combinaci\u00f3n ling\u00fc\u00edstica. En los casos en que tienen una vinculaci\u00f3n con el mundo acad\u00e9mico, hemos aprovechado para pedirles que nos cuenten c\u00f3mo ven la formaci\u00f3n de traductores en este \u00e1mbito y su vinculaci\u00f3n con la investigaci\u00f3n.<\/p>\n\n\n\n<p>Este proyecto est\u00e1 concebido como un proyecto abierto que ir\u00e1 nutri\u00e9ndose peri\u00f3dicamente de nuevas entrevistas con el objetivo de elaborar un corpus de textos que constituyan una fuente de informaci\u00f3n de primera mano sobre el perfil y las experiencias de estos profesionales.<\/p>\n\n\n\n<p><a href=\"https:\/\/webs.uab.cat\/txicc\/es\/entrevista-la-dra-sara-rovira-esteva-2\/\" data-type=\"page\" data-id=\"569\">&#8211; Entrevista a la Dra. Sara Rovira-Esteva<\/a>\u00a0(2013)<\/p>\n\n\n\n<p><a href=\"https:\/\/webs.uab.cat\/txicc\/es\/entrevista-la-dra-maialen-marin-lacarta-2\/\" data-type=\"page\" data-id=\"573\">&#8211; Entrevista a la Dra. Maialen Marin Lacarta<\/a>\u00a0\u00a0(2013)<\/p>\n\n\n\n<p><a href=\"https:\/\/webs.uab.cat\/txicc\/es\/entrevista-eulalia-jardi-2\/\" data-type=\"page\" data-id=\"577\">&#8211; Entrevista a Eul\u00e0lia Jard\u00ed<\/a>\u00a0\u00a0(2013)<\/p>\n\n\n\n<p><a href=\"https:\/\/webs.uab.cat\/txicc\/es\/entrevista-a-carla-benet-duran-2\/\" data-type=\"page\" data-id=\"608\">&#8211; Entrevista a Carla Benet Duran<\/a> (2018)<\/p>\n\n\n\n<p><a href=\"https:\/\/webs.uab.cat\/txicc\/es\/entrevista-a-teresa-tejeda-2\/\" data-type=\"page\" data-id=\"609\">&#8211; Entrevista a Teresa Tejeda<\/a> (enero de 2019)<\/p>\n\n\n\n<p><a href=\"https:\/\/webs.uab.cat\/txicc\/es\/entrevista-a-javier-altayo-2\/\" data-type=\"page\" data-id=\"610\">&#8211; Entrevista a Javier Altay\u00f3 <\/a>(febrero de 2019)<\/p>\n\n\n\n<p><a href=\"https:\/\/webs.uab.cat\/txicc\/es\/entrevista-a-manuel-pavon-belizon\/\" data-type=\"page\" data-id=\"607\">&#8211; Entrevista a Manuel Pav\u00f3n Beliz\u00f3n<\/a> (marzo de 2019)<\/p>\n\n\n\n<p><a href=\"https:\/\/webs.uab.cat\/txicc\/es\/entrevista-a-mireia-vargas-urpi-2\/\" data-type=\"page\" data-id=\"612\">&#8211; Entrevista a Mireia Vargas Urp\u00ed<\/a> (abril de 2019)<\/p>\n\n\n\n<p><a href=\"https:\/\/webs.uab.cat\/txicc\/es\/entrevista-a-belen-cuadra-2\/\" data-type=\"page\" data-id=\"614\">&#8211; Entrevista a Bel\u00e9n Cuadra Mora<\/a> (septiembre de 2019)<\/p>\n\n\n\n<p><a href=\"https:\/\/webs.uab.cat\/txicc\/es\/entrevista-a-jordi-ainaud-2\/\" data-type=\"page\" data-id=\"616\">&#8211; Entrevista a Jordi Ainaud <\/a>(noviembre de 2019)<\/p>\n\n\n\n<p><a href=\"https:\/\/webs.uab.cat\/txicc\/es\/entrevista-a-juan-jose-ciruela\/\" data-type=\"page\" data-id=\"617\">&#8211; Entrevista a Juan Jos\u00e9 Ciruela<\/a> (diciembre de 2019)<\/p>\n\n\n\n<p><a href=\"https:\/\/webs.uab.cat\/txicc\/es\/entrevista-a-manel-olle-2\/\" data-type=\"page\" data-id=\"626\">&#8211; Entrevista a Manel Oll\u00e9<\/a> (enero de 2020)<\/p>\n\n\n\n<p><a href=\"https:\/\/webs.uab.cat\/txicc\/es\/entrevista-a-miguel-angel-petrecca\/\" data-type=\"page\" data-id=\"645\">&#8211; Entrevista a Miguel \u00c1ngel Petrecca<\/a> (febrero de 2020)<\/p>\n\n\n\n<p><a href=\"https:\/\/webs.uab.cat\/txicc\/es\/entrevista-a-anne-helene-suarez-girard\/\" data-type=\"page\" data-id=\"648\">&#8211; Entrevista a Anne-H\u00e9l\u00e8ne Su\u00e1rez Girard<\/a> (marzo de 2020)<\/p>\n\n\n\n<p><a href=\"https:\/\/www.youtube.com\/watch?v=Rw7-bwVqZxM\" target=\"_blank\" rel=\"noopener\">&#8211; Entrevista a Blas Pi\u00f1ero Mart\u00ednez<\/a> (septiembre de 2020)<\/p>\n","protected":false},"excerpt":{"rendered":"<p>Entre las actividades de transferencia y difusi\u00f3n del conocimiento al resto de la comunidad acad\u00e9mica y a la sociedad en general, el grupo est\u00e1 llevando a cabo una serie de entrevistas a traductores y traductoras del chino al catal\u00e1n y castellano para visibilizar su labor y dar a conocer las especificidades propias de esta combinaci\u00f3n [&hellip;]<\/p>\n","protected":false},"author":20,"featured_media":0,"parent":0,"menu_order":0,"comment_status":"closed","ping_status":"closed","template":"","meta":{"footnotes":""},"class_list":["post-562","page","type-page","status-publish","hentry"],"yoast_head":"<!-- This site is optimized with the Yoast SEO plugin v26.8 - https:\/\/yoast.com\/product\/yoast-seo-wordpress\/ -->\n<title>Entrevistas - Grup de recerca en Traducci\u00f3 del xin\u00e8s al catal\u00e0\/castell\u00e0 (TXICC)<\/title>\n<meta name=\"robots\" content=\"index, follow, max-snippet:-1, max-image-preview:large, max-video-preview:-1\" \/>\n<link rel=\"canonical\" href=\"https:\/\/webs.uab.cat\/txicc\/es\/entrevistas\/\" \/>\n<meta property=\"og:locale\" content=\"es_ES\" \/>\n<meta property=\"og:type\" content=\"article\" \/>\n<meta property=\"og:title\" content=\"Entrevistas - Grup de recerca en Traducci\u00f3 del xin\u00e8s al catal\u00e0\/castell\u00e0 (TXICC)\" \/>\n<meta property=\"og:description\" content=\"Entre las actividades de transferencia y difusi\u00f3n del conocimiento al resto de la comunidad acad\u00e9mica y a la sociedad en general, el grupo est\u00e1 llevando a cabo una serie de entrevistas a traductores y traductoras del chino al catal\u00e1n y castellano para visibilizar su labor y dar a conocer las especificidades propias de esta combinaci\u00f3n [&hellip;]\" \/>\n<meta property=\"og:url\" content=\"https:\/\/webs.uab.cat\/txicc\/es\/entrevistas\/\" \/>\n<meta property=\"og:site_name\" content=\"Grup de recerca en Traducci\u00f3 del xin\u00e8s al catal\u00e0\/castell\u00e0 (TXICC)\" \/>\n<meta property=\"article:modified_time\" content=\"2022-12-15T21:42:26+00:00\" \/>\n<meta name=\"twitter:card\" content=\"summary_large_image\" \/>\n<meta name=\"twitter:label1\" content=\"Tiempo de lectura\" \/>\n\t<meta name=\"twitter:data1\" content=\"1 minuto\" \/>\n<script type=\"application\/ld+json\" class=\"yoast-schema-graph\">{\"@context\":\"https:\/\/schema.org\",\"@graph\":[{\"@type\":\"WebPage\",\"@id\":\"https:\/\/webs.uab.cat\/txicc\/es\/entrevistas\/\",\"url\":\"https:\/\/webs.uab.cat\/txicc\/es\/entrevistas\/\",\"name\":\"Entrevistas - Grup de recerca en Traducci\u00f3 del xin\u00e8s al catal\u00e0\/castell\u00e0 (TXICC)\",\"isPartOf\":{\"@id\":\"https:\/\/webs.uab.cat\/txicc\/#website\"},\"datePublished\":\"2013-05-01T20:34:37+00:00\",\"dateModified\":\"2022-12-15T21:42:26+00:00\",\"breadcrumb\":{\"@id\":\"https:\/\/webs.uab.cat\/txicc\/es\/entrevistas\/#breadcrumb\"},\"inLanguage\":\"es\",\"potentialAction\":[{\"@type\":\"ReadAction\",\"target\":[\"https:\/\/webs.uab.cat\/txicc\/es\/entrevistas\/\"]}]},{\"@type\":\"BreadcrumbList\",\"@id\":\"https:\/\/webs.uab.cat\/txicc\/es\/entrevistas\/#breadcrumb\",\"itemListElement\":[{\"@type\":\"ListItem\",\"position\":1,\"name\":\"Portada\",\"item\":\"https:\/\/webs.uab.cat\/txicc\/es\/\"},{\"@type\":\"ListItem\",\"position\":2,\"name\":\"Entrevistas\"}]},{\"@type\":\"WebSite\",\"@id\":\"https:\/\/webs.uab.cat\/txicc\/#website\",\"url\":\"https:\/\/webs.uab.cat\/txicc\/\",\"name\":\"Grup de recerca en Traducci\u00f3 del xin\u00e8s al catal\u00e0\/castell\u00e0 (TXICC)\",\"description\":\"\",\"potentialAction\":[{\"@type\":\"SearchAction\",\"target\":{\"@type\":\"EntryPoint\",\"urlTemplate\":\"https:\/\/webs.uab.cat\/txicc\/?s={search_term_string}\"},\"query-input\":{\"@type\":\"PropertyValueSpecification\",\"valueRequired\":true,\"valueName\":\"search_term_string\"}}],\"inLanguage\":\"es\"}]}<\/script>\n<!-- \/ Yoast SEO plugin. -->","yoast_head_json":{"title":"Entrevistas - Grup de recerca en Traducci\u00f3 del xin\u00e8s al catal\u00e0\/castell\u00e0 (TXICC)","robots":{"index":"index","follow":"follow","max-snippet":"max-snippet:-1","max-image-preview":"max-image-preview:large","max-video-preview":"max-video-preview:-1"},"canonical":"https:\/\/webs.uab.cat\/txicc\/es\/entrevistas\/","og_locale":"es_ES","og_type":"article","og_title":"Entrevistas - Grup de recerca en Traducci\u00f3 del xin\u00e8s al catal\u00e0\/castell\u00e0 (TXICC)","og_description":"Entre las actividades de transferencia y difusi\u00f3n del conocimiento al resto de la comunidad acad\u00e9mica y a la sociedad en general, el grupo est\u00e1 llevando a cabo una serie de entrevistas a traductores y traductoras del chino al catal\u00e1n y castellano para visibilizar su labor y dar a conocer las especificidades propias de esta combinaci\u00f3n [&hellip;]","og_url":"https:\/\/webs.uab.cat\/txicc\/es\/entrevistas\/","og_site_name":"Grup de recerca en Traducci\u00f3 del xin\u00e8s al catal\u00e0\/castell\u00e0 (TXICC)","article_modified_time":"2022-12-15T21:42:26+00:00","twitter_card":"summary_large_image","twitter_misc":{"Tiempo de lectura":"1 minuto"},"schema":{"@context":"https:\/\/schema.org","@graph":[{"@type":"WebPage","@id":"https:\/\/webs.uab.cat\/txicc\/es\/entrevistas\/","url":"https:\/\/webs.uab.cat\/txicc\/es\/entrevistas\/","name":"Entrevistas - Grup de recerca en Traducci\u00f3 del xin\u00e8s al catal\u00e0\/castell\u00e0 (TXICC)","isPartOf":{"@id":"https:\/\/webs.uab.cat\/txicc\/#website"},"datePublished":"2013-05-01T20:34:37+00:00","dateModified":"2022-12-15T21:42:26+00:00","breadcrumb":{"@id":"https:\/\/webs.uab.cat\/txicc\/es\/entrevistas\/#breadcrumb"},"inLanguage":"es","potentialAction":[{"@type":"ReadAction","target":["https:\/\/webs.uab.cat\/txicc\/es\/entrevistas\/"]}]},{"@type":"BreadcrumbList","@id":"https:\/\/webs.uab.cat\/txicc\/es\/entrevistas\/#breadcrumb","itemListElement":[{"@type":"ListItem","position":1,"name":"Portada","item":"https:\/\/webs.uab.cat\/txicc\/es\/"},{"@type":"ListItem","position":2,"name":"Entrevistas"}]},{"@type":"WebSite","@id":"https:\/\/webs.uab.cat\/txicc\/#website","url":"https:\/\/webs.uab.cat\/txicc\/","name":"Grup de recerca en Traducci\u00f3 del xin\u00e8s al catal\u00e0\/castell\u00e0 (TXICC)","description":"","potentialAction":[{"@type":"SearchAction","target":{"@type":"EntryPoint","urlTemplate":"https:\/\/webs.uab.cat\/txicc\/?s={search_term_string}"},"query-input":{"@type":"PropertyValueSpecification","valueRequired":true,"valueName":"search_term_string"}}],"inLanguage":"es"}]}},"_links":{"self":[{"href":"https:\/\/webs.uab.cat\/txicc\/es\/wp-json\/wp\/v2\/pages\/562","targetHints":{"allow":["GET"]}}],"collection":[{"href":"https:\/\/webs.uab.cat\/txicc\/es\/wp-json\/wp\/v2\/pages"}],"about":[{"href":"https:\/\/webs.uab.cat\/txicc\/es\/wp-json\/wp\/v2\/types\/page"}],"author":[{"embeddable":true,"href":"https:\/\/webs.uab.cat\/txicc\/es\/wp-json\/wp\/v2\/users\/20"}],"replies":[{"embeddable":true,"href":"https:\/\/webs.uab.cat\/txicc\/es\/wp-json\/wp\/v2\/comments?post=562"}],"version-history":[{"count":1,"href":"https:\/\/webs.uab.cat\/txicc\/es\/wp-json\/wp\/v2\/pages\/562\/revisions"}],"predecessor-version":[{"id":958,"href":"https:\/\/webs.uab.cat\/txicc\/es\/wp-json\/wp\/v2\/pages\/562\/revisions\/958"}],"wp:attachment":[{"href":"https:\/\/webs.uab.cat\/txicc\/es\/wp-json\/wp\/v2\/media?parent=562"}],"curies":[{"name":"wp","href":"https:\/\/api.w.org\/{rel}","templated":true}]}}