{"id":573,"date":"2013-08-12T20:17:21","date_gmt":"2013-08-12T18:17:21","guid":{"rendered":"https:\/\/webs.uab.cat\/txicc\/entrevista-la-dra-maialen-marin-lacarta-2\/"},"modified":"2013-08-12T20:17:21","modified_gmt":"2013-08-12T18:17:21","slug":"entrevista-la-dra-maialen-marin-lacarta-2","status":"publish","type":"page","link":"https:\/\/webs.uab.cat\/txicc\/es\/entrevista-la-dra-maialen-marin-lacarta-2\/","title":{"rendered":"Entrevista a la Dra. Maialen Marin Lacarta"},"content":{"rendered":"<p style=\"text-align: justify;\"><span id=\"result_box\" lang=\"ca\"><span>Maialen Marin Lacarta es doctora en Sinolog\u00eda por el Instituto Nacional de Lenguas y Civilizaciones Orientales (INALCO) de Par\u00eds y doctora en Traducci\u00f3n y Estudios Interculturales por la Universidad Aut\u00f3noma de Barcelona (UAB). Su tesis doctoral versa acerca de la historia de la traducci\u00f3n de la literatura china moderna y contempor\u00e1nea en Espa\u00f1a y la compleja posici\u00f3n de esta literatura en el sistema literario global, y ha publicado diversos art\u00edculos acad\u00e9micos sobre este tema. Tambi\u00e9n ha cursado estudios de grado y de posgrado en las universidades de Burdeos III, Sheffield, Pek\u00edn, la Nacional de Taiw\u00e1n y la Chengchi de Taiw\u00e1n. Ha trabajado como profesora e investigadora en el INALCO y como consultora de la Universidad Abierta de Catalu\u00f1a. Entre sus traducciones, se cuentan <em>Calma<\/em> de Shen Congwen (Alpha Decay, 2010) y <em>La ciudad fronteriza<\/em> del mismo auto<em>r (<\/em><\/span><\/span><em>Edicions Bellaterra, 2013<\/em><span lang=\"ca\"><span><em>). <\/em>Ha colaborado en la traducci\u00f3n y la correcci\u00f3n de&nbsp;<span id=\"result_box\" lang=\"ca\"><span class=\"hps\"><em>Los brigadistas chinos en la guerra civil: la llamada de Espa\u00f1a (1936-1939)<\/em><\/span><\/span> de Ni Huiru y Zou Ningyuan (Catarata, 2013). En enero de 2013 recibe, con la colaboraci\u00f3n de Aiora Jaka, el Premio Jokin Zaitegi por la traducci\u00f3n al euskera de un fragmento de una obra de Mo Yan cuya publicaci\u00f3n est\u00e1 prevista para finales de 2013: <em>Maisua gero eta umoretsuago dago<\/em> (Elkar).<\/span><\/span><\/p>\n<p>&nbsp;<\/p>\n<p style=\"text-align: center;\"><strong><span lang=\"ca\"><strong>Primera parte<\/strong><\/span><br \/>\n<strong><span lang=\"ca\"><iframe loading=\"lazy\" frameborder=\"0\" height=\"315\" src=\"\/\/www.youtube.com\/embed\/QH2hBYkQ6kc\" width=\"420\"><\/iframe><\/span><\/strong><\/strong><\/p>\n<p>&nbsp;<\/p>\n<p style=\"text-align: center;\">\n<strong><span lang=\"ca\"><span><strong>Segunda parte<\/strong><br \/>\n<iframe loading=\"lazy\" frameborder=\"0\" height=\"315\" src=\"\/\/www.youtube.com\/embed\/dSR3CtB_ED8\" width=\"420\"><\/iframe><\/span><\/span><\/strong><\/p>\n","protected":false},"excerpt":{"rendered":"<p>Maialen Marin Lacarta es doctora en Sinolog\u00eda por el Instituto Nacional de Lenguas y Civilizaciones Orientales (INALCO) de Par\u00eds y doctora en Traducci\u00f3n y Estudios Interculturales por la Universidad Aut\u00f3noma de Barcelona (UAB). Su tesis doctoral versa acerca de la historia de la traducci\u00f3n de la literatura china moderna y contempor\u00e1nea en Espa\u00f1a y la [&hellip;]<\/p>\n","protected":false},"author":20,"featured_media":0,"parent":0,"menu_order":0,"comment_status":"closed","ping_status":"closed","template":"","meta":{"footnotes":""},"class_list":["post-573","page","type-page","status-publish","hentry"],"yoast_head":"<!-- This site is optimized with the Yoast SEO plugin v26.8 - https:\/\/yoast.com\/product\/yoast-seo-wordpress\/ -->\n<title>Entrevista a la Dra. Maialen Marin Lacarta - Grup de recerca en Traducci\u00f3 del xin\u00e8s al catal\u00e0\/castell\u00e0 (TXICC)<\/title>\n<meta name=\"robots\" content=\"index, follow, max-snippet:-1, max-image-preview:large, max-video-preview:-1\" \/>\n<link rel=\"canonical\" href=\"https:\/\/webs.uab.cat\/txicc\/es\/entrevista-la-dra-maialen-marin-lacarta-2\/\" \/>\n<meta property=\"og:locale\" content=\"es_ES\" \/>\n<meta property=\"og:type\" content=\"article\" \/>\n<meta property=\"og:title\" content=\"Entrevista a la Dra. Maialen Marin Lacarta - Grup de recerca en Traducci\u00f3 del xin\u00e8s al catal\u00e0\/castell\u00e0 (TXICC)\" \/>\n<meta property=\"og:description\" content=\"Maialen Marin Lacarta es doctora en Sinolog\u00eda por el Instituto Nacional de Lenguas y Civilizaciones Orientales (INALCO) de Par\u00eds y doctora en Traducci\u00f3n y Estudios Interculturales por la Universidad Aut\u00f3noma de Barcelona (UAB). Su tesis doctoral versa acerca de la historia de la traducci\u00f3n de la literatura china moderna y contempor\u00e1nea en Espa\u00f1a y la [&hellip;]\" \/>\n<meta property=\"og:url\" content=\"https:\/\/webs.uab.cat\/txicc\/es\/entrevista-la-dra-maialen-marin-lacarta-2\/\" \/>\n<meta property=\"og:site_name\" content=\"Grup de recerca en Traducci\u00f3 del xin\u00e8s al catal\u00e0\/castell\u00e0 (TXICC)\" \/>\n<meta name=\"twitter:card\" content=\"summary_large_image\" \/>\n<meta name=\"twitter:label1\" content=\"Tiempo de lectura\" \/>\n\t<meta name=\"twitter:data1\" content=\"1 minuto\" \/>\n<script type=\"application\/ld+json\" class=\"yoast-schema-graph\">{\"@context\":\"https:\/\/schema.org\",\"@graph\":[{\"@type\":\"WebPage\",\"@id\":\"https:\/\/webs.uab.cat\/txicc\/es\/entrevista-la-dra-maialen-marin-lacarta-2\/\",\"url\":\"https:\/\/webs.uab.cat\/txicc\/es\/entrevista-la-dra-maialen-marin-lacarta-2\/\",\"name\":\"Entrevista a la Dra. Maialen Marin Lacarta - Grup de recerca en Traducci\u00f3 del xin\u00e8s al catal\u00e0\/castell\u00e0 (TXICC)\",\"isPartOf\":{\"@id\":\"https:\/\/webs.uab.cat\/txicc\/#website\"},\"datePublished\":\"2013-08-12T18:17:21+00:00\",\"breadcrumb\":{\"@id\":\"https:\/\/webs.uab.cat\/txicc\/es\/entrevista-la-dra-maialen-marin-lacarta-2\/#breadcrumb\"},\"inLanguage\":\"es\",\"potentialAction\":[{\"@type\":\"ReadAction\",\"target\":[\"https:\/\/webs.uab.cat\/txicc\/es\/entrevista-la-dra-maialen-marin-lacarta-2\/\"]}]},{\"@type\":\"BreadcrumbList\",\"@id\":\"https:\/\/webs.uab.cat\/txicc\/es\/entrevista-la-dra-maialen-marin-lacarta-2\/#breadcrumb\",\"itemListElement\":[{\"@type\":\"ListItem\",\"position\":1,\"name\":\"Portada\",\"item\":\"https:\/\/webs.uab.cat\/txicc\/es\/\"},{\"@type\":\"ListItem\",\"position\":2,\"name\":\"Entrevista a la Dra. Maialen Marin Lacarta\"}]},{\"@type\":\"WebSite\",\"@id\":\"https:\/\/webs.uab.cat\/txicc\/#website\",\"url\":\"https:\/\/webs.uab.cat\/txicc\/\",\"name\":\"Grup de recerca en Traducci\u00f3 del xin\u00e8s al catal\u00e0\/castell\u00e0 (TXICC)\",\"description\":\"\",\"potentialAction\":[{\"@type\":\"SearchAction\",\"target\":{\"@type\":\"EntryPoint\",\"urlTemplate\":\"https:\/\/webs.uab.cat\/txicc\/?s={search_term_string}\"},\"query-input\":{\"@type\":\"PropertyValueSpecification\",\"valueRequired\":true,\"valueName\":\"search_term_string\"}}],\"inLanguage\":\"es\"}]}<\/script>\n<!-- \/ Yoast SEO plugin. -->","yoast_head_json":{"title":"Entrevista a la Dra. Maialen Marin Lacarta - Grup de recerca en Traducci\u00f3 del xin\u00e8s al catal\u00e0\/castell\u00e0 (TXICC)","robots":{"index":"index","follow":"follow","max-snippet":"max-snippet:-1","max-image-preview":"max-image-preview:large","max-video-preview":"max-video-preview:-1"},"canonical":"https:\/\/webs.uab.cat\/txicc\/es\/entrevista-la-dra-maialen-marin-lacarta-2\/","og_locale":"es_ES","og_type":"article","og_title":"Entrevista a la Dra. Maialen Marin Lacarta - Grup de recerca en Traducci\u00f3 del xin\u00e8s al catal\u00e0\/castell\u00e0 (TXICC)","og_description":"Maialen Marin Lacarta es doctora en Sinolog\u00eda por el Instituto Nacional de Lenguas y Civilizaciones Orientales (INALCO) de Par\u00eds y doctora en Traducci\u00f3n y Estudios Interculturales por la Universidad Aut\u00f3noma de Barcelona (UAB). Su tesis doctoral versa acerca de la historia de la traducci\u00f3n de la literatura china moderna y contempor\u00e1nea en Espa\u00f1a y la [&hellip;]","og_url":"https:\/\/webs.uab.cat\/txicc\/es\/entrevista-la-dra-maialen-marin-lacarta-2\/","og_site_name":"Grup de recerca en Traducci\u00f3 del xin\u00e8s al catal\u00e0\/castell\u00e0 (TXICC)","twitter_card":"summary_large_image","twitter_misc":{"Tiempo de lectura":"1 minuto"},"schema":{"@context":"https:\/\/schema.org","@graph":[{"@type":"WebPage","@id":"https:\/\/webs.uab.cat\/txicc\/es\/entrevista-la-dra-maialen-marin-lacarta-2\/","url":"https:\/\/webs.uab.cat\/txicc\/es\/entrevista-la-dra-maialen-marin-lacarta-2\/","name":"Entrevista a la Dra. Maialen Marin Lacarta - Grup de recerca en Traducci\u00f3 del xin\u00e8s al catal\u00e0\/castell\u00e0 (TXICC)","isPartOf":{"@id":"https:\/\/webs.uab.cat\/txicc\/#website"},"datePublished":"2013-08-12T18:17:21+00:00","breadcrumb":{"@id":"https:\/\/webs.uab.cat\/txicc\/es\/entrevista-la-dra-maialen-marin-lacarta-2\/#breadcrumb"},"inLanguage":"es","potentialAction":[{"@type":"ReadAction","target":["https:\/\/webs.uab.cat\/txicc\/es\/entrevista-la-dra-maialen-marin-lacarta-2\/"]}]},{"@type":"BreadcrumbList","@id":"https:\/\/webs.uab.cat\/txicc\/es\/entrevista-la-dra-maialen-marin-lacarta-2\/#breadcrumb","itemListElement":[{"@type":"ListItem","position":1,"name":"Portada","item":"https:\/\/webs.uab.cat\/txicc\/es\/"},{"@type":"ListItem","position":2,"name":"Entrevista a la Dra. Maialen Marin Lacarta"}]},{"@type":"WebSite","@id":"https:\/\/webs.uab.cat\/txicc\/#website","url":"https:\/\/webs.uab.cat\/txicc\/","name":"Grup de recerca en Traducci\u00f3 del xin\u00e8s al catal\u00e0\/castell\u00e0 (TXICC)","description":"","potentialAction":[{"@type":"SearchAction","target":{"@type":"EntryPoint","urlTemplate":"https:\/\/webs.uab.cat\/txicc\/?s={search_term_string}"},"query-input":{"@type":"PropertyValueSpecification","valueRequired":true,"valueName":"search_term_string"}}],"inLanguage":"es"}]}},"_links":{"self":[{"href":"https:\/\/webs.uab.cat\/txicc\/es\/wp-json\/wp\/v2\/pages\/573","targetHints":{"allow":["GET"]}}],"collection":[{"href":"https:\/\/webs.uab.cat\/txicc\/es\/wp-json\/wp\/v2\/pages"}],"about":[{"href":"https:\/\/webs.uab.cat\/txicc\/es\/wp-json\/wp\/v2\/types\/page"}],"author":[{"embeddable":true,"href":"https:\/\/webs.uab.cat\/txicc\/es\/wp-json\/wp\/v2\/users\/20"}],"replies":[{"embeddable":true,"href":"https:\/\/webs.uab.cat\/txicc\/es\/wp-json\/wp\/v2\/comments?post=573"}],"version-history":[{"count":0,"href":"https:\/\/webs.uab.cat\/txicc\/es\/wp-json\/wp\/v2\/pages\/573\/revisions"}],"wp:attachment":[{"href":"https:\/\/webs.uab.cat\/txicc\/es\/wp-json\/wp\/v2\/media?parent=573"}],"curies":[{"name":"wp","href":"https:\/\/api.w.org\/{rel}","templated":true}]}}