{"id":616,"date":"2019-11-15T15:47:02","date_gmt":"2019-11-15T13:47:02","guid":{"rendered":"https:\/\/webs.uab.cat\/txicc\/entrevista-a-jordi-ainaud-2\/"},"modified":"2019-11-15T15:47:02","modified_gmt":"2019-11-15T13:47:02","slug":"entrevista-a-jordi-ainaud-2","status":"publish","type":"page","link":"https:\/\/webs.uab.cat\/txicc\/es\/entrevista-a-jordi-ainaud-2\/","title":{"rendered":"Entrevista a Jordi Ainaud"},"content":{"rendered":"<p>Jordi Ainaud i Escudero es licenciado en Filolog\u00eda Inglesa por la Universidad de Barcelona y m\u00e1ster en Estudios Medievales por la Universidad de Londres, estudi\u00f3 chino en la Escuela Oficial de Idiomas de Barcelona y en la Universidad de Westminster en Londres.<\/p>\n<p>Ha desarrollado su actividad profesional desde 1985 en el mundo del libro, la traducci\u00f3n y las humanidades. Desde el curso 1995-1996, es profesor asociado en la Facultad de Traducci\u00f3n e Interpretaci\u00f3n de la Universidad Pompeu Fabra. Entre 1997 y 2005 fue director de publicaciones de Editorial Everest (Grupo Everest) y de 2002 a 2005 presidi\u00f3 el Consejo Catal\u00e1n del Libro Infantil y Juvenil, secci\u00f3n catalana del International Board on Books for Young People.<\/p>\n<p>Ha publicado cerca de un centenar de traducciones del ingl\u00e9s, el franc\u00e9s y el chino al catal\u00e1n y el castellano, de autores tan diversos como Truman Capote, PD James, Daniel Defoe, TS Eliot, Jimmy Liao, Paul Preston, Alan Turing y Virginia Woolf, adem\u00e1s de traducir y\/o supervisar la traducci\u00f3n de miles de p\u00e1ginas de textos en soporte papel o digital al frente de su empresa de servicios de edici\u00f3n y traducci\u00f3n, una tarea que compagina con la docencia en la UPF y el trabajo de tutor en la UOC.<\/p>\n<p><strong>Primera part<\/strong><\/p>\n<p>&nbsp;<\/p>\n<p><iframe loading=\"lazy\" allow=\"accelerometer; autoplay; encrypted-media; gyroscope; picture-in-picture\" allowfullscreen=\"\" frameborder=\"0\" height=\"315\" src=\"https:\/\/www.youtube.com\/embed\/CByb_xBMKB0\" width=\"560\"><\/iframe><\/p>\n<p>&nbsp;<\/p>\n<p><strong>Segona part<\/strong><\/p>\n<p>&nbsp;<\/p>\n<p><iframe loading=\"lazy\" allow=\"accelerometer; autoplay; encrypted-media; gyroscope; picture-in-picture\" allowfullscreen=\"\" frameborder=\"0\" height=\"315\" src=\"https:\/\/www.youtube.com\/embed\/yGwWego_YVA\" width=\"560\"><\/iframe><\/p>\n<p>&nbsp;<\/p>\n<p><strong>Tercera part<\/strong><\/p>\n<p>&nbsp;<\/p>\n<p><iframe loading=\"lazy\" allow=\"accelerometer; autoplay; encrypted-media; gyroscope; picture-in-picture\" allowfullscreen=\"\" frameborder=\"0\" height=\"315\" src=\"https:\/\/www.youtube.com\/embed\/Sb3Iud-mauA\" width=\"560\"><\/iframe><\/p>\n<p>&nbsp;<\/p>\n<p><strong>Quarta part<\/strong><\/p>\n<p>&nbsp;<\/p>\n<p><iframe loading=\"lazy\" allow=\"accelerometer; autoplay; encrypted-media; gyroscope; picture-in-picture\" allowfullscreen=\"\" frameborder=\"0\" height=\"315\" src=\"https:\/\/www.youtube.com\/embed\/-s-aBwQyCNU\" width=\"560\"><\/iframe><\/p>\n<p>&nbsp;<\/p>\n","protected":false},"excerpt":{"rendered":"<p>Jordi Ainaud i Escudero es licenciado en Filolog\u00eda Inglesa por la Universidad de Barcelona y m\u00e1ster en Estudios Medievales por la Universidad de Londres, estudi\u00f3 chino en la Escuela Oficial de Idiomas de Barcelona y en la Universidad de Westminster en Londres. Ha desarrollado su actividad profesional desde 1985 en el mundo del libro, la [&hellip;]<\/p>\n","protected":false},"author":20,"featured_media":0,"parent":0,"menu_order":0,"comment_status":"closed","ping_status":"closed","template":"","meta":{"footnotes":""},"class_list":["post-616","page","type-page","status-publish","hentry"],"yoast_head":"<!-- This site is optimized with the Yoast SEO plugin v26.8 - https:\/\/yoast.com\/product\/yoast-seo-wordpress\/ -->\n<title>Entrevista a Jordi Ainaud - Grup de recerca en Traducci\u00f3 del xin\u00e8s al catal\u00e0\/castell\u00e0 (TXICC)<\/title>\n<meta name=\"robots\" content=\"index, follow, max-snippet:-1, max-image-preview:large, max-video-preview:-1\" \/>\n<link rel=\"canonical\" href=\"https:\/\/webs.uab.cat\/txicc\/es\/entrevista-a-jordi-ainaud-2\/\" \/>\n<meta property=\"og:locale\" content=\"es_ES\" \/>\n<meta property=\"og:type\" content=\"article\" \/>\n<meta property=\"og:title\" content=\"Entrevista a Jordi Ainaud - Grup de recerca en Traducci\u00f3 del xin\u00e8s al catal\u00e0\/castell\u00e0 (TXICC)\" \/>\n<meta property=\"og:description\" content=\"Jordi Ainaud i Escudero es licenciado en Filolog\u00eda Inglesa por la Universidad de Barcelona y m\u00e1ster en Estudios Medievales por la Universidad de Londres, estudi\u00f3 chino en la Escuela Oficial de Idiomas de Barcelona y en la Universidad de Westminster en Londres. Ha desarrollado su actividad profesional desde 1985 en el mundo del libro, la [&hellip;]\" \/>\n<meta property=\"og:url\" content=\"https:\/\/webs.uab.cat\/txicc\/es\/entrevista-a-jordi-ainaud-2\/\" \/>\n<meta property=\"og:site_name\" content=\"Grup de recerca en Traducci\u00f3 del xin\u00e8s al catal\u00e0\/castell\u00e0 (TXICC)\" \/>\n<meta name=\"twitter:card\" content=\"summary_large_image\" \/>\n<meta name=\"twitter:label1\" content=\"Tiempo de lectura\" \/>\n\t<meta name=\"twitter:data1\" content=\"1 minuto\" \/>\n<script type=\"application\/ld+json\" class=\"yoast-schema-graph\">{\"@context\":\"https:\/\/schema.org\",\"@graph\":[{\"@type\":\"WebPage\",\"@id\":\"https:\/\/webs.uab.cat\/txicc\/es\/entrevista-a-jordi-ainaud-2\/\",\"url\":\"https:\/\/webs.uab.cat\/txicc\/es\/entrevista-a-jordi-ainaud-2\/\",\"name\":\"Entrevista a Jordi Ainaud - Grup de recerca en Traducci\u00f3 del xin\u00e8s al catal\u00e0\/castell\u00e0 (TXICC)\",\"isPartOf\":{\"@id\":\"https:\/\/webs.uab.cat\/txicc\/#website\"},\"datePublished\":\"2019-11-15T13:47:02+00:00\",\"breadcrumb\":{\"@id\":\"https:\/\/webs.uab.cat\/txicc\/es\/entrevista-a-jordi-ainaud-2\/#breadcrumb\"},\"inLanguage\":\"es\",\"potentialAction\":[{\"@type\":\"ReadAction\",\"target\":[\"https:\/\/webs.uab.cat\/txicc\/es\/entrevista-a-jordi-ainaud-2\/\"]}]},{\"@type\":\"BreadcrumbList\",\"@id\":\"https:\/\/webs.uab.cat\/txicc\/es\/entrevista-a-jordi-ainaud-2\/#breadcrumb\",\"itemListElement\":[{\"@type\":\"ListItem\",\"position\":1,\"name\":\"Portada\",\"item\":\"https:\/\/webs.uab.cat\/txicc\/es\/\"},{\"@type\":\"ListItem\",\"position\":2,\"name\":\"Entrevista a Jordi Ainaud\"}]},{\"@type\":\"WebSite\",\"@id\":\"https:\/\/webs.uab.cat\/txicc\/#website\",\"url\":\"https:\/\/webs.uab.cat\/txicc\/\",\"name\":\"Grup de recerca en Traducci\u00f3 del xin\u00e8s al catal\u00e0\/castell\u00e0 (TXICC)\",\"description\":\"\",\"potentialAction\":[{\"@type\":\"SearchAction\",\"target\":{\"@type\":\"EntryPoint\",\"urlTemplate\":\"https:\/\/webs.uab.cat\/txicc\/?s={search_term_string}\"},\"query-input\":{\"@type\":\"PropertyValueSpecification\",\"valueRequired\":true,\"valueName\":\"search_term_string\"}}],\"inLanguage\":\"es\"}]}<\/script>\n<!-- \/ Yoast SEO plugin. -->","yoast_head_json":{"title":"Entrevista a Jordi Ainaud - Grup de recerca en Traducci\u00f3 del xin\u00e8s al catal\u00e0\/castell\u00e0 (TXICC)","robots":{"index":"index","follow":"follow","max-snippet":"max-snippet:-1","max-image-preview":"max-image-preview:large","max-video-preview":"max-video-preview:-1"},"canonical":"https:\/\/webs.uab.cat\/txicc\/es\/entrevista-a-jordi-ainaud-2\/","og_locale":"es_ES","og_type":"article","og_title":"Entrevista a Jordi Ainaud - Grup de recerca en Traducci\u00f3 del xin\u00e8s al catal\u00e0\/castell\u00e0 (TXICC)","og_description":"Jordi Ainaud i Escudero es licenciado en Filolog\u00eda Inglesa por la Universidad de Barcelona y m\u00e1ster en Estudios Medievales por la Universidad de Londres, estudi\u00f3 chino en la Escuela Oficial de Idiomas de Barcelona y en la Universidad de Westminster en Londres. Ha desarrollado su actividad profesional desde 1985 en el mundo del libro, la [&hellip;]","og_url":"https:\/\/webs.uab.cat\/txicc\/es\/entrevista-a-jordi-ainaud-2\/","og_site_name":"Grup de recerca en Traducci\u00f3 del xin\u00e8s al catal\u00e0\/castell\u00e0 (TXICC)","twitter_card":"summary_large_image","twitter_misc":{"Tiempo de lectura":"1 minuto"},"schema":{"@context":"https:\/\/schema.org","@graph":[{"@type":"WebPage","@id":"https:\/\/webs.uab.cat\/txicc\/es\/entrevista-a-jordi-ainaud-2\/","url":"https:\/\/webs.uab.cat\/txicc\/es\/entrevista-a-jordi-ainaud-2\/","name":"Entrevista a Jordi Ainaud - Grup de recerca en Traducci\u00f3 del xin\u00e8s al catal\u00e0\/castell\u00e0 (TXICC)","isPartOf":{"@id":"https:\/\/webs.uab.cat\/txicc\/#website"},"datePublished":"2019-11-15T13:47:02+00:00","breadcrumb":{"@id":"https:\/\/webs.uab.cat\/txicc\/es\/entrevista-a-jordi-ainaud-2\/#breadcrumb"},"inLanguage":"es","potentialAction":[{"@type":"ReadAction","target":["https:\/\/webs.uab.cat\/txicc\/es\/entrevista-a-jordi-ainaud-2\/"]}]},{"@type":"BreadcrumbList","@id":"https:\/\/webs.uab.cat\/txicc\/es\/entrevista-a-jordi-ainaud-2\/#breadcrumb","itemListElement":[{"@type":"ListItem","position":1,"name":"Portada","item":"https:\/\/webs.uab.cat\/txicc\/es\/"},{"@type":"ListItem","position":2,"name":"Entrevista a Jordi Ainaud"}]},{"@type":"WebSite","@id":"https:\/\/webs.uab.cat\/txicc\/#website","url":"https:\/\/webs.uab.cat\/txicc\/","name":"Grup de recerca en Traducci\u00f3 del xin\u00e8s al catal\u00e0\/castell\u00e0 (TXICC)","description":"","potentialAction":[{"@type":"SearchAction","target":{"@type":"EntryPoint","urlTemplate":"https:\/\/webs.uab.cat\/txicc\/?s={search_term_string}"},"query-input":{"@type":"PropertyValueSpecification","valueRequired":true,"valueName":"search_term_string"}}],"inLanguage":"es"}]}},"_links":{"self":[{"href":"https:\/\/webs.uab.cat\/txicc\/es\/wp-json\/wp\/v2\/pages\/616","targetHints":{"allow":["GET"]}}],"collection":[{"href":"https:\/\/webs.uab.cat\/txicc\/es\/wp-json\/wp\/v2\/pages"}],"about":[{"href":"https:\/\/webs.uab.cat\/txicc\/es\/wp-json\/wp\/v2\/types\/page"}],"author":[{"embeddable":true,"href":"https:\/\/webs.uab.cat\/txicc\/es\/wp-json\/wp\/v2\/users\/20"}],"replies":[{"embeddable":true,"href":"https:\/\/webs.uab.cat\/txicc\/es\/wp-json\/wp\/v2\/comments?post=616"}],"version-history":[{"count":0,"href":"https:\/\/webs.uab.cat\/txicc\/es\/wp-json\/wp\/v2\/pages\/616\/revisions"}],"wp:attachment":[{"href":"https:\/\/webs.uab.cat\/txicc\/es\/wp-json\/wp\/v2\/media?parent=616"}],"curies":[{"name":"wp","href":"https:\/\/api.w.org\/{rel}","templated":true}]}}