{"id":620,"date":"2019-12-30T11:07:26","date_gmt":"2019-12-30T09:07:26","guid":{"rendered":"https:\/\/webs.uab.cat\/txicc\/basesdedatos\/"},"modified":"2025-01-20T17:51:42","modified_gmt":"2025-01-20T15:51:42","slug":"basesdedatos","status":"publish","type":"page","link":"https:\/\/webs.uab.cat\/txicc\/es\/basesdedatos\/","title":{"rendered":"Bases de datos"},"content":{"rendered":"<ul>\n<li><a href=\"https:\/\/dtieao.uab.cat\/gelea2lt\/echineseplus\/\" target=\"_blank\" rel=\"noopener\">e\u00b7Chinese Plus: plataforma Moodle con actividades para aprender chino<\/a><\/li>\n<li><a href=\"https:\/\/dtieao.uab.cat\/txicc\/echinese\/es\/\" target=\"_blank\" rel=\"noopener\">e\u00b7Chinese Tools: Base de datos de recursos digitales para la ense\u00f1anza y el aprendizaje del chino<\/a><\/li>\n<li><a href=\"https:\/\/dtieao.uab.cat\/txicc\/lite\/\" target=\"_blank\" rel=\"noopener\">Base de datos de literatura<\/a>\n<ul>\n<li><a href=\"https:\/\/ddd.uab.cat\/record\/236502\" target=\"_blank\" rel=\"noopener\">Anuario de traducciones literarias del chino publicadas en Espanya en 2020<\/a><\/li>\n<\/ul>\n<\/li>\n<li><a href=\"https:\/\/dtieao.uab.cat\/txicc\/cine\/\" target=\"_blank\" rel=\"noopener\">Base de datos de cine<\/a>\n<ul>\n<li><a href=\"https:\/\/ddd.uab.cat\/record\/236501\" target=\"_blank\" rel=\"noopener\">Anuario de traducciones audiovisuales del chino proyectadas en Espanya en 2020<\/a><\/li>\n<\/ul>\n<\/li>\n<\/ul>\n<hr \/>\n<p>El 12 de diciembre de 2019 presentamos en la sede de la Fundaci\u00f3n Instituto Confucio de Barcelona (FICB) las dos bases de datos de acceso abierto elaboradas por el grupo sobre el cine y la\u00a0literatura chinas traducidas en Espa\u00f1a.<\/p>\n<p><a href=\"https:\/\/www.youtube.com\/watch?v=O08QSs9BGC0&amp;feature=youtu.be\" target=\"_blank\" rel=\"noopener\">V\u00eddeo de la presentaci\u00f3n<\/a><\/p>\n<p><a href=\"https:\/\/www.flickr.com\/photos\/confuciobarcelona\/sets\/72157712239898082\/\" target=\"_blank\" rel=\"noopener\">Galer\u00eda de fotograf\u00edas<\/a><\/p>\n<p><a href=\"https:\/\/dtieao.uab.cat\/txicc\/lite\/\" target=\"_blank\" rel=\"noopener\">Base de datos de literatura<\/a><\/p>\n<p><a href=\"https:\/\/dtieao.uab.cat\/txicc\/cine\/\" target=\"_blank\" rel=\"noopener\">Base de datos de cine<\/a><\/p>\n","protected":false},"excerpt":{"rendered":"<p>e\u00b7Chinese Plus: plataforma Moodle con actividades para aprender chino e\u00b7Chinese Tools: Base de datos de recursos digitales para la ense\u00f1anza y el aprendizaje del chino Base de datos de literatura Anuario de traducciones literarias del chino publicadas en Espanya en 2020 Base de datos de cine Anuario de traducciones audiovisuales del chino proyectadas en Espanya [&hellip;]<\/p>\n","protected":false},"author":20,"featured_media":0,"parent":0,"menu_order":0,"comment_status":"closed","ping_status":"closed","template":"","meta":{"footnotes":""},"class_list":["post-620","page","type-page","status-publish","hentry"],"yoast_head":"<!-- This site is optimized with the Yoast SEO plugin v26.8 - https:\/\/yoast.com\/product\/yoast-seo-wordpress\/ -->\n<title>Bases de datos - Grup de recerca en Traducci\u00f3 del xin\u00e8s al catal\u00e0\/castell\u00e0 (TXICC)<\/title>\n<meta name=\"robots\" content=\"index, follow, max-snippet:-1, max-image-preview:large, max-video-preview:-1\" \/>\n<link rel=\"canonical\" href=\"https:\/\/webs.uab.cat\/txicc\/es\/basesdedatos\/\" \/>\n<meta property=\"og:locale\" content=\"es_ES\" \/>\n<meta property=\"og:type\" content=\"article\" \/>\n<meta property=\"og:title\" content=\"Bases de datos - Grup de recerca en Traducci\u00f3 del xin\u00e8s al catal\u00e0\/castell\u00e0 (TXICC)\" \/>\n<meta property=\"og:description\" content=\"e\u00b7Chinese Plus: plataforma Moodle con actividades para aprender chino e\u00b7Chinese Tools: Base de datos de recursos digitales para la ense\u00f1anza y el aprendizaje del chino Base de datos de literatura Anuario de traducciones literarias del chino publicadas en Espanya en 2020 Base de datos de cine Anuario de traducciones audiovisuales del chino proyectadas en Espanya [&hellip;]\" \/>\n<meta property=\"og:url\" content=\"https:\/\/webs.uab.cat\/txicc\/es\/basesdedatos\/\" \/>\n<meta property=\"og:site_name\" content=\"Grup de recerca en Traducci\u00f3 del xin\u00e8s al catal\u00e0\/castell\u00e0 (TXICC)\" \/>\n<meta property=\"article:modified_time\" content=\"2025-01-20T15:51:42+00:00\" \/>\n<meta name=\"twitter:card\" content=\"summary_large_image\" \/>\n<meta name=\"twitter:label1\" content=\"Tiempo de lectura\" \/>\n\t<meta name=\"twitter:data1\" content=\"1 minuto\" \/>\n<script type=\"application\/ld+json\" class=\"yoast-schema-graph\">{\"@context\":\"https:\/\/schema.org\",\"@graph\":[{\"@type\":\"WebPage\",\"@id\":\"https:\/\/webs.uab.cat\/txicc\/es\/basesdedatos\/\",\"url\":\"https:\/\/webs.uab.cat\/txicc\/es\/basesdedatos\/\",\"name\":\"Bases de datos - Grup de recerca en Traducci\u00f3 del xin\u00e8s al catal\u00e0\/castell\u00e0 (TXICC)\",\"isPartOf\":{\"@id\":\"https:\/\/webs.uab.cat\/txicc\/#website\"},\"datePublished\":\"2019-12-30T09:07:26+00:00\",\"dateModified\":\"2025-01-20T15:51:42+00:00\",\"breadcrumb\":{\"@id\":\"https:\/\/webs.uab.cat\/txicc\/es\/basesdedatos\/#breadcrumb\"},\"inLanguage\":\"es\",\"potentialAction\":[{\"@type\":\"ReadAction\",\"target\":[\"https:\/\/webs.uab.cat\/txicc\/es\/basesdedatos\/\"]}]},{\"@type\":\"BreadcrumbList\",\"@id\":\"https:\/\/webs.uab.cat\/txicc\/es\/basesdedatos\/#breadcrumb\",\"itemListElement\":[{\"@type\":\"ListItem\",\"position\":1,\"name\":\"Portada\",\"item\":\"https:\/\/webs.uab.cat\/txicc\/es\/\"},{\"@type\":\"ListItem\",\"position\":2,\"name\":\"Bases de datos\"}]},{\"@type\":\"WebSite\",\"@id\":\"https:\/\/webs.uab.cat\/txicc\/#website\",\"url\":\"https:\/\/webs.uab.cat\/txicc\/\",\"name\":\"Grup de recerca en Traducci\u00f3 del xin\u00e8s al catal\u00e0\/castell\u00e0 (TXICC)\",\"description\":\"\",\"potentialAction\":[{\"@type\":\"SearchAction\",\"target\":{\"@type\":\"EntryPoint\",\"urlTemplate\":\"https:\/\/webs.uab.cat\/txicc\/?s={search_term_string}\"},\"query-input\":{\"@type\":\"PropertyValueSpecification\",\"valueRequired\":true,\"valueName\":\"search_term_string\"}}],\"inLanguage\":\"es\"}]}<\/script>\n<!-- \/ Yoast SEO plugin. -->","yoast_head_json":{"title":"Bases de datos - Grup de recerca en Traducci\u00f3 del xin\u00e8s al catal\u00e0\/castell\u00e0 (TXICC)","robots":{"index":"index","follow":"follow","max-snippet":"max-snippet:-1","max-image-preview":"max-image-preview:large","max-video-preview":"max-video-preview:-1"},"canonical":"https:\/\/webs.uab.cat\/txicc\/es\/basesdedatos\/","og_locale":"es_ES","og_type":"article","og_title":"Bases de datos - Grup de recerca en Traducci\u00f3 del xin\u00e8s al catal\u00e0\/castell\u00e0 (TXICC)","og_description":"e\u00b7Chinese Plus: plataforma Moodle con actividades para aprender chino e\u00b7Chinese Tools: Base de datos de recursos digitales para la ense\u00f1anza y el aprendizaje del chino Base de datos de literatura Anuario de traducciones literarias del chino publicadas en Espanya en 2020 Base de datos de cine Anuario de traducciones audiovisuales del chino proyectadas en Espanya [&hellip;]","og_url":"https:\/\/webs.uab.cat\/txicc\/es\/basesdedatos\/","og_site_name":"Grup de recerca en Traducci\u00f3 del xin\u00e8s al catal\u00e0\/castell\u00e0 (TXICC)","article_modified_time":"2025-01-20T15:51:42+00:00","twitter_card":"summary_large_image","twitter_misc":{"Tiempo de lectura":"1 minuto"},"schema":{"@context":"https:\/\/schema.org","@graph":[{"@type":"WebPage","@id":"https:\/\/webs.uab.cat\/txicc\/es\/basesdedatos\/","url":"https:\/\/webs.uab.cat\/txicc\/es\/basesdedatos\/","name":"Bases de datos - Grup de recerca en Traducci\u00f3 del xin\u00e8s al catal\u00e0\/castell\u00e0 (TXICC)","isPartOf":{"@id":"https:\/\/webs.uab.cat\/txicc\/#website"},"datePublished":"2019-12-30T09:07:26+00:00","dateModified":"2025-01-20T15:51:42+00:00","breadcrumb":{"@id":"https:\/\/webs.uab.cat\/txicc\/es\/basesdedatos\/#breadcrumb"},"inLanguage":"es","potentialAction":[{"@type":"ReadAction","target":["https:\/\/webs.uab.cat\/txicc\/es\/basesdedatos\/"]}]},{"@type":"BreadcrumbList","@id":"https:\/\/webs.uab.cat\/txicc\/es\/basesdedatos\/#breadcrumb","itemListElement":[{"@type":"ListItem","position":1,"name":"Portada","item":"https:\/\/webs.uab.cat\/txicc\/es\/"},{"@type":"ListItem","position":2,"name":"Bases de datos"}]},{"@type":"WebSite","@id":"https:\/\/webs.uab.cat\/txicc\/#website","url":"https:\/\/webs.uab.cat\/txicc\/","name":"Grup de recerca en Traducci\u00f3 del xin\u00e8s al catal\u00e0\/castell\u00e0 (TXICC)","description":"","potentialAction":[{"@type":"SearchAction","target":{"@type":"EntryPoint","urlTemplate":"https:\/\/webs.uab.cat\/txicc\/?s={search_term_string}"},"query-input":{"@type":"PropertyValueSpecification","valueRequired":true,"valueName":"search_term_string"}}],"inLanguage":"es"}]}},"_links":{"self":[{"href":"https:\/\/webs.uab.cat\/txicc\/es\/wp-json\/wp\/v2\/pages\/620","targetHints":{"allow":["GET"]}}],"collection":[{"href":"https:\/\/webs.uab.cat\/txicc\/es\/wp-json\/wp\/v2\/pages"}],"about":[{"href":"https:\/\/webs.uab.cat\/txicc\/es\/wp-json\/wp\/v2\/types\/page"}],"author":[{"embeddable":true,"href":"https:\/\/webs.uab.cat\/txicc\/es\/wp-json\/wp\/v2\/users\/20"}],"replies":[{"embeddable":true,"href":"https:\/\/webs.uab.cat\/txicc\/es\/wp-json\/wp\/v2\/comments?post=620"}],"version-history":[{"count":1,"href":"https:\/\/webs.uab.cat\/txicc\/es\/wp-json\/wp\/v2\/pages\/620\/revisions"}],"predecessor-version":[{"id":1529,"href":"https:\/\/webs.uab.cat\/txicc\/es\/wp-json\/wp\/v2\/pages\/620\/revisions\/1529"}],"wp:attachment":[{"href":"https:\/\/webs.uab.cat\/txicc\/es\/wp-json\/wp\/v2\/media?parent=620"}],"curies":[{"name":"wp","href":"https:\/\/api.w.org\/{rel}","templated":true}]}}