{"id":98,"date":"2009-05-25T13:26:58","date_gmt":"2009-05-25T11:26:58","guid":{"rendered":"https:\/\/webs.uab.cat\/txicc\/lineas-de-investigacion\/"},"modified":"2023-10-31T13:52:22","modified_gmt":"2023-10-31T11:52:22","slug":"lineas-de-investigacion","status":"publish","type":"page","link":"https:\/\/webs.uab.cat\/txicc\/es\/lineas-de-investigacion\/","title":{"rendered":"L\u00edneas de investigaci\u00f3n y publicaciones"},"content":{"rendered":"<p id=\"tw-target-text\" class=\"tw-data-text tw-text-large tw-ta\" dir=\"ltr\" data-placeholder=\"Traducci\u00f3n\" data-ved=\"2ahUKEwj0pNznmqCCAxVKVqQEHTj5DxAQ3ewLegQIBhAQ\"><span class=\"Y2IQFc\" lang=\"es\">Los miembros del TXICC tienen una amplia producci\u00f3n cient\u00edfica. La lista actualizada de las contribuciones se puede encontrar en el<a href=\"https:\/\/portalrecerca.uab.cat\/\"> Portal de Investigaci\u00f3n de la UAB<\/a> organizadas por tipolog\u00eda. La mayor\u00eda de las publicaciones est\u00e1n disponibles en acceso abierto al <a href=\"https:\/\/ddd.uab.cat\/collection\/txicc?ln=es\">Dep\u00f3sito Digital de Documentos de la UAB<\/a>. <\/span><\/p>\n<p class=\"tw-data-text tw-text-large tw-ta\" dir=\"ltr\" data-placeholder=\"Traducci\u00f3n\" data-ved=\"2ahUKEwj0pNznmqCCAxVKVqQEHTj5DxAQ3ewLegQIBhAQ\"><span class=\"Y2IQFc\" lang=\"es\">La actividad de investigaci\u00f3n del grupo se articula en torno a las siguientes l\u00edneas:<\/span><\/p>\n<ul>\n<li><span class=\"hps\">Traducci\u00f3n e interpretaci\u00f3n<\/span> <span class=\"hps\">entre<\/span> <span class=\"hps\">el chino<\/span> <span class=\"hps\">y<\/span> <span class=\"hps\">el catal\u00e1n<\/span>\/<span class=\"hps\">castellano<\/span><\/li>\n<li>Ling\u00fc\u00edstica <span class=\"hps\" style=\"font-size: revert;color: var(--color-negre);letter-spacing: 0.05rem\">contrastiva<\/span> <span class=\"hps\" style=\"font-size: revert;color: var(--color-negre);letter-spacing: 0.05rem\">entre<\/span> <span class=\"hps\" style=\"font-size: revert;color: var(--color-negre);letter-spacing: 0.05rem\">el chino<\/span> <span class=\"hps\" style=\"font-size: revert;color: var(--color-negre);letter-spacing: 0.05rem\">y<\/span> <span class=\"hps\" style=\"font-size: revert;color: var(--color-negre);letter-spacing: 0.05rem\">el catal\u00e1n<\/span><span class=\"hps\" style=\"font-size: revert;color: var(--color-negre);letter-spacing: 0.05rem\">\/<\/span><span class=\"hps\" style=\"font-size: revert;color: var(--color-negre);letter-spacing: 0.05rem\">castellano<\/span><\/li>\n<li>Did\u00e1ctica <span class=\"hps\" style=\"font-size: revert;color: var(--color-negre);letter-spacing: 0.05rem\">del chino<\/span> <span class=\"hps\" style=\"font-size: revert;color: var(--color-negre);letter-spacing: 0.05rem\">como lengua<\/span> <span class=\"hps\" style=\"font-size: revert;color: var(--color-negre);letter-spacing: 0.05rem\">extranjera<\/span><\/li>\n<li>Did\u00e1ctica <span class=\"hps\" style=\"font-size: revert;color: var(--color-negre);letter-spacing: 0.05rem\">del chino<\/span> <span class=\"hps\" style=\"font-size: revert;color: var(--color-negre);letter-spacing: 0.05rem\">para fines<\/span> <span class=\"hps\" style=\"font-size: revert;color: var(--color-negre);letter-spacing: 0.05rem\">espec\u00edficos<\/span> <span class=\"hps atn\" style=\"font-size: revert;color: var(--color-negre);letter-spacing: 0.05rem\">(<\/span><span style=\"font-size: revert;color: var(--color-negre);letter-spacing: 0.05rem\">lengua <\/span><span class=\"hps\" style=\"font-size: revert;color: var(--color-negre);letter-spacing: 0.05rem\">para traductores<\/span><span style=\"font-size: revert;color: var(--color-negre);letter-spacing: 0.05rem\">)<\/span><\/li>\n<li>La comunicaci\u00f3n intercultural <span class=\"hps\" style=\"font-size: revert;color: var(--color-negre);letter-spacing: 0.05rem\">entre<\/span> <span class=\"hps\" style=\"font-size: revert;color: var(--color-negre);letter-spacing: 0.05rem\">la cultura espa\u00f1ola<\/span> <span class=\"hps\" style=\"font-size: revert;color: var(--color-negre);letter-spacing: 0.05rem\">y<\/span> <span class=\"hps\" style=\"font-size: revert;color: var(--color-negre);letter-spacing: 0.05rem\">la china<\/span><\/li>\n<li>An\u00e1lisis cr\u00edtico del discurso <span class=\"hps\" style=\"font-size: revert;color: var(--color-negre);letter-spacing: 0.05rem\">sobre la lengua<\/span> <span class=\"hps\" style=\"font-size: revert;color: var(--color-negre);letter-spacing: 0.05rem\">china y la representaci\u00f3n del otro chino<\/span><\/li>\n<\/ul>\n","protected":false},"excerpt":{"rendered":"<p>Los miembros del TXICC tienen una amplia producci\u00f3n cient\u00edfica. La lista actualizada de las contribuciones se puede encontrar en el Portal de Investigaci\u00f3n de la UAB organizadas por tipolog\u00eda. La mayor\u00eda de las publicaciones est\u00e1n disponibles en acceso abierto al Dep\u00f3sito Digital de Documentos de la UAB. La actividad de investigaci\u00f3n del grupo se articula [&hellip;]<\/p>\n","protected":false},"author":20,"featured_media":0,"parent":0,"menu_order":0,"comment_status":"closed","ping_status":"closed","template":"","meta":{"footnotes":""},"class_list":["post-98","page","type-page","status-publish","hentry"],"yoast_head":"<!-- This site is optimized with the Yoast SEO plugin v26.8 - https:\/\/yoast.com\/product\/yoast-seo-wordpress\/ -->\n<title>L\u00edneas de investigaci\u00f3n y publicaciones - Grup de recerca en Traducci\u00f3 del xin\u00e8s al catal\u00e0\/castell\u00e0 (TXICC)<\/title>\n<meta name=\"robots\" content=\"index, follow, max-snippet:-1, max-image-preview:large, max-video-preview:-1\" \/>\n<link rel=\"canonical\" href=\"https:\/\/webs.uab.cat\/txicc\/es\/lineas-de-investigacion\/\" \/>\n<meta property=\"og:locale\" content=\"es_ES\" \/>\n<meta property=\"og:type\" content=\"article\" \/>\n<meta property=\"og:title\" content=\"L\u00edneas de investigaci\u00f3n y publicaciones - Grup de recerca en Traducci\u00f3 del xin\u00e8s al catal\u00e0\/castell\u00e0 (TXICC)\" \/>\n<meta property=\"og:description\" content=\"Los miembros del TXICC tienen una amplia producci\u00f3n cient\u00edfica. La lista actualizada de las contribuciones se puede encontrar en el Portal de Investigaci\u00f3n de la UAB organizadas por tipolog\u00eda. La mayor\u00eda de las publicaciones est\u00e1n disponibles en acceso abierto al Dep\u00f3sito Digital de Documentos de la UAB. La actividad de investigaci\u00f3n del grupo se articula [&hellip;]\" \/>\n<meta property=\"og:url\" content=\"https:\/\/webs.uab.cat\/txicc\/es\/lineas-de-investigacion\/\" \/>\n<meta property=\"og:site_name\" content=\"Grup de recerca en Traducci\u00f3 del xin\u00e8s al catal\u00e0\/castell\u00e0 (TXICC)\" \/>\n<meta property=\"article:modified_time\" content=\"2023-10-31T11:52:22+00:00\" \/>\n<meta name=\"twitter:card\" content=\"summary_large_image\" \/>\n<meta name=\"twitter:label1\" content=\"Tiempo de lectura\" \/>\n\t<meta name=\"twitter:data1\" content=\"1 minuto\" \/>\n<script type=\"application\/ld+json\" class=\"yoast-schema-graph\">{\"@context\":\"https:\/\/schema.org\",\"@graph\":[{\"@type\":\"WebPage\",\"@id\":\"https:\/\/webs.uab.cat\/txicc\/es\/lineas-de-investigacion\/\",\"url\":\"https:\/\/webs.uab.cat\/txicc\/es\/lineas-de-investigacion\/\",\"name\":\"L\u00edneas de investigaci\u00f3n y publicaciones - Grup de recerca en Traducci\u00f3 del xin\u00e8s al catal\u00e0\/castell\u00e0 (TXICC)\",\"isPartOf\":{\"@id\":\"https:\/\/webs.uab.cat\/txicc\/#website\"},\"datePublished\":\"2009-05-25T11:26:58+00:00\",\"dateModified\":\"2023-10-31T11:52:22+00:00\",\"breadcrumb\":{\"@id\":\"https:\/\/webs.uab.cat\/txicc\/es\/lineas-de-investigacion\/#breadcrumb\"},\"inLanguage\":\"es\",\"potentialAction\":[{\"@type\":\"ReadAction\",\"target\":[\"https:\/\/webs.uab.cat\/txicc\/es\/lineas-de-investigacion\/\"]}]},{\"@type\":\"BreadcrumbList\",\"@id\":\"https:\/\/webs.uab.cat\/txicc\/es\/lineas-de-investigacion\/#breadcrumb\",\"itemListElement\":[{\"@type\":\"ListItem\",\"position\":1,\"name\":\"Portada\",\"item\":\"https:\/\/webs.uab.cat\/txicc\/es\/\"},{\"@type\":\"ListItem\",\"position\":2,\"name\":\"L\u00edneas de investigaci\u00f3n y publicaciones\"}]},{\"@type\":\"WebSite\",\"@id\":\"https:\/\/webs.uab.cat\/txicc\/#website\",\"url\":\"https:\/\/webs.uab.cat\/txicc\/\",\"name\":\"Grup de recerca en Traducci\u00f3 del xin\u00e8s al catal\u00e0\/castell\u00e0 (TXICC)\",\"description\":\"\",\"potentialAction\":[{\"@type\":\"SearchAction\",\"target\":{\"@type\":\"EntryPoint\",\"urlTemplate\":\"https:\/\/webs.uab.cat\/txicc\/?s={search_term_string}\"},\"query-input\":{\"@type\":\"PropertyValueSpecification\",\"valueRequired\":true,\"valueName\":\"search_term_string\"}}],\"inLanguage\":\"es\"}]}<\/script>\n<!-- \/ Yoast SEO plugin. -->","yoast_head_json":{"title":"L\u00edneas de investigaci\u00f3n y publicaciones - Grup de recerca en Traducci\u00f3 del xin\u00e8s al catal\u00e0\/castell\u00e0 (TXICC)","robots":{"index":"index","follow":"follow","max-snippet":"max-snippet:-1","max-image-preview":"max-image-preview:large","max-video-preview":"max-video-preview:-1"},"canonical":"https:\/\/webs.uab.cat\/txicc\/es\/lineas-de-investigacion\/","og_locale":"es_ES","og_type":"article","og_title":"L\u00edneas de investigaci\u00f3n y publicaciones - Grup de recerca en Traducci\u00f3 del xin\u00e8s al catal\u00e0\/castell\u00e0 (TXICC)","og_description":"Los miembros del TXICC tienen una amplia producci\u00f3n cient\u00edfica. La lista actualizada de las contribuciones se puede encontrar en el Portal de Investigaci\u00f3n de la UAB organizadas por tipolog\u00eda. La mayor\u00eda de las publicaciones est\u00e1n disponibles en acceso abierto al Dep\u00f3sito Digital de Documentos de la UAB. La actividad de investigaci\u00f3n del grupo se articula [&hellip;]","og_url":"https:\/\/webs.uab.cat\/txicc\/es\/lineas-de-investigacion\/","og_site_name":"Grup de recerca en Traducci\u00f3 del xin\u00e8s al catal\u00e0\/castell\u00e0 (TXICC)","article_modified_time":"2023-10-31T11:52:22+00:00","twitter_card":"summary_large_image","twitter_misc":{"Tiempo de lectura":"1 minuto"},"schema":{"@context":"https:\/\/schema.org","@graph":[{"@type":"WebPage","@id":"https:\/\/webs.uab.cat\/txicc\/es\/lineas-de-investigacion\/","url":"https:\/\/webs.uab.cat\/txicc\/es\/lineas-de-investigacion\/","name":"L\u00edneas de investigaci\u00f3n y publicaciones - Grup de recerca en Traducci\u00f3 del xin\u00e8s al catal\u00e0\/castell\u00e0 (TXICC)","isPartOf":{"@id":"https:\/\/webs.uab.cat\/txicc\/#website"},"datePublished":"2009-05-25T11:26:58+00:00","dateModified":"2023-10-31T11:52:22+00:00","breadcrumb":{"@id":"https:\/\/webs.uab.cat\/txicc\/es\/lineas-de-investigacion\/#breadcrumb"},"inLanguage":"es","potentialAction":[{"@type":"ReadAction","target":["https:\/\/webs.uab.cat\/txicc\/es\/lineas-de-investigacion\/"]}]},{"@type":"BreadcrumbList","@id":"https:\/\/webs.uab.cat\/txicc\/es\/lineas-de-investigacion\/#breadcrumb","itemListElement":[{"@type":"ListItem","position":1,"name":"Portada","item":"https:\/\/webs.uab.cat\/txicc\/es\/"},{"@type":"ListItem","position":2,"name":"L\u00edneas de investigaci\u00f3n y publicaciones"}]},{"@type":"WebSite","@id":"https:\/\/webs.uab.cat\/txicc\/#website","url":"https:\/\/webs.uab.cat\/txicc\/","name":"Grup de recerca en Traducci\u00f3 del xin\u00e8s al catal\u00e0\/castell\u00e0 (TXICC)","description":"","potentialAction":[{"@type":"SearchAction","target":{"@type":"EntryPoint","urlTemplate":"https:\/\/webs.uab.cat\/txicc\/?s={search_term_string}"},"query-input":{"@type":"PropertyValueSpecification","valueRequired":true,"valueName":"search_term_string"}}],"inLanguage":"es"}]}},"_links":{"self":[{"href":"https:\/\/webs.uab.cat\/txicc\/es\/wp-json\/wp\/v2\/pages\/98","targetHints":{"allow":["GET"]}}],"collection":[{"href":"https:\/\/webs.uab.cat\/txicc\/es\/wp-json\/wp\/v2\/pages"}],"about":[{"href":"https:\/\/webs.uab.cat\/txicc\/es\/wp-json\/wp\/v2\/types\/page"}],"author":[{"embeddable":true,"href":"https:\/\/webs.uab.cat\/txicc\/es\/wp-json\/wp\/v2\/users\/20"}],"replies":[{"embeddable":true,"href":"https:\/\/webs.uab.cat\/txicc\/es\/wp-json\/wp\/v2\/comments?post=98"}],"version-history":[{"count":2,"href":"https:\/\/webs.uab.cat\/txicc\/es\/wp-json\/wp\/v2\/pages\/98\/revisions"}],"predecessor-version":[{"id":1238,"href":"https:\/\/webs.uab.cat\/txicc\/es\/wp-json\/wp\/v2\/pages\/98\/revisions\/1238"}],"wp:attachment":[{"href":"https:\/\/webs.uab.cat\/txicc\/es\/wp-json\/wp\/v2\/media?parent=98"}],"curies":[{"name":"wp","href":"https:\/\/api.w.org\/{rel}","templated":true}]}}