{"id":114,"date":"2012-02-14T10:08:11","date_gmt":"2012-02-14T08:08:11","guid":{"rendered":"https:\/\/webs.uab.cat\/txicc\/divulgacio-i-transferencia\/"},"modified":"2024-07-16T11:33:07","modified_gmt":"2024-07-16T09:33:07","slug":"divulgacio-i-transferencia","status":"publish","type":"page","link":"https:\/\/webs.uab.cat\/txicc\/divulgacio-i-transferencia\/","title":{"rendered":"Divulgaci\u00f3 i transfer\u00e8ncia"},"content":{"rendered":"\n<p>Els membres del TXICC duen a terme tasques d\u2019assessorament ling\u00fc\u00edstic per a diferents institucions i professionals de la llengua, com ara editors, traductors, correctors, periodistes, etc., en q\u00fcestions relacionades amb la llengua xinesa i el col\u00b7lectiu xin\u00e8s resident a Catalunya. Entre les institucions amb qui col\u00b7laboren hi ha el TERMCAT, la Direcci\u00f3 General de Pol\u00edtica Ling\u00fc\u00edstica de la Generalitat i l&#8217;Institut d&#8217;Estudis Catalans. A m\u00e9s a m\u00e9s, promouen la difusi\u00f3 del coneixement en diferents formats, com ara exposicions, entrevistes, blogs, etc.<\/p>\n\n\n\n<ul class=\"wp-block-list\">\n<li><a href=\"http:\/\/webs.uab.cat\/txicc\/convenis\">Convenis<\/a><\/li>\n<\/ul>\n\n\n\n<ul class=\"wp-block-list\">\n<li><a href=\"http:\/\/webs.uab.cat\/txicc\/entrevistes\">Entrevistes<\/a><\/li>\n<\/ul>\n\n\n\n<ul class=\"wp-block-list\">\n<li><a href=\"https:\/\/webs.uab.cat\/txicc\/exposicions\/\">Exposicions<\/a><\/li>\n<\/ul>\n\n\n\n<ul class=\"wp-block-list\">\n<li><a href=\"https:\/\/webs.uab.cat\/txicc\/divulgacio-i-transferencia\/pindoles-de-llengua-i-literatura-xineses-primera-edicio\/\">P\u00edndoles de llengua i literatura xineses<\/a><\/li>\n<\/ul>\n","protected":false},"excerpt":{"rendered":"<p>Els membres del TXICC duen a terme tasques d\u2019assessorament ling\u00fc\u00edstic per a diferents institucions i professionals de la llengua, com ara editors, traductors, correctors, periodistes, etc., en q\u00fcestions relacionades amb la llengua xinesa i el col\u00b7lectiu xin\u00e8s resident a Catalunya. Entre les institucions amb qui col\u00b7laboren hi ha el TERMCAT, la Direcci\u00f3 General de Pol\u00edtica [&hellip;]<\/p>\n","protected":false},"author":20,"featured_media":0,"parent":0,"menu_order":0,"comment_status":"closed","ping_status":"closed","template":"","meta":{"footnotes":""},"class_list":["post-114","page","type-page","status-publish","hentry"],"yoast_head":"<!-- This site is optimized with the Yoast SEO plugin v26.8 - https:\/\/yoast.com\/product\/yoast-seo-wordpress\/ -->\n<title>Divulgaci\u00f3 i transfer\u00e8ncia - Grup de recerca en Traducci\u00f3 del xin\u00e8s al catal\u00e0\/castell\u00e0 (TXICC)<\/title>\n<meta name=\"robots\" content=\"index, follow, max-snippet:-1, max-image-preview:large, max-video-preview:-1\" \/>\n<link rel=\"canonical\" href=\"https:\/\/webs.uab.cat\/txicc\/divulgacio-i-transferencia\/\" \/>\n<meta property=\"og:locale\" content=\"ca_ES\" \/>\n<meta property=\"og:type\" content=\"article\" \/>\n<meta property=\"og:title\" content=\"Divulgaci\u00f3 i transfer\u00e8ncia - Grup de recerca en Traducci\u00f3 del xin\u00e8s al catal\u00e0\/castell\u00e0 (TXICC)\" \/>\n<meta property=\"og:description\" content=\"Els membres del TXICC duen a terme tasques d\u2019assessorament ling\u00fc\u00edstic per a diferents institucions i professionals de la llengua, com ara editors, traductors, correctors, periodistes, etc., en q\u00fcestions relacionades amb la llengua xinesa i el col\u00b7lectiu xin\u00e8s resident a Catalunya. Entre les institucions amb qui col\u00b7laboren hi ha el TERMCAT, la Direcci\u00f3 General de Pol\u00edtica [&hellip;]\" \/>\n<meta property=\"og:url\" content=\"https:\/\/webs.uab.cat\/txicc\/divulgacio-i-transferencia\/\" \/>\n<meta property=\"og:site_name\" content=\"Grup de recerca en Traducci\u00f3 del xin\u00e8s al catal\u00e0\/castell\u00e0 (TXICC)\" \/>\n<meta property=\"article:modified_time\" content=\"2024-07-16T09:33:07+00:00\" \/>\n<meta name=\"twitter:card\" content=\"summary_large_image\" \/>\n<meta name=\"twitter:label1\" content=\"Temps estimat de lectura\" \/>\n\t<meta name=\"twitter:data1\" content=\"1 minut\" \/>\n<script type=\"application\/ld+json\" class=\"yoast-schema-graph\">{\"@context\":\"https:\/\/schema.org\",\"@graph\":[{\"@type\":\"WebPage\",\"@id\":\"https:\/\/webs.uab.cat\/txicc\/divulgacio-i-transferencia\/\",\"url\":\"https:\/\/webs.uab.cat\/txicc\/divulgacio-i-transferencia\/\",\"name\":\"Divulgaci\u00f3 i transfer\u00e8ncia - Grup de recerca en Traducci\u00f3 del xin\u00e8s al catal\u00e0\/castell\u00e0 (TXICC)\",\"isPartOf\":{\"@id\":\"https:\/\/webs.uab.cat\/txicc\/#website\"},\"datePublished\":\"2012-02-14T08:08:11+00:00\",\"dateModified\":\"2024-07-16T09:33:07+00:00\",\"breadcrumb\":{\"@id\":\"https:\/\/webs.uab.cat\/txicc\/divulgacio-i-transferencia\/#breadcrumb\"},\"inLanguage\":\"ca\",\"potentialAction\":[{\"@type\":\"ReadAction\",\"target\":[\"https:\/\/webs.uab.cat\/txicc\/divulgacio-i-transferencia\/\"]}]},{\"@type\":\"BreadcrumbList\",\"@id\":\"https:\/\/webs.uab.cat\/txicc\/divulgacio-i-transferencia\/#breadcrumb\",\"itemListElement\":[{\"@type\":\"ListItem\",\"position\":1,\"name\":\"Portada\",\"item\":\"https:\/\/webs.uab.cat\/txicc\/\"},{\"@type\":\"ListItem\",\"position\":2,\"name\":\"Divulgaci\u00f3 i transfer\u00e8ncia\"}]},{\"@type\":\"WebSite\",\"@id\":\"https:\/\/webs.uab.cat\/txicc\/#website\",\"url\":\"https:\/\/webs.uab.cat\/txicc\/\",\"name\":\"Grup de recerca en Traducci\u00f3 del xin\u00e8s al catal\u00e0\/castell\u00e0 (TXICC)\",\"description\":\"\",\"potentialAction\":[{\"@type\":\"SearchAction\",\"target\":{\"@type\":\"EntryPoint\",\"urlTemplate\":\"https:\/\/webs.uab.cat\/txicc\/?s={search_term_string}\"},\"query-input\":{\"@type\":\"PropertyValueSpecification\",\"valueRequired\":true,\"valueName\":\"search_term_string\"}}],\"inLanguage\":\"ca\"}]}<\/script>\n<!-- \/ Yoast SEO plugin. -->","yoast_head_json":{"title":"Divulgaci\u00f3 i transfer\u00e8ncia - Grup de recerca en Traducci\u00f3 del xin\u00e8s al catal\u00e0\/castell\u00e0 (TXICC)","robots":{"index":"index","follow":"follow","max-snippet":"max-snippet:-1","max-image-preview":"max-image-preview:large","max-video-preview":"max-video-preview:-1"},"canonical":"https:\/\/webs.uab.cat\/txicc\/divulgacio-i-transferencia\/","og_locale":"ca_ES","og_type":"article","og_title":"Divulgaci\u00f3 i transfer\u00e8ncia - Grup de recerca en Traducci\u00f3 del xin\u00e8s al catal\u00e0\/castell\u00e0 (TXICC)","og_description":"Els membres del TXICC duen a terme tasques d\u2019assessorament ling\u00fc\u00edstic per a diferents institucions i professionals de la llengua, com ara editors, traductors, correctors, periodistes, etc., en q\u00fcestions relacionades amb la llengua xinesa i el col\u00b7lectiu xin\u00e8s resident a Catalunya. Entre les institucions amb qui col\u00b7laboren hi ha el TERMCAT, la Direcci\u00f3 General de Pol\u00edtica [&hellip;]","og_url":"https:\/\/webs.uab.cat\/txicc\/divulgacio-i-transferencia\/","og_site_name":"Grup de recerca en Traducci\u00f3 del xin\u00e8s al catal\u00e0\/castell\u00e0 (TXICC)","article_modified_time":"2024-07-16T09:33:07+00:00","twitter_card":"summary_large_image","twitter_misc":{"Temps estimat de lectura":"1 minut"},"schema":{"@context":"https:\/\/schema.org","@graph":[{"@type":"WebPage","@id":"https:\/\/webs.uab.cat\/txicc\/divulgacio-i-transferencia\/","url":"https:\/\/webs.uab.cat\/txicc\/divulgacio-i-transferencia\/","name":"Divulgaci\u00f3 i transfer\u00e8ncia - Grup de recerca en Traducci\u00f3 del xin\u00e8s al catal\u00e0\/castell\u00e0 (TXICC)","isPartOf":{"@id":"https:\/\/webs.uab.cat\/txicc\/#website"},"datePublished":"2012-02-14T08:08:11+00:00","dateModified":"2024-07-16T09:33:07+00:00","breadcrumb":{"@id":"https:\/\/webs.uab.cat\/txicc\/divulgacio-i-transferencia\/#breadcrumb"},"inLanguage":"ca","potentialAction":[{"@type":"ReadAction","target":["https:\/\/webs.uab.cat\/txicc\/divulgacio-i-transferencia\/"]}]},{"@type":"BreadcrumbList","@id":"https:\/\/webs.uab.cat\/txicc\/divulgacio-i-transferencia\/#breadcrumb","itemListElement":[{"@type":"ListItem","position":1,"name":"Portada","item":"https:\/\/webs.uab.cat\/txicc\/"},{"@type":"ListItem","position":2,"name":"Divulgaci\u00f3 i transfer\u00e8ncia"}]},{"@type":"WebSite","@id":"https:\/\/webs.uab.cat\/txicc\/#website","url":"https:\/\/webs.uab.cat\/txicc\/","name":"Grup de recerca en Traducci\u00f3 del xin\u00e8s al catal\u00e0\/castell\u00e0 (TXICC)","description":"","potentialAction":[{"@type":"SearchAction","target":{"@type":"EntryPoint","urlTemplate":"https:\/\/webs.uab.cat\/txicc\/?s={search_term_string}"},"query-input":{"@type":"PropertyValueSpecification","valueRequired":true,"valueName":"search_term_string"}}],"inLanguage":"ca"}]}},"_links":{"self":[{"href":"https:\/\/webs.uab.cat\/txicc\/wp-json\/wp\/v2\/pages\/114","targetHints":{"allow":["GET"]}}],"collection":[{"href":"https:\/\/webs.uab.cat\/txicc\/wp-json\/wp\/v2\/pages"}],"about":[{"href":"https:\/\/webs.uab.cat\/txicc\/wp-json\/wp\/v2\/types\/page"}],"author":[{"embeddable":true,"href":"https:\/\/webs.uab.cat\/txicc\/wp-json\/wp\/v2\/users\/20"}],"replies":[{"embeddable":true,"href":"https:\/\/webs.uab.cat\/txicc\/wp-json\/wp\/v2\/comments?post=114"}],"version-history":[{"count":10,"href":"https:\/\/webs.uab.cat\/txicc\/wp-json\/wp\/v2\/pages\/114\/revisions"}],"predecessor-version":[{"id":1425,"href":"https:\/\/webs.uab.cat\/txicc\/wp-json\/wp\/v2\/pages\/114\/revisions\/1425"}],"wp:attachment":[{"href":"https:\/\/webs.uab.cat\/txicc\/wp-json\/wp\/v2\/media?parent=114"}],"curies":[{"name":"wp","href":"https:\/\/api.w.org\/{rel}","templated":true}]}}