{"id":556,"date":"2013-05-01T22:32:05","date_gmt":"2013-05-01T20:32:05","guid":{"rendered":"https:\/\/webs.uab.cat\/txicc\/exposicions\/"},"modified":"2025-01-24T09:24:30","modified_gmt":"2025-01-24T07:24:30","slug":"exposicions","status":"publish","type":"page","link":"https:\/\/webs.uab.cat\/txicc\/exposicions\/","title":{"rendered":"Exposicions"},"content":{"rendered":"\n<p>Navegar cap al m\u00f3n: la literatura taiwanesa, en col\u00b7laboraci\u00f3 amb el Museu Nacional de Literatura de Taiwan. Exposici\u00f3 itinerant: <a href=\"https:\/\/www.uab.cat\/web\/detall-de-noticia\/inauguracio-de-l-exposicio-navegar-cap-al-mon-la-literatura-taiwanesa-1345711434424.html?noticiaid=1345916402554\" data-type=\"link\" data-id=\"https:\/\/www.uab.cat\/web\/detall-de-noticia\/inauguracio-de-l-exposicio-navegar-cap-al-mon-la-literatura-taiwanesa-1345711434424.html?noticiaid=1345916402554\">Sala de Revistes de la UAB<\/a> (maig-juny de 2024), <a href=\"https:\/\/www.eixfortpienc.com\/cat\/activitat\/navegar-cap-al-mon-la-literatura-taiwanesa\">biblioteca del Fort Pienc de Barcelona <\/a>(gener-febrer de 2025). <\/p>\n\n\n\n<p><a href=\"https:\/\/ddd.uab.cat\/pub\/expbib\/2013\/106062\/xinescatala\/xinescatala.html\">L&#8217;impacte de la literatura xinesa a casa nostra<\/a> (2013), en col\u00b7laboraci\u00f3 amb la Biblioteca d&#8217;Humanitats de la UAB.<\/p>\n\n\n\n<figure class=\"wp-block-image size-large\"><img decoding=\"async\" src=\"https:\/\/webs.uab.cat\/txicc\/wp-content\/uploads\/sites\/309\/2013\/04\/IMG_2244_0.JPG\" alt=\"\" \/><\/figure>\n\n\n\n<figure class=\"wp-block-image size-large\"><img decoding=\"async\" src=\"https:\/\/webs.uab.cat\/txicc\/wp-content\/uploads\/sites\/309\/2013\/04\/IMG_2247_0.JPG\" alt=\"\" \/><\/figure>\n\n\n\n<figure class=\"wp-block-image size-large\"><img decoding=\"async\" src=\"https:\/\/webs.uab.cat\/txicc\/wp-content\/uploads\/sites\/309\/2013\/04\/IMG_2248_0.JPG\" alt=\"\" \/><\/figure>\n","protected":false},"excerpt":{"rendered":"<p>Navegar cap al m\u00f3n: la literatura taiwanesa, en col\u00b7laboraci\u00f3 amb el Museu Nacional de Literatura de Taiwan. Exposici\u00f3 itinerant: Sala de Revistes de la UAB (maig-juny de 2024), biblioteca del Fort Pienc de Barcelona (gener-febrer de 2025). L&#8217;impacte de la literatura xinesa a casa nostra (2013), en col\u00b7laboraci\u00f3 amb la Biblioteca d&#8217;Humanitats de la UAB.<\/p>\n","protected":false},"author":20,"featured_media":0,"parent":0,"menu_order":0,"comment_status":"closed","ping_status":"closed","template":"","meta":{"footnotes":""},"class_list":["post-556","page","type-page","status-publish","hentry"],"yoast_head":"<!-- This site is optimized with the Yoast SEO plugin v26.8 - https:\/\/yoast.com\/product\/yoast-seo-wordpress\/ -->\n<title>Exposicions - Grup de recerca en Traducci\u00f3 del xin\u00e8s al catal\u00e0\/castell\u00e0 (TXICC)<\/title>\n<meta name=\"robots\" content=\"index, follow, max-snippet:-1, max-image-preview:large, max-video-preview:-1\" \/>\n<link rel=\"canonical\" href=\"https:\/\/webs.uab.cat\/txicc\/exposicions\/\" \/>\n<meta property=\"og:locale\" content=\"ca_ES\" \/>\n<meta property=\"og:type\" content=\"article\" \/>\n<meta property=\"og:title\" content=\"Exposicions - Grup de recerca en Traducci\u00f3 del xin\u00e8s al catal\u00e0\/castell\u00e0 (TXICC)\" \/>\n<meta property=\"og:description\" content=\"Navegar cap al m\u00f3n: la literatura taiwanesa, en col\u00b7laboraci\u00f3 amb el Museu Nacional de Literatura de Taiwan. Exposici\u00f3 itinerant: Sala de Revistes de la UAB (maig-juny de 2024), biblioteca del Fort Pienc de Barcelona (gener-febrer de 2025). L&#8217;impacte de la literatura xinesa a casa nostra (2013), en col\u00b7laboraci\u00f3 amb la Biblioteca d&#8217;Humanitats de la UAB.\" \/>\n<meta property=\"og:url\" content=\"https:\/\/webs.uab.cat\/txicc\/exposicions\/\" \/>\n<meta property=\"og:site_name\" content=\"Grup de recerca en Traducci\u00f3 del xin\u00e8s al catal\u00e0\/castell\u00e0 (TXICC)\" \/>\n<meta property=\"article:modified_time\" content=\"2025-01-24T07:24:30+00:00\" \/>\n<meta property=\"og:image\" content=\"https:\/\/webs.uab.cat\/txicc\/wp-content\/uploads\/sites\/309\/2013\/04\/IMG_2244_0.JPG\" \/>\n<meta name=\"twitter:card\" content=\"summary_large_image\" \/>\n<script type=\"application\/ld+json\" class=\"yoast-schema-graph\">{\"@context\":\"https:\/\/schema.org\",\"@graph\":[{\"@type\":\"WebPage\",\"@id\":\"https:\/\/webs.uab.cat\/txicc\/exposicions\/\",\"url\":\"https:\/\/webs.uab.cat\/txicc\/exposicions\/\",\"name\":\"Exposicions - Grup de recerca en Traducci\u00f3 del xin\u00e8s al catal\u00e0\/castell\u00e0 (TXICC)\",\"isPartOf\":{\"@id\":\"https:\/\/webs.uab.cat\/txicc\/#website\"},\"primaryImageOfPage\":{\"@id\":\"https:\/\/webs.uab.cat\/txicc\/exposicions\/#primaryimage\"},\"image\":{\"@id\":\"https:\/\/webs.uab.cat\/txicc\/exposicions\/#primaryimage\"},\"thumbnailUrl\":\"https:\/\/webs.uab.cat\/txicc\/wp-content\/uploads\/sites\/309\/2013\/04\/IMG_2244_0.JPG\",\"datePublished\":\"2013-05-01T20:32:05+00:00\",\"dateModified\":\"2025-01-24T07:24:30+00:00\",\"breadcrumb\":{\"@id\":\"https:\/\/webs.uab.cat\/txicc\/exposicions\/#breadcrumb\"},\"inLanguage\":\"ca\",\"potentialAction\":[{\"@type\":\"ReadAction\",\"target\":[\"https:\/\/webs.uab.cat\/txicc\/exposicions\/\"]}]},{\"@type\":\"ImageObject\",\"inLanguage\":\"ca\",\"@id\":\"https:\/\/webs.uab.cat\/txicc\/exposicions\/#primaryimage\",\"url\":\"https:\/\/webs.uab.cat\/txicc\/wp-content\/uploads\/sites\/309\/2013\/04\/IMG_2244_0.JPG\",\"contentUrl\":\"https:\/\/webs.uab.cat\/txicc\/wp-content\/uploads\/sites\/309\/2013\/04\/IMG_2244_0.JPG\",\"width\":960,\"height\":720,\"caption\":\"IMG_2244_0\"},{\"@type\":\"BreadcrumbList\",\"@id\":\"https:\/\/webs.uab.cat\/txicc\/exposicions\/#breadcrumb\",\"itemListElement\":[{\"@type\":\"ListItem\",\"position\":1,\"name\":\"Portada\",\"item\":\"https:\/\/webs.uab.cat\/txicc\/\"},{\"@type\":\"ListItem\",\"position\":2,\"name\":\"Exposicions\"}]},{\"@type\":\"WebSite\",\"@id\":\"https:\/\/webs.uab.cat\/txicc\/#website\",\"url\":\"https:\/\/webs.uab.cat\/txicc\/\",\"name\":\"Grup de recerca en Traducci\u00f3 del xin\u00e8s al catal\u00e0\/castell\u00e0 (TXICC)\",\"description\":\"\",\"potentialAction\":[{\"@type\":\"SearchAction\",\"target\":{\"@type\":\"EntryPoint\",\"urlTemplate\":\"https:\/\/webs.uab.cat\/txicc\/?s={search_term_string}\"},\"query-input\":{\"@type\":\"PropertyValueSpecification\",\"valueRequired\":true,\"valueName\":\"search_term_string\"}}],\"inLanguage\":\"ca\"}]}<\/script>\n<!-- \/ Yoast SEO plugin. -->","yoast_head_json":{"title":"Exposicions - Grup de recerca en Traducci\u00f3 del xin\u00e8s al catal\u00e0\/castell\u00e0 (TXICC)","robots":{"index":"index","follow":"follow","max-snippet":"max-snippet:-1","max-image-preview":"max-image-preview:large","max-video-preview":"max-video-preview:-1"},"canonical":"https:\/\/webs.uab.cat\/txicc\/exposicions\/","og_locale":"ca_ES","og_type":"article","og_title":"Exposicions - Grup de recerca en Traducci\u00f3 del xin\u00e8s al catal\u00e0\/castell\u00e0 (TXICC)","og_description":"Navegar cap al m\u00f3n: la literatura taiwanesa, en col\u00b7laboraci\u00f3 amb el Museu Nacional de Literatura de Taiwan. Exposici\u00f3 itinerant: Sala de Revistes de la UAB (maig-juny de 2024), biblioteca del Fort Pienc de Barcelona (gener-febrer de 2025). L&#8217;impacte de la literatura xinesa a casa nostra (2013), en col\u00b7laboraci\u00f3 amb la Biblioteca d&#8217;Humanitats de la UAB.","og_url":"https:\/\/webs.uab.cat\/txicc\/exposicions\/","og_site_name":"Grup de recerca en Traducci\u00f3 del xin\u00e8s al catal\u00e0\/castell\u00e0 (TXICC)","article_modified_time":"2025-01-24T07:24:30+00:00","og_image":[{"url":"https:\/\/webs.uab.cat\/txicc\/wp-content\/uploads\/sites\/309\/2013\/04\/IMG_2244_0.JPG","type":"","width":"","height":""}],"twitter_card":"summary_large_image","schema":{"@context":"https:\/\/schema.org","@graph":[{"@type":"WebPage","@id":"https:\/\/webs.uab.cat\/txicc\/exposicions\/","url":"https:\/\/webs.uab.cat\/txicc\/exposicions\/","name":"Exposicions - Grup de recerca en Traducci\u00f3 del xin\u00e8s al catal\u00e0\/castell\u00e0 (TXICC)","isPartOf":{"@id":"https:\/\/webs.uab.cat\/txicc\/#website"},"primaryImageOfPage":{"@id":"https:\/\/webs.uab.cat\/txicc\/exposicions\/#primaryimage"},"image":{"@id":"https:\/\/webs.uab.cat\/txicc\/exposicions\/#primaryimage"},"thumbnailUrl":"https:\/\/webs.uab.cat\/txicc\/wp-content\/uploads\/sites\/309\/2013\/04\/IMG_2244_0.JPG","datePublished":"2013-05-01T20:32:05+00:00","dateModified":"2025-01-24T07:24:30+00:00","breadcrumb":{"@id":"https:\/\/webs.uab.cat\/txicc\/exposicions\/#breadcrumb"},"inLanguage":"ca","potentialAction":[{"@type":"ReadAction","target":["https:\/\/webs.uab.cat\/txicc\/exposicions\/"]}]},{"@type":"ImageObject","inLanguage":"ca","@id":"https:\/\/webs.uab.cat\/txicc\/exposicions\/#primaryimage","url":"https:\/\/webs.uab.cat\/txicc\/wp-content\/uploads\/sites\/309\/2013\/04\/IMG_2244_0.JPG","contentUrl":"https:\/\/webs.uab.cat\/txicc\/wp-content\/uploads\/sites\/309\/2013\/04\/IMG_2244_0.JPG","width":960,"height":720,"caption":"IMG_2244_0"},{"@type":"BreadcrumbList","@id":"https:\/\/webs.uab.cat\/txicc\/exposicions\/#breadcrumb","itemListElement":[{"@type":"ListItem","position":1,"name":"Portada","item":"https:\/\/webs.uab.cat\/txicc\/"},{"@type":"ListItem","position":2,"name":"Exposicions"}]},{"@type":"WebSite","@id":"https:\/\/webs.uab.cat\/txicc\/#website","url":"https:\/\/webs.uab.cat\/txicc\/","name":"Grup de recerca en Traducci\u00f3 del xin\u00e8s al catal\u00e0\/castell\u00e0 (TXICC)","description":"","potentialAction":[{"@type":"SearchAction","target":{"@type":"EntryPoint","urlTemplate":"https:\/\/webs.uab.cat\/txicc\/?s={search_term_string}"},"query-input":{"@type":"PropertyValueSpecification","valueRequired":true,"valueName":"search_term_string"}}],"inLanguage":"ca"}]}},"_links":{"self":[{"href":"https:\/\/webs.uab.cat\/txicc\/wp-json\/wp\/v2\/pages\/556","targetHints":{"allow":["GET"]}}],"collection":[{"href":"https:\/\/webs.uab.cat\/txicc\/wp-json\/wp\/v2\/pages"}],"about":[{"href":"https:\/\/webs.uab.cat\/txicc\/wp-json\/wp\/v2\/types\/page"}],"author":[{"embeddable":true,"href":"https:\/\/webs.uab.cat\/txicc\/wp-json\/wp\/v2\/users\/20"}],"replies":[{"embeddable":true,"href":"https:\/\/webs.uab.cat\/txicc\/wp-json\/wp\/v2\/comments?post=556"}],"version-history":[{"count":6,"href":"https:\/\/webs.uab.cat\/txicc\/wp-json\/wp\/v2\/pages\/556\/revisions"}],"predecessor-version":[{"id":1569,"href":"https:\/\/webs.uab.cat\/txicc\/wp-json\/wp\/v2\/pages\/556\/revisions\/1569"}],"wp:attachment":[{"href":"https:\/\/webs.uab.cat\/txicc\/wp-json\/wp\/v2\/media?parent=556"}],"curies":[{"name":"wp","href":"https:\/\/api.w.org\/{rel}","templated":true}]}}