{"id":584,"date":"2015-02-19T11:57:02","date_gmt":"2015-02-19T09:57:02","guid":{"rendered":"https:\/\/webs.uab.cat\/txicc\/convenis\/"},"modified":"2025-12-16T21:10:23","modified_gmt":"2025-12-16T19:10:23","slug":"convenis","status":"publish","type":"page","link":"https:\/\/webs.uab.cat\/txicc\/convenis\/","title":{"rendered":"Convenis"},"content":{"rendered":"<ul>\n<li>Asociaci\u00f3n de profesores para la ense\u00f1anza del chino (AEPEC). 2024-2028.<\/li>\n<li>Base de datos bibliogr\u00e1ficos BITRA (Bibliograf\u00eda de interpretaci\u00f3n y traducci\u00f3n). 2016-2026.<\/li>\n<li>C\u00e0tedra d&#8217;Estudis Asi\u00e0tics de la Universitat de Lleida. 2014-2015.<\/li>\n<li>Corporaci\u00f3 Catalana de Mitjans Audiovisuals. 2016-2023.<\/li>\n<li>Departament de Cultura de la Generalitat de Catalunya. 2016-2028.<\/li>\n<li>Departament d&#8217;Educaci\u00f3 de la Generalitat de Catalunya. 2020-2024.<\/li>\n<li>Fund\u00e9u BBVA. 2014-2015.<\/li>\n<li>Institut d&#8217;Estudis Catalans. 2013-2026.<\/li>\n<li>Institut Ramon Llull. 2020-2023.<\/li>\n<li>National Museum of Taiwan Literature. 2024-2028.<\/li>\n<li>Shanghai Yier Information Technology. 2021-2025.<\/li>\n<li>Termcat. 2015-2028.<\/li>\n<\/ul>\n","protected":false},"excerpt":{"rendered":"<p>Asociaci\u00f3n de profesores para la ense\u00f1anza del chino (AEPEC). 2024-2028. Base de datos bibliogr\u00e1ficos BITRA (Bibliograf\u00eda de interpretaci\u00f3n y traducci\u00f3n). 2016-2026. C\u00e0tedra d&#8217;Estudis Asi\u00e0tics de la Universitat de Lleida. 2014-2015. Corporaci\u00f3 Catalana de Mitjans Audiovisuals. 2016-2023. Departament de Cultura de la Generalitat de Catalunya. 2016-2028. Departament d&#8217;Educaci\u00f3 de la Generalitat de Catalunya. 2020-2024. Fund\u00e9u BBVA. [&hellip;]<\/p>\n","protected":false},"author":20,"featured_media":0,"parent":0,"menu_order":0,"comment_status":"closed","ping_status":"closed","template":"","meta":{"footnotes":""},"class_list":["post-584","page","type-page","status-publish","hentry"],"yoast_head":"<!-- This site is optimized with the Yoast SEO plugin v26.8 - https:\/\/yoast.com\/product\/yoast-seo-wordpress\/ -->\n<title>Convenis - Grup de recerca en Traducci\u00f3 del xin\u00e8s al catal\u00e0\/castell\u00e0 (TXICC)<\/title>\n<meta name=\"robots\" content=\"index, follow, max-snippet:-1, max-image-preview:large, max-video-preview:-1\" \/>\n<link rel=\"canonical\" href=\"https:\/\/webs.uab.cat\/txicc\/convenis\/\" \/>\n<meta property=\"og:locale\" content=\"ca_ES\" \/>\n<meta property=\"og:type\" content=\"article\" \/>\n<meta property=\"og:title\" content=\"Convenis - Grup de recerca en Traducci\u00f3 del xin\u00e8s al catal\u00e0\/castell\u00e0 (TXICC)\" \/>\n<meta property=\"og:description\" content=\"Asociaci\u00f3n de profesores para la ense\u00f1anza del chino (AEPEC). 2024-2028. Base de datos bibliogr\u00e1ficos BITRA (Bibliograf\u00eda de interpretaci\u00f3n y traducci\u00f3n). 2016-2026. C\u00e0tedra d&#8217;Estudis Asi\u00e0tics de la Universitat de Lleida. 2014-2015. Corporaci\u00f3 Catalana de Mitjans Audiovisuals. 2016-2023. Departament de Cultura de la Generalitat de Catalunya. 2016-2028. Departament d&#8217;Educaci\u00f3 de la Generalitat de Catalunya. 2020-2024. Fund\u00e9u BBVA. [&hellip;]\" \/>\n<meta property=\"og:url\" content=\"https:\/\/webs.uab.cat\/txicc\/convenis\/\" \/>\n<meta property=\"og:site_name\" content=\"Grup de recerca en Traducci\u00f3 del xin\u00e8s al catal\u00e0\/castell\u00e0 (TXICC)\" \/>\n<meta property=\"article:modified_time\" content=\"2025-12-16T19:10:23+00:00\" \/>\n<meta name=\"twitter:card\" content=\"summary_large_image\" \/>\n<meta name=\"twitter:label1\" content=\"Temps estimat de lectura\" \/>\n\t<meta name=\"twitter:data1\" content=\"1 minut\" \/>\n<script type=\"application\/ld+json\" class=\"yoast-schema-graph\">{\"@context\":\"https:\/\/schema.org\",\"@graph\":[{\"@type\":\"WebPage\",\"@id\":\"https:\/\/webs.uab.cat\/txicc\/convenis\/\",\"url\":\"https:\/\/webs.uab.cat\/txicc\/convenis\/\",\"name\":\"Convenis - Grup de recerca en Traducci\u00f3 del xin\u00e8s al catal\u00e0\/castell\u00e0 (TXICC)\",\"isPartOf\":{\"@id\":\"https:\/\/webs.uab.cat\/txicc\/#website\"},\"datePublished\":\"2015-02-19T09:57:02+00:00\",\"dateModified\":\"2025-12-16T19:10:23+00:00\",\"breadcrumb\":{\"@id\":\"https:\/\/webs.uab.cat\/txicc\/convenis\/#breadcrumb\"},\"inLanguage\":\"ca\",\"potentialAction\":[{\"@type\":\"ReadAction\",\"target\":[\"https:\/\/webs.uab.cat\/txicc\/convenis\/\"]}]},{\"@type\":\"BreadcrumbList\",\"@id\":\"https:\/\/webs.uab.cat\/txicc\/convenis\/#breadcrumb\",\"itemListElement\":[{\"@type\":\"ListItem\",\"position\":1,\"name\":\"Portada\",\"item\":\"https:\/\/webs.uab.cat\/txicc\/\"},{\"@type\":\"ListItem\",\"position\":2,\"name\":\"Convenis\"}]},{\"@type\":\"WebSite\",\"@id\":\"https:\/\/webs.uab.cat\/txicc\/#website\",\"url\":\"https:\/\/webs.uab.cat\/txicc\/\",\"name\":\"Grup de recerca en Traducci\u00f3 del xin\u00e8s al catal\u00e0\/castell\u00e0 (TXICC)\",\"description\":\"\",\"potentialAction\":[{\"@type\":\"SearchAction\",\"target\":{\"@type\":\"EntryPoint\",\"urlTemplate\":\"https:\/\/webs.uab.cat\/txicc\/?s={search_term_string}\"},\"query-input\":{\"@type\":\"PropertyValueSpecification\",\"valueRequired\":true,\"valueName\":\"search_term_string\"}}],\"inLanguage\":\"ca\"}]}<\/script>\n<!-- \/ Yoast SEO plugin. -->","yoast_head_json":{"title":"Convenis - Grup de recerca en Traducci\u00f3 del xin\u00e8s al catal\u00e0\/castell\u00e0 (TXICC)","robots":{"index":"index","follow":"follow","max-snippet":"max-snippet:-1","max-image-preview":"max-image-preview:large","max-video-preview":"max-video-preview:-1"},"canonical":"https:\/\/webs.uab.cat\/txicc\/convenis\/","og_locale":"ca_ES","og_type":"article","og_title":"Convenis - Grup de recerca en Traducci\u00f3 del xin\u00e8s al catal\u00e0\/castell\u00e0 (TXICC)","og_description":"Asociaci\u00f3n de profesores para la ense\u00f1anza del chino (AEPEC). 2024-2028. Base de datos bibliogr\u00e1ficos BITRA (Bibliograf\u00eda de interpretaci\u00f3n y traducci\u00f3n). 2016-2026. C\u00e0tedra d&#8217;Estudis Asi\u00e0tics de la Universitat de Lleida. 2014-2015. Corporaci\u00f3 Catalana de Mitjans Audiovisuals. 2016-2023. Departament de Cultura de la Generalitat de Catalunya. 2016-2028. Departament d&#8217;Educaci\u00f3 de la Generalitat de Catalunya. 2020-2024. Fund\u00e9u BBVA. [&hellip;]","og_url":"https:\/\/webs.uab.cat\/txicc\/convenis\/","og_site_name":"Grup de recerca en Traducci\u00f3 del xin\u00e8s al catal\u00e0\/castell\u00e0 (TXICC)","article_modified_time":"2025-12-16T19:10:23+00:00","twitter_card":"summary_large_image","twitter_misc":{"Temps estimat de lectura":"1 minut"},"schema":{"@context":"https:\/\/schema.org","@graph":[{"@type":"WebPage","@id":"https:\/\/webs.uab.cat\/txicc\/convenis\/","url":"https:\/\/webs.uab.cat\/txicc\/convenis\/","name":"Convenis - Grup de recerca en Traducci\u00f3 del xin\u00e8s al catal\u00e0\/castell\u00e0 (TXICC)","isPartOf":{"@id":"https:\/\/webs.uab.cat\/txicc\/#website"},"datePublished":"2015-02-19T09:57:02+00:00","dateModified":"2025-12-16T19:10:23+00:00","breadcrumb":{"@id":"https:\/\/webs.uab.cat\/txicc\/convenis\/#breadcrumb"},"inLanguage":"ca","potentialAction":[{"@type":"ReadAction","target":["https:\/\/webs.uab.cat\/txicc\/convenis\/"]}]},{"@type":"BreadcrumbList","@id":"https:\/\/webs.uab.cat\/txicc\/convenis\/#breadcrumb","itemListElement":[{"@type":"ListItem","position":1,"name":"Portada","item":"https:\/\/webs.uab.cat\/txicc\/"},{"@type":"ListItem","position":2,"name":"Convenis"}]},{"@type":"WebSite","@id":"https:\/\/webs.uab.cat\/txicc\/#website","url":"https:\/\/webs.uab.cat\/txicc\/","name":"Grup de recerca en Traducci\u00f3 del xin\u00e8s al catal\u00e0\/castell\u00e0 (TXICC)","description":"","potentialAction":[{"@type":"SearchAction","target":{"@type":"EntryPoint","urlTemplate":"https:\/\/webs.uab.cat\/txicc\/?s={search_term_string}"},"query-input":{"@type":"PropertyValueSpecification","valueRequired":true,"valueName":"search_term_string"}}],"inLanguage":"ca"}]}},"_links":{"self":[{"href":"https:\/\/webs.uab.cat\/txicc\/wp-json\/wp\/v2\/pages\/584","targetHints":{"allow":["GET"]}}],"collection":[{"href":"https:\/\/webs.uab.cat\/txicc\/wp-json\/wp\/v2\/pages"}],"about":[{"href":"https:\/\/webs.uab.cat\/txicc\/wp-json\/wp\/v2\/types\/page"}],"author":[{"embeddable":true,"href":"https:\/\/webs.uab.cat\/txicc\/wp-json\/wp\/v2\/users\/20"}],"replies":[{"embeddable":true,"href":"https:\/\/webs.uab.cat\/txicc\/wp-json\/wp\/v2\/comments?post=584"}],"version-history":[{"count":6,"href":"https:\/\/webs.uab.cat\/txicc\/wp-json\/wp\/v2\/pages\/584\/revisions"}],"predecessor-version":[{"id":1752,"href":"https:\/\/webs.uab.cat\/txicc\/wp-json\/wp\/v2\/pages\/584\/revisions\/1752"}],"wp:attachment":[{"href":"https:\/\/webs.uab.cat\/txicc\/wp-json\/wp\/v2\/media?parent=584"}],"curies":[{"name":"wp","href":"https:\/\/api.w.org\/{rel}","templated":true}]}}