{"id":619,"date":"2019-12-30T11:07:26","date_gmt":"2019-12-30T09:07:26","guid":{"rendered":"https:\/\/webs.uab.cat\/txicc\/basesdedades\/"},"modified":"2025-01-21T09:50:42","modified_gmt":"2025-01-21T07:50:42","slug":"basesdedades","status":"publish","type":"page","link":"https:\/\/webs.uab.cat\/txicc\/basesdedades\/","title":{"rendered":"Bases de dades"},"content":{"rendered":"<ul>\n<li><a href=\"https:\/\/dtieao.uab.cat\/gelea2lt\/echineseplus\/\" target=\"_blank\" rel=\"noopener\">e\u00b7Chinese Plus: Plataforma Moodle amb activitats per aprendre xin\u00e8s<\/a><\/li>\n<li><a href=\"https:\/\/dtieao.uab.cat\/txicc\/echinese\/ca\/\" target=\"_blank\" rel=\"noopener\">e\u00b7Chinese Tools: Base de dades de recursos digitals per a l&#8217;aprenentatge i\u00a0 l&#8217;ensenyament del xin\u00e8s<\/a><\/li>\n<li><a href=\"https:\/\/dtieao.uab.cat\/txicc\/lite\/\" target=\"_blank\" rel=\"noopener\">Base de dades de literatura<\/a>\n<ul>\n<li>\n<p style=\"margin-left: 3.5pt\"><a href=\"https:\/\/ddd.uab.cat\/record\/236502\" target=\"_blank\" rel=\"noopener\">Anuari\u00a0de traduccions liter\u00e0ries del xin\u00e8s publicades a\u00a0Espanya el 2020<\/a><\/p>\n<\/li>\n<\/ul>\n<\/li>\n<li><a href=\"https:\/\/dtieao.uab.cat\/txicc\/cine\/\" target=\"_blank\" rel=\"noopener\">Base de dades de cinema<\/a>\n<ul>\n<li><a href=\"https:\/\/ddd.uab.cat\/record\/236501\" target=\"_blank\" rel=\"noopener\">Anuari de traduccions audiovisuals del xin\u00e8s projectades a Espanya el 2020<\/a><\/li>\n<\/ul>\n<\/li>\n<\/ul>\n<hr \/>\n<p>El 12 de desembre de 2019 vam presentar a la seu de la Fundaci\u00f3 Institut Confuci de Barcelona (FICB) les dues bases de dades d&#8217;acc\u00e9s obert elaborades pel grup sobre el cinema i literatura xineses tradu\u00efdes a Espanya.<\/p>\n<p><a href=\"https:\/\/www.youtube.com\/watch?v=O08QSs9BGC0&amp;feature=youtu.be\" target=\"_blank\" rel=\"noopener\">V\u00eddeo de la presentaci\u00f3<\/a><\/p>\n<p><a href=\"https:\/\/www.flickr.com\/photos\/confuciobarcelona\/sets\/72157712239898082\/\" target=\"_blank\" rel=\"noopener\">Galeria de fotografies<\/a><\/p>\n","protected":false},"excerpt":{"rendered":"<p>e\u00b7Chinese Plus: Plataforma Moodle amb activitats per aprendre xin\u00e8s e\u00b7Chinese Tools: Base de dades de recursos digitals per a l&#8217;aprenentatge i\u00a0 l&#8217;ensenyament del xin\u00e8s Base de dades de literatura Anuari\u00a0de traduccions liter\u00e0ries del xin\u00e8s publicades a\u00a0Espanya el 2020 Base de dades de cinema Anuari de traduccions audiovisuals del xin\u00e8s projectades a Espanya el 2020 El [&hellip;]<\/p>\n","protected":false},"author":20,"featured_media":0,"parent":0,"menu_order":0,"comment_status":"closed","ping_status":"closed","template":"","meta":{"footnotes":""},"class_list":["post-619","page","type-page","status-publish","hentry"],"yoast_head":"<!-- This site is optimized with the Yoast SEO plugin v26.8 - https:\/\/yoast.com\/product\/yoast-seo-wordpress\/ -->\n<title>Bases de dades - Grup de recerca en Traducci\u00f3 del xin\u00e8s al catal\u00e0\/castell\u00e0 (TXICC)<\/title>\n<meta name=\"robots\" content=\"index, follow, max-snippet:-1, max-image-preview:large, max-video-preview:-1\" \/>\n<link rel=\"canonical\" href=\"https:\/\/webs.uab.cat\/txicc\/basesdedades\/\" \/>\n<meta property=\"og:locale\" content=\"ca_ES\" \/>\n<meta property=\"og:type\" content=\"article\" \/>\n<meta property=\"og:title\" content=\"Bases de dades - Grup de recerca en Traducci\u00f3 del xin\u00e8s al catal\u00e0\/castell\u00e0 (TXICC)\" \/>\n<meta property=\"og:description\" content=\"e\u00b7Chinese Plus: Plataforma Moodle amb activitats per aprendre xin\u00e8s e\u00b7Chinese Tools: Base de dades de recursos digitals per a l&#8217;aprenentatge i\u00a0 l&#8217;ensenyament del xin\u00e8s Base de dades de literatura Anuari\u00a0de traduccions liter\u00e0ries del xin\u00e8s publicades a\u00a0Espanya el 2020 Base de dades de cinema Anuari de traduccions audiovisuals del xin\u00e8s projectades a Espanya el 2020 El [&hellip;]\" \/>\n<meta property=\"og:url\" content=\"https:\/\/webs.uab.cat\/txicc\/basesdedades\/\" \/>\n<meta property=\"og:site_name\" content=\"Grup de recerca en Traducci\u00f3 del xin\u00e8s al catal\u00e0\/castell\u00e0 (TXICC)\" \/>\n<meta property=\"article:modified_time\" content=\"2025-01-21T07:50:42+00:00\" \/>\n<meta name=\"twitter:card\" content=\"summary_large_image\" \/>\n<meta name=\"twitter:label1\" content=\"Temps estimat de lectura\" \/>\n\t<meta name=\"twitter:data1\" content=\"1 minut\" \/>\n<script type=\"application\/ld+json\" class=\"yoast-schema-graph\">{\"@context\":\"https:\/\/schema.org\",\"@graph\":[{\"@type\":\"WebPage\",\"@id\":\"https:\/\/webs.uab.cat\/txicc\/basesdedades\/\",\"url\":\"https:\/\/webs.uab.cat\/txicc\/basesdedades\/\",\"name\":\"Bases de dades - Grup de recerca en Traducci\u00f3 del xin\u00e8s al catal\u00e0\/castell\u00e0 (TXICC)\",\"isPartOf\":{\"@id\":\"https:\/\/webs.uab.cat\/txicc\/#website\"},\"datePublished\":\"2019-12-30T09:07:26+00:00\",\"dateModified\":\"2025-01-21T07:50:42+00:00\",\"breadcrumb\":{\"@id\":\"https:\/\/webs.uab.cat\/txicc\/basesdedades\/#breadcrumb\"},\"inLanguage\":\"ca\",\"potentialAction\":[{\"@type\":\"ReadAction\",\"target\":[\"https:\/\/webs.uab.cat\/txicc\/basesdedades\/\"]}]},{\"@type\":\"BreadcrumbList\",\"@id\":\"https:\/\/webs.uab.cat\/txicc\/basesdedades\/#breadcrumb\",\"itemListElement\":[{\"@type\":\"ListItem\",\"position\":1,\"name\":\"Portada\",\"item\":\"https:\/\/webs.uab.cat\/txicc\/\"},{\"@type\":\"ListItem\",\"position\":2,\"name\":\"Bases de dades\"}]},{\"@type\":\"WebSite\",\"@id\":\"https:\/\/webs.uab.cat\/txicc\/#website\",\"url\":\"https:\/\/webs.uab.cat\/txicc\/\",\"name\":\"Grup de recerca en Traducci\u00f3 del xin\u00e8s al catal\u00e0\/castell\u00e0 (TXICC)\",\"description\":\"\",\"potentialAction\":[{\"@type\":\"SearchAction\",\"target\":{\"@type\":\"EntryPoint\",\"urlTemplate\":\"https:\/\/webs.uab.cat\/txicc\/?s={search_term_string}\"},\"query-input\":{\"@type\":\"PropertyValueSpecification\",\"valueRequired\":true,\"valueName\":\"search_term_string\"}}],\"inLanguage\":\"ca\"}]}<\/script>\n<!-- \/ Yoast SEO plugin. -->","yoast_head_json":{"title":"Bases de dades - Grup de recerca en Traducci\u00f3 del xin\u00e8s al catal\u00e0\/castell\u00e0 (TXICC)","robots":{"index":"index","follow":"follow","max-snippet":"max-snippet:-1","max-image-preview":"max-image-preview:large","max-video-preview":"max-video-preview:-1"},"canonical":"https:\/\/webs.uab.cat\/txicc\/basesdedades\/","og_locale":"ca_ES","og_type":"article","og_title":"Bases de dades - Grup de recerca en Traducci\u00f3 del xin\u00e8s al catal\u00e0\/castell\u00e0 (TXICC)","og_description":"e\u00b7Chinese Plus: Plataforma Moodle amb activitats per aprendre xin\u00e8s e\u00b7Chinese Tools: Base de dades de recursos digitals per a l&#8217;aprenentatge i\u00a0 l&#8217;ensenyament del xin\u00e8s Base de dades de literatura Anuari\u00a0de traduccions liter\u00e0ries del xin\u00e8s publicades a\u00a0Espanya el 2020 Base de dades de cinema Anuari de traduccions audiovisuals del xin\u00e8s projectades a Espanya el 2020 El [&hellip;]","og_url":"https:\/\/webs.uab.cat\/txicc\/basesdedades\/","og_site_name":"Grup de recerca en Traducci\u00f3 del xin\u00e8s al catal\u00e0\/castell\u00e0 (TXICC)","article_modified_time":"2025-01-21T07:50:42+00:00","twitter_card":"summary_large_image","twitter_misc":{"Temps estimat de lectura":"1 minut"},"schema":{"@context":"https:\/\/schema.org","@graph":[{"@type":"WebPage","@id":"https:\/\/webs.uab.cat\/txicc\/basesdedades\/","url":"https:\/\/webs.uab.cat\/txicc\/basesdedades\/","name":"Bases de dades - Grup de recerca en Traducci\u00f3 del xin\u00e8s al catal\u00e0\/castell\u00e0 (TXICC)","isPartOf":{"@id":"https:\/\/webs.uab.cat\/txicc\/#website"},"datePublished":"2019-12-30T09:07:26+00:00","dateModified":"2025-01-21T07:50:42+00:00","breadcrumb":{"@id":"https:\/\/webs.uab.cat\/txicc\/basesdedades\/#breadcrumb"},"inLanguage":"ca","potentialAction":[{"@type":"ReadAction","target":["https:\/\/webs.uab.cat\/txicc\/basesdedades\/"]}]},{"@type":"BreadcrumbList","@id":"https:\/\/webs.uab.cat\/txicc\/basesdedades\/#breadcrumb","itemListElement":[{"@type":"ListItem","position":1,"name":"Portada","item":"https:\/\/webs.uab.cat\/txicc\/"},{"@type":"ListItem","position":2,"name":"Bases de dades"}]},{"@type":"WebSite","@id":"https:\/\/webs.uab.cat\/txicc\/#website","url":"https:\/\/webs.uab.cat\/txicc\/","name":"Grup de recerca en Traducci\u00f3 del xin\u00e8s al catal\u00e0\/castell\u00e0 (TXICC)","description":"","potentialAction":[{"@type":"SearchAction","target":{"@type":"EntryPoint","urlTemplate":"https:\/\/webs.uab.cat\/txicc\/?s={search_term_string}"},"query-input":{"@type":"PropertyValueSpecification","valueRequired":true,"valueName":"search_term_string"}}],"inLanguage":"ca"}]}},"_links":{"self":[{"href":"https:\/\/webs.uab.cat\/txicc\/wp-json\/wp\/v2\/pages\/619","targetHints":{"allow":["GET"]}}],"collection":[{"href":"https:\/\/webs.uab.cat\/txicc\/wp-json\/wp\/v2\/pages"}],"about":[{"href":"https:\/\/webs.uab.cat\/txicc\/wp-json\/wp\/v2\/types\/page"}],"author":[{"embeddable":true,"href":"https:\/\/webs.uab.cat\/txicc\/wp-json\/wp\/v2\/users\/20"}],"replies":[{"embeddable":true,"href":"https:\/\/webs.uab.cat\/txicc\/wp-json\/wp\/v2\/comments?post=619"}],"version-history":[{"count":4,"href":"https:\/\/webs.uab.cat\/txicc\/wp-json\/wp\/v2\/pages\/619\/revisions"}],"predecessor-version":[{"id":1533,"href":"https:\/\/webs.uab.cat\/txicc\/wp-json\/wp\/v2\/pages\/619\/revisions\/1533"}],"wp:attachment":[{"href":"https:\/\/webs.uab.cat\/txicc\/wp-json\/wp\/v2\/media?parent=619"}],"curies":[{"name":"wp","href":"https:\/\/api.w.org\/{rel}","templated":true}]}}