{"id":652,"date":"2020-10-21T10:40:59","date_gmt":"2020-10-21T08:40:59","guid":{"rendered":"https:\/\/webs.uab.cat\/txicc\/entrevista-a-blas-pinero-martinez\/"},"modified":"2020-10-21T10:40:59","modified_gmt":"2020-10-21T08:40:59","slug":"entrevista-a-blas-pinero-martinez","status":"publish","type":"page","link":"https:\/\/webs.uab.cat\/txicc\/entrevista-a-blas-pinero-martinez\/","title":{"rendered":"Entrevista a Blas Pi\u00f1ero Mart\u00ednez"},"content":{"rendered":"<p>Traductor literari&nbsp;aut\u00f2nom&nbsp;a temps&nbsp;complet&nbsp;del xin\u00e8s al castell\u00e0. Ha realitzat&nbsp;estudis de filosofia (Universitat de Barcelona) i de llengua i literatura xineses a Par\u00eds (Universitat de Par\u00eds VII &#8211; Denis Diderot), Pequ\u00edn (Universitat Normal de Beijing) i S\u00eddney (Universitat de Nova Gales del Sud), i ha residit durant&nbsp;llargs per\u00edodes de temps&nbsp;a&nbsp;Pequ\u00edn.<\/p>\n<p><iframe loading=\"lazy\" allow=\"accelerometer; autoplay; clipboard-write; encrypted-media; gyroscope; picture-in-picture\" allowfullscreen=\"\" frameborder=\"0\" height=\"315\" src=\"https:\/\/www.youtube.com\/embed\/Rw7-bwVqZxM\" width=\"560\"><\/iframe><\/p>\n","protected":false},"excerpt":{"rendered":"<p>Traductor literari&nbsp;aut\u00f2nom&nbsp;a temps&nbsp;complet&nbsp;del xin\u00e8s al castell\u00e0. Ha realitzat&nbsp;estudis de filosofia (Universitat de Barcelona) i de llengua i literatura xineses a Par\u00eds (Universitat de Par\u00eds VII &#8211; Denis Diderot), Pequ\u00edn (Universitat Normal de Beijing) i S\u00eddney (Universitat de Nova Gales del Sud), i ha residit durant&nbsp;llargs per\u00edodes de temps&nbsp;a&nbsp;Pequ\u00edn.<\/p>\n","protected":false},"author":20,"featured_media":0,"parent":0,"menu_order":0,"comment_status":"closed","ping_status":"closed","template":"","meta":{"footnotes":""},"class_list":["post-652","page","type-page","status-publish","hentry"],"yoast_head":"<!-- This site is optimized with the Yoast SEO plugin v26.8 - https:\/\/yoast.com\/product\/yoast-seo-wordpress\/ -->\n<title>Entrevista a Blas Pi\u00f1ero Mart\u00ednez - Grup de recerca en Traducci\u00f3 del xin\u00e8s al catal\u00e0\/castell\u00e0 (TXICC)<\/title>\n<meta name=\"robots\" content=\"index, follow, max-snippet:-1, max-image-preview:large, max-video-preview:-1\" \/>\n<link rel=\"canonical\" href=\"https:\/\/webs.uab.cat\/txicc\/entrevista-a-blas-pinero-martinez\/\" \/>\n<meta property=\"og:locale\" content=\"ca_ES\" \/>\n<meta property=\"og:type\" content=\"article\" \/>\n<meta property=\"og:title\" content=\"Entrevista a Blas Pi\u00f1ero Mart\u00ednez - Grup de recerca en Traducci\u00f3 del xin\u00e8s al catal\u00e0\/castell\u00e0 (TXICC)\" \/>\n<meta property=\"og:description\" content=\"Traductor literari&nbsp;aut\u00f2nom&nbsp;a temps&nbsp;complet&nbsp;del xin\u00e8s al castell\u00e0. Ha realitzat&nbsp;estudis de filosofia (Universitat de Barcelona) i de llengua i literatura xineses a Par\u00eds (Universitat de Par\u00eds VII &#8211; Denis Diderot), Pequ\u00edn (Universitat Normal de Beijing) i S\u00eddney (Universitat de Nova Gales del Sud), i ha residit durant&nbsp;llargs per\u00edodes de temps&nbsp;a&nbsp;Pequ\u00edn.\" \/>\n<meta property=\"og:url\" content=\"https:\/\/webs.uab.cat\/txicc\/entrevista-a-blas-pinero-martinez\/\" \/>\n<meta property=\"og:site_name\" content=\"Grup de recerca en Traducci\u00f3 del xin\u00e8s al catal\u00e0\/castell\u00e0 (TXICC)\" \/>\n<meta name=\"twitter:card\" content=\"summary_large_image\" \/>\n<script type=\"application\/ld+json\" class=\"yoast-schema-graph\">{\"@context\":\"https:\/\/schema.org\",\"@graph\":[{\"@type\":\"WebPage\",\"@id\":\"https:\/\/webs.uab.cat\/txicc\/entrevista-a-blas-pinero-martinez\/\",\"url\":\"https:\/\/webs.uab.cat\/txicc\/entrevista-a-blas-pinero-martinez\/\",\"name\":\"Entrevista a Blas Pi\u00f1ero Mart\u00ednez - Grup de recerca en Traducci\u00f3 del xin\u00e8s al catal\u00e0\/castell\u00e0 (TXICC)\",\"isPartOf\":{\"@id\":\"https:\/\/webs.uab.cat\/txicc\/#website\"},\"datePublished\":\"2020-10-21T08:40:59+00:00\",\"breadcrumb\":{\"@id\":\"https:\/\/webs.uab.cat\/txicc\/entrevista-a-blas-pinero-martinez\/#breadcrumb\"},\"inLanguage\":\"ca\",\"potentialAction\":[{\"@type\":\"ReadAction\",\"target\":[\"https:\/\/webs.uab.cat\/txicc\/entrevista-a-blas-pinero-martinez\/\"]}]},{\"@type\":\"BreadcrumbList\",\"@id\":\"https:\/\/webs.uab.cat\/txicc\/entrevista-a-blas-pinero-martinez\/#breadcrumb\",\"itemListElement\":[{\"@type\":\"ListItem\",\"position\":1,\"name\":\"Portada\",\"item\":\"https:\/\/webs.uab.cat\/txicc\/\"},{\"@type\":\"ListItem\",\"position\":2,\"name\":\"Entrevista a Blas Pi\u00f1ero Mart\u00ednez\"}]},{\"@type\":\"WebSite\",\"@id\":\"https:\/\/webs.uab.cat\/txicc\/#website\",\"url\":\"https:\/\/webs.uab.cat\/txicc\/\",\"name\":\"Grup de recerca en Traducci\u00f3 del xin\u00e8s al catal\u00e0\/castell\u00e0 (TXICC)\",\"description\":\"\",\"potentialAction\":[{\"@type\":\"SearchAction\",\"target\":{\"@type\":\"EntryPoint\",\"urlTemplate\":\"https:\/\/webs.uab.cat\/txicc\/?s={search_term_string}\"},\"query-input\":{\"@type\":\"PropertyValueSpecification\",\"valueRequired\":true,\"valueName\":\"search_term_string\"}}],\"inLanguage\":\"ca\"}]}<\/script>\n<!-- \/ Yoast SEO plugin. -->","yoast_head_json":{"title":"Entrevista a Blas Pi\u00f1ero Mart\u00ednez - Grup de recerca en Traducci\u00f3 del xin\u00e8s al catal\u00e0\/castell\u00e0 (TXICC)","robots":{"index":"index","follow":"follow","max-snippet":"max-snippet:-1","max-image-preview":"max-image-preview:large","max-video-preview":"max-video-preview:-1"},"canonical":"https:\/\/webs.uab.cat\/txicc\/entrevista-a-blas-pinero-martinez\/","og_locale":"ca_ES","og_type":"article","og_title":"Entrevista a Blas Pi\u00f1ero Mart\u00ednez - Grup de recerca en Traducci\u00f3 del xin\u00e8s al catal\u00e0\/castell\u00e0 (TXICC)","og_description":"Traductor literari&nbsp;aut\u00f2nom&nbsp;a temps&nbsp;complet&nbsp;del xin\u00e8s al castell\u00e0. Ha realitzat&nbsp;estudis de filosofia (Universitat de Barcelona) i de llengua i literatura xineses a Par\u00eds (Universitat de Par\u00eds VII &#8211; Denis Diderot), Pequ\u00edn (Universitat Normal de Beijing) i S\u00eddney (Universitat de Nova Gales del Sud), i ha residit durant&nbsp;llargs per\u00edodes de temps&nbsp;a&nbsp;Pequ\u00edn.","og_url":"https:\/\/webs.uab.cat\/txicc\/entrevista-a-blas-pinero-martinez\/","og_site_name":"Grup de recerca en Traducci\u00f3 del xin\u00e8s al catal\u00e0\/castell\u00e0 (TXICC)","twitter_card":"summary_large_image","schema":{"@context":"https:\/\/schema.org","@graph":[{"@type":"WebPage","@id":"https:\/\/webs.uab.cat\/txicc\/entrevista-a-blas-pinero-martinez\/","url":"https:\/\/webs.uab.cat\/txicc\/entrevista-a-blas-pinero-martinez\/","name":"Entrevista a Blas Pi\u00f1ero Mart\u00ednez - Grup de recerca en Traducci\u00f3 del xin\u00e8s al catal\u00e0\/castell\u00e0 (TXICC)","isPartOf":{"@id":"https:\/\/webs.uab.cat\/txicc\/#website"},"datePublished":"2020-10-21T08:40:59+00:00","breadcrumb":{"@id":"https:\/\/webs.uab.cat\/txicc\/entrevista-a-blas-pinero-martinez\/#breadcrumb"},"inLanguage":"ca","potentialAction":[{"@type":"ReadAction","target":["https:\/\/webs.uab.cat\/txicc\/entrevista-a-blas-pinero-martinez\/"]}]},{"@type":"BreadcrumbList","@id":"https:\/\/webs.uab.cat\/txicc\/entrevista-a-blas-pinero-martinez\/#breadcrumb","itemListElement":[{"@type":"ListItem","position":1,"name":"Portada","item":"https:\/\/webs.uab.cat\/txicc\/"},{"@type":"ListItem","position":2,"name":"Entrevista a Blas Pi\u00f1ero Mart\u00ednez"}]},{"@type":"WebSite","@id":"https:\/\/webs.uab.cat\/txicc\/#website","url":"https:\/\/webs.uab.cat\/txicc\/","name":"Grup de recerca en Traducci\u00f3 del xin\u00e8s al catal\u00e0\/castell\u00e0 (TXICC)","description":"","potentialAction":[{"@type":"SearchAction","target":{"@type":"EntryPoint","urlTemplate":"https:\/\/webs.uab.cat\/txicc\/?s={search_term_string}"},"query-input":{"@type":"PropertyValueSpecification","valueRequired":true,"valueName":"search_term_string"}}],"inLanguage":"ca"}]}},"_links":{"self":[{"href":"https:\/\/webs.uab.cat\/txicc\/wp-json\/wp\/v2\/pages\/652","targetHints":{"allow":["GET"]}}],"collection":[{"href":"https:\/\/webs.uab.cat\/txicc\/wp-json\/wp\/v2\/pages"}],"about":[{"href":"https:\/\/webs.uab.cat\/txicc\/wp-json\/wp\/v2\/types\/page"}],"author":[{"embeddable":true,"href":"https:\/\/webs.uab.cat\/txicc\/wp-json\/wp\/v2\/users\/20"}],"replies":[{"embeddable":true,"href":"https:\/\/webs.uab.cat\/txicc\/wp-json\/wp\/v2\/comments?post=652"}],"version-history":[{"count":0,"href":"https:\/\/webs.uab.cat\/txicc\/wp-json\/wp\/v2\/pages\/652\/revisions"}],"wp:attachment":[{"href":"https:\/\/webs.uab.cat\/txicc\/wp-json\/wp\/v2\/media?parent=652"}],"curies":[{"name":"wp","href":"https:\/\/api.w.org\/{rel}","templated":true}]}}