{"id":87,"date":"2025-07-22T09:07:00","date_gmt":"2025-07-22T07:07:00","guid":{"rendered":"https:\/\/webs.uab.cat\/txicc\/inici\/"},"modified":"2025-07-22T11:30:52","modified_gmt":"2025-07-22T09:30:52","slug":"inici","status":"publish","type":"page","link":"https:\/\/webs.uab.cat\/txicc\/","title":{"rendered":"Inici"},"content":{"rendered":"\n<figure class=\"wp-block-image size-large\"><img loading=\"lazy\" decoding=\"async\" width=\"1024\" height=\"701\" src=\"https:\/\/webs.uab.cat\/txicc\/wp-content\/uploads\/sites\/309\/2025\/03\/20250130_23253101-1TXICC01-1-1024x701.jpg\" alt=\"Grup TXICC\" class=\"wp-image-1664\" srcset=\"https:\/\/webs.uab.cat\/txicc\/wp-content\/uploads\/sites\/309\/2025\/03\/20250130_23253101-1TXICC01-1-1024x701.jpg 1024w, https:\/\/webs.uab.cat\/txicc\/wp-content\/uploads\/sites\/309\/2025\/03\/20250130_23253101-1TXICC01-1-300x205.jpg 300w, https:\/\/webs.uab.cat\/txicc\/wp-content\/uploads\/sites\/309\/2025\/03\/20250130_23253101-1TXICC01-1-768x526.jpg 768w, https:\/\/webs.uab.cat\/txicc\/wp-content\/uploads\/sites\/309\/2025\/03\/20250130_23253101-1TXICC01-1-1536x1052.jpg 1536w, https:\/\/webs.uab.cat\/txicc\/wp-content\/uploads\/sites\/309\/2025\/03\/20250130_23253101-1TXICC01-1-2048x1403.jpg 2048w, https:\/\/webs.uab.cat\/txicc\/wp-content\/uploads\/sites\/309\/2025\/03\/20250130_23253101-1TXICC01-1-1200x822.jpg 1200w, https:\/\/webs.uab.cat\/txicc\/wp-content\/uploads\/sites\/309\/2025\/03\/20250130_23253101-1TXICC01-1-1980x1356.jpg 1980w\" sizes=\"auto, (max-width: 1024px) 100vw, 1024px\" \/><\/figure>\n\n\n\n<p>L\u2019objectiu principal d\u2019aquest grup \u00e9s promoure la recerca en l\u2019\u00e0mbit de la traducci\u00f3 i la interpretaci\u00f3 entre el xin\u00e8s i el catal\u00e0\/castell\u00e0, aix\u00ed com q\u00fcestions de ling\u00fc\u00edstica contrastiva, la did\u00e0ctica del xin\u00e8s com a llengua estrangera, el xin\u00e8s per a fins espec\u00edfics (llengua per a traductors) i la comunicaci\u00f3 intercultural entre aquestes cultures.<\/p>\n\n\n\n<p>El TXICC es va constituir formalment el 2007 com a grup de recerca reconegut per la UAB. Originalment, en formava part tot el professorat vinculat al M\u00e0ster de Traducci\u00f3 i Interpretaci\u00f3 Professional Xin\u00e8s-Espanyol, que va comen\u00e7ar a oferir-se el curs 2004-2005. En una segona fase, el grup ha passat a estar constitu\u00eft nom\u00e9s pel professorat de la UAB o membres adscrits externs els interessos i la recerca dels quals estan directament relacionats amb les l\u00ednies de recerca del grup.<\/p>\n","protected":false},"excerpt":{"rendered":"<p>L\u2019objectiu principal d\u2019aquest grup \u00e9s promoure la recerca en l\u2019\u00e0mbit de la traducci\u00f3 i la interpretaci\u00f3 entre el xin\u00e8s i el catal\u00e0\/castell\u00e0, aix\u00ed com q\u00fcestions de ling\u00fc\u00edstica contrastiva, la did\u00e0ctica del xin\u00e8s com a llengua estrangera, el xin\u00e8s per a fins espec\u00edfics (llengua per a traductors) i la comunicaci\u00f3 intercultural entre aquestes cultures. El TXICC [&hellip;]<\/p>\n","protected":false},"author":20,"featured_media":0,"parent":0,"menu_order":0,"comment_status":"closed","ping_status":"closed","template":"","meta":{"footnotes":""},"class_list":["post-87","page","type-page","status-publish","hentry"],"yoast_head":"<!-- This site is optimized with the Yoast SEO plugin v26.8 - https:\/\/yoast.com\/product\/yoast-seo-wordpress\/ -->\n<title>Grup de recerca en Traducci\u00f3 del xin\u00e8s al catal\u00e0\/castell\u00e0 (TXICC) Inici -<\/title>\n<meta name=\"description\" content=\"L\u2019objectiu principal d\u2019aquest grup \u00e9s promoure la recerca en l\u2019\u00e0mbit de la traducci\u00f3 i la interpretaci\u00f3 entre el xin\u00e8s i el catal\u00e0\/castell\u00e0, aix\u00ed com q\u00fcestions de ling\u00fc\u00edstica contrastiva, la did\u00e0ctica del xin\u00e8s com a llengua estrangera, el xin\u00e8s per a fins espec\u00edfics (llengua per a traductors) i la comunicaci\u00f3 intercultural entre aquestes cultures.\" \/>\n<meta name=\"robots\" content=\"index, follow, max-snippet:-1, max-image-preview:large, max-video-preview:-1\" \/>\n<link rel=\"canonical\" href=\"https:\/\/webs.uab.cat\/txicc\/\" \/>\n<meta property=\"og:locale\" content=\"ca_ES\" \/>\n<meta property=\"og:type\" content=\"article\" \/>\n<meta property=\"og:title\" content=\"Grup de recerca en Traducci\u00f3 del xin\u00e8s al catal\u00e0\/castell\u00e0 (TXICC) Inici -\" \/>\n<meta property=\"og:description\" content=\"L\u2019objectiu principal d\u2019aquest grup \u00e9s promoure la recerca en l\u2019\u00e0mbit de la traducci\u00f3 i la interpretaci\u00f3 entre el xin\u00e8s i el catal\u00e0\/castell\u00e0, aix\u00ed com q\u00fcestions de ling\u00fc\u00edstica contrastiva, la did\u00e0ctica del xin\u00e8s com a llengua estrangera, el xin\u00e8s per a fins espec\u00edfics (llengua per a traductors) i la comunicaci\u00f3 intercultural entre aquestes cultures.\" \/>\n<meta property=\"og:url\" content=\"https:\/\/webs.uab.cat\/txicc\/\" \/>\n<meta property=\"og:site_name\" content=\"Grup de recerca en Traducci\u00f3 del xin\u00e8s al catal\u00e0\/castell\u00e0 (TXICC)\" \/>\n<meta property=\"article:modified_time\" content=\"2025-07-22T09:30:52+00:00\" \/>\n<meta property=\"og:image\" content=\"https:\/\/webs.uab.cat\/txicc\/wp-content\/uploads\/sites\/309\/2025\/03\/20250130_23253101-1TXICC01-1-scaled.jpg\" \/>\n\t<meta property=\"og:image:width\" content=\"2560\" \/>\n\t<meta property=\"og:image:height\" content=\"1754\" \/>\n\t<meta property=\"og:image:type\" content=\"image\/jpeg\" \/>\n<meta name=\"twitter:card\" content=\"summary_large_image\" \/>\n<meta name=\"twitter:label1\" content=\"Temps estimat de lectura\" \/>\n\t<meta name=\"twitter:data1\" content=\"1 minut\" \/>\n<script type=\"application\/ld+json\" class=\"yoast-schema-graph\">{\"@context\":\"https:\/\/schema.org\",\"@graph\":[{\"@type\":\"WebPage\",\"@id\":\"https:\/\/webs.uab.cat\/txicc\/\",\"url\":\"https:\/\/webs.uab.cat\/txicc\/\",\"name\":\"Grup de recerca en Traducci\u00f3 del xin\u00e8s al catal\u00e0\/castell\u00e0 (TXICC) Inici -\",\"isPartOf\":{\"@id\":\"https:\/\/webs.uab.cat\/txicc\/#website\"},\"primaryImageOfPage\":{\"@id\":\"https:\/\/webs.uab.cat\/txicc\/#primaryimage\"},\"image\":{\"@id\":\"https:\/\/webs.uab.cat\/txicc\/#primaryimage\"},\"thumbnailUrl\":\"https:\/\/webs.uab.cat\/txicc\/wp-content\/uploads\/sites\/309\/2025\/03\/20250130_23253101-1TXICC01-1-1024x701.jpg\",\"datePublished\":\"2025-07-22T07:07:00+00:00\",\"dateModified\":\"2025-07-22T09:30:52+00:00\",\"description\":\"L\u2019objectiu principal d\u2019aquest grup \u00e9s promoure la recerca en l\u2019\u00e0mbit de la traducci\u00f3 i la interpretaci\u00f3 entre el xin\u00e8s i el catal\u00e0\/castell\u00e0, aix\u00ed com q\u00fcestions de ling\u00fc\u00edstica contrastiva, la did\u00e0ctica del xin\u00e8s com a llengua estrangera, el xin\u00e8s per a fins espec\u00edfics (llengua per a traductors) i la comunicaci\u00f3 intercultural entre aquestes cultures.\",\"breadcrumb\":{\"@id\":\"https:\/\/webs.uab.cat\/txicc\/#breadcrumb\"},\"inLanguage\":\"ca\",\"potentialAction\":[{\"@type\":\"ReadAction\",\"target\":[\"https:\/\/webs.uab.cat\/txicc\/\"]}]},{\"@type\":\"ImageObject\",\"inLanguage\":\"ca\",\"@id\":\"https:\/\/webs.uab.cat\/txicc\/#primaryimage\",\"url\":\"https:\/\/webs.uab.cat\/txicc\/wp-content\/uploads\/sites\/309\/2025\/03\/20250130_23253101-1TXICC01-1-scaled.jpg\",\"contentUrl\":\"https:\/\/webs.uab.cat\/txicc\/wp-content\/uploads\/sites\/309\/2025\/03\/20250130_23253101-1TXICC01-1-scaled.jpg\",\"width\":2560,\"height\":1754,\"caption\":\"Foto Grup TXICC\"},{\"@type\":\"BreadcrumbList\",\"@id\":\"https:\/\/webs.uab.cat\/txicc\/#breadcrumb\",\"itemListElement\":[{\"@type\":\"ListItem\",\"position\":1,\"name\":\"Portada\",\"item\":\"https:\/\/webs.uab.cat\/txicc\/\"},{\"@type\":\"ListItem\",\"position\":2,\"name\":\"Inici\"}]},{\"@type\":\"WebSite\",\"@id\":\"https:\/\/webs.uab.cat\/txicc\/#website\",\"url\":\"https:\/\/webs.uab.cat\/txicc\/\",\"name\":\"Grup de recerca en Traducci\u00f3 del xin\u00e8s al catal\u00e0\/castell\u00e0 (TXICC)\",\"description\":\"\",\"potentialAction\":[{\"@type\":\"SearchAction\",\"target\":{\"@type\":\"EntryPoint\",\"urlTemplate\":\"https:\/\/webs.uab.cat\/txicc\/?s={search_term_string}\"},\"query-input\":{\"@type\":\"PropertyValueSpecification\",\"valueRequired\":true,\"valueName\":\"search_term_string\"}}],\"inLanguage\":\"ca\"}]}<\/script>\n<!-- \/ Yoast SEO plugin. -->","yoast_head_json":{"title":"Grup de recerca en Traducci\u00f3 del xin\u00e8s al catal\u00e0\/castell\u00e0 (TXICC) Inici -","description":"L\u2019objectiu principal d\u2019aquest grup \u00e9s promoure la recerca en l\u2019\u00e0mbit de la traducci\u00f3 i la interpretaci\u00f3 entre el xin\u00e8s i el catal\u00e0\/castell\u00e0, aix\u00ed com q\u00fcestions de ling\u00fc\u00edstica contrastiva, la did\u00e0ctica del xin\u00e8s com a llengua estrangera, el xin\u00e8s per a fins espec\u00edfics (llengua per a traductors) i la comunicaci\u00f3 intercultural entre aquestes cultures.","robots":{"index":"index","follow":"follow","max-snippet":"max-snippet:-1","max-image-preview":"max-image-preview:large","max-video-preview":"max-video-preview:-1"},"canonical":"https:\/\/webs.uab.cat\/txicc\/","og_locale":"ca_ES","og_type":"article","og_title":"Grup de recerca en Traducci\u00f3 del xin\u00e8s al catal\u00e0\/castell\u00e0 (TXICC) Inici -","og_description":"L\u2019objectiu principal d\u2019aquest grup \u00e9s promoure la recerca en l\u2019\u00e0mbit de la traducci\u00f3 i la interpretaci\u00f3 entre el xin\u00e8s i el catal\u00e0\/castell\u00e0, aix\u00ed com q\u00fcestions de ling\u00fc\u00edstica contrastiva, la did\u00e0ctica del xin\u00e8s com a llengua estrangera, el xin\u00e8s per a fins espec\u00edfics (llengua per a traductors) i la comunicaci\u00f3 intercultural entre aquestes cultures.","og_url":"https:\/\/webs.uab.cat\/txicc\/","og_site_name":"Grup de recerca en Traducci\u00f3 del xin\u00e8s al catal\u00e0\/castell\u00e0 (TXICC)","article_modified_time":"2025-07-22T09:30:52+00:00","og_image":[{"width":2560,"height":1754,"url":"https:\/\/webs.uab.cat\/txicc\/wp-content\/uploads\/sites\/309\/2025\/03\/20250130_23253101-1TXICC01-1-scaled.jpg","type":"image\/jpeg"}],"twitter_card":"summary_large_image","twitter_misc":{"Temps estimat de lectura":"1 minut"},"schema":{"@context":"https:\/\/schema.org","@graph":[{"@type":"WebPage","@id":"https:\/\/webs.uab.cat\/txicc\/","url":"https:\/\/webs.uab.cat\/txicc\/","name":"Grup de recerca en Traducci\u00f3 del xin\u00e8s al catal\u00e0\/castell\u00e0 (TXICC) Inici -","isPartOf":{"@id":"https:\/\/webs.uab.cat\/txicc\/#website"},"primaryImageOfPage":{"@id":"https:\/\/webs.uab.cat\/txicc\/#primaryimage"},"image":{"@id":"https:\/\/webs.uab.cat\/txicc\/#primaryimage"},"thumbnailUrl":"https:\/\/webs.uab.cat\/txicc\/wp-content\/uploads\/sites\/309\/2025\/03\/20250130_23253101-1TXICC01-1-1024x701.jpg","datePublished":"2025-07-22T07:07:00+00:00","dateModified":"2025-07-22T09:30:52+00:00","description":"L\u2019objectiu principal d\u2019aquest grup \u00e9s promoure la recerca en l\u2019\u00e0mbit de la traducci\u00f3 i la interpretaci\u00f3 entre el xin\u00e8s i el catal\u00e0\/castell\u00e0, aix\u00ed com q\u00fcestions de ling\u00fc\u00edstica contrastiva, la did\u00e0ctica del xin\u00e8s com a llengua estrangera, el xin\u00e8s per a fins espec\u00edfics (llengua per a traductors) i la comunicaci\u00f3 intercultural entre aquestes cultures.","breadcrumb":{"@id":"https:\/\/webs.uab.cat\/txicc\/#breadcrumb"},"inLanguage":"ca","potentialAction":[{"@type":"ReadAction","target":["https:\/\/webs.uab.cat\/txicc\/"]}]},{"@type":"ImageObject","inLanguage":"ca","@id":"https:\/\/webs.uab.cat\/txicc\/#primaryimage","url":"https:\/\/webs.uab.cat\/txicc\/wp-content\/uploads\/sites\/309\/2025\/03\/20250130_23253101-1TXICC01-1-scaled.jpg","contentUrl":"https:\/\/webs.uab.cat\/txicc\/wp-content\/uploads\/sites\/309\/2025\/03\/20250130_23253101-1TXICC01-1-scaled.jpg","width":2560,"height":1754,"caption":"Foto Grup TXICC"},{"@type":"BreadcrumbList","@id":"https:\/\/webs.uab.cat\/txicc\/#breadcrumb","itemListElement":[{"@type":"ListItem","position":1,"name":"Portada","item":"https:\/\/webs.uab.cat\/txicc\/"},{"@type":"ListItem","position":2,"name":"Inici"}]},{"@type":"WebSite","@id":"https:\/\/webs.uab.cat\/txicc\/#website","url":"https:\/\/webs.uab.cat\/txicc\/","name":"Grup de recerca en Traducci\u00f3 del xin\u00e8s al catal\u00e0\/castell\u00e0 (TXICC)","description":"","potentialAction":[{"@type":"SearchAction","target":{"@type":"EntryPoint","urlTemplate":"https:\/\/webs.uab.cat\/txicc\/?s={search_term_string}"},"query-input":{"@type":"PropertyValueSpecification","valueRequired":true,"valueName":"search_term_string"}}],"inLanguage":"ca"}]}},"_links":{"self":[{"href":"https:\/\/webs.uab.cat\/txicc\/wp-json\/wp\/v2\/pages\/87","targetHints":{"allow":["GET"]}}],"collection":[{"href":"https:\/\/webs.uab.cat\/txicc\/wp-json\/wp\/v2\/pages"}],"about":[{"href":"https:\/\/webs.uab.cat\/txicc\/wp-json\/wp\/v2\/types\/page"}],"author":[{"embeddable":true,"href":"https:\/\/webs.uab.cat\/txicc\/wp-json\/wp\/v2\/users\/20"}],"replies":[{"embeddable":true,"href":"https:\/\/webs.uab.cat\/txicc\/wp-json\/wp\/v2\/comments?post=87"}],"version-history":[{"count":5,"href":"https:\/\/webs.uab.cat\/txicc\/wp-json\/wp\/v2\/pages\/87\/revisions"}],"predecessor-version":[{"id":1681,"href":"https:\/\/webs.uab.cat\/txicc\/wp-json\/wp\/v2\/pages\/87\/revisions\/1681"}],"wp:attachment":[{"href":"https:\/\/webs.uab.cat\/txicc\/wp-json\/wp\/v2\/media?parent=87"}],"curies":[{"name":"wp","href":"https:\/\/api.w.org\/{rel}","templated":true}]}}