{"id":90,"date":"2009-05-25T13:26:58","date_gmt":"2009-05-25T11:26:58","guid":{"rendered":"https:\/\/webs.uab.cat\/txicc\/linies-recerca\/"},"modified":"2023-10-31T13:46:57","modified_gmt":"2023-10-31T11:46:57","slug":"linies-recerca","status":"publish","type":"page","link":"https:\/\/webs.uab.cat\/txicc\/linies-recerca\/","title":{"rendered":"L\u00ednies de recerca i publicacions"},"content":{"rendered":"\n<p>Els membres del TXICC tenen una \u00e0mplia producci\u00f3 cient\u00edfica. La llista actualitzada de les contribucions es pot trobar al <a href=\"https:\/\/portalrecerca.uab.cat\/\" target=\"_blank\" rel=\"noreferrer noopener\">Portal de Recerca de la UAB<\/a> organitzades per tipologia. La majoria de les publicacions estan disponibles en acc\u00e9s obert al <a href=\"https:\/\/ddd.uab.cat\/collection\/txicc\" target=\"_blank\" rel=\"noreferrer noopener\">Dip\u00f2sit Digital de Documents de la UAB<\/a>.<\/p>\n\n\n<p>L\u2019activitat de recerca del grup s\u2019articula al voltant de les l\u00ednies seg\u00fcents:<\/p>\n<ul>\n<li>Traducci\u00f3 i interpretaci\u00f3 entre el xin\u00e8s i el catal\u00e0\/castell\u00e0<\/li>\n<li>Ling\u00fc\u00edstica contrastiva entre el xin\u00e8s i el catal\u00e0\/castell\u00e0<\/li>\n<li>Did\u00e0ctica del xin\u00e8s com a llengua estrangera<\/li>\n<li>Did\u00e0ctica del xin\u00e8s per a fins espec\u00edfics (llengua per a traductors)<\/li>\n<li>La comunicaci\u00f3 intercultural entre la cultura espanyola i la xinesa<\/li>\n<li>An\u00e0lisi cr\u00edtica del discurs sobre la llengua xinesa i la representaci\u00f3 de l\u2019altre xin\u00e8s<\/li>\n<\/ul>","protected":false},"excerpt":{"rendered":"<p>Els membres del TXICC tenen una \u00e0mplia producci\u00f3 cient\u00edfica. La llista actualitzada de les contribucions es pot trobar al Portal de Recerca de la UAB organitzades per tipologia. La majoria de les publicacions estan disponibles en acc\u00e9s obert al Dip\u00f2sit Digital de Documents de la UAB. L\u2019activitat de recerca del grup s\u2019articula al voltant de [&hellip;]<\/p>\n","protected":false},"author":20,"featured_media":0,"parent":0,"menu_order":0,"comment_status":"closed","ping_status":"closed","template":"","meta":{"footnotes":""},"class_list":["post-90","page","type-page","status-publish","hentry"],"yoast_head":"<!-- This site is optimized with the Yoast SEO plugin v26.8 - https:\/\/yoast.com\/product\/yoast-seo-wordpress\/ -->\n<title>L\u00ednies de recerca i publicacions - Grup de recerca en Traducci\u00f3 del xin\u00e8s al catal\u00e0\/castell\u00e0 (TXICC)<\/title>\n<meta name=\"robots\" content=\"index, follow, max-snippet:-1, max-image-preview:large, max-video-preview:-1\" \/>\n<link rel=\"canonical\" href=\"https:\/\/webs.uab.cat\/txicc\/linies-recerca\/\" \/>\n<meta property=\"og:locale\" content=\"ca_ES\" \/>\n<meta property=\"og:type\" content=\"article\" \/>\n<meta property=\"og:title\" content=\"L\u00ednies de recerca i publicacions - Grup de recerca en Traducci\u00f3 del xin\u00e8s al catal\u00e0\/castell\u00e0 (TXICC)\" \/>\n<meta property=\"og:description\" content=\"Els membres del TXICC tenen una \u00e0mplia producci\u00f3 cient\u00edfica. La llista actualitzada de les contribucions es pot trobar al Portal de Recerca de la UAB organitzades per tipologia. La majoria de les publicacions estan disponibles en acc\u00e9s obert al Dip\u00f2sit Digital de Documents de la UAB. L\u2019activitat de recerca del grup s\u2019articula al voltant de [&hellip;]\" \/>\n<meta property=\"og:url\" content=\"https:\/\/webs.uab.cat\/txicc\/linies-recerca\/\" \/>\n<meta property=\"og:site_name\" content=\"Grup de recerca en Traducci\u00f3 del xin\u00e8s al catal\u00e0\/castell\u00e0 (TXICC)\" \/>\n<meta property=\"article:modified_time\" content=\"2023-10-31T11:46:57+00:00\" \/>\n<meta name=\"twitter:card\" content=\"summary_large_image\" \/>\n<meta name=\"twitter:label1\" content=\"Temps estimat de lectura\" \/>\n\t<meta name=\"twitter:data1\" content=\"1 minut\" \/>\n<script type=\"application\/ld+json\" class=\"yoast-schema-graph\">{\"@context\":\"https:\/\/schema.org\",\"@graph\":[{\"@type\":\"WebPage\",\"@id\":\"https:\/\/webs.uab.cat\/txicc\/linies-recerca\/\",\"url\":\"https:\/\/webs.uab.cat\/txicc\/linies-recerca\/\",\"name\":\"L\u00ednies de recerca i publicacions - Grup de recerca en Traducci\u00f3 del xin\u00e8s al catal\u00e0\/castell\u00e0 (TXICC)\",\"isPartOf\":{\"@id\":\"https:\/\/webs.uab.cat\/txicc\/#website\"},\"datePublished\":\"2009-05-25T11:26:58+00:00\",\"dateModified\":\"2023-10-31T11:46:57+00:00\",\"breadcrumb\":{\"@id\":\"https:\/\/webs.uab.cat\/txicc\/linies-recerca\/#breadcrumb\"},\"inLanguage\":\"ca\",\"potentialAction\":[{\"@type\":\"ReadAction\",\"target\":[\"https:\/\/webs.uab.cat\/txicc\/linies-recerca\/\"]}]},{\"@type\":\"BreadcrumbList\",\"@id\":\"https:\/\/webs.uab.cat\/txicc\/linies-recerca\/#breadcrumb\",\"itemListElement\":[{\"@type\":\"ListItem\",\"position\":1,\"name\":\"Portada\",\"item\":\"https:\/\/webs.uab.cat\/txicc\/\"},{\"@type\":\"ListItem\",\"position\":2,\"name\":\"L\u00ednies de recerca i publicacions\"}]},{\"@type\":\"WebSite\",\"@id\":\"https:\/\/webs.uab.cat\/txicc\/#website\",\"url\":\"https:\/\/webs.uab.cat\/txicc\/\",\"name\":\"Grup de recerca en Traducci\u00f3 del xin\u00e8s al catal\u00e0\/castell\u00e0 (TXICC)\",\"description\":\"\",\"potentialAction\":[{\"@type\":\"SearchAction\",\"target\":{\"@type\":\"EntryPoint\",\"urlTemplate\":\"https:\/\/webs.uab.cat\/txicc\/?s={search_term_string}\"},\"query-input\":{\"@type\":\"PropertyValueSpecification\",\"valueRequired\":true,\"valueName\":\"search_term_string\"}}],\"inLanguage\":\"ca\"}]}<\/script>\n<!-- \/ Yoast SEO plugin. -->","yoast_head_json":{"title":"L\u00ednies de recerca i publicacions - Grup de recerca en Traducci\u00f3 del xin\u00e8s al catal\u00e0\/castell\u00e0 (TXICC)","robots":{"index":"index","follow":"follow","max-snippet":"max-snippet:-1","max-image-preview":"max-image-preview:large","max-video-preview":"max-video-preview:-1"},"canonical":"https:\/\/webs.uab.cat\/txicc\/linies-recerca\/","og_locale":"ca_ES","og_type":"article","og_title":"L\u00ednies de recerca i publicacions - Grup de recerca en Traducci\u00f3 del xin\u00e8s al catal\u00e0\/castell\u00e0 (TXICC)","og_description":"Els membres del TXICC tenen una \u00e0mplia producci\u00f3 cient\u00edfica. La llista actualitzada de les contribucions es pot trobar al Portal de Recerca de la UAB organitzades per tipologia. La majoria de les publicacions estan disponibles en acc\u00e9s obert al Dip\u00f2sit Digital de Documents de la UAB. L\u2019activitat de recerca del grup s\u2019articula al voltant de [&hellip;]","og_url":"https:\/\/webs.uab.cat\/txicc\/linies-recerca\/","og_site_name":"Grup de recerca en Traducci\u00f3 del xin\u00e8s al catal\u00e0\/castell\u00e0 (TXICC)","article_modified_time":"2023-10-31T11:46:57+00:00","twitter_card":"summary_large_image","twitter_misc":{"Temps estimat de lectura":"1 minut"},"schema":{"@context":"https:\/\/schema.org","@graph":[{"@type":"WebPage","@id":"https:\/\/webs.uab.cat\/txicc\/linies-recerca\/","url":"https:\/\/webs.uab.cat\/txicc\/linies-recerca\/","name":"L\u00ednies de recerca i publicacions - Grup de recerca en Traducci\u00f3 del xin\u00e8s al catal\u00e0\/castell\u00e0 (TXICC)","isPartOf":{"@id":"https:\/\/webs.uab.cat\/txicc\/#website"},"datePublished":"2009-05-25T11:26:58+00:00","dateModified":"2023-10-31T11:46:57+00:00","breadcrumb":{"@id":"https:\/\/webs.uab.cat\/txicc\/linies-recerca\/#breadcrumb"},"inLanguage":"ca","potentialAction":[{"@type":"ReadAction","target":["https:\/\/webs.uab.cat\/txicc\/linies-recerca\/"]}]},{"@type":"BreadcrumbList","@id":"https:\/\/webs.uab.cat\/txicc\/linies-recerca\/#breadcrumb","itemListElement":[{"@type":"ListItem","position":1,"name":"Portada","item":"https:\/\/webs.uab.cat\/txicc\/"},{"@type":"ListItem","position":2,"name":"L\u00ednies de recerca i publicacions"}]},{"@type":"WebSite","@id":"https:\/\/webs.uab.cat\/txicc\/#website","url":"https:\/\/webs.uab.cat\/txicc\/","name":"Grup de recerca en Traducci\u00f3 del xin\u00e8s al catal\u00e0\/castell\u00e0 (TXICC)","description":"","potentialAction":[{"@type":"SearchAction","target":{"@type":"EntryPoint","urlTemplate":"https:\/\/webs.uab.cat\/txicc\/?s={search_term_string}"},"query-input":{"@type":"PropertyValueSpecification","valueRequired":true,"valueName":"search_term_string"}}],"inLanguage":"ca"}]}},"_links":{"self":[{"href":"https:\/\/webs.uab.cat\/txicc\/wp-json\/wp\/v2\/pages\/90","targetHints":{"allow":["GET"]}}],"collection":[{"href":"https:\/\/webs.uab.cat\/txicc\/wp-json\/wp\/v2\/pages"}],"about":[{"href":"https:\/\/webs.uab.cat\/txicc\/wp-json\/wp\/v2\/types\/page"}],"author":[{"embeddable":true,"href":"https:\/\/webs.uab.cat\/txicc\/wp-json\/wp\/v2\/users\/20"}],"replies":[{"embeddable":true,"href":"https:\/\/webs.uab.cat\/txicc\/wp-json\/wp\/v2\/comments?post=90"}],"version-history":[{"count":5,"href":"https:\/\/webs.uab.cat\/txicc\/wp-json\/wp\/v2\/pages\/90\/revisions"}],"predecessor-version":[{"id":1235,"href":"https:\/\/webs.uab.cat\/txicc\/wp-json\/wp\/v2\/pages\/90\/revisions\/1235"}],"wp:attachment":[{"href":"https:\/\/webs.uab.cat\/txicc\/wp-json\/wp\/v2\/media?parent=90"}],"curies":[{"name":"wp","href":"https:\/\/api.w.org\/{rel}","templated":true}]}}