{"id":91,"date":"2009-05-25T13:30:47","date_gmt":"2009-05-25T11:30:47","guid":{"rendered":"https:\/\/webs.uab.cat\/txicc\/membres\/"},"modified":"2025-08-01T13:45:13","modified_gmt":"2025-08-01T11:45:13","slug":"membres","status":"publish","type":"page","link":"https:\/\/webs.uab.cat\/txicc\/membres\/","title":{"rendered":"Membres"},"content":{"rendered":"\n<ul class=\"wp-block-list\">\n<li><a href=\"https:\/\/webs.uab.cat\/sara-rovira\/\"><strong>Dra. Sara Rovira-Esteva<\/strong><\/a><strong> (IP)<\/strong> &#8211; Departament de Traducci\u00f3 i d&#8217;Interpretaci\u00f3 i Estudis de l&#8217;\u00c0sia Oriental (UAB)<\/li>\n\n\n\n<li><strong><a href=\"https:\/\/portalrecerca.uab.cat\/en\/persons\/helena-casas-tost-7\" target=\"_blank\" rel=\"noreferrer noopener\">Dra. Helena Casas-Tost<\/a><\/strong> &#8211; Departament de Traducci\u00f3 i d&#8217;Interpretaci\u00f3 i Estudis de l&#8217;\u00c0sia Oriental (UAB)<\/li>\n\n\n\n<li><a href=\"https:\/\/portalrecerca.uab.cat\/en\/persons\/mireia-vargas-urp%C3%AD-6\"><strong>Dra. Mireia Vargas-Urpi<\/strong> <\/a>&#8211; Departament de Traducci\u00f3 i d&#8217;Interpretaci\u00f3 i Estudis de l&#8217;\u00c0sia Oriental (UAB)<\/li>\n\n\n\n<li><a href=\"https:\/\/portalrecerca.uab.cat\/en\/persons\/antonio-paoliello-2\" target=\"_blank\" rel=\"noreferrer noopener\"><strong>Dr. Antonio Paoliello<\/strong> <\/a>&#8211; Departament de Traducci\u00f3 i d&#8217;Interpretaci\u00f3 i Estudis de l&#8217;\u00c0sia Oriental (UAB)<\/li>\n\n\n\n<li><a href=\"https:\/\/portalrecerca.uab.cat\/en\/persons\/maialen-marin-lacarta\"><strong>Dra. Maialen Marin-Lacarta<\/strong><\/a> &#8211; Departament de Traducci\u00f3 i d&#8217;Interpretaci\u00f3 i Estudis de l&#8217;\u00c0sia Oriental (UAB)<\/li>\n\n\n\n<li><a href=\"https:\/\/www.ugr.es\/personal\/juan-jose-ciruela-alferez\"><strong>Dr. Juan Jos\u00e9 Ciruela Alf\u00e9rez<\/strong><\/a>&nbsp;&#8211;&nbsp;Departament&nbsp;de Ling\u00fc\u00edstica General i&nbsp;Teoria de la Literatura (UGR)<\/li>\n\n\n\n<li><strong>Dra. Yu-Fen TAI <\/strong>&#8211; Tamkang University (TKU, Taiwan)<\/li>\n\n\n\n<li><strong>Dra. Xianghong Qu &#8211; <\/strong>Departament de Traducci\u00f3 i d&#8217;Interpretaci\u00f3 i Estudis de l&#8217;\u00c0sia Oriental (UAB)<\/li>\n\n\n\n<li><a href=\"https:\/\/lilladeserta.cat\/category\/caracter-xines\/\" target=\"_blank\" rel=\"noopener\"><strong>Prof. S\u00edlvia Fustegueres <\/strong><\/a>&#8211; Traductora i especialista en noves tecnologies aplicades a la traducci\u00f3. <a href=\"http:\/\/www.ampersand.net\" target=\"_blank\" rel=\"noopener\">Ampersand Traducci\u00f3 Autom\u00e0tica, SL.<\/a><\/li>\n<\/ul>\n","protected":false},"excerpt":{"rendered":"","protected":false},"author":20,"featured_media":0,"parent":0,"menu_order":0,"comment_status":"closed","ping_status":"closed","template":"","meta":{"footnotes":""},"class_list":["post-91","page","type-page","status-publish","hentry"],"yoast_head":"<!-- This site is optimized with the Yoast SEO plugin v26.8 - https:\/\/yoast.com\/product\/yoast-seo-wordpress\/ -->\n<title>Membres - Grup de recerca en Traducci\u00f3 del xin\u00e8s al catal\u00e0\/castell\u00e0 (TXICC)<\/title>\n<meta name=\"robots\" content=\"index, follow, max-snippet:-1, max-image-preview:large, max-video-preview:-1\" \/>\n<link rel=\"canonical\" href=\"https:\/\/webs.uab.cat\/txicc\/membres\/\" \/>\n<meta property=\"og:locale\" content=\"ca_ES\" \/>\n<meta property=\"og:type\" content=\"article\" \/>\n<meta property=\"og:title\" content=\"Membres - Grup de recerca en Traducci\u00f3 del xin\u00e8s al catal\u00e0\/castell\u00e0 (TXICC)\" \/>\n<meta property=\"og:url\" content=\"https:\/\/webs.uab.cat\/txicc\/membres\/\" \/>\n<meta property=\"og:site_name\" content=\"Grup de recerca en Traducci\u00f3 del xin\u00e8s al catal\u00e0\/castell\u00e0 (TXICC)\" \/>\n<meta property=\"article:modified_time\" content=\"2025-08-01T11:45:13+00:00\" \/>\n<meta name=\"twitter:card\" content=\"summary_large_image\" \/>\n<meta name=\"twitter:label1\" content=\"Temps estimat de lectura\" \/>\n\t<meta name=\"twitter:data1\" content=\"1 minut\" \/>\n<script type=\"application\/ld+json\" class=\"yoast-schema-graph\">{\"@context\":\"https:\/\/schema.org\",\"@graph\":[{\"@type\":\"WebPage\",\"@id\":\"https:\/\/webs.uab.cat\/txicc\/membres\/\",\"url\":\"https:\/\/webs.uab.cat\/txicc\/membres\/\",\"name\":\"Membres - Grup de recerca en Traducci\u00f3 del xin\u00e8s al catal\u00e0\/castell\u00e0 (TXICC)\",\"isPartOf\":{\"@id\":\"https:\/\/webs.uab.cat\/txicc\/#website\"},\"datePublished\":\"2009-05-25T11:30:47+00:00\",\"dateModified\":\"2025-08-01T11:45:13+00:00\",\"breadcrumb\":{\"@id\":\"https:\/\/webs.uab.cat\/txicc\/membres\/#breadcrumb\"},\"inLanguage\":\"ca\",\"potentialAction\":[{\"@type\":\"ReadAction\",\"target\":[\"https:\/\/webs.uab.cat\/txicc\/membres\/\"]}]},{\"@type\":\"BreadcrumbList\",\"@id\":\"https:\/\/webs.uab.cat\/txicc\/membres\/#breadcrumb\",\"itemListElement\":[{\"@type\":\"ListItem\",\"position\":1,\"name\":\"Portada\",\"item\":\"https:\/\/webs.uab.cat\/txicc\/\"},{\"@type\":\"ListItem\",\"position\":2,\"name\":\"Membres\"}]},{\"@type\":\"WebSite\",\"@id\":\"https:\/\/webs.uab.cat\/txicc\/#website\",\"url\":\"https:\/\/webs.uab.cat\/txicc\/\",\"name\":\"Grup de recerca en Traducci\u00f3 del xin\u00e8s al catal\u00e0\/castell\u00e0 (TXICC)\",\"description\":\"\",\"potentialAction\":[{\"@type\":\"SearchAction\",\"target\":{\"@type\":\"EntryPoint\",\"urlTemplate\":\"https:\/\/webs.uab.cat\/txicc\/?s={search_term_string}\"},\"query-input\":{\"@type\":\"PropertyValueSpecification\",\"valueRequired\":true,\"valueName\":\"search_term_string\"}}],\"inLanguage\":\"ca\"}]}<\/script>\n<!-- \/ Yoast SEO plugin. -->","yoast_head_json":{"title":"Membres - Grup de recerca en Traducci\u00f3 del xin\u00e8s al catal\u00e0\/castell\u00e0 (TXICC)","robots":{"index":"index","follow":"follow","max-snippet":"max-snippet:-1","max-image-preview":"max-image-preview:large","max-video-preview":"max-video-preview:-1"},"canonical":"https:\/\/webs.uab.cat\/txicc\/membres\/","og_locale":"ca_ES","og_type":"article","og_title":"Membres - Grup de recerca en Traducci\u00f3 del xin\u00e8s al catal\u00e0\/castell\u00e0 (TXICC)","og_url":"https:\/\/webs.uab.cat\/txicc\/membres\/","og_site_name":"Grup de recerca en Traducci\u00f3 del xin\u00e8s al catal\u00e0\/castell\u00e0 (TXICC)","article_modified_time":"2025-08-01T11:45:13+00:00","twitter_card":"summary_large_image","twitter_misc":{"Temps estimat de lectura":"1 minut"},"schema":{"@context":"https:\/\/schema.org","@graph":[{"@type":"WebPage","@id":"https:\/\/webs.uab.cat\/txicc\/membres\/","url":"https:\/\/webs.uab.cat\/txicc\/membres\/","name":"Membres - Grup de recerca en Traducci\u00f3 del xin\u00e8s al catal\u00e0\/castell\u00e0 (TXICC)","isPartOf":{"@id":"https:\/\/webs.uab.cat\/txicc\/#website"},"datePublished":"2009-05-25T11:30:47+00:00","dateModified":"2025-08-01T11:45:13+00:00","breadcrumb":{"@id":"https:\/\/webs.uab.cat\/txicc\/membres\/#breadcrumb"},"inLanguage":"ca","potentialAction":[{"@type":"ReadAction","target":["https:\/\/webs.uab.cat\/txicc\/membres\/"]}]},{"@type":"BreadcrumbList","@id":"https:\/\/webs.uab.cat\/txicc\/membres\/#breadcrumb","itemListElement":[{"@type":"ListItem","position":1,"name":"Portada","item":"https:\/\/webs.uab.cat\/txicc\/"},{"@type":"ListItem","position":2,"name":"Membres"}]},{"@type":"WebSite","@id":"https:\/\/webs.uab.cat\/txicc\/#website","url":"https:\/\/webs.uab.cat\/txicc\/","name":"Grup de recerca en Traducci\u00f3 del xin\u00e8s al catal\u00e0\/castell\u00e0 (TXICC)","description":"","potentialAction":[{"@type":"SearchAction","target":{"@type":"EntryPoint","urlTemplate":"https:\/\/webs.uab.cat\/txicc\/?s={search_term_string}"},"query-input":{"@type":"PropertyValueSpecification","valueRequired":true,"valueName":"search_term_string"}}],"inLanguage":"ca"}]}},"_links":{"self":[{"href":"https:\/\/webs.uab.cat\/txicc\/wp-json\/wp\/v2\/pages\/91","targetHints":{"allow":["GET"]}}],"collection":[{"href":"https:\/\/webs.uab.cat\/txicc\/wp-json\/wp\/v2\/pages"}],"about":[{"href":"https:\/\/webs.uab.cat\/txicc\/wp-json\/wp\/v2\/types\/page"}],"author":[{"embeddable":true,"href":"https:\/\/webs.uab.cat\/txicc\/wp-json\/wp\/v2\/users\/20"}],"replies":[{"embeddable":true,"href":"https:\/\/webs.uab.cat\/txicc\/wp-json\/wp\/v2\/comments?post=91"}],"version-history":[{"count":17,"href":"https:\/\/webs.uab.cat\/txicc\/wp-json\/wp\/v2\/pages\/91\/revisions"}],"predecessor-version":[{"id":1696,"href":"https:\/\/webs.uab.cat\/txicc\/wp-json\/wp\/v2\/pages\/91\/revisions\/1696"}],"wp:attachment":[{"href":"https:\/\/webs.uab.cat\/txicc\/wp-json\/wp\/v2\/media?parent=91"}],"curies":[{"name":"wp","href":"https:\/\/api.w.org\/{rel}","templated":true}]}}