{"id":117,"date":"2025-07-22T09:07:00","date_gmt":"2025-07-22T07:07:00","guid":{"rendered":"https:\/\/webs.uab.cat\/txicc\/inici-2\/"},"modified":"2025-07-22T11:33:11","modified_gmt":"2025-07-22T09:33:11","slug":"inici-2","status":"publish","type":"page","link":"https:\/\/webs.uab.cat\/txicc\/zh-hans\/","title":{"rendered":"\u9996\u9875"},"content":{"rendered":"\n<figure class=\"wp-block-image\"><img loading=\"lazy\" decoding=\"async\" width=\"2560\" height=\"1754\" src=\"https:\/\/webs.uab.cat\/txicc\/wp-content\/uploads\/sites\/309\/2025\/03\/20250130_23253101-1TXICC01-1-scaled.jpg\" alt=\"Grup TXICC\" class=\"wp-image-1665\" srcset=\"https:\/\/webs.uab.cat\/txicc\/wp-content\/uploads\/sites\/309\/2025\/03\/20250130_23253101-1TXICC01-1-scaled.jpg 2560w, https:\/\/webs.uab.cat\/txicc\/wp-content\/uploads\/sites\/309\/2025\/03\/20250130_23253101-1TXICC01-1-300x205.jpg 300w, https:\/\/webs.uab.cat\/txicc\/wp-content\/uploads\/sites\/309\/2025\/03\/20250130_23253101-1TXICC01-1-1024x701.jpg 1024w, https:\/\/webs.uab.cat\/txicc\/wp-content\/uploads\/sites\/309\/2025\/03\/20250130_23253101-1TXICC01-1-768x526.jpg 768w, https:\/\/webs.uab.cat\/txicc\/wp-content\/uploads\/sites\/309\/2025\/03\/20250130_23253101-1TXICC01-1-1536x1052.jpg 1536w, https:\/\/webs.uab.cat\/txicc\/wp-content\/uploads\/sites\/309\/2025\/03\/20250130_23253101-1TXICC01-1-2048x1403.jpg 2048w, https:\/\/webs.uab.cat\/txicc\/wp-content\/uploads\/sites\/309\/2025\/03\/20250130_23253101-1TXICC01-1-1200x822.jpg 1200w, https:\/\/webs.uab.cat\/txicc\/wp-content\/uploads\/sites\/309\/2025\/03\/20250130_23253101-1TXICC01-1-1980x1356.jpg 1980w\" sizes=\"auto, (max-width: 2560px) 100vw, 2560px\" \/><\/figure>\n\n\n\n<p><\/p>\n\n\n\n<p>\u4e2d\u6587-\u52a0\u6cf0\u7f57\u5c3c\u4e9a\u6587 \/\u897f\u73ed\u7259\u6587\u7ffb\u8bd1\u53ca\u53e3\u8bd1\u7814\u7a76\u7ec4\u65e8\u5728\u63a8\u52a8\u4e0b\u5217\u5404\u9886\u57df\u5185\u5b66\u672f\u7814\u7a76\u5de5\u4f5c\u7684\u53d1\u5c55\uff0c\u7740\u91cd\u63a2\u8ba8\u4e2d\u6587-\u52a0\u6cf0\u7f57\u5c3c\u4e9a\u6587\/\u897f\u73ed\u7259\u6587\u7ffb\u8bd1\u53ca\u53e3\u8bd1\uff0c\u5bf9\u6bd4\u8bed\u8a00\u5b66\uff0c\u5bf9\u5916\u6c49\u8bed\u6559\u5b66\uff0c\u4e13\u95e8\u7528\u9014\u6c49\u8bed\u6559\u5b66\uff08\u53e3\u7b14\u8bd1\u6c49\u8bed\u6559\u5b66\uff09\u66a8\u4e0d\u540c\u6587\u5316\u95f4\u8de8\u6587\u5316\u4ea4\u9645\u7b49\u65b9\u9762\u7684\u8bfe\u9898\u3002<\/p>\n\n\n\n<p>\u672c\u7814\u7a76\u7ec4\u4e8e\u4e8c\u96f6\u96f6\u4e03\u5e74\u7ecf\u7531\u5df4\u585e\u7f57\u90a3\u81ea\u6cbb\u5927\u5b66\u6279\u51c6\u6b63\u5f0f\u6210\u7acb\u3002\u8d77\u521d\u6210\u5458\u5305\u62ec\u6240\u6709\u4e2d\u897f\u6587\u804c\u4e1a\u53e3\u7b14\u8bd1\u7855\u58eb\u5b66\u4f4d\u4e13\u4e1a\u8bfe\u7a0b\u7684\u6388\u8bfe\u8001\u5e08\uff0c\u8be5\u4e13\u4e1a\u9996\u8bbe\u4e8e\u4e8c\u96f6\u96f6\u56db\u81f3\u4e8c\u96f6\u96f6\u4e94\u5b66\u5e74\u3002\u800c\u5728\u6b64\u7b2c\u4e8c\u9636\u6bb5\uff0c\u5176\u6210\u5458\u5219\u4ec5\u9650\u4e8e\u5df4\u585e\u7f57\u90a3\u81ea\u6cbb\u5927\u5b66\u6559\u5e08\u53ca\u7814\u7a76\u5174\u8da3\u6216\u7814\u7a76\u8bfe\u9898\u4e0e\u8be5\u7ec4\u7814\u7a76\u65b9\u5411\u76f4\u63a5\u76f8\u5173\u7684\u5916\u90e8\u9644\u5c5e\u6210\u5458\u3002<\/p>\n","protected":false},"excerpt":{"rendered":"<p>\u4e2d\u6587-\u52a0\u6cf0\u7f57\u5c3c\u4e9a\u6587 \/\u897f\u73ed\u7259\u6587\u7ffb\u8bd1\u53ca\u53e3\u8bd1\u7814\u7a76\u7ec4\u65e8\u5728\u63a8\u52a8\u4e0b\u5217\u5404\u9886\u57df\u5185\u5b66\u672f\u7814\u7a76\u5de5\u4f5c\u7684\u53d1\u5c55\uff0c\u7740\u91cd\u63a2\u8ba8\u4e2d\u6587-\u52a0\u6cf0\u7f57\u5c3c\u4e9a [&hellip;]<\/p>\n","protected":false},"author":20,"featured_media":0,"parent":0,"menu_order":0,"comment_status":"closed","ping_status":"closed","template":"","meta":{"footnotes":""},"class_list":["post-117","page","type-page","status-publish","hentry"],"yoast_head":"<!-- This site is optimized with the Yoast SEO plugin v26.8 - https:\/\/yoast.com\/product\/yoast-seo-wordpress\/ -->\n<title>Grup de recerca en Traducci\u00f3 del xin\u00e8s al catal\u00e0\/castell\u00e0 (TXICC) \u9996\u9875 -<\/title>\n<meta name=\"description\" content=\"\u4e2d\u6587-\u52a0\u6cf0\u7f57\u5c3c\u4e9a\u6587 \/\u897f\u73ed\u7259\u6587\u7ffb\u8bd1\u53ca\u53e3\u8bd1\u7814\u7a76\u7ec4\u65e8\u5728\u63a8\u52a8\u4e0b\u5217\u5404\u9886\u57df\u5185\u5b66\u672f\u7814\u7a76\u5de5\u4f5c\u7684\u53d1\u5c55\uff0c\u7740\u91cd\u63a2\u8ba8\u4e2d\u6587-\u52a0\u6cf0\u7f57\u5c3c\u4e9a\u6587\/\u897f\u73ed\u7259\u6587\u7ffb\u8bd1\u53ca\u53e3\u8bd1\uff0c\u5bf9\u6bd4\u8bed\u8a00\u5b66\uff0c\u5bf9\u5916\u6c49\u8bed\u6559\u5b66\uff0c\u4e13\u95e8\u7528\u9014\u6c49\u8bed\u6559\u5b66\uff08\u53e3\u7b14\u8bd1\u6c49\u8bed\u6559\u5b66\uff09\u66a8\u4e0d\u540c\u6587\u5316\u95f4\u8de8\u6587\u5316\u4ea4\u9645\u7b49\u65b9\u9762\u7684\u8bfe\u9898\u3002\" \/>\n<meta name=\"robots\" content=\"index, follow, max-snippet:-1, max-image-preview:large, max-video-preview:-1\" \/>\n<link rel=\"canonical\" href=\"https:\/\/webs.uab.cat\/txicc\/zh-hans\/\" \/>\n<meta property=\"og:locale\" content=\"zh_CN\" \/>\n<meta property=\"og:type\" content=\"article\" \/>\n<meta property=\"og:title\" content=\"Grup de recerca en Traducci\u00f3 del xin\u00e8s al catal\u00e0\/castell\u00e0 (TXICC) \u9996\u9875 -\" \/>\n<meta property=\"og:description\" content=\"\u4e2d\u6587-\u52a0\u6cf0\u7f57\u5c3c\u4e9a\u6587 \/\u897f\u73ed\u7259\u6587\u7ffb\u8bd1\u53ca\u53e3\u8bd1\u7814\u7a76\u7ec4\u65e8\u5728\u63a8\u52a8\u4e0b\u5217\u5404\u9886\u57df\u5185\u5b66\u672f\u7814\u7a76\u5de5\u4f5c\u7684\u53d1\u5c55\uff0c\u7740\u91cd\u63a2\u8ba8\u4e2d\u6587-\u52a0\u6cf0\u7f57\u5c3c\u4e9a\u6587\/\u897f\u73ed\u7259\u6587\u7ffb\u8bd1\u53ca\u53e3\u8bd1\uff0c\u5bf9\u6bd4\u8bed\u8a00\u5b66\uff0c\u5bf9\u5916\u6c49\u8bed\u6559\u5b66\uff0c\u4e13\u95e8\u7528\u9014\u6c49\u8bed\u6559\u5b66\uff08\u53e3\u7b14\u8bd1\u6c49\u8bed\u6559\u5b66\uff09\u66a8\u4e0d\u540c\u6587\u5316\u95f4\u8de8\u6587\u5316\u4ea4\u9645\u7b49\u65b9\u9762\u7684\u8bfe\u9898\u3002\" \/>\n<meta property=\"og:url\" content=\"https:\/\/webs.uab.cat\/txicc\/zh-hans\/\" \/>\n<meta property=\"og:site_name\" content=\"Grup de recerca en Traducci\u00f3 del xin\u00e8s al catal\u00e0\/castell\u00e0 (TXICC)\" \/>\n<meta property=\"article:modified_time\" content=\"2025-07-22T09:33:11+00:00\" \/>\n<meta property=\"og:image\" content=\"https:\/\/webs.uab.cat\/txicc\/wp-content\/uploads\/sites\/309\/2025\/03\/20250130_23253101-1TXICC01-1-scaled.jpg\" \/>\n\t<meta property=\"og:image:width\" content=\"2560\" \/>\n\t<meta property=\"og:image:height\" content=\"1754\" \/>\n\t<meta property=\"og:image:type\" content=\"image\/jpeg\" \/>\n<meta name=\"twitter:card\" content=\"summary_large_image\" \/>\n<meta name=\"twitter:label1\" content=\"\u9884\u8ba1\u9605\u8bfb\u65f6\u95f4\" \/>\n\t<meta name=\"twitter:data1\" content=\"1 \u5206\" \/>\n<script type=\"application\/ld+json\" class=\"yoast-schema-graph\">{\"@context\":\"https:\/\/schema.org\",\"@graph\":[{\"@type\":\"WebPage\",\"@id\":\"https:\/\/webs.uab.cat\/txicc\/zh-hans\/\",\"url\":\"https:\/\/webs.uab.cat\/txicc\/zh-hans\/\",\"name\":\"Grup de recerca en Traducci\u00f3 del xin\u00e8s al catal\u00e0\/castell\u00e0 (TXICC) \u9996\u9875 -\",\"isPartOf\":{\"@id\":\"https:\/\/webs.uab.cat\/txicc\/#website\"},\"primaryImageOfPage\":{\"@id\":\"https:\/\/webs.uab.cat\/txicc\/zh-hans\/#primaryimage\"},\"image\":{\"@id\":\"https:\/\/webs.uab.cat\/txicc\/zh-hans\/#primaryimage\"},\"thumbnailUrl\":\"https:\/\/webs.uab.cat\/txicc\/wp-content\/uploads\/sites\/309\/2025\/03\/20250130_23253101-1TXICC01-1-scaled.jpg\",\"datePublished\":\"2025-07-22T07:07:00+00:00\",\"dateModified\":\"2025-07-22T09:33:11+00:00\",\"description\":\"\u4e2d\u6587-\u52a0\u6cf0\u7f57\u5c3c\u4e9a\u6587 \/\u897f\u73ed\u7259\u6587\u7ffb\u8bd1\u53ca\u53e3\u8bd1\u7814\u7a76\u7ec4\u65e8\u5728\u63a8\u52a8\u4e0b\u5217\u5404\u9886\u57df\u5185\u5b66\u672f\u7814\u7a76\u5de5\u4f5c\u7684\u53d1\u5c55\uff0c\u7740\u91cd\u63a2\u8ba8\u4e2d\u6587-\u52a0\u6cf0\u7f57\u5c3c\u4e9a\u6587\/\u897f\u73ed\u7259\u6587\u7ffb\u8bd1\u53ca\u53e3\u8bd1\uff0c\u5bf9\u6bd4\u8bed\u8a00\u5b66\uff0c\u5bf9\u5916\u6c49\u8bed\u6559\u5b66\uff0c\u4e13\u95e8\u7528\u9014\u6c49\u8bed\u6559\u5b66\uff08\u53e3\u7b14\u8bd1\u6c49\u8bed\u6559\u5b66\uff09\u66a8\u4e0d\u540c\u6587\u5316\u95f4\u8de8\u6587\u5316\u4ea4\u9645\u7b49\u65b9\u9762\u7684\u8bfe\u9898\u3002\",\"breadcrumb\":{\"@id\":\"https:\/\/webs.uab.cat\/txicc\/zh-hans\/#breadcrumb\"},\"inLanguage\":\"zh-Hans\",\"potentialAction\":[{\"@type\":\"ReadAction\",\"target\":[\"https:\/\/webs.uab.cat\/txicc\/zh-hans\/\"]}]},{\"@type\":\"ImageObject\",\"inLanguage\":\"zh-Hans\",\"@id\":\"https:\/\/webs.uab.cat\/txicc\/zh-hans\/#primaryimage\",\"url\":\"https:\/\/webs.uab.cat\/txicc\/wp-content\/uploads\/sites\/309\/2025\/03\/20250130_23253101-1TXICC01-1-scaled.jpg\",\"contentUrl\":\"https:\/\/webs.uab.cat\/txicc\/wp-content\/uploads\/sites\/309\/2025\/03\/20250130_23253101-1TXICC01-1-scaled.jpg\"},{\"@type\":\"BreadcrumbList\",\"@id\":\"https:\/\/webs.uab.cat\/txicc\/zh-hans\/#breadcrumb\",\"itemListElement\":[{\"@type\":\"ListItem\",\"position\":1,\"name\":\"Portada\",\"item\":\"https:\/\/webs.uab.cat\/txicc\/zh-hans\/\"},{\"@type\":\"ListItem\",\"position\":2,\"name\":\"\u9996\u9875\"}]},{\"@type\":\"WebSite\",\"@id\":\"https:\/\/webs.uab.cat\/txicc\/#website\",\"url\":\"https:\/\/webs.uab.cat\/txicc\/\",\"name\":\"Grup de recerca en Traducci\u00f3 del xin\u00e8s al catal\u00e0\/castell\u00e0 (TXICC)\",\"description\":\"\",\"potentialAction\":[{\"@type\":\"SearchAction\",\"target\":{\"@type\":\"EntryPoint\",\"urlTemplate\":\"https:\/\/webs.uab.cat\/txicc\/?s={search_term_string}\"},\"query-input\":{\"@type\":\"PropertyValueSpecification\",\"valueRequired\":true,\"valueName\":\"search_term_string\"}}],\"inLanguage\":\"zh-Hans\"}]}<\/script>\n<!-- \/ Yoast SEO plugin. -->","yoast_head_json":{"title":"Grup de recerca en Traducci\u00f3 del xin\u00e8s al catal\u00e0\/castell\u00e0 (TXICC) \u9996\u9875 -","description":"\u4e2d\u6587-\u52a0\u6cf0\u7f57\u5c3c\u4e9a\u6587 \/\u897f\u73ed\u7259\u6587\u7ffb\u8bd1\u53ca\u53e3\u8bd1\u7814\u7a76\u7ec4\u65e8\u5728\u63a8\u52a8\u4e0b\u5217\u5404\u9886\u57df\u5185\u5b66\u672f\u7814\u7a76\u5de5\u4f5c\u7684\u53d1\u5c55\uff0c\u7740\u91cd\u63a2\u8ba8\u4e2d\u6587-\u52a0\u6cf0\u7f57\u5c3c\u4e9a\u6587\/\u897f\u73ed\u7259\u6587\u7ffb\u8bd1\u53ca\u53e3\u8bd1\uff0c\u5bf9\u6bd4\u8bed\u8a00\u5b66\uff0c\u5bf9\u5916\u6c49\u8bed\u6559\u5b66\uff0c\u4e13\u95e8\u7528\u9014\u6c49\u8bed\u6559\u5b66\uff08\u53e3\u7b14\u8bd1\u6c49\u8bed\u6559\u5b66\uff09\u66a8\u4e0d\u540c\u6587\u5316\u95f4\u8de8\u6587\u5316\u4ea4\u9645\u7b49\u65b9\u9762\u7684\u8bfe\u9898\u3002","robots":{"index":"index","follow":"follow","max-snippet":"max-snippet:-1","max-image-preview":"max-image-preview:large","max-video-preview":"max-video-preview:-1"},"canonical":"https:\/\/webs.uab.cat\/txicc\/zh-hans\/","og_locale":"zh_CN","og_type":"article","og_title":"Grup de recerca en Traducci\u00f3 del xin\u00e8s al catal\u00e0\/castell\u00e0 (TXICC) \u9996\u9875 -","og_description":"\u4e2d\u6587-\u52a0\u6cf0\u7f57\u5c3c\u4e9a\u6587 \/\u897f\u73ed\u7259\u6587\u7ffb\u8bd1\u53ca\u53e3\u8bd1\u7814\u7a76\u7ec4\u65e8\u5728\u63a8\u52a8\u4e0b\u5217\u5404\u9886\u57df\u5185\u5b66\u672f\u7814\u7a76\u5de5\u4f5c\u7684\u53d1\u5c55\uff0c\u7740\u91cd\u63a2\u8ba8\u4e2d\u6587-\u52a0\u6cf0\u7f57\u5c3c\u4e9a\u6587\/\u897f\u73ed\u7259\u6587\u7ffb\u8bd1\u53ca\u53e3\u8bd1\uff0c\u5bf9\u6bd4\u8bed\u8a00\u5b66\uff0c\u5bf9\u5916\u6c49\u8bed\u6559\u5b66\uff0c\u4e13\u95e8\u7528\u9014\u6c49\u8bed\u6559\u5b66\uff08\u53e3\u7b14\u8bd1\u6c49\u8bed\u6559\u5b66\uff09\u66a8\u4e0d\u540c\u6587\u5316\u95f4\u8de8\u6587\u5316\u4ea4\u9645\u7b49\u65b9\u9762\u7684\u8bfe\u9898\u3002","og_url":"https:\/\/webs.uab.cat\/txicc\/zh-hans\/","og_site_name":"Grup de recerca en Traducci\u00f3 del xin\u00e8s al catal\u00e0\/castell\u00e0 (TXICC)","article_modified_time":"2025-07-22T09:33:11+00:00","og_image":[{"width":2560,"height":1754,"url":"https:\/\/webs.uab.cat\/txicc\/wp-content\/uploads\/sites\/309\/2025\/03\/20250130_23253101-1TXICC01-1-scaled.jpg","type":"image\/jpeg"}],"twitter_card":"summary_large_image","twitter_misc":{"\u9884\u8ba1\u9605\u8bfb\u65f6\u95f4":"1 \u5206"},"schema":{"@context":"https:\/\/schema.org","@graph":[{"@type":"WebPage","@id":"https:\/\/webs.uab.cat\/txicc\/zh-hans\/","url":"https:\/\/webs.uab.cat\/txicc\/zh-hans\/","name":"Grup de recerca en Traducci\u00f3 del xin\u00e8s al catal\u00e0\/castell\u00e0 (TXICC) \u9996\u9875 -","isPartOf":{"@id":"https:\/\/webs.uab.cat\/txicc\/#website"},"primaryImageOfPage":{"@id":"https:\/\/webs.uab.cat\/txicc\/zh-hans\/#primaryimage"},"image":{"@id":"https:\/\/webs.uab.cat\/txicc\/zh-hans\/#primaryimage"},"thumbnailUrl":"https:\/\/webs.uab.cat\/txicc\/wp-content\/uploads\/sites\/309\/2025\/03\/20250130_23253101-1TXICC01-1-scaled.jpg","datePublished":"2025-07-22T07:07:00+00:00","dateModified":"2025-07-22T09:33:11+00:00","description":"\u4e2d\u6587-\u52a0\u6cf0\u7f57\u5c3c\u4e9a\u6587 \/\u897f\u73ed\u7259\u6587\u7ffb\u8bd1\u53ca\u53e3\u8bd1\u7814\u7a76\u7ec4\u65e8\u5728\u63a8\u52a8\u4e0b\u5217\u5404\u9886\u57df\u5185\u5b66\u672f\u7814\u7a76\u5de5\u4f5c\u7684\u53d1\u5c55\uff0c\u7740\u91cd\u63a2\u8ba8\u4e2d\u6587-\u52a0\u6cf0\u7f57\u5c3c\u4e9a\u6587\/\u897f\u73ed\u7259\u6587\u7ffb\u8bd1\u53ca\u53e3\u8bd1\uff0c\u5bf9\u6bd4\u8bed\u8a00\u5b66\uff0c\u5bf9\u5916\u6c49\u8bed\u6559\u5b66\uff0c\u4e13\u95e8\u7528\u9014\u6c49\u8bed\u6559\u5b66\uff08\u53e3\u7b14\u8bd1\u6c49\u8bed\u6559\u5b66\uff09\u66a8\u4e0d\u540c\u6587\u5316\u95f4\u8de8\u6587\u5316\u4ea4\u9645\u7b49\u65b9\u9762\u7684\u8bfe\u9898\u3002","breadcrumb":{"@id":"https:\/\/webs.uab.cat\/txicc\/zh-hans\/#breadcrumb"},"inLanguage":"zh-Hans","potentialAction":[{"@type":"ReadAction","target":["https:\/\/webs.uab.cat\/txicc\/zh-hans\/"]}]},{"@type":"ImageObject","inLanguage":"zh-Hans","@id":"https:\/\/webs.uab.cat\/txicc\/zh-hans\/#primaryimage","url":"https:\/\/webs.uab.cat\/txicc\/wp-content\/uploads\/sites\/309\/2025\/03\/20250130_23253101-1TXICC01-1-scaled.jpg","contentUrl":"https:\/\/webs.uab.cat\/txicc\/wp-content\/uploads\/sites\/309\/2025\/03\/20250130_23253101-1TXICC01-1-scaled.jpg"},{"@type":"BreadcrumbList","@id":"https:\/\/webs.uab.cat\/txicc\/zh-hans\/#breadcrumb","itemListElement":[{"@type":"ListItem","position":1,"name":"Portada","item":"https:\/\/webs.uab.cat\/txicc\/zh-hans\/"},{"@type":"ListItem","position":2,"name":"\u9996\u9875"}]},{"@type":"WebSite","@id":"https:\/\/webs.uab.cat\/txicc\/#website","url":"https:\/\/webs.uab.cat\/txicc\/","name":"Grup de recerca en Traducci\u00f3 del xin\u00e8s al catal\u00e0\/castell\u00e0 (TXICC)","description":"","potentialAction":[{"@type":"SearchAction","target":{"@type":"EntryPoint","urlTemplate":"https:\/\/webs.uab.cat\/txicc\/?s={search_term_string}"},"query-input":{"@type":"PropertyValueSpecification","valueRequired":true,"valueName":"search_term_string"}}],"inLanguage":"zh-Hans"}]}},"_links":{"self":[{"href":"https:\/\/webs.uab.cat\/txicc\/zh-hans\/wp-json\/wp\/v2\/pages\/117","targetHints":{"allow":["GET"]}}],"collection":[{"href":"https:\/\/webs.uab.cat\/txicc\/zh-hans\/wp-json\/wp\/v2\/pages"}],"about":[{"href":"https:\/\/webs.uab.cat\/txicc\/zh-hans\/wp-json\/wp\/v2\/types\/page"}],"author":[{"embeddable":true,"href":"https:\/\/webs.uab.cat\/txicc\/zh-hans\/wp-json\/wp\/v2\/users\/20"}],"replies":[{"embeddable":true,"href":"https:\/\/webs.uab.cat\/txicc\/zh-hans\/wp-json\/wp\/v2\/comments?post=117"}],"version-history":[{"count":3,"href":"https:\/\/webs.uab.cat\/txicc\/zh-hans\/wp-json\/wp\/v2\/pages\/117\/revisions"}],"predecessor-version":[{"id":1682,"href":"https:\/\/webs.uab.cat\/txicc\/zh-hans\/wp-json\/wp\/v2\/pages\/117\/revisions\/1682"}],"wp:attachment":[{"href":"https:\/\/webs.uab.cat\/txicc\/zh-hans\/wp-json\/wp\/v2\/media?parent=117"}],"curies":[{"name":"wp","href":"https:\/\/api.w.org\/{rel}","templated":true}]}}