{"id":1307,"date":"2018-09-07T08:50:00","date_gmt":"2018-09-07T06:50:00","guid":{"rendered":"https:\/\/webs.uab.cat\/txicc\/?page_id=1307"},"modified":"2023-11-28T10:17:17","modified_gmt":"2023-11-28T08:17:17","slug":"2017%e5%b1%8a","status":"publish","type":"page","link":"https:\/\/webs.uab.cat\/txicc\/zh-hans\/2017%e5%b1%8a\/","title":{"rendered":"2017\u5c4a"},"content":{"rendered":"\n<h2 class=\"wp-block-heading\"><strong>\u7b2c\u4e00\u5c4a\u9ec4\u739b\u8d5b\u4e2d\u56fd\u6587\u5b66\u7ffb\u8bd1\u5956<\/strong><\/h2>\n\n\n\n<p>\u4e8e2013\u5e741\u6708\u81f32016\u5e7412\u6708\u51fa\u7248\u3001\u8bd1\u81ea\u4e2d\u6587\u7684\u6587\u5b66\u7c7b\u897f\u73ed\u7259\u8bed\u8bd1\u4f5c\u3002<\/p>\n\n\n\n<p><strong>\u83b7\u5956\u4eba<\/strong><\/p>\n\n\n\n<p>Alicia Relinque Eleta\uff0c\u6c64\u663e\u7956<a href=\"http:\/\/Alicia Relinque Eleta, for the translation into Spanish of&nbsp;El Pabell\u00f3n de las Peon\u00edas o Historia del alma que regres\u00f3&nbsp;(Trotta), by Tang Xianzu\" target=\"_blank\" rel=\"noreferrer noopener\">\u300a\u7261\u4e39\u4ead\u8fd8\u9b42\u8bb0\u300b<\/a>\u897f\u73ed\u7259\u8bed\u7248\u672c\u8bd1\u8005\u3002<\/p>\n\n\n\n<p>\u7b2c\u4e00\u5c4a\u8bc4\u5ba1\u59d4\u5458\u4f1a\u6210\u5458\u540d\u5355\u5982\u4e0b\uff1a<\/p>\n\n\n\n<ul class=\"wp-block-list\">\n<li>Gabriel Garc\u00eda-Noblejas (\u683c\u5170\u7eb3\u8fbe\u5927\u5b66)&nbsp;<\/li>\n\n\n\n<li>Manel Oll\u00e9 (\u5e9e\u57f9\u00b7\u6cd5\u5e03\u62c9\u5927\u5b66)<\/li>\n\n\n\n<li>Carles Prado (\u52a0\u6cf0\u7f57\u5c3c\u4e9a\u5f00\u653e\u5927\u5b66)<\/li>\n\n\n\n<li>S\u00edlvia Fustegueres (\u4e2d\u6587-\u52a0\u6cf0\u7f57\u5c3c\u4e9a\u6587 \/\u897f\u73ed\u7259\u6587\u7ffb\u8bd1\u53ca\u53e3\u8bd1\u7814\u7a76\u7ec4)<\/li>\n\n\n\n<li>Helena Casas-Tost (\u5df4\u585e\u7f57\u90a3\u81ea\u6cbb\u5927\u5b66\/\u5df4\u585e\u7f57\u90a3\u5b54\u5b50\u5b66\u9662\u57fa\u91d1\u4f1a)<\/li>\n<\/ul>\n\n\n\n<hr class=\"wp-block-separator has-alpha-channel-opacity\" \/>\n\n\n\n<p><strong>\u5a92\u4f53&nbsp;<\/strong><\/p>\n\n\n\n<figure class=\"wp-block-table\"><table><tbody><tr><td><a href=\"http:\/\/www.lavanguardia.com\/vida\/20171016\/432127885861\/la-traduccion-del-chino-de-el-pabellon-de-las-peonias-primer-premio-marcela-de-juan.html\" target=\"_blank\" rel=\"noreferrer noopener\">La Vanguardia<\/a><\/td><td>El Peri\u00f3dico <a href=\"http:\/\/www.elperiodico.com\/es\/ocio-y-cultura\/20171016\/alicia-relinque-gana-el-i-premio-de-traduccion-del-chino-al-espanol-6357242\" target=\"_blank\" rel=\"noreferrer noopener\">1<\/a>, <a href=\"http:\/\/www.elperiodico.com\/es\/ocio-y-cultura\/20171016\/la-traduccion-del-chino-de-el-pabellon-de-las-peonias-primer-premio-marcela-de-juan-6357300\" target=\"_blank\" rel=\"noreferrer noopener\">2<\/a><\/td><\/tr><tr><td><a href=\"http:\/\/www.cuatro.com\/noticias\/cultura\/Pabellon-Peonias-Premio-Marcela-Juan_0_2452275974.html\" target=\"_blank\" rel=\"noreferrer noopener\">Cuatro<\/a><\/td><td><a href=\"http:\/\/www.telecinco.es\/informativos\/cultura\/Pabellon-Peonias-Premio-Marcela-Juan_0_2452275972.html\" target=\"_blank\" rel=\"noreferrer noopener\">Telecinco<\/a><\/td><\/tr><tr><td><a href=\"http:\/\/www.bolsamania.com\/noticias\/cultura\/la-traduccion-del-chino-de-el-pabellon-de-las-peonias-primer-premio-marcela-de-juan--2916215.html\" target=\"_blank\" rel=\"noreferrer noopener\">Bolsaman\u00eda<\/a><\/td><td><a href=\"http:\/\/www.diariosigloxxi.com\/texto-ep\/mostrar\/20171016193238\/traduccion-chino-pabellon-peonias-primer-premio-marcela-juan\" target=\"_blank\" rel=\"noreferrer noopener\">Siglo XXI<\/a><\/td><\/tr><tr><td><a href=\"http:\/\/noticias.interbusca.com\/cultura\/la-traduccion-del-chino-de-el-pabellon-de-las-peonias-primer-premio-marcela-de-juan-20171016193238.html\" target=\"_blank\" rel=\"noreferrer noopener\">Noticias Interbusca<\/a><\/td><td><a href=\"https:\/\/www.tribunapalencia.com\/noticias\/la-traduccion-del-chino-de-el-pabellon-de-las-peonias-primer-premio-marcela-de-juan\/1508175654\" target=\"_blank\" rel=\"noreferrer noopener\">Tribuna Palencia<\/a><\/td><\/tr><tr><td><a href=\"https:\/\/www.uab.cat\/web\/sala-de-premsa\/detall-de-noticia\/alicia-relinque-guanya-el-primer-premi-de-traduccio-del-xines-marcela-de-juan-1345667174054.html?noticiaid=1345737128723\" target=\"_blank\" rel=\"noreferrer noopener\">Universitat Aut\u00f2noma de Barcelona<\/a><\/td><td>&nbsp;<\/td><\/tr><\/tbody><\/table><\/figure>\n","protected":false},"excerpt":{"rendered":"<p>\u7b2c\u4e00\u5c4a\u9ec4\u739b\u8d5b\u4e2d\u56fd\u6587\u5b66\u7ffb\u8bd1\u5956 \u4e8e2013\u5e741\u6708\u81f32016\u5e7412\u6708\u51fa\u7248\u3001\u8bd1\u81ea\u4e2d\u6587\u7684\u6587\u5b66\u7c7b\u897f\u73ed\u7259\u8bed\u8bd1\u4f5c\u3002 \u83b7\u5956\u4eba A [&hellip;]<\/p>\n","protected":false},"author":103,"featured_media":0,"parent":0,"menu_order":0,"comment_status":"closed","ping_status":"closed","template":"","meta":{"footnotes":""},"class_list":["post-1307","page","type-page","status-publish","hentry"],"yoast_head":"<!-- This site is optimized with the Yoast SEO plugin v26.8 - https:\/\/yoast.com\/product\/yoast-seo-wordpress\/ -->\n<title>2017\u5c4a - Grup de recerca en Traducci\u00f3 del xin\u00e8s al catal\u00e0\/castell\u00e0 (TXICC)<\/title>\n<meta name=\"robots\" content=\"index, follow, max-snippet:-1, max-image-preview:large, max-video-preview:-1\" \/>\n<link rel=\"canonical\" href=\"https:\/\/webs.uab.cat\/txicc\/zh-hans\/2017\u5c4a\/\" \/>\n<meta property=\"og:locale\" content=\"zh_CN\" \/>\n<meta property=\"og:type\" content=\"article\" \/>\n<meta property=\"og:title\" content=\"2017\u5c4a - Grup de recerca en Traducci\u00f3 del xin\u00e8s al catal\u00e0\/castell\u00e0 (TXICC)\" \/>\n<meta property=\"og:description\" content=\"\u7b2c\u4e00\u5c4a\u9ec4\u739b\u8d5b\u4e2d\u56fd\u6587\u5b66\u7ffb\u8bd1\u5956 \u4e8e2013\u5e741\u6708\u81f32016\u5e7412\u6708\u51fa\u7248\u3001\u8bd1\u81ea\u4e2d\u6587\u7684\u6587\u5b66\u7c7b\u897f\u73ed\u7259\u8bed\u8bd1\u4f5c\u3002 \u83b7\u5956\u4eba A [&hellip;]\" \/>\n<meta property=\"og:url\" content=\"https:\/\/webs.uab.cat\/txicc\/zh-hans\/2017\u5c4a\/\" \/>\n<meta property=\"og:site_name\" content=\"Grup de recerca en Traducci\u00f3 del xin\u00e8s al catal\u00e0\/castell\u00e0 (TXICC)\" \/>\n<meta property=\"article:modified_time\" content=\"2023-11-28T08:17:17+00:00\" \/>\n<meta name=\"twitter:card\" content=\"summary_large_image\" \/>\n<script type=\"application\/ld+json\" class=\"yoast-schema-graph\">{\"@context\":\"https:\/\/schema.org\",\"@graph\":[{\"@type\":\"WebPage\",\"@id\":\"https:\/\/webs.uab.cat\/txicc\/zh-hans\/2017%e5%b1%8a\/\",\"url\":\"https:\/\/webs.uab.cat\/txicc\/zh-hans\/2017%e5%b1%8a\/\",\"name\":\"2017\u5c4a - Grup de recerca en Traducci\u00f3 del xin\u00e8s al catal\u00e0\/castell\u00e0 (TXICC)\",\"isPartOf\":{\"@id\":\"https:\/\/webs.uab.cat\/txicc\/#website\"},\"datePublished\":\"2018-09-07T06:50:00+00:00\",\"dateModified\":\"2023-11-28T08:17:17+00:00\",\"breadcrumb\":{\"@id\":\"https:\/\/webs.uab.cat\/txicc\/zh-hans\/2017%e5%b1%8a\/#breadcrumb\"},\"inLanguage\":\"zh-Hans\",\"potentialAction\":[{\"@type\":\"ReadAction\",\"target\":[\"https:\/\/webs.uab.cat\/txicc\/zh-hans\/2017%e5%b1%8a\/\"]}]},{\"@type\":\"BreadcrumbList\",\"@id\":\"https:\/\/webs.uab.cat\/txicc\/zh-hans\/2017%e5%b1%8a\/#breadcrumb\",\"itemListElement\":[{\"@type\":\"ListItem\",\"position\":1,\"name\":\"Portada\",\"item\":\"https:\/\/webs.uab.cat\/txicc\/zh-hans\/\"},{\"@type\":\"ListItem\",\"position\":2,\"name\":\"2017\u5c4a\"}]},{\"@type\":\"WebSite\",\"@id\":\"https:\/\/webs.uab.cat\/txicc\/#website\",\"url\":\"https:\/\/webs.uab.cat\/txicc\/\",\"name\":\"Grup de recerca en Traducci\u00f3 del xin\u00e8s al catal\u00e0\/castell\u00e0 (TXICC)\",\"description\":\"\",\"potentialAction\":[{\"@type\":\"SearchAction\",\"target\":{\"@type\":\"EntryPoint\",\"urlTemplate\":\"https:\/\/webs.uab.cat\/txicc\/?s={search_term_string}\"},\"query-input\":{\"@type\":\"PropertyValueSpecification\",\"valueRequired\":true,\"valueName\":\"search_term_string\"}}],\"inLanguage\":\"zh-Hans\"}]}<\/script>\n<!-- \/ Yoast SEO plugin. -->","yoast_head_json":{"title":"2017\u5c4a - Grup de recerca en Traducci\u00f3 del xin\u00e8s al catal\u00e0\/castell\u00e0 (TXICC)","robots":{"index":"index","follow":"follow","max-snippet":"max-snippet:-1","max-image-preview":"max-image-preview:large","max-video-preview":"max-video-preview:-1"},"canonical":"https:\/\/webs.uab.cat\/txicc\/zh-hans\/2017\u5c4a\/","og_locale":"zh_CN","og_type":"article","og_title":"2017\u5c4a - Grup de recerca en Traducci\u00f3 del xin\u00e8s al catal\u00e0\/castell\u00e0 (TXICC)","og_description":"\u7b2c\u4e00\u5c4a\u9ec4\u739b\u8d5b\u4e2d\u56fd\u6587\u5b66\u7ffb\u8bd1\u5956 \u4e8e2013\u5e741\u6708\u81f32016\u5e7412\u6708\u51fa\u7248\u3001\u8bd1\u81ea\u4e2d\u6587\u7684\u6587\u5b66\u7c7b\u897f\u73ed\u7259\u8bed\u8bd1\u4f5c\u3002 \u83b7\u5956\u4eba A [&hellip;]","og_url":"https:\/\/webs.uab.cat\/txicc\/zh-hans\/2017\u5c4a\/","og_site_name":"Grup de recerca en Traducci\u00f3 del xin\u00e8s al catal\u00e0\/castell\u00e0 (TXICC)","article_modified_time":"2023-11-28T08:17:17+00:00","twitter_card":"summary_large_image","schema":{"@context":"https:\/\/schema.org","@graph":[{"@type":"WebPage","@id":"https:\/\/webs.uab.cat\/txicc\/zh-hans\/2017%e5%b1%8a\/","url":"https:\/\/webs.uab.cat\/txicc\/zh-hans\/2017%e5%b1%8a\/","name":"2017\u5c4a - Grup de recerca en Traducci\u00f3 del xin\u00e8s al catal\u00e0\/castell\u00e0 (TXICC)","isPartOf":{"@id":"https:\/\/webs.uab.cat\/txicc\/#website"},"datePublished":"2018-09-07T06:50:00+00:00","dateModified":"2023-11-28T08:17:17+00:00","breadcrumb":{"@id":"https:\/\/webs.uab.cat\/txicc\/zh-hans\/2017%e5%b1%8a\/#breadcrumb"},"inLanguage":"zh-Hans","potentialAction":[{"@type":"ReadAction","target":["https:\/\/webs.uab.cat\/txicc\/zh-hans\/2017%e5%b1%8a\/"]}]},{"@type":"BreadcrumbList","@id":"https:\/\/webs.uab.cat\/txicc\/zh-hans\/2017%e5%b1%8a\/#breadcrumb","itemListElement":[{"@type":"ListItem","position":1,"name":"Portada","item":"https:\/\/webs.uab.cat\/txicc\/zh-hans\/"},{"@type":"ListItem","position":2,"name":"2017\u5c4a"}]},{"@type":"WebSite","@id":"https:\/\/webs.uab.cat\/txicc\/#website","url":"https:\/\/webs.uab.cat\/txicc\/","name":"Grup de recerca en Traducci\u00f3 del xin\u00e8s al catal\u00e0\/castell\u00e0 (TXICC)","description":"","potentialAction":[{"@type":"SearchAction","target":{"@type":"EntryPoint","urlTemplate":"https:\/\/webs.uab.cat\/txicc\/?s={search_term_string}"},"query-input":{"@type":"PropertyValueSpecification","valueRequired":true,"valueName":"search_term_string"}}],"inLanguage":"zh-Hans"}]}},"_links":{"self":[{"href":"https:\/\/webs.uab.cat\/txicc\/zh-hans\/wp-json\/wp\/v2\/pages\/1307","targetHints":{"allow":["GET"]}}],"collection":[{"href":"https:\/\/webs.uab.cat\/txicc\/zh-hans\/wp-json\/wp\/v2\/pages"}],"about":[{"href":"https:\/\/webs.uab.cat\/txicc\/zh-hans\/wp-json\/wp\/v2\/types\/page"}],"author":[{"embeddable":true,"href":"https:\/\/webs.uab.cat\/txicc\/zh-hans\/wp-json\/wp\/v2\/users\/103"}],"replies":[{"embeddable":true,"href":"https:\/\/webs.uab.cat\/txicc\/zh-hans\/wp-json\/wp\/v2\/comments?post=1307"}],"version-history":[{"count":1,"href":"https:\/\/webs.uab.cat\/txicc\/zh-hans\/wp-json\/wp\/v2\/pages\/1307\/revisions"}],"predecessor-version":[{"id":1308,"href":"https:\/\/webs.uab.cat\/txicc\/zh-hans\/wp-json\/wp\/v2\/pages\/1307\/revisions\/1308"}],"wp:attachment":[{"href":"https:\/\/webs.uab.cat\/txicc\/zh-hans\/wp-json\/wp\/v2\/media?parent=1307"}],"curies":[{"name":"wp","href":"https:\/\/api.w.org\/{rel}","templated":true}]}}