{"id":517,"date":"2009-05-25T13:30:47","date_gmt":"2009-05-25T11:30:47","guid":{"rendered":"https:\/\/webs.uab.cat\/txicc\/%e7%a0%94%e7%a9%b6%e7%bb%84%e6%88%90%e5%91%98\/"},"modified":"2025-08-01T13:45:22","modified_gmt":"2025-08-01T11:45:22","slug":"%e7%a0%94%e7%a9%b6%e7%bb%84%e6%88%90%e5%91%98","status":"publish","type":"page","link":"https:\/\/webs.uab.cat\/txicc\/zh-hans\/%e7%a0%94%e7%a9%b6%e7%bb%84%e6%88%90%e5%91%98\/","title":{"rendered":"\u7814\u7a76\u7ec4\u6210\u5458"},"content":{"rendered":"<ul>\n<li><a href=\"https:\/\/webs.uab.cat\/sara-rovira\/en\/\" target=\"_blank\" rel=\"noopener\"><strong>Sara Rovira-Esteva<\/strong><\/a>\u00a0(\u4e3b\u7814\u7a76\u5458),\u00a0 \u535a\u58eb\uff0c\u96b6\u5c5e\u90e8\u95e8\uff1a\u5df4\u585e\u7f57\u90a3\u81ea\u6cbb\u5927\u5b66\u7ffb\u8bd1\u4e0e\u4e1c\u4e9a\u5b66\u7cfb<\/li>\n<li><a href=\"https:\/\/portalrecerca.uab.cat\/en\/persons\/helena-casas-tost-7\"><strong>Helena Casas-Tost<\/strong>\u00a0<\/a>\u535a\u58eb\uff0c\u96b6\u5c5e\u90e8\u95e8\uff1a \u5df4\u585e\u7f57\u90a3\u81ea\u6cbb\u5927\u5b66\u7ffb\u8bd1\u4e0e\u4e1c\u4e9a\u5b66\u7cfb<\/li>\n<li><a href=\"https:\/\/portalrecerca.uab.cat\/en\/persons\/mireia-vargas-urp%C3%AD-6\"><strong>Mireia Vargas-Urpi <\/strong><\/a>\u535a\u58eb\uff0c\u96b6\u5c5e\u90e8\u95e8\uff1a\u5df4\u585e\u7f57\u90a3\u81ea\u6cbb\u5927\u5b66\u7ffb\u8bd1\u4e0e\u4e1c\u4e9a\u5b66\u7cfb<\/li>\n<li><a href=\"https:\/\/portalrecerca.uab.cat\/en\/persons\/antonio-paoliello-2\" target=\"_blank\" rel=\"noreferrer noopener\"><strong>Antonio Paoliello<\/strong> <\/a>\u535a\u58eb\uff0c\u96b6\u5c5e\u90e8\u95e8\uff1a\u5df4\u585e\u7f57\u90a3\u81ea\u6cbb\u5927\u5b66\u7ffb\u8bd1\u4e0e\u4e1c\u4e9a\u5b66\u7cfb<\/li>\n<li><a href=\"https:\/\/portalrecerca.uab.cat\/en\/persons\/maialen-marin-lacarta\"><strong>Maialen Marin-Lacarta<\/strong><\/a> \u535a\u58eb\uff0c\u96b6\u5c5e\u90e8\u95e8\uff1a\u5df4\u585e\u7f57\u90a3\u81ea\u6cbb\u5927\u5b66\u7ffb\u8bd1\u4e0e\u4e1c\u4e9a\u5b66\u7cfb<\/li>\n<li><strong><a href=\"https:\/\/www.ugr.es\/personal\/juan-jose-ciruela-alferez\">Juan Jos\u00e9 Ciruela Alf\u00e9rez<\/a>.\u00a0<\/strong>\u535a\u58eb\uff0c\u96b6\u5c5e\u90e8\u95e8\uff1a\u683c\u62c9\u7eb3\u8fbe\u5927\u5b66\u666e\u901a\u8bed\u8a00\u5b66\u4e0e\u6587\u5b66\u8bba\u7cfb<\/li>\n<li><strong>\u77bf\u5411\u7ea2,<\/strong>\u00a0\u6559\u5e08\uff0c\u96b6\u5c5e\u90e8\u95e8\uff1a\u5df4\u585e\u7f57\u90a3\u81ea\u6cbb\u5927\u5b66\u7ffb\u8bd1\u4e0e\u4e1c\u4e9a\u5b66\u7cfb<\/li>\n<li><strong><a href=\"https:\/\/lilladeserta.cat\/category\/caracter-xines\/\" target=\"_blank\" rel=\"noopener\">S\u00edlvia Fustegueres<\/a>\u00a0<\/strong>\u6559\u5e08\uff1a\u00a0\u00a0<strong>\u7ffb\u8bd1\u53ca\u7ffb\u8bd1\u65b0\u6280\u672f\u5e94\u7528\u4e13\u5bb6\u3002\u96b6\u5c5e\u90e8\u95e8<\/strong><strong>\uff1a<a href=\"http:\/\/www.ampersand.net\/en\/\" target=\"_blank\" rel=\"noopener\">\u201c\uff06<\/a><\/strong><a href=\"http:\/\/www.ampersand.net\/en\/\" target=\"_blank\" rel=\"noopener\"><strong>\u201d\u7b26\u81ea\u52a8\u7ffb\u8bd1\u6709\u9650\u516c\u53f8<\/strong><\/a><\/li>\n<li><a href=\"http:\/\/www.tfsx.tku.edu.tw\/info\/19\" target=\"_blank\" rel=\"noopener\"><strong>\u6234\u6bd3\u82ac<\/strong><\/a>. \u535a\u58eb\uff0c\u96b6\u5c5e\u90e8\u95e8 \uff1a \u6de1\u6c5f\u5927\u5b78\u897f\u8a9e\u7cfb, \u53f0\u6e7e<\/li>\n<\/ul>\n","protected":false},"excerpt":{"rendered":"<p>Sara Rovira-Esteva\u00a0(\u4e3b\u7814\u7a76\u5458),\u00a0 \u535a\u58eb\uff0c\u96b6\u5c5e\u90e8\u95e8\uff1a\u5df4\u585e\u7f57\u90a3\u81ea\u6cbb\u5927\u5b66\u7ffb\u8bd1\u4e0e\u4e1c\u4e9a\u5b66\u7cfb Hel [&hellip;]<\/p>\n","protected":false},"author":20,"featured_media":0,"parent":0,"menu_order":0,"comment_status":"closed","ping_status":"closed","template":"","meta":{"footnotes":""},"class_list":["post-517","page","type-page","status-publish","hentry"],"yoast_head":"<!-- This site is optimized with the Yoast SEO plugin v26.8 - https:\/\/yoast.com\/product\/yoast-seo-wordpress\/ -->\n<title>\u7814\u7a76\u7ec4\u6210\u5458 - Grup de recerca en Traducci\u00f3 del xin\u00e8s al catal\u00e0\/castell\u00e0 (TXICC)<\/title>\n<meta name=\"robots\" content=\"index, follow, max-snippet:-1, max-image-preview:large, max-video-preview:-1\" \/>\n<link rel=\"canonical\" href=\"https:\/\/webs.uab.cat\/txicc\/zh-hans\/\u7814\u7a76\u7ec4\u6210\u5458\/\" \/>\n<meta property=\"og:locale\" content=\"zh_CN\" \/>\n<meta property=\"og:type\" content=\"article\" \/>\n<meta property=\"og:title\" content=\"\u7814\u7a76\u7ec4\u6210\u5458 - Grup de recerca en Traducci\u00f3 del xin\u00e8s al catal\u00e0\/castell\u00e0 (TXICC)\" \/>\n<meta property=\"og:description\" content=\"Sara Rovira-Esteva\u00a0(\u4e3b\u7814\u7a76\u5458),\u00a0 \u535a\u58eb\uff0c\u96b6\u5c5e\u90e8\u95e8\uff1a\u5df4\u585e\u7f57\u90a3\u81ea\u6cbb\u5927\u5b66\u7ffb\u8bd1\u4e0e\u4e1c\u4e9a\u5b66\u7cfb Hel [&hellip;]\" \/>\n<meta property=\"og:url\" content=\"https:\/\/webs.uab.cat\/txicc\/zh-hans\/\u7814\u7a76\u7ec4\u6210\u5458\/\" \/>\n<meta property=\"og:site_name\" content=\"Grup de recerca en Traducci\u00f3 del xin\u00e8s al catal\u00e0\/castell\u00e0 (TXICC)\" \/>\n<meta property=\"article:modified_time\" content=\"2025-08-01T11:45:22+00:00\" \/>\n<meta name=\"twitter:card\" content=\"summary_large_image\" \/>\n<meta name=\"twitter:label1\" content=\"\u9884\u8ba1\u9605\u8bfb\u65f6\u95f4\" \/>\n\t<meta name=\"twitter:data1\" content=\"1 \u5206\" \/>\n<script type=\"application\/ld+json\" class=\"yoast-schema-graph\">{\"@context\":\"https:\/\/schema.org\",\"@graph\":[{\"@type\":\"WebPage\",\"@id\":\"https:\/\/webs.uab.cat\/txicc\/zh-hans\/%e7%a0%94%e7%a9%b6%e7%bb%84%e6%88%90%e5%91%98\/\",\"url\":\"https:\/\/webs.uab.cat\/txicc\/zh-hans\/%e7%a0%94%e7%a9%b6%e7%bb%84%e6%88%90%e5%91%98\/\",\"name\":\"\u7814\u7a76\u7ec4\u6210\u5458 - Grup de recerca en Traducci\u00f3 del xin\u00e8s al catal\u00e0\/castell\u00e0 (TXICC)\",\"isPartOf\":{\"@id\":\"https:\/\/webs.uab.cat\/txicc\/#website\"},\"datePublished\":\"2009-05-25T11:30:47+00:00\",\"dateModified\":\"2025-08-01T11:45:22+00:00\",\"breadcrumb\":{\"@id\":\"https:\/\/webs.uab.cat\/txicc\/zh-hans\/%e7%a0%94%e7%a9%b6%e7%bb%84%e6%88%90%e5%91%98\/#breadcrumb\"},\"inLanguage\":\"zh-Hans\",\"potentialAction\":[{\"@type\":\"ReadAction\",\"target\":[\"https:\/\/webs.uab.cat\/txicc\/zh-hans\/%e7%a0%94%e7%a9%b6%e7%bb%84%e6%88%90%e5%91%98\/\"]}]},{\"@type\":\"BreadcrumbList\",\"@id\":\"https:\/\/webs.uab.cat\/txicc\/zh-hans\/%e7%a0%94%e7%a9%b6%e7%bb%84%e6%88%90%e5%91%98\/#breadcrumb\",\"itemListElement\":[{\"@type\":\"ListItem\",\"position\":1,\"name\":\"Portada\",\"item\":\"https:\/\/webs.uab.cat\/txicc\/zh-hans\/\"},{\"@type\":\"ListItem\",\"position\":2,\"name\":\"\u7814\u7a76\u7ec4\u6210\u5458\"}]},{\"@type\":\"WebSite\",\"@id\":\"https:\/\/webs.uab.cat\/txicc\/#website\",\"url\":\"https:\/\/webs.uab.cat\/txicc\/\",\"name\":\"Grup de recerca en Traducci\u00f3 del xin\u00e8s al catal\u00e0\/castell\u00e0 (TXICC)\",\"description\":\"\",\"potentialAction\":[{\"@type\":\"SearchAction\",\"target\":{\"@type\":\"EntryPoint\",\"urlTemplate\":\"https:\/\/webs.uab.cat\/txicc\/?s={search_term_string}\"},\"query-input\":{\"@type\":\"PropertyValueSpecification\",\"valueRequired\":true,\"valueName\":\"search_term_string\"}}],\"inLanguage\":\"zh-Hans\"}]}<\/script>\n<!-- \/ Yoast SEO plugin. -->","yoast_head_json":{"title":"\u7814\u7a76\u7ec4\u6210\u5458 - Grup de recerca en Traducci\u00f3 del xin\u00e8s al catal\u00e0\/castell\u00e0 (TXICC)","robots":{"index":"index","follow":"follow","max-snippet":"max-snippet:-1","max-image-preview":"max-image-preview:large","max-video-preview":"max-video-preview:-1"},"canonical":"https:\/\/webs.uab.cat\/txicc\/zh-hans\/\u7814\u7a76\u7ec4\u6210\u5458\/","og_locale":"zh_CN","og_type":"article","og_title":"\u7814\u7a76\u7ec4\u6210\u5458 - Grup de recerca en Traducci\u00f3 del xin\u00e8s al catal\u00e0\/castell\u00e0 (TXICC)","og_description":"Sara Rovira-Esteva\u00a0(\u4e3b\u7814\u7a76\u5458),\u00a0 \u535a\u58eb\uff0c\u96b6\u5c5e\u90e8\u95e8\uff1a\u5df4\u585e\u7f57\u90a3\u81ea\u6cbb\u5927\u5b66\u7ffb\u8bd1\u4e0e\u4e1c\u4e9a\u5b66\u7cfb Hel [&hellip;]","og_url":"https:\/\/webs.uab.cat\/txicc\/zh-hans\/\u7814\u7a76\u7ec4\u6210\u5458\/","og_site_name":"Grup de recerca en Traducci\u00f3 del xin\u00e8s al catal\u00e0\/castell\u00e0 (TXICC)","article_modified_time":"2025-08-01T11:45:22+00:00","twitter_card":"summary_large_image","twitter_misc":{"\u9884\u8ba1\u9605\u8bfb\u65f6\u95f4":"1 \u5206"},"schema":{"@context":"https:\/\/schema.org","@graph":[{"@type":"WebPage","@id":"https:\/\/webs.uab.cat\/txicc\/zh-hans\/%e7%a0%94%e7%a9%b6%e7%bb%84%e6%88%90%e5%91%98\/","url":"https:\/\/webs.uab.cat\/txicc\/zh-hans\/%e7%a0%94%e7%a9%b6%e7%bb%84%e6%88%90%e5%91%98\/","name":"\u7814\u7a76\u7ec4\u6210\u5458 - Grup de recerca en Traducci\u00f3 del xin\u00e8s al catal\u00e0\/castell\u00e0 (TXICC)","isPartOf":{"@id":"https:\/\/webs.uab.cat\/txicc\/#website"},"datePublished":"2009-05-25T11:30:47+00:00","dateModified":"2025-08-01T11:45:22+00:00","breadcrumb":{"@id":"https:\/\/webs.uab.cat\/txicc\/zh-hans\/%e7%a0%94%e7%a9%b6%e7%bb%84%e6%88%90%e5%91%98\/#breadcrumb"},"inLanguage":"zh-Hans","potentialAction":[{"@type":"ReadAction","target":["https:\/\/webs.uab.cat\/txicc\/zh-hans\/%e7%a0%94%e7%a9%b6%e7%bb%84%e6%88%90%e5%91%98\/"]}]},{"@type":"BreadcrumbList","@id":"https:\/\/webs.uab.cat\/txicc\/zh-hans\/%e7%a0%94%e7%a9%b6%e7%bb%84%e6%88%90%e5%91%98\/#breadcrumb","itemListElement":[{"@type":"ListItem","position":1,"name":"Portada","item":"https:\/\/webs.uab.cat\/txicc\/zh-hans\/"},{"@type":"ListItem","position":2,"name":"\u7814\u7a76\u7ec4\u6210\u5458"}]},{"@type":"WebSite","@id":"https:\/\/webs.uab.cat\/txicc\/#website","url":"https:\/\/webs.uab.cat\/txicc\/","name":"Grup de recerca en Traducci\u00f3 del xin\u00e8s al catal\u00e0\/castell\u00e0 (TXICC)","description":"","potentialAction":[{"@type":"SearchAction","target":{"@type":"EntryPoint","urlTemplate":"https:\/\/webs.uab.cat\/txicc\/?s={search_term_string}"},"query-input":{"@type":"PropertyValueSpecification","valueRequired":true,"valueName":"search_term_string"}}],"inLanguage":"zh-Hans"}]}},"_links":{"self":[{"href":"https:\/\/webs.uab.cat\/txicc\/zh-hans\/wp-json\/wp\/v2\/pages\/517","targetHints":{"allow":["GET"]}}],"collection":[{"href":"https:\/\/webs.uab.cat\/txicc\/zh-hans\/wp-json\/wp\/v2\/pages"}],"about":[{"href":"https:\/\/webs.uab.cat\/txicc\/zh-hans\/wp-json\/wp\/v2\/types\/page"}],"author":[{"embeddable":true,"href":"https:\/\/webs.uab.cat\/txicc\/zh-hans\/wp-json\/wp\/v2\/users\/20"}],"replies":[{"embeddable":true,"href":"https:\/\/webs.uab.cat\/txicc\/zh-hans\/wp-json\/wp\/v2\/comments?post=517"}],"version-history":[{"count":8,"href":"https:\/\/webs.uab.cat\/txicc\/zh-hans\/wp-json\/wp\/v2\/pages\/517\/revisions"}],"predecessor-version":[{"id":1697,"href":"https:\/\/webs.uab.cat\/txicc\/zh-hans\/wp-json\/wp\/v2\/pages\/517\/revisions\/1697"}],"wp:attachment":[{"href":"https:\/\/webs.uab.cat\/txicc\/zh-hans\/wp-json\/wp\/v2\/media?parent=517"}],"curies":[{"name":"wp","href":"https:\/\/api.w.org\/{rel}","templated":true}]}}