{"id":531,"date":"2012-02-14T10:08:11","date_gmt":"2012-02-14T08:08:11","guid":{"rendered":"https:\/\/webs.uab.cat\/txicc\/%e6%8e%a8%e5%b9%bf%e4%b8%8e%e8%bd%ac%e8%ae%a9\/"},"modified":"2024-07-16T11:29:57","modified_gmt":"2024-07-16T09:29:57","slug":"%e6%8e%a8%e5%b9%bf%e4%b8%8e%e8%bd%ac%e8%ae%a9","status":"publish","type":"page","link":"https:\/\/webs.uab.cat\/txicc\/zh-hans\/%e6%8e%a8%e5%b9%bf%e4%b8%8e%e8%bd%ac%e8%ae%a9\/","title":{"rendered":"\u63a8\u5e7f\u4e0e\u8f6c\u8ba9"},"content":{"rendered":"<div>\n<p>TXICC\u7814\u7a76\u7ec4\u6210\u5458\u4e3a\u4e0d\u540c\u884c\u4e1a\u7684\u4e13\u4e1a\u4eba\u58eb\uff0c\u5982\u51fa\u7248\u793e\u5ba1\u7f16\uff0c\u7ffb\u8bd1\uff0c\u6821\u5bf9\uff0c\u8bb0\u8005\uff0c\u7b49\uff0c\u5c31\u6709\u5173\u6c49\u8bed\u8bed\u8a00\u53ca\u4e0e\u52a0\u6cf0\u7f57\u5c3c\u4e9a\u534e\u4eba\u793e\u533a\u76f8\u5173\u7684\u95ee\u9898\u63d0\u4f9b\u8bed\u8a00\u54a8\u8be2\u987e\u95ee\u670d\u52a1\u3002\u5176\u5408\u4f5c\u673a\u6784\u5305\u62ecTERMCAT\u4ee5\u53ca\u52a0\u6cf0\u7f57\u5c3c\u4e9a\u5927\u533a\u653f\u5e9c\u8bed\u8a00\u653f\u7b56\u603b\u5c40\u3002\u4ed6\u4eec\u5e76\u901a\u8fc7\u5404\u79cd\u4e0d\u540c\u65b9\u5f0f\uff0c\u5982\u5982\u5c55\u89c8\u4f1a\u3001\u8bbf\u95ee\u3001\u535a\u5ba2\u7b49\uff0c\u63a8\u4ecb\u76f8\u5173\u77e5\u8bc6\u3002<\/p>\n<\/div>\n\n\n<p><\/p>\n\n\n\n<p><a href=\"https:\/\/webs.uab.cat\/txicc\/zh-hans\/%e5%b1%95%e8%a7%88%e4%bc%9a\/\">\u5c55\u89c8\u4f1a<\/a><\/p>\n","protected":false},"excerpt":{"rendered":"<p>TXICC\u7814\u7a76\u7ec4\u6210\u5458\u4e3a\u4e0d\u540c\u884c\u4e1a\u7684\u4e13\u4e1a\u4eba\u58eb\uff0c\u5982\u51fa\u7248\u793e\u5ba1\u7f16\uff0c\u7ffb\u8bd1\uff0c\u6821\u5bf9\uff0c\u8bb0\u8005\uff0c\u7b49\uff0c\u5c31\u6709\u5173\u6c49\u8bed\u8bed\u8a00\u53ca\u4e0e\u52a0\u6cf0\u7f57\u5c3c\u4e9a\u534e\u4eba [&hellip;]<\/p>\n","protected":false},"author":20,"featured_media":0,"parent":0,"menu_order":0,"comment_status":"closed","ping_status":"closed","template":"","meta":{"footnotes":""},"class_list":["post-531","page","type-page","status-publish","hentry"],"yoast_head":"<!-- This site is optimized with the Yoast SEO plugin v26.8 - https:\/\/yoast.com\/product\/yoast-seo-wordpress\/ -->\n<title>\u63a8\u5e7f\u4e0e\u8f6c\u8ba9 - Grup de recerca en Traducci\u00f3 del xin\u00e8s al catal\u00e0\/castell\u00e0 (TXICC)<\/title>\n<meta name=\"robots\" content=\"index, follow, max-snippet:-1, max-image-preview:large, max-video-preview:-1\" \/>\n<link rel=\"canonical\" href=\"https:\/\/webs.uab.cat\/txicc\/zh-hans\/\u63a8\u5e7f\u4e0e\u8f6c\u8ba9\/\" \/>\n<meta property=\"og:locale\" content=\"zh_CN\" \/>\n<meta property=\"og:type\" content=\"article\" \/>\n<meta property=\"og:title\" content=\"\u63a8\u5e7f\u4e0e\u8f6c\u8ba9 - Grup de recerca en Traducci\u00f3 del xin\u00e8s al catal\u00e0\/castell\u00e0 (TXICC)\" \/>\n<meta property=\"og:description\" content=\"TXICC\u7814\u7a76\u7ec4\u6210\u5458\u4e3a\u4e0d\u540c\u884c\u4e1a\u7684\u4e13\u4e1a\u4eba\u58eb\uff0c\u5982\u51fa\u7248\u793e\u5ba1\u7f16\uff0c\u7ffb\u8bd1\uff0c\u6821\u5bf9\uff0c\u8bb0\u8005\uff0c\u7b49\uff0c\u5c31\u6709\u5173\u6c49\u8bed\u8bed\u8a00\u53ca\u4e0e\u52a0\u6cf0\u7f57\u5c3c\u4e9a\u534e\u4eba [&hellip;]\" \/>\n<meta property=\"og:url\" content=\"https:\/\/webs.uab.cat\/txicc\/zh-hans\/\u63a8\u5e7f\u4e0e\u8f6c\u8ba9\/\" \/>\n<meta property=\"og:site_name\" content=\"Grup de recerca en Traducci\u00f3 del xin\u00e8s al catal\u00e0\/castell\u00e0 (TXICC)\" \/>\n<meta property=\"article:modified_time\" content=\"2024-07-16T09:29:57+00:00\" \/>\n<meta name=\"twitter:card\" content=\"summary_large_image\" \/>\n<script type=\"application\/ld+json\" class=\"yoast-schema-graph\">{\"@context\":\"https:\/\/schema.org\",\"@graph\":[{\"@type\":\"WebPage\",\"@id\":\"https:\/\/webs.uab.cat\/txicc\/zh-hans\/%e6%8e%a8%e5%b9%bf%e4%b8%8e%e8%bd%ac%e8%ae%a9\/\",\"url\":\"https:\/\/webs.uab.cat\/txicc\/zh-hans\/%e6%8e%a8%e5%b9%bf%e4%b8%8e%e8%bd%ac%e8%ae%a9\/\",\"name\":\"\u63a8\u5e7f\u4e0e\u8f6c\u8ba9 - Grup de recerca en Traducci\u00f3 del xin\u00e8s al catal\u00e0\/castell\u00e0 (TXICC)\",\"isPartOf\":{\"@id\":\"https:\/\/webs.uab.cat\/txicc\/#website\"},\"datePublished\":\"2012-02-14T08:08:11+00:00\",\"dateModified\":\"2024-07-16T09:29:57+00:00\",\"breadcrumb\":{\"@id\":\"https:\/\/webs.uab.cat\/txicc\/zh-hans\/%e6%8e%a8%e5%b9%bf%e4%b8%8e%e8%bd%ac%e8%ae%a9\/#breadcrumb\"},\"inLanguage\":\"zh-Hans\",\"potentialAction\":[{\"@type\":\"ReadAction\",\"target\":[\"https:\/\/webs.uab.cat\/txicc\/zh-hans\/%e6%8e%a8%e5%b9%bf%e4%b8%8e%e8%bd%ac%e8%ae%a9\/\"]}]},{\"@type\":\"BreadcrumbList\",\"@id\":\"https:\/\/webs.uab.cat\/txicc\/zh-hans\/%e6%8e%a8%e5%b9%bf%e4%b8%8e%e8%bd%ac%e8%ae%a9\/#breadcrumb\",\"itemListElement\":[{\"@type\":\"ListItem\",\"position\":1,\"name\":\"Portada\",\"item\":\"https:\/\/webs.uab.cat\/txicc\/zh-hans\/\"},{\"@type\":\"ListItem\",\"position\":2,\"name\":\"\u63a8\u5e7f\u4e0e\u8f6c\u8ba9\"}]},{\"@type\":\"WebSite\",\"@id\":\"https:\/\/webs.uab.cat\/txicc\/#website\",\"url\":\"https:\/\/webs.uab.cat\/txicc\/\",\"name\":\"Grup de recerca en Traducci\u00f3 del xin\u00e8s al catal\u00e0\/castell\u00e0 (TXICC)\",\"description\":\"\",\"potentialAction\":[{\"@type\":\"SearchAction\",\"target\":{\"@type\":\"EntryPoint\",\"urlTemplate\":\"https:\/\/webs.uab.cat\/txicc\/?s={search_term_string}\"},\"query-input\":{\"@type\":\"PropertyValueSpecification\",\"valueRequired\":true,\"valueName\":\"search_term_string\"}}],\"inLanguage\":\"zh-Hans\"}]}<\/script>\n<!-- \/ Yoast SEO plugin. -->","yoast_head_json":{"title":"\u63a8\u5e7f\u4e0e\u8f6c\u8ba9 - Grup de recerca en Traducci\u00f3 del xin\u00e8s al catal\u00e0\/castell\u00e0 (TXICC)","robots":{"index":"index","follow":"follow","max-snippet":"max-snippet:-1","max-image-preview":"max-image-preview:large","max-video-preview":"max-video-preview:-1"},"canonical":"https:\/\/webs.uab.cat\/txicc\/zh-hans\/\u63a8\u5e7f\u4e0e\u8f6c\u8ba9\/","og_locale":"zh_CN","og_type":"article","og_title":"\u63a8\u5e7f\u4e0e\u8f6c\u8ba9 - Grup de recerca en Traducci\u00f3 del xin\u00e8s al catal\u00e0\/castell\u00e0 (TXICC)","og_description":"TXICC\u7814\u7a76\u7ec4\u6210\u5458\u4e3a\u4e0d\u540c\u884c\u4e1a\u7684\u4e13\u4e1a\u4eba\u58eb\uff0c\u5982\u51fa\u7248\u793e\u5ba1\u7f16\uff0c\u7ffb\u8bd1\uff0c\u6821\u5bf9\uff0c\u8bb0\u8005\uff0c\u7b49\uff0c\u5c31\u6709\u5173\u6c49\u8bed\u8bed\u8a00\u53ca\u4e0e\u52a0\u6cf0\u7f57\u5c3c\u4e9a\u534e\u4eba [&hellip;]","og_url":"https:\/\/webs.uab.cat\/txicc\/zh-hans\/\u63a8\u5e7f\u4e0e\u8f6c\u8ba9\/","og_site_name":"Grup de recerca en Traducci\u00f3 del xin\u00e8s al catal\u00e0\/castell\u00e0 (TXICC)","article_modified_time":"2024-07-16T09:29:57+00:00","twitter_card":"summary_large_image","schema":{"@context":"https:\/\/schema.org","@graph":[{"@type":"WebPage","@id":"https:\/\/webs.uab.cat\/txicc\/zh-hans\/%e6%8e%a8%e5%b9%bf%e4%b8%8e%e8%bd%ac%e8%ae%a9\/","url":"https:\/\/webs.uab.cat\/txicc\/zh-hans\/%e6%8e%a8%e5%b9%bf%e4%b8%8e%e8%bd%ac%e8%ae%a9\/","name":"\u63a8\u5e7f\u4e0e\u8f6c\u8ba9 - Grup de recerca en Traducci\u00f3 del xin\u00e8s al catal\u00e0\/castell\u00e0 (TXICC)","isPartOf":{"@id":"https:\/\/webs.uab.cat\/txicc\/#website"},"datePublished":"2012-02-14T08:08:11+00:00","dateModified":"2024-07-16T09:29:57+00:00","breadcrumb":{"@id":"https:\/\/webs.uab.cat\/txicc\/zh-hans\/%e6%8e%a8%e5%b9%bf%e4%b8%8e%e8%bd%ac%e8%ae%a9\/#breadcrumb"},"inLanguage":"zh-Hans","potentialAction":[{"@type":"ReadAction","target":["https:\/\/webs.uab.cat\/txicc\/zh-hans\/%e6%8e%a8%e5%b9%bf%e4%b8%8e%e8%bd%ac%e8%ae%a9\/"]}]},{"@type":"BreadcrumbList","@id":"https:\/\/webs.uab.cat\/txicc\/zh-hans\/%e6%8e%a8%e5%b9%bf%e4%b8%8e%e8%bd%ac%e8%ae%a9\/#breadcrumb","itemListElement":[{"@type":"ListItem","position":1,"name":"Portada","item":"https:\/\/webs.uab.cat\/txicc\/zh-hans\/"},{"@type":"ListItem","position":2,"name":"\u63a8\u5e7f\u4e0e\u8f6c\u8ba9"}]},{"@type":"WebSite","@id":"https:\/\/webs.uab.cat\/txicc\/#website","url":"https:\/\/webs.uab.cat\/txicc\/","name":"Grup de recerca en Traducci\u00f3 del xin\u00e8s al catal\u00e0\/castell\u00e0 (TXICC)","description":"","potentialAction":[{"@type":"SearchAction","target":{"@type":"EntryPoint","urlTemplate":"https:\/\/webs.uab.cat\/txicc\/?s={search_term_string}"},"query-input":{"@type":"PropertyValueSpecification","valueRequired":true,"valueName":"search_term_string"}}],"inLanguage":"zh-Hans"}]}},"_links":{"self":[{"href":"https:\/\/webs.uab.cat\/txicc\/zh-hans\/wp-json\/wp\/v2\/pages\/531","targetHints":{"allow":["GET"]}}],"collection":[{"href":"https:\/\/webs.uab.cat\/txicc\/zh-hans\/wp-json\/wp\/v2\/pages"}],"about":[{"href":"https:\/\/webs.uab.cat\/txicc\/zh-hans\/wp-json\/wp\/v2\/types\/page"}],"author":[{"embeddable":true,"href":"https:\/\/webs.uab.cat\/txicc\/zh-hans\/wp-json\/wp\/v2\/users\/20"}],"replies":[{"embeddable":true,"href":"https:\/\/webs.uab.cat\/txicc\/zh-hans\/wp-json\/wp\/v2\/comments?post=531"}],"version-history":[{"count":3,"href":"https:\/\/webs.uab.cat\/txicc\/zh-hans\/wp-json\/wp\/v2\/pages\/531\/revisions"}],"predecessor-version":[{"id":1421,"href":"https:\/\/webs.uab.cat\/txicc\/zh-hans\/wp-json\/wp\/v2\/pages\/531\/revisions\/1421"}],"wp:attachment":[{"href":"https:\/\/webs.uab.cat\/txicc\/zh-hans\/wp-json\/wp\/v2\/media?parent=531"}],"curies":[{"name":"wp","href":"https:\/\/api.w.org\/{rel}","templated":true}]}}