{"id":533,"date":"2012-05-07T11:19:23","date_gmt":"2012-05-07T09:19:23","guid":{"rendered":"https:\/\/webs.uab.cat\/txicc\/%e4%b8%93%e9%97%a8%e7%94%a8%e9%80%94%e6%b1%89%e8%af%ad%e6%95%99%e5%ad%a6%ef%bc%88%e5%8f%a3%e7%ac%94%e8%af%91%e6%b1%89%e8%af%ad%e6%95%99%e5%ad%a6%ef%bc%89\/"},"modified":"2012-05-07T11:19:23","modified_gmt":"2012-05-07T09:19:23","slug":"%e4%b8%93%e9%97%a8%e7%94%a8%e9%80%94%e6%b1%89%e8%af%ad%e6%95%99%e5%ad%a6%ef%bc%88%e5%8f%a3%e7%ac%94%e8%af%91%e6%b1%89%e8%af%ad%e6%95%99%e5%ad%a6%ef%bc%89","status":"publish","type":"page","link":"https:\/\/webs.uab.cat\/txicc\/zh-hans\/%e4%b8%93%e9%97%a8%e7%94%a8%e9%80%94%e6%b1%89%e8%af%ad%e6%95%99%e5%ad%a6%ef%bc%88%e5%8f%a3%e7%ac%94%e8%af%91%e6%b1%89%e8%af%ad%e6%95%99%e5%ad%a6%ef%bc%89\/","title":{"rendered":"\u4e13\u95e8\u7528\u9014\u6c49\u8bed\u6559\u5b66\uff08\u53e3\u7b14\u8bd1\u6c49\u8bed\u6559\u5b66\uff09"},"content":{"rendered":"<div>\n<ul>\n<li><a href=\"http:\/\/publicacions.uab.es\/comandes_llibres\/comandes.asp?ID=1094\" target=\"_blank\" rel=\"noopener\">Casas, Helena; Rovira-Esteva, Sara; Su\u00e1rez, Anne-H\u00e9l\u00e8ne. (2015) <em>Lengua china para traductores: <\/em>\u5b66\u4e2d\u6587\uff0c\u505a\u7ffb\u8bd1<em>. Vol<\/em> <em>I<\/em>. Bellaterra: Servei de Publicacions de la Universitat Aut\u00f2noma de Barcelona. (Materials, 188). 5a edici\u00f3.<\/a><\/li>\n<li><a href=\"http:\/\/publicacions.uab.es\/comandes_llibres\/comandes.asp?ID=1123\" target=\"_blank\" rel=\"noopener\">Casas, Helena; Rovira-Esteva, Sara; Su\u00e1rez, Anne-H\u00e9l\u00e8ne. (2015) <em>Lengua china para traductores: <\/em>\u5b66\u4e2d\u6587\uff0c\u505a\u7ffb\u8bd1<em>. Vol<\/em> <em>II<\/em>. Bellaterra: Servei de Publicacions de la Universitat Aut\u00f2noma de Barcelona. (Materials, 198). 5a edici\u00f3.<\/a><\/li>\n<li><a href=\"http:\/\/publicacions.uab.es\/comandes_llibres\/comandes.asp?ID=1123\" target=\"_blank\" rel=\"noopener\">\u200b<\/a>Ciruela Alf\u00e9rez, Juan Jos\u00e9.&nbsp;(2013)&nbsp;&#8220;An\u00e1lisis te\u00f3rico y propuestas did\u00e1cticas para la ense\u00f1anza de la lengua y la escritura chinas en el aula universitaria&#8221;. <em>Aprender y ense\u00f1ar chino. Jornadas acad\u00e9micas sobre la lengua china y su ense\u00f1anza,&nbsp;<\/em>Editorial Universidad de Granada, Colecci\u00f3n Confucio (No 1), Granada,&nbsp;105-128,<\/li>\n<li>Casas-Tost, Helena. (2008) \u201cXin\u00e8s\u201d. A: Olivia Fox et al. (eds.) <em>Activitats per desenvolupar compet\u00e8ncies en la formaci\u00f3 del traductor<\/em>. Bellaterra: Servei de Publicacions de la UAB, 188-190.<\/li>\n<li>Ciruela Alf\u00e9rez, Juan Jos\u00e9. (2006)&nbsp;\u201cEl problema de la escritura y sus repercusiones did\u00e1cticas\u201d. Pedro San Gin\u00e9s (ed.) <em>La investigaci\u00f3n sobre Asia Pac\u00edfico en Espa\u00f1a, <\/em>Granada, 125-134.<\/li>\n<li>Ciruela Alf\u00e9rez, Juan Jos\u00e9. (2004). &#8220;Algunas reflexiones sobre la traducci\u00f3n chino-espa\u00f1ol. Presente y futuro&#8221;. Emilio Arjonilla, Ana Bel\u00e9n Mart\u00ednez \u548c Elena Echevarr\u00eda (eds.) <em>Panorama Actual de la Investigaci\u00f3n en Traducci\u00f3n e Interpretaci\u00f3n.&nbsp;<\/em>Editorial Atrio, Granada, 937-942.<\/li>\n<\/ul>\n<\/div>\n","protected":false},"excerpt":{"rendered":"<p>Casas, Helena; Rovira-Esteva, Sara; Su\u00e1rez, Anne-H\u00e9l\u00e8ne [&hellip;]<\/p>\n","protected":false},"author":20,"featured_media":0,"parent":0,"menu_order":0,"comment_status":"closed","ping_status":"closed","template":"","meta":{"footnotes":""},"class_list":["post-533","page","type-page","status-publish","hentry"],"yoast_head":"<!-- This site is optimized with the Yoast SEO plugin v26.8 - https:\/\/yoast.com\/product\/yoast-seo-wordpress\/ -->\n<title>\u4e13\u95e8\u7528\u9014\u6c49\u8bed\u6559\u5b66\uff08\u53e3\u7b14\u8bd1\u6c49\u8bed\u6559\u5b66\uff09 - Grup de recerca en Traducci\u00f3 del xin\u00e8s al catal\u00e0\/castell\u00e0 (TXICC)<\/title>\n<meta name=\"robots\" content=\"index, follow, max-snippet:-1, max-image-preview:large, max-video-preview:-1\" \/>\n<link rel=\"canonical\" href=\"https:\/\/webs.uab.cat\/txicc\/zh-hans\/\u4e13\u95e8\u7528\u9014\u6c49\u8bed\u6559\u5b66\uff08\u53e3\u7b14\u8bd1\u6c49\u8bed\u6559\u5b66\uff09\/\" \/>\n<meta property=\"og:locale\" content=\"zh_CN\" \/>\n<meta property=\"og:type\" content=\"article\" \/>\n<meta property=\"og:title\" content=\"\u4e13\u95e8\u7528\u9014\u6c49\u8bed\u6559\u5b66\uff08\u53e3\u7b14\u8bd1\u6c49\u8bed\u6559\u5b66\uff09 - Grup de recerca en Traducci\u00f3 del xin\u00e8s al catal\u00e0\/castell\u00e0 (TXICC)\" \/>\n<meta property=\"og:description\" content=\"Casas, Helena; Rovira-Esteva, Sara; Su\u00e1rez, Anne-H\u00e9l\u00e8ne [&hellip;]\" \/>\n<meta property=\"og:url\" content=\"https:\/\/webs.uab.cat\/txicc\/zh-hans\/\u4e13\u95e8\u7528\u9014\u6c49\u8bed\u6559\u5b66\uff08\u53e3\u7b14\u8bd1\u6c49\u8bed\u6559\u5b66\uff09\/\" \/>\n<meta property=\"og:site_name\" content=\"Grup de recerca en Traducci\u00f3 del xin\u00e8s al catal\u00e0\/castell\u00e0 (TXICC)\" \/>\n<meta name=\"twitter:card\" content=\"summary_large_image\" \/>\n<meta name=\"twitter:label1\" content=\"\u9884\u8ba1\u9605\u8bfb\u65f6\u95f4\" \/>\n\t<meta name=\"twitter:data1\" content=\"1 \u5206\" \/>\n<script type=\"application\/ld+json\" class=\"yoast-schema-graph\">{\"@context\":\"https:\/\/schema.org\",\"@graph\":[{\"@type\":\"WebPage\",\"@id\":\"https:\/\/webs.uab.cat\/txicc\/zh-hans\/%e4%b8%93%e9%97%a8%e7%94%a8%e9%80%94%e6%b1%89%e8%af%ad%e6%95%99%e5%ad%a6%ef%bc%88%e5%8f%a3%e7%ac%94%e8%af%91%e6%b1%89%e8%af%ad%e6%95%99%e5%ad%a6%ef%bc%89\/\",\"url\":\"https:\/\/webs.uab.cat\/txicc\/zh-hans\/%e4%b8%93%e9%97%a8%e7%94%a8%e9%80%94%e6%b1%89%e8%af%ad%e6%95%99%e5%ad%a6%ef%bc%88%e5%8f%a3%e7%ac%94%e8%af%91%e6%b1%89%e8%af%ad%e6%95%99%e5%ad%a6%ef%bc%89\/\",\"name\":\"\u4e13\u95e8\u7528\u9014\u6c49\u8bed\u6559\u5b66\uff08\u53e3\u7b14\u8bd1\u6c49\u8bed\u6559\u5b66\uff09 - Grup de recerca en Traducci\u00f3 del xin\u00e8s al catal\u00e0\/castell\u00e0 (TXICC)\",\"isPartOf\":{\"@id\":\"https:\/\/webs.uab.cat\/txicc\/#website\"},\"datePublished\":\"2012-05-07T09:19:23+00:00\",\"breadcrumb\":{\"@id\":\"https:\/\/webs.uab.cat\/txicc\/zh-hans\/%e4%b8%93%e9%97%a8%e7%94%a8%e9%80%94%e6%b1%89%e8%af%ad%e6%95%99%e5%ad%a6%ef%bc%88%e5%8f%a3%e7%ac%94%e8%af%91%e6%b1%89%e8%af%ad%e6%95%99%e5%ad%a6%ef%bc%89\/#breadcrumb\"},\"inLanguage\":\"zh-Hans\",\"potentialAction\":[{\"@type\":\"ReadAction\",\"target\":[\"https:\/\/webs.uab.cat\/txicc\/zh-hans\/%e4%b8%93%e9%97%a8%e7%94%a8%e9%80%94%e6%b1%89%e8%af%ad%e6%95%99%e5%ad%a6%ef%bc%88%e5%8f%a3%e7%ac%94%e8%af%91%e6%b1%89%e8%af%ad%e6%95%99%e5%ad%a6%ef%bc%89\/\"]}]},{\"@type\":\"BreadcrumbList\",\"@id\":\"https:\/\/webs.uab.cat\/txicc\/zh-hans\/%e4%b8%93%e9%97%a8%e7%94%a8%e9%80%94%e6%b1%89%e8%af%ad%e6%95%99%e5%ad%a6%ef%bc%88%e5%8f%a3%e7%ac%94%e8%af%91%e6%b1%89%e8%af%ad%e6%95%99%e5%ad%a6%ef%bc%89\/#breadcrumb\",\"itemListElement\":[{\"@type\":\"ListItem\",\"position\":1,\"name\":\"Portada\",\"item\":\"https:\/\/webs.uab.cat\/txicc\/zh-hans\/\"},{\"@type\":\"ListItem\",\"position\":2,\"name\":\"\u4e13\u95e8\u7528\u9014\u6c49\u8bed\u6559\u5b66\uff08\u53e3\u7b14\u8bd1\u6c49\u8bed\u6559\u5b66\uff09\"}]},{\"@type\":\"WebSite\",\"@id\":\"https:\/\/webs.uab.cat\/txicc\/#website\",\"url\":\"https:\/\/webs.uab.cat\/txicc\/\",\"name\":\"Grup de recerca en Traducci\u00f3 del xin\u00e8s al catal\u00e0\/castell\u00e0 (TXICC)\",\"description\":\"\",\"potentialAction\":[{\"@type\":\"SearchAction\",\"target\":{\"@type\":\"EntryPoint\",\"urlTemplate\":\"https:\/\/webs.uab.cat\/txicc\/?s={search_term_string}\"},\"query-input\":{\"@type\":\"PropertyValueSpecification\",\"valueRequired\":true,\"valueName\":\"search_term_string\"}}],\"inLanguage\":\"zh-Hans\"}]}<\/script>\n<!-- \/ Yoast SEO plugin. -->","yoast_head_json":{"title":"\u4e13\u95e8\u7528\u9014\u6c49\u8bed\u6559\u5b66\uff08\u53e3\u7b14\u8bd1\u6c49\u8bed\u6559\u5b66\uff09 - Grup de recerca en Traducci\u00f3 del xin\u00e8s al catal\u00e0\/castell\u00e0 (TXICC)","robots":{"index":"index","follow":"follow","max-snippet":"max-snippet:-1","max-image-preview":"max-image-preview:large","max-video-preview":"max-video-preview:-1"},"canonical":"https:\/\/webs.uab.cat\/txicc\/zh-hans\/\u4e13\u95e8\u7528\u9014\u6c49\u8bed\u6559\u5b66\uff08\u53e3\u7b14\u8bd1\u6c49\u8bed\u6559\u5b66\uff09\/","og_locale":"zh_CN","og_type":"article","og_title":"\u4e13\u95e8\u7528\u9014\u6c49\u8bed\u6559\u5b66\uff08\u53e3\u7b14\u8bd1\u6c49\u8bed\u6559\u5b66\uff09 - Grup de recerca en Traducci\u00f3 del xin\u00e8s al catal\u00e0\/castell\u00e0 (TXICC)","og_description":"Casas, Helena; Rovira-Esteva, Sara; Su\u00e1rez, Anne-H\u00e9l\u00e8ne [&hellip;]","og_url":"https:\/\/webs.uab.cat\/txicc\/zh-hans\/\u4e13\u95e8\u7528\u9014\u6c49\u8bed\u6559\u5b66\uff08\u53e3\u7b14\u8bd1\u6c49\u8bed\u6559\u5b66\uff09\/","og_site_name":"Grup de recerca en Traducci\u00f3 del xin\u00e8s al catal\u00e0\/castell\u00e0 (TXICC)","twitter_card":"summary_large_image","twitter_misc":{"\u9884\u8ba1\u9605\u8bfb\u65f6\u95f4":"1 \u5206"},"schema":{"@context":"https:\/\/schema.org","@graph":[{"@type":"WebPage","@id":"https:\/\/webs.uab.cat\/txicc\/zh-hans\/%e4%b8%93%e9%97%a8%e7%94%a8%e9%80%94%e6%b1%89%e8%af%ad%e6%95%99%e5%ad%a6%ef%bc%88%e5%8f%a3%e7%ac%94%e8%af%91%e6%b1%89%e8%af%ad%e6%95%99%e5%ad%a6%ef%bc%89\/","url":"https:\/\/webs.uab.cat\/txicc\/zh-hans\/%e4%b8%93%e9%97%a8%e7%94%a8%e9%80%94%e6%b1%89%e8%af%ad%e6%95%99%e5%ad%a6%ef%bc%88%e5%8f%a3%e7%ac%94%e8%af%91%e6%b1%89%e8%af%ad%e6%95%99%e5%ad%a6%ef%bc%89\/","name":"\u4e13\u95e8\u7528\u9014\u6c49\u8bed\u6559\u5b66\uff08\u53e3\u7b14\u8bd1\u6c49\u8bed\u6559\u5b66\uff09 - Grup de recerca en Traducci\u00f3 del xin\u00e8s al catal\u00e0\/castell\u00e0 (TXICC)","isPartOf":{"@id":"https:\/\/webs.uab.cat\/txicc\/#website"},"datePublished":"2012-05-07T09:19:23+00:00","breadcrumb":{"@id":"https:\/\/webs.uab.cat\/txicc\/zh-hans\/%e4%b8%93%e9%97%a8%e7%94%a8%e9%80%94%e6%b1%89%e8%af%ad%e6%95%99%e5%ad%a6%ef%bc%88%e5%8f%a3%e7%ac%94%e8%af%91%e6%b1%89%e8%af%ad%e6%95%99%e5%ad%a6%ef%bc%89\/#breadcrumb"},"inLanguage":"zh-Hans","potentialAction":[{"@type":"ReadAction","target":["https:\/\/webs.uab.cat\/txicc\/zh-hans\/%e4%b8%93%e9%97%a8%e7%94%a8%e9%80%94%e6%b1%89%e8%af%ad%e6%95%99%e5%ad%a6%ef%bc%88%e5%8f%a3%e7%ac%94%e8%af%91%e6%b1%89%e8%af%ad%e6%95%99%e5%ad%a6%ef%bc%89\/"]}]},{"@type":"BreadcrumbList","@id":"https:\/\/webs.uab.cat\/txicc\/zh-hans\/%e4%b8%93%e9%97%a8%e7%94%a8%e9%80%94%e6%b1%89%e8%af%ad%e6%95%99%e5%ad%a6%ef%bc%88%e5%8f%a3%e7%ac%94%e8%af%91%e6%b1%89%e8%af%ad%e6%95%99%e5%ad%a6%ef%bc%89\/#breadcrumb","itemListElement":[{"@type":"ListItem","position":1,"name":"Portada","item":"https:\/\/webs.uab.cat\/txicc\/zh-hans\/"},{"@type":"ListItem","position":2,"name":"\u4e13\u95e8\u7528\u9014\u6c49\u8bed\u6559\u5b66\uff08\u53e3\u7b14\u8bd1\u6c49\u8bed\u6559\u5b66\uff09"}]},{"@type":"WebSite","@id":"https:\/\/webs.uab.cat\/txicc\/#website","url":"https:\/\/webs.uab.cat\/txicc\/","name":"Grup de recerca en Traducci\u00f3 del xin\u00e8s al catal\u00e0\/castell\u00e0 (TXICC)","description":"","potentialAction":[{"@type":"SearchAction","target":{"@type":"EntryPoint","urlTemplate":"https:\/\/webs.uab.cat\/txicc\/?s={search_term_string}"},"query-input":{"@type":"PropertyValueSpecification","valueRequired":true,"valueName":"search_term_string"}}],"inLanguage":"zh-Hans"}]}},"_links":{"self":[{"href":"https:\/\/webs.uab.cat\/txicc\/zh-hans\/wp-json\/wp\/v2\/pages\/533","targetHints":{"allow":["GET"]}}],"collection":[{"href":"https:\/\/webs.uab.cat\/txicc\/zh-hans\/wp-json\/wp\/v2\/pages"}],"about":[{"href":"https:\/\/webs.uab.cat\/txicc\/zh-hans\/wp-json\/wp\/v2\/types\/page"}],"author":[{"embeddable":true,"href":"https:\/\/webs.uab.cat\/txicc\/zh-hans\/wp-json\/wp\/v2\/users\/20"}],"replies":[{"embeddable":true,"href":"https:\/\/webs.uab.cat\/txicc\/zh-hans\/wp-json\/wp\/v2\/comments?post=533"}],"version-history":[{"count":0,"href":"https:\/\/webs.uab.cat\/txicc\/zh-hans\/wp-json\/wp\/v2\/pages\/533\/revisions"}],"wp:attachment":[{"href":"https:\/\/webs.uab.cat\/txicc\/zh-hans\/wp-json\/wp\/v2\/media?parent=533"}],"curies":[{"name":"wp","href":"https:\/\/api.w.org\/{rel}","templated":true}]}}