{"id":551,"date":"2012-12-14T00:03:44","date_gmt":"2012-12-13T22:03:44","guid":{"rendered":"https:\/\/webs.uab.cat\/txicc\/%e7%bf%bb%e8%af%91\/"},"modified":"2025-12-16T12:41:09","modified_gmt":"2025-12-16T10:41:09","slug":"%e7%bf%bb%e8%af%91","status":"publish","type":"page","link":"https:\/\/webs.uab.cat\/txicc\/zh-hans\/%e7%bf%bb%e8%af%91\/","title":{"rendered":"\u7ffb\u8bd1"},"content":{"rendered":"<ul>\n<li>Wu Ming-yi (\u5433\u660e\u76ca) (2025). <em>La terra de la pluja amarga<\/em> (\u82e6\u96e8\u4e4b\u5730). Barcelona: Chronos. \u4e2d-\u52a0\u7ffb\u8bd1\u4e0e\u6ce8\u91ca: Mireia Vargas-Urp\u00ed.<\/li>\n<li>Liu Cixin (\u5218\u6148\u6b23). (2025). <em>El bosc de la foscor<\/em> (\u9ed1\u6697\u7684\u68ee\u6797). Barcelona: Duna. \u4e2d-\u52a0\u7ffb\u8bd1\u4e0e\u6ce8\u91ca: Mireia Vargas-Urp\u00ed.<\/li>\n<li>Ruan Guang-min (\u962e\u5149\u6c11) (2024-25).\u00a0<em>The Corner Store \u2013 Una vecchia drogheria\u00a0<\/em>1-5 (\u7528\u4e5d\u67d1\u4ed4\u5e971 \u81f35). Mil\u00e0: Toshokan. \u7ffb\u8bd1\u4e0e\u6ce8\u91ca: Antonio Paoliello.<\/li>\n<li>HOM (2024).\u00a0<em>Priceless: un pittore a Parigi 1-2<\/em> (\u7121\u50f9\u4e4b\u756b\uff1a\u5df4\u9ece\u7684\u8ffd\u5149\u5c11\u5e74 \u4e0a&amp;\u4e0b). Mil\u00e0: Toshokan. \u7ffb\u8bd1\u4e0e\u6ce8\u91ca: Antonio Paoliello.<\/li>\n<li>Lai Tat Tat Wing (\u9ece\u9054\u9054\u69ae). (2024).\u00a0<em>Due strani mondi<\/em> (\u9b54\u7b1b + Jumping The HA). Mil\u00e0: Toshokan. \u7ffb\u8bd1\u4e0e\u6ce8\u91ca: Antonio Paoliello.<\/li>\n<li>Liu Cixin (\u5218\u6148\u6b23). (2024). <em>El problema dels tres cossos<\/em> (\u4e09\u4f53). Barcelona: Duna. \u4e2d-\u52a0\u7ffb\u8bd1\u4e0e\u6ce8\u91ca: Mireia Vargas-Urp\u00ed.<\/li>\n<li>Tsai Wai-man (Man \u50e7) (2024).\u00a0<em>The Zeros<\/em> (0\u8ab2\u7279\u5de5). Mil\u00e0: Toshokan. \u7ffb\u8bd1\u4e0e\u6ce8\u91ca: Antonio Paoliello.<\/li>\n<li>Tse, Dorothy (\u8b1d\u66c9\u8679) (2024).\u00a0<i>Il professore e la ballerina del carillon\u00a0<\/i>(\u9df9\u982d\u8c93\u8207\u97f3\u6a02\u7bb1\u5973\u5b69). Roma: Edizioni e\/o. \u7ffb\u8bd1: Antonio Paoliello.<\/li>\n<li>Wah Kee (\u5f35\u6f22\u83ef) (2023).\u00a0<em>My Soul Mate \u2013 Fumettisti gemelli<\/em> (\u9019\u6b21\u771f\u7684\u62fc\u547d\u4e86). Milan: Toshokan. \u7ffb\u8bd1\u4e0e\u6ce8\u91ca: Antonio Paoliello.<\/li>\n<li>Rimui Yumin (\u97cb\u863a\u82e5\u660e) (2023).\u00a0<em>Funeral Concerto<\/em> (\u9001\u846c\u5354\u594f\u66f2). Milan: Toshokan. \u7ffb\u8bd1\u4e0e\u6ce8\u91ca: Antonio Paoliello.<\/li>\n<li>Ruan Guang-min (\u962e\u5149\u6c11) (2023).\u00a0<em>Railway Sonata \u2013 Sinfonia ferroviaria<\/em> (\u9435\u9053\u594f\u9cf4\u66f2). Milan: Toshokan. \u7ffb\u8bd1\u4e0e\u6ce8\u91ca: Antonio Paoliello.<\/li>\n<li>Chang Sheng (\u5e38\u52dd) (2023).\u00a0<em>Yan<\/em> 1-6 (\u95bb\u9435\u82b1 1 \u81f33). Milan: Toshokan. \u7ffb\u8bd1\u4e0e\u6ce8\u91ca: Antonio Paoliello.<\/li>\n<li>Ma Boyong (\u9a6c\u4f2f\u5eb8). (2022).\u00a0<em>Un zoo en el fin del mundo\u00a0<\/em>(\u8349\u539f\u52a8\u7269\u56ed). Barcelona: Destino (\u00c1ncora y Delf\u00edn). \u7ffb\u8bd1: Anne-H\u00e9l\u00e8ne Su\u00e1rez Girard \u4e0e Xianghong Qu \u5408\u4f5c.<\/li>\n<li>Wu Ming-yi (\u5433\u660e\u76ca) (2022).\u00a0<em>L\u2019home dels ulls compostos<\/em> (\u8907\u773c\u4eba). Barcelona: Chronos. \u4e2d-\u52a0\u7ffb\u8bd1\u4e0e\u6ce8\u91ca: Mireia Vargas-Urp\u00ed.<\/li>\n<li>Ho Sok Fong (\u8cc0\u6dd1\u82b3) (2021). \u201cQualcuno ha visto la vicina?\u201d (\u5899). A:\u00a0<em>la Lettura (Corriere della Sera)<\/em>, no. 517. \u7ffb\u8bd1: Antonio Paoliello.<\/li>\n<li>Li Ang (\u674e\u6602) (2021). Matar el marit (\u6740\u592b). Barcelona: Les Males Herbes. \u4e2d-\u52a0\u7ffb\u8bd1\u4e0e\u6ce8\u91ca: Mireia Vargas-Urp\u00ed.<\/li>\n<li>Xu Dishan (\u8bb8\u5730\u5c71).\u00a0<em>La moglie del mercante e altre donne cinesi<\/em> (\u5546\u4eba\u5987\u3001\u7f00\u7f51\u52b3\u86db\u3001\u5f52\u9014\u3001\u6625\u6843). Turin: Robin Edizioni. \u524d\u8a00\u3001\u7ffb\u8bd1\u4e0e\u6ce8\u91ca: Antonio Paoliello.<\/li>\n<li>Dong Xi (\u4e1c\u897f). 2020. \u201cNessuna cos\u00ec bella\u201d (\u4f60\u4e0d\u77e5\u9053\u5979\u6709\u591a\u7f8e). A:\u00a0<em>Internazionale<\/em>, n. 1390. \u7ffb\u8bd1: Antonio Paoliello.<\/li>\n<li>Xu Dishan (\u8bb8\u5730\u5c71). 2020. <em>Chuntao, una mujer china<\/em> (\u6625\u6843). Barcelona: Lamolapress. \u7ffb\u8bd1: Qu Xianghong \u4e0e Anne-H\u00e9l\u00e8nne Su\u00e1rez Girard.<\/li>\n<li>\u200bXiao Hong (\u8427\u7ea2). 2020. <em>Cuentos del r\u00edo Hulan<\/em> (\u547c\u5170\u6cb3\u4f20). Barcelona: Lamolapress. \u7ffb\u8bd1: Qu Xianghong \u4e0e Joaqu\u00edn Jurado.<\/li>\n<li>Sanmao (\u4e09\u6bdb). 2019.\u00a0<em>Diaris d&#8217;enlloc<\/em>. Barcelona: :Rata_.\u00a0 \u7ffb\u8bd1\u4e0e\u6ce8\u91ca: Mireia Vargas-Urpi.<\/li>\n<li>Sanmao (\u4e09\u6bdb). 2019.\u00a0<em>Diarios de ninguna parte<\/em>. Barcelona: :Rata_. \u7ffb\u8bd1\u4e0e\u6ce8\u91ca: Irene Tor.<\/li>\n<li>Zhang Ailing (\u5f20\u7231\u73b2). 2019.\u00a0<em>Incienso\u00a0<\/em>(\u6c89\u9999\u5c51\uff1a\u7b2c\u4e00\u7089\u9999\/\u7b2c\u4e8c\u7089\u9999). Barcelona: Libros del Asteroide. \u7ffb\u8bd1\uff1aAnne-H\u00e9l\u00e8ne Su\u00e1rez Girard \u4e0e col\u00b7laboraci\u00f3 de Xianghong Qu \u5408\u4f5c .<\/li>\n<li>Zhu Kang (\u6731\u6297). 2018. Historia de los distinguidos m\u00e9dicos chinos de la antig\u00fcedad (\u53e4\u4ee3\u533b\u5b66\u5bb6\u7684\u6545\u4e8b).\u00a0 Barcelona: Lamolapress. \u7ffb\u8bd1: Qu Xianghong \u4e0e Joaqu\u00edn Jurado.<\/li>\n<li>Jing Yongming (\u8346\u6c38\u9e23). 2018. \u201cForasteros\u201d (\u5916\u5730\u4eba). In:\u00a0<em>Bajo el tel\u00f3n de la noche. Literatura china contempor\u00e1nea<\/em>. Santiago de Chile: LOM Ediciones. \u7ffb\u8bd1\u4e0e\u6ce8\u91ca: Mireia Vargas-Urpi.<\/li>\n<li>Dorothy Tse (\u8b1d\u66c9\u8679). 2017.\u00a0<a href=\"http:\/\/hjckrrh.org\/lacabeza.html\"><em>La cabeza<\/em> <\/a>(\u982d). \u00a1Hjckrrh! \u7ffb\u8bd1: Juan Jos\u00e9 Ciruela Alf\u00e9rez.<\/li>\n<li>Sanmao (\u4e09\u6bdb). 2017.\u00a0Diaris de les Can\u00e0ries\u00a0(\u68a6\u4e2d\u7684\u6a44\u6984\u6811) . Barcelona: :Rata_. \u7ffb\u8bd1\u4e0e\u6ce8\u91ca: Mireia Vargas-Urpi.<\/li>\n<li>Sanmao (\u4e09\u6bdb). 2017. Diarios de las Canarias (\u68a6\u4e2d\u7684\u6a44\u6984\u6811). Barcelona: :Rata_. \u7ffb\u8bd1\u4e0e\u6ce8\u91ca: Irene Tor.<\/li>\n<li>Esteva, Georgina. 2017.\u00a0<em>En Nicolau blanc-i- blau i el seu amic Quitu<\/em> (\u84dd\u767d\u961f\u7403\u8ff7\u5c3c\u53e4\u52b3). Ma\u00e7anet de la Selva: Editorial Gregal. \u7ffb\u8bd1\u4e0e\u6ce8\u91ca: Xianghong Qu.<\/li>\n<li>Sanmao (\u4e09\u6bdb). 2016. Diarios del S\u00e1hara (\u6492\u54c8\u62c9\u7684\u6545\u4e8b). Barcelona: :Rata_. \u7ffb\u8bd1\u4e0e\u6ce8\u91ca\uff1aIrene Tor.<\/li>\n<li>Sanmao (\u4e09\u6bdb). 2016. Diaris del S\u00e0hara (\u6492\u54c8\u62c9\u7684\u6545\u4e8b). Barcelona: :Rata_. \u7ffb\u8bd1\u4e0e\u6ce8\u91ca\uff1aSara Rovira\u4e0eIrene Tor.<\/li>\n<li>Lao She (\u8001\u820d). 2016. <a href=\"https:\/\/pdvcontes.wordpress.com\/2016\/05\/10\/fustegueres\/\" target=\"_blank\" rel=\"noopener\">\u200bEl senyor Pantalons de Muntar (\u9a6c\u88e4\u5148\u751f)<\/a>. \u7ffb\u8bd1: S\u00edlvia Fustegueres Rosich.<\/li>\n<li>Zhang Ailing (\u5f20\u7231\u73b2). 2016. Un amor que destruye ciudades (\u503e\u57ce\u4e4b\u604b). Barcelona. Asteroide. \u7ffb\u8bd1: Anne H\u00e9l\u00e8nne Su\u00e1rez\u4e0e\u77bf\u5411\u7ea2.<\/li>\n<li>Mo\u00a0Yan (\u83ab\u8a00). 2015.\u00a0<em>Trece pasos <\/em>(\ufe0e\u5341\u4e09\u6b65). Madrid: Editorial Kailas. \u7ffb\u8bd1\u4e0e\u6ce8\u91ca: Juan Cos\u00e9 Ciruela Alf\u00e9rez.<\/li>\n<li>Javier Mar\u00edas. 2009. <em>Coraz\u00f3n tan blanco<\/em> \uff08\u5982\u6b64\u84bc\u767d\u7684\u5fc3\uff09\u3002 \u53f0\u7063\uff1a \u5713\u795e\u51fa\u7248\u793e \uff08Eurasian Press). \u7ffb\u8bd1\u4e0e\u6ce8\u91ca:\uff1a\u6234\u6bd3\u82ac.<\/li>\n<li>Albert S\u00e1nchez Pi\u00f1ol. 2008.<em> La piel fr\u00eda<\/em> \uff08\u51b0\u51b7\u808c\u819a\uff09\u3002\u53f0\u7063\uff1a \u7687\u51a0\u51fa\u7248\u793e \uff08Crown Publishing Company). \u7ffb\u8bd1: \u6234\u6bd3\u82ac.<\/li>\n<li>Gao, Xingjian (\u9ad8\u884c\u5065). 2008. \u201cEl potencial del teatro\u201d. <em>Teatro y pensamiento<\/em>. Barcelona: El Cobre Ediciones, 301-323. \u7ffb\u8bd1\u4e0e\u6ce8\u91ca\uff1aSara Rovira.<\/li>\n<li>Isabel Allende. 2007. <em>El reino del drag\u00f3n de oro<\/em>\u00a0 (\u91d1\u9f8d\u738b\u570b). \u806f\u7d93\u51fa\u7248\u793e \uff08Linking Books). \u7ffb\u8bd1: \u6234\u6bd3\u82ac\u4e0e\u5f35\u6dd1\u82f1.<\/li>\n<li>Gao, Xingjian (\u9ad8\u884c\u5065). 2007. <em>Contra los ismos<\/em>. Barcelona: El Cobre Ediciones.\u00a0\u7ffb\u8bd1\u4e0e\u6ce8\u91ca: Sara Rovira.<\/li>\n<li>Juan Jos\u00e9 Mill\u00e1s. 2006. <em>El desorden de tu nombre <\/em>\uff08\u5728\u59b3\u7684\u540d\u5b57\u88cf\u5931\u5e8f\uff09\u3002 \u53f0\u7063\uff1a \u5713\u795e\u51fa\u7248\u793e \uff08Eurasian Press). \u7ffb\u8bd1: \u6234\u6bd3\u82ac\u3002<\/li>\n<li>Chun Sue. 2003. <em>La nina de Pequ\u00edn<\/em>. Barcelona: Emp\u00faries. \u7ffb\u8bd1\u4e0e\u6ce8\u91ca\uff1aSara Rovira.<\/li>\n<li>Ma, Jian. 2002. <em>Treu la llengua saburrosa<\/em>. Andorra la Vella: Editorial L\u00edmits. \u7ffb\u8bd1\uff0c\u5e8f\u8bcd\u4e0e\u6ce8\u91ca\uff1aSara Rovira.<\/li>\n<li>Feng, Menglong. 2002. <em>Sanyan: Una tria<\/em>. Barcelona: Proa. (Cl\u00e0ssics Orientals, 4). \u7ffb\u8bd1\uff0c\u5e8f\u8a00\u4e0e\u6ce8\u91ca\uff1aSara Rovira \u4e0e S\u00edlvia Fustegueres Rosich.<\/li>\n<\/ul>\n","protected":false},"excerpt":{"rendered":"<p>Wu Ming-yi (\u5433\u660e\u76ca) (2025). La terra de la pluja amarga (\u82e6 [&hellip;]<\/p>\n","protected":false},"author":20,"featured_media":0,"parent":0,"menu_order":0,"comment_status":"closed","ping_status":"closed","template":"","meta":{"footnotes":""},"class_list":["post-551","page","type-page","status-publish","hentry"],"yoast_head":"<!-- This site is optimized with the Yoast SEO plugin v26.8 - https:\/\/yoast.com\/product\/yoast-seo-wordpress\/ -->\n<title>\u7ffb\u8bd1 - Grup de recerca en Traducci\u00f3 del xin\u00e8s al catal\u00e0\/castell\u00e0 (TXICC)<\/title>\n<meta name=\"robots\" content=\"index, follow, max-snippet:-1, max-image-preview:large, max-video-preview:-1\" \/>\n<link rel=\"canonical\" href=\"https:\/\/webs.uab.cat\/txicc\/zh-hans\/\u7ffb\u8bd1\/\" \/>\n<meta property=\"og:locale\" content=\"zh_CN\" \/>\n<meta property=\"og:type\" content=\"article\" \/>\n<meta property=\"og:title\" content=\"\u7ffb\u8bd1 - Grup de recerca en Traducci\u00f3 del xin\u00e8s al catal\u00e0\/castell\u00e0 (TXICC)\" \/>\n<meta property=\"og:description\" content=\"Wu Ming-yi (\u5433\u660e\u76ca) (2025). La terra de la pluja amarga (\u82e6 [&hellip;]\" \/>\n<meta property=\"og:url\" content=\"https:\/\/webs.uab.cat\/txicc\/zh-hans\/\u7ffb\u8bd1\/\" \/>\n<meta property=\"og:site_name\" content=\"Grup de recerca en Traducci\u00f3 del xin\u00e8s al catal\u00e0\/castell\u00e0 (TXICC)\" \/>\n<meta property=\"article:modified_time\" content=\"2025-12-16T10:41:09+00:00\" \/>\n<meta name=\"twitter:card\" content=\"summary_large_image\" \/>\n<meta name=\"twitter:label1\" content=\"\u9884\u8ba1\u9605\u8bfb\u65f6\u95f4\" \/>\n\t<meta name=\"twitter:data1\" content=\"4 \u5206\" \/>\n<script type=\"application\/ld+json\" class=\"yoast-schema-graph\">{\"@context\":\"https:\/\/schema.org\",\"@graph\":[{\"@type\":\"WebPage\",\"@id\":\"https:\/\/webs.uab.cat\/txicc\/zh-hans\/%e7%bf%bb%e8%af%91\/\",\"url\":\"https:\/\/webs.uab.cat\/txicc\/zh-hans\/%e7%bf%bb%e8%af%91\/\",\"name\":\"\u7ffb\u8bd1 - Grup de recerca en Traducci\u00f3 del xin\u00e8s al catal\u00e0\/castell\u00e0 (TXICC)\",\"isPartOf\":{\"@id\":\"https:\/\/webs.uab.cat\/txicc\/#website\"},\"datePublished\":\"2012-12-13T22:03:44+00:00\",\"dateModified\":\"2025-12-16T10:41:09+00:00\",\"breadcrumb\":{\"@id\":\"https:\/\/webs.uab.cat\/txicc\/zh-hans\/%e7%bf%bb%e8%af%91\/#breadcrumb\"},\"inLanguage\":\"zh-Hans\",\"potentialAction\":[{\"@type\":\"ReadAction\",\"target\":[\"https:\/\/webs.uab.cat\/txicc\/zh-hans\/%e7%bf%bb%e8%af%91\/\"]}]},{\"@type\":\"BreadcrumbList\",\"@id\":\"https:\/\/webs.uab.cat\/txicc\/zh-hans\/%e7%bf%bb%e8%af%91\/#breadcrumb\",\"itemListElement\":[{\"@type\":\"ListItem\",\"position\":1,\"name\":\"Portada\",\"item\":\"https:\/\/webs.uab.cat\/txicc\/zh-hans\/\"},{\"@type\":\"ListItem\",\"position\":2,\"name\":\"\u7ffb\u8bd1\"}]},{\"@type\":\"WebSite\",\"@id\":\"https:\/\/webs.uab.cat\/txicc\/#website\",\"url\":\"https:\/\/webs.uab.cat\/txicc\/\",\"name\":\"Grup de recerca en Traducci\u00f3 del xin\u00e8s al catal\u00e0\/castell\u00e0 (TXICC)\",\"description\":\"\",\"potentialAction\":[{\"@type\":\"SearchAction\",\"target\":{\"@type\":\"EntryPoint\",\"urlTemplate\":\"https:\/\/webs.uab.cat\/txicc\/?s={search_term_string}\"},\"query-input\":{\"@type\":\"PropertyValueSpecification\",\"valueRequired\":true,\"valueName\":\"search_term_string\"}}],\"inLanguage\":\"zh-Hans\"}]}<\/script>\n<!-- \/ Yoast SEO plugin. -->","yoast_head_json":{"title":"\u7ffb\u8bd1 - Grup de recerca en Traducci\u00f3 del xin\u00e8s al catal\u00e0\/castell\u00e0 (TXICC)","robots":{"index":"index","follow":"follow","max-snippet":"max-snippet:-1","max-image-preview":"max-image-preview:large","max-video-preview":"max-video-preview:-1"},"canonical":"https:\/\/webs.uab.cat\/txicc\/zh-hans\/\u7ffb\u8bd1\/","og_locale":"zh_CN","og_type":"article","og_title":"\u7ffb\u8bd1 - Grup de recerca en Traducci\u00f3 del xin\u00e8s al catal\u00e0\/castell\u00e0 (TXICC)","og_description":"Wu Ming-yi (\u5433\u660e\u76ca) (2025). La terra de la pluja amarga (\u82e6 [&hellip;]","og_url":"https:\/\/webs.uab.cat\/txicc\/zh-hans\/\u7ffb\u8bd1\/","og_site_name":"Grup de recerca en Traducci\u00f3 del xin\u00e8s al catal\u00e0\/castell\u00e0 (TXICC)","article_modified_time":"2025-12-16T10:41:09+00:00","twitter_card":"summary_large_image","twitter_misc":{"\u9884\u8ba1\u9605\u8bfb\u65f6\u95f4":"4 \u5206"},"schema":{"@context":"https:\/\/schema.org","@graph":[{"@type":"WebPage","@id":"https:\/\/webs.uab.cat\/txicc\/zh-hans\/%e7%bf%bb%e8%af%91\/","url":"https:\/\/webs.uab.cat\/txicc\/zh-hans\/%e7%bf%bb%e8%af%91\/","name":"\u7ffb\u8bd1 - Grup de recerca en Traducci\u00f3 del xin\u00e8s al catal\u00e0\/castell\u00e0 (TXICC)","isPartOf":{"@id":"https:\/\/webs.uab.cat\/txicc\/#website"},"datePublished":"2012-12-13T22:03:44+00:00","dateModified":"2025-12-16T10:41:09+00:00","breadcrumb":{"@id":"https:\/\/webs.uab.cat\/txicc\/zh-hans\/%e7%bf%bb%e8%af%91\/#breadcrumb"},"inLanguage":"zh-Hans","potentialAction":[{"@type":"ReadAction","target":["https:\/\/webs.uab.cat\/txicc\/zh-hans\/%e7%bf%bb%e8%af%91\/"]}]},{"@type":"BreadcrumbList","@id":"https:\/\/webs.uab.cat\/txicc\/zh-hans\/%e7%bf%bb%e8%af%91\/#breadcrumb","itemListElement":[{"@type":"ListItem","position":1,"name":"Portada","item":"https:\/\/webs.uab.cat\/txicc\/zh-hans\/"},{"@type":"ListItem","position":2,"name":"\u7ffb\u8bd1"}]},{"@type":"WebSite","@id":"https:\/\/webs.uab.cat\/txicc\/#website","url":"https:\/\/webs.uab.cat\/txicc\/","name":"Grup de recerca en Traducci\u00f3 del xin\u00e8s al catal\u00e0\/castell\u00e0 (TXICC)","description":"","potentialAction":[{"@type":"SearchAction","target":{"@type":"EntryPoint","urlTemplate":"https:\/\/webs.uab.cat\/txicc\/?s={search_term_string}"},"query-input":{"@type":"PropertyValueSpecification","valueRequired":true,"valueName":"search_term_string"}}],"inLanguage":"zh-Hans"}]}},"_links":{"self":[{"href":"https:\/\/webs.uab.cat\/txicc\/zh-hans\/wp-json\/wp\/v2\/pages\/551","targetHints":{"allow":["GET"]}}],"collection":[{"href":"https:\/\/webs.uab.cat\/txicc\/zh-hans\/wp-json\/wp\/v2\/pages"}],"about":[{"href":"https:\/\/webs.uab.cat\/txicc\/zh-hans\/wp-json\/wp\/v2\/types\/page"}],"author":[{"embeddable":true,"href":"https:\/\/webs.uab.cat\/txicc\/zh-hans\/wp-json\/wp\/v2\/users\/20"}],"replies":[{"embeddable":true,"href":"https:\/\/webs.uab.cat\/txicc\/zh-hans\/wp-json\/wp\/v2\/comments?post=551"}],"version-history":[{"count":7,"href":"https:\/\/webs.uab.cat\/txicc\/zh-hans\/wp-json\/wp\/v2\/pages\/551\/revisions"}],"predecessor-version":[{"id":1727,"href":"https:\/\/webs.uab.cat\/txicc\/zh-hans\/wp-json\/wp\/v2\/pages\/551\/revisions\/1727"}],"wp:attachment":[{"href":"https:\/\/webs.uab.cat\/txicc\/zh-hans\/wp-json\/wp\/v2\/media?parent=551"}],"curies":[{"name":"wp","href":"https:\/\/api.w.org\/{rel}","templated":true}]}}