{"id":561,"date":"2013-05-01T22:32:05","date_gmt":"2013-05-01T20:32:05","guid":{"rendered":"https:\/\/webs.uab.cat\/txicc\/%e5%b1%95%e8%a7%88%e4%bc%9a\/"},"modified":"2025-01-24T09:26:29","modified_gmt":"2025-01-24T07:26:29","slug":"%e5%b1%95%e8%a7%88%e4%bc%9a","status":"publish","type":"page","link":"https:\/\/webs.uab.cat\/txicc\/zh-hans\/%e5%b1%95%e8%a7%88%e4%bc%9a\/","title":{"rendered":"\u5c55\u89c8\u4f1a"},"content":{"rendered":"\n<p>\u672c\u7814\u7a76\u7ec4\u81f3\u4eca\u5df2\u7ec4\u7ec7\u4e86\u4e00\u7cfb\u5217\u5c55\u4f1a\uff0c\u4ecb\u7ecd\u4e2d\u56fd\u6587\u5b66\u5728\u897f\u73ed\u7259\u8bed\u4e2d\u7684\u7ffb\u8bd1\u3002<\/p>\n\n\n\n<p>\u83b7\u53d6\u66f4\u591a\u4fe1\u606f\uff0c\u8bf7\u70b9\u51fb\u4ee5\u4e0b\u94fe\u63a5\u3002<\/p>\n\n\n\n<p>\u822a\u5411\u4e16\u754c\uff1a\u53f0\u7063\u6587\u5b78\u4e3b\u984c\u5c55 (2024): <a href=\"https:\/\/www.uab.cat\/web\/detall-de-noticia\/inauguracio-de-l-exposicio-navegar-cap-al-mon-la-literatura-taiwanesa-1345711434424.html?noticiaid=1345916402554\" data-type=\"link\" data-id=\"https:\/\/www.uab.cat\/web\/detall-de-noticia\/inauguracio-de-l-exposicio-navegar-cap-al-mon-la-literatura-taiwanesa-1345711434424.html?noticiaid=1345916402554\">Sala de Revistes de la UAB<\/a> (2024\u5e745\u6708), <a href=\"https:\/\/www.eixfortpienc.com\/cat\/activitat\/navegar-cap-al-mon-la-literatura-taiwanesa\">\u5df4\u585e\u7f57\u90a3Fort Pienc \u56fe\u4e66\u9986 <\/a>(2025\u5e74\u4e00\u6708). <\/p>\n\n\n\n<p><a href=\"http:\/\/pagines.uab.cat\/xinescatala\/\" target=\"_blank\" rel=\"noopener\">L&#8217;impacte de la literatura xinesa a casa nostra<\/a> (2023)<\/p>\n\n\n\n<figure class=\"wp-block-image size-large\"><img decoding=\"async\" src=\"https:\/\/webs.uab.cat\/txicc\/wp-content\/uploads\/sites\/309\/2013\/04\/IMG_2244_0.JPG\" alt=\"\" \/><\/figure>\n\n\n\n<figure class=\"wp-block-image size-large\"><img decoding=\"async\" src=\"https:\/\/webs.uab.cat\/txicc\/wp-content\/uploads\/sites\/309\/2013\/04\/IMG_2247_0.JPG\" alt=\"\" \/><\/figure>\n\n\n\n<figure class=\"wp-block-image size-large\"><img decoding=\"async\" src=\"https:\/\/webs.uab.cat\/txicc\/wp-content\/uploads\/sites\/309\/2013\/04\/IMG_2248_0.JPG\" alt=\"\" \/><\/figure>\n","protected":false},"excerpt":{"rendered":"<p>\u672c\u7814\u7a76\u7ec4\u81f3\u4eca\u5df2\u7ec4\u7ec7\u4e86\u4e00\u7cfb\u5217\u5c55\u4f1a\uff0c\u4ecb\u7ecd\u4e2d\u56fd\u6587\u5b66\u5728\u897f\u73ed\u7259\u8bed\u4e2d\u7684\u7ffb\u8bd1\u3002 \u83b7\u53d6\u66f4\u591a\u4fe1\u606f\uff0c\u8bf7\u70b9\u51fb\u4ee5\u4e0b\u94fe\u63a5\u3002 \u822a\u5411\u4e16\u754c\uff1a\u53f0 [&hellip;]<\/p>\n","protected":false},"author":20,"featured_media":0,"parent":0,"menu_order":0,"comment_status":"closed","ping_status":"closed","template":"","meta":{"footnotes":""},"class_list":["post-561","page","type-page","status-publish","hentry"],"yoast_head":"<!-- This site is optimized with the Yoast SEO plugin v26.8 - https:\/\/yoast.com\/product\/yoast-seo-wordpress\/ -->\n<title>\u5c55\u89c8\u4f1a - Grup de recerca en Traducci\u00f3 del xin\u00e8s al catal\u00e0\/castell\u00e0 (TXICC)<\/title>\n<meta name=\"robots\" content=\"index, follow, max-snippet:-1, max-image-preview:large, max-video-preview:-1\" \/>\n<link rel=\"canonical\" href=\"https:\/\/webs.uab.cat\/txicc\/zh-hans\/\u5c55\u89c8\u4f1a\/\" \/>\n<meta property=\"og:locale\" content=\"zh_CN\" \/>\n<meta property=\"og:type\" content=\"article\" \/>\n<meta property=\"og:title\" content=\"\u5c55\u89c8\u4f1a - Grup de recerca en Traducci\u00f3 del xin\u00e8s al catal\u00e0\/castell\u00e0 (TXICC)\" \/>\n<meta property=\"og:description\" content=\"\u672c\u7814\u7a76\u7ec4\u81f3\u4eca\u5df2\u7ec4\u7ec7\u4e86\u4e00\u7cfb\u5217\u5c55\u4f1a\uff0c\u4ecb\u7ecd\u4e2d\u56fd\u6587\u5b66\u5728\u897f\u73ed\u7259\u8bed\u4e2d\u7684\u7ffb\u8bd1\u3002 \u83b7\u53d6\u66f4\u591a\u4fe1\u606f\uff0c\u8bf7\u70b9\u51fb\u4ee5\u4e0b\u94fe\u63a5\u3002 \u822a\u5411\u4e16\u754c\uff1a\u53f0 [&hellip;]\" \/>\n<meta property=\"og:url\" content=\"https:\/\/webs.uab.cat\/txicc\/zh-hans\/\u5c55\u89c8\u4f1a\/\" \/>\n<meta property=\"og:site_name\" content=\"Grup de recerca en Traducci\u00f3 del xin\u00e8s al catal\u00e0\/castell\u00e0 (TXICC)\" \/>\n<meta property=\"article:modified_time\" content=\"2025-01-24T07:26:29+00:00\" \/>\n<meta property=\"og:image\" content=\"https:\/\/webs.uab.cat\/txicc\/wp-content\/uploads\/sites\/309\/2013\/04\/IMG_2244_0.JPG\" \/>\n<meta name=\"twitter:card\" content=\"summary_large_image\" \/>\n<script type=\"application\/ld+json\" class=\"yoast-schema-graph\">{\"@context\":\"https:\/\/schema.org\",\"@graph\":[{\"@type\":\"WebPage\",\"@id\":\"https:\/\/webs.uab.cat\/txicc\/zh-hans\/%e5%b1%95%e8%a7%88%e4%bc%9a\/\",\"url\":\"https:\/\/webs.uab.cat\/txicc\/zh-hans\/%e5%b1%95%e8%a7%88%e4%bc%9a\/\",\"name\":\"\u5c55\u89c8\u4f1a - Grup de recerca en Traducci\u00f3 del xin\u00e8s al catal\u00e0\/castell\u00e0 (TXICC)\",\"isPartOf\":{\"@id\":\"https:\/\/webs.uab.cat\/txicc\/#website\"},\"primaryImageOfPage\":{\"@id\":\"https:\/\/webs.uab.cat\/txicc\/zh-hans\/%e5%b1%95%e8%a7%88%e4%bc%9a\/#primaryimage\"},\"image\":{\"@id\":\"https:\/\/webs.uab.cat\/txicc\/zh-hans\/%e5%b1%95%e8%a7%88%e4%bc%9a\/#primaryimage\"},\"thumbnailUrl\":\"https:\/\/webs.uab.cat\/txicc\/wp-content\/uploads\/sites\/309\/2013\/04\/IMG_2244_0.JPG\",\"datePublished\":\"2013-05-01T20:32:05+00:00\",\"dateModified\":\"2025-01-24T07:26:29+00:00\",\"breadcrumb\":{\"@id\":\"https:\/\/webs.uab.cat\/txicc\/zh-hans\/%e5%b1%95%e8%a7%88%e4%bc%9a\/#breadcrumb\"},\"inLanguage\":\"zh-Hans\",\"potentialAction\":[{\"@type\":\"ReadAction\",\"target\":[\"https:\/\/webs.uab.cat\/txicc\/zh-hans\/%e5%b1%95%e8%a7%88%e4%bc%9a\/\"]}]},{\"@type\":\"ImageObject\",\"inLanguage\":\"zh-Hans\",\"@id\":\"https:\/\/webs.uab.cat\/txicc\/zh-hans\/%e5%b1%95%e8%a7%88%e4%bc%9a\/#primaryimage\",\"url\":\"https:\/\/webs.uab.cat\/txicc\/wp-content\/uploads\/sites\/309\/2013\/04\/IMG_2244_0.JPG\",\"contentUrl\":\"https:\/\/webs.uab.cat\/txicc\/wp-content\/uploads\/sites\/309\/2013\/04\/IMG_2244_0.JPG\"},{\"@type\":\"BreadcrumbList\",\"@id\":\"https:\/\/webs.uab.cat\/txicc\/zh-hans\/%e5%b1%95%e8%a7%88%e4%bc%9a\/#breadcrumb\",\"itemListElement\":[{\"@type\":\"ListItem\",\"position\":1,\"name\":\"Portada\",\"item\":\"https:\/\/webs.uab.cat\/txicc\/zh-hans\/\"},{\"@type\":\"ListItem\",\"position\":2,\"name\":\"\u5c55\u89c8\u4f1a\"}]},{\"@type\":\"WebSite\",\"@id\":\"https:\/\/webs.uab.cat\/txicc\/#website\",\"url\":\"https:\/\/webs.uab.cat\/txicc\/\",\"name\":\"Grup de recerca en Traducci\u00f3 del xin\u00e8s al catal\u00e0\/castell\u00e0 (TXICC)\",\"description\":\"\",\"potentialAction\":[{\"@type\":\"SearchAction\",\"target\":{\"@type\":\"EntryPoint\",\"urlTemplate\":\"https:\/\/webs.uab.cat\/txicc\/?s={search_term_string}\"},\"query-input\":{\"@type\":\"PropertyValueSpecification\",\"valueRequired\":true,\"valueName\":\"search_term_string\"}}],\"inLanguage\":\"zh-Hans\"}]}<\/script>\n<!-- \/ Yoast SEO plugin. -->","yoast_head_json":{"title":"\u5c55\u89c8\u4f1a - Grup de recerca en Traducci\u00f3 del xin\u00e8s al catal\u00e0\/castell\u00e0 (TXICC)","robots":{"index":"index","follow":"follow","max-snippet":"max-snippet:-1","max-image-preview":"max-image-preview:large","max-video-preview":"max-video-preview:-1"},"canonical":"https:\/\/webs.uab.cat\/txicc\/zh-hans\/\u5c55\u89c8\u4f1a\/","og_locale":"zh_CN","og_type":"article","og_title":"\u5c55\u89c8\u4f1a - Grup de recerca en Traducci\u00f3 del xin\u00e8s al catal\u00e0\/castell\u00e0 (TXICC)","og_description":"\u672c\u7814\u7a76\u7ec4\u81f3\u4eca\u5df2\u7ec4\u7ec7\u4e86\u4e00\u7cfb\u5217\u5c55\u4f1a\uff0c\u4ecb\u7ecd\u4e2d\u56fd\u6587\u5b66\u5728\u897f\u73ed\u7259\u8bed\u4e2d\u7684\u7ffb\u8bd1\u3002 \u83b7\u53d6\u66f4\u591a\u4fe1\u606f\uff0c\u8bf7\u70b9\u51fb\u4ee5\u4e0b\u94fe\u63a5\u3002 \u822a\u5411\u4e16\u754c\uff1a\u53f0 [&hellip;]","og_url":"https:\/\/webs.uab.cat\/txicc\/zh-hans\/\u5c55\u89c8\u4f1a\/","og_site_name":"Grup de recerca en Traducci\u00f3 del xin\u00e8s al catal\u00e0\/castell\u00e0 (TXICC)","article_modified_time":"2025-01-24T07:26:29+00:00","og_image":[{"url":"https:\/\/webs.uab.cat\/txicc\/wp-content\/uploads\/sites\/309\/2013\/04\/IMG_2244_0.JPG","type":"","width":"","height":""}],"twitter_card":"summary_large_image","schema":{"@context":"https:\/\/schema.org","@graph":[{"@type":"WebPage","@id":"https:\/\/webs.uab.cat\/txicc\/zh-hans\/%e5%b1%95%e8%a7%88%e4%bc%9a\/","url":"https:\/\/webs.uab.cat\/txicc\/zh-hans\/%e5%b1%95%e8%a7%88%e4%bc%9a\/","name":"\u5c55\u89c8\u4f1a - Grup de recerca en Traducci\u00f3 del xin\u00e8s al catal\u00e0\/castell\u00e0 (TXICC)","isPartOf":{"@id":"https:\/\/webs.uab.cat\/txicc\/#website"},"primaryImageOfPage":{"@id":"https:\/\/webs.uab.cat\/txicc\/zh-hans\/%e5%b1%95%e8%a7%88%e4%bc%9a\/#primaryimage"},"image":{"@id":"https:\/\/webs.uab.cat\/txicc\/zh-hans\/%e5%b1%95%e8%a7%88%e4%bc%9a\/#primaryimage"},"thumbnailUrl":"https:\/\/webs.uab.cat\/txicc\/wp-content\/uploads\/sites\/309\/2013\/04\/IMG_2244_0.JPG","datePublished":"2013-05-01T20:32:05+00:00","dateModified":"2025-01-24T07:26:29+00:00","breadcrumb":{"@id":"https:\/\/webs.uab.cat\/txicc\/zh-hans\/%e5%b1%95%e8%a7%88%e4%bc%9a\/#breadcrumb"},"inLanguage":"zh-Hans","potentialAction":[{"@type":"ReadAction","target":["https:\/\/webs.uab.cat\/txicc\/zh-hans\/%e5%b1%95%e8%a7%88%e4%bc%9a\/"]}]},{"@type":"ImageObject","inLanguage":"zh-Hans","@id":"https:\/\/webs.uab.cat\/txicc\/zh-hans\/%e5%b1%95%e8%a7%88%e4%bc%9a\/#primaryimage","url":"https:\/\/webs.uab.cat\/txicc\/wp-content\/uploads\/sites\/309\/2013\/04\/IMG_2244_0.JPG","contentUrl":"https:\/\/webs.uab.cat\/txicc\/wp-content\/uploads\/sites\/309\/2013\/04\/IMG_2244_0.JPG"},{"@type":"BreadcrumbList","@id":"https:\/\/webs.uab.cat\/txicc\/zh-hans\/%e5%b1%95%e8%a7%88%e4%bc%9a\/#breadcrumb","itemListElement":[{"@type":"ListItem","position":1,"name":"Portada","item":"https:\/\/webs.uab.cat\/txicc\/zh-hans\/"},{"@type":"ListItem","position":2,"name":"\u5c55\u89c8\u4f1a"}]},{"@type":"WebSite","@id":"https:\/\/webs.uab.cat\/txicc\/#website","url":"https:\/\/webs.uab.cat\/txicc\/","name":"Grup de recerca en Traducci\u00f3 del xin\u00e8s al catal\u00e0\/castell\u00e0 (TXICC)","description":"","potentialAction":[{"@type":"SearchAction","target":{"@type":"EntryPoint","urlTemplate":"https:\/\/webs.uab.cat\/txicc\/?s={search_term_string}"},"query-input":{"@type":"PropertyValueSpecification","valueRequired":true,"valueName":"search_term_string"}}],"inLanguage":"zh-Hans"}]}},"_links":{"self":[{"href":"https:\/\/webs.uab.cat\/txicc\/zh-hans\/wp-json\/wp\/v2\/pages\/561","targetHints":{"allow":["GET"]}}],"collection":[{"href":"https:\/\/webs.uab.cat\/txicc\/zh-hans\/wp-json\/wp\/v2\/pages"}],"about":[{"href":"https:\/\/webs.uab.cat\/txicc\/zh-hans\/wp-json\/wp\/v2\/types\/page"}],"author":[{"embeddable":true,"href":"https:\/\/webs.uab.cat\/txicc\/zh-hans\/wp-json\/wp\/v2\/users\/20"}],"replies":[{"embeddable":true,"href":"https:\/\/webs.uab.cat\/txicc\/zh-hans\/wp-json\/wp\/v2\/comments?post=561"}],"version-history":[{"count":6,"href":"https:\/\/webs.uab.cat\/txicc\/zh-hans\/wp-json\/wp\/v2\/pages\/561\/revisions"}],"predecessor-version":[{"id":1571,"href":"https:\/\/webs.uab.cat\/txicc\/zh-hans\/wp-json\/wp\/v2\/pages\/561\/revisions\/1571"}],"wp:attachment":[{"href":"https:\/\/webs.uab.cat\/txicc\/zh-hans\/wp-json\/wp\/v2\/media?parent=561"}],"curies":[{"name":"wp","href":"https:\/\/api.w.org\/{rel}","templated":true}]}}