{"id":590,"date":"2016-02-24T14:10:49","date_gmt":"2016-02-24T12:10:49","guid":{"rendered":"https:\/\/webs.uab.cat\/txicc\/%e6%96%b0%e9%97%bb%e5%aa%92%e4%bd%93\/"},"modified":"2016-02-24T14:10:49","modified_gmt":"2016-02-24T12:10:49","slug":"%e6%96%b0%e9%97%bb%e5%aa%92%e4%bd%93","status":"publish","type":"page","link":"https:\/\/webs.uab.cat\/txicc\/zh-hans\/%e6%96%b0%e9%97%bb%e5%aa%92%e4%bd%93\/","title":{"rendered":"\u65b0\u95fb\u5a92\u4f53"},"content":{"rendered":"<ul type=\"disc\">\n<li>Rtve: <a href=\"\/\/www.rtve.es\/alacarta\/audios\/asia-hoy\/asia-hoy-como-usar-correctamente-chino-27-10-15\/3336460\/\" target=\"_blank\" rel=\"noopener\">Asia hoy<\/a><a href=\"http:\/\/www.rtve.es\/alacarta\/audios\/asia-hoy\/asia-hoy-como-usar-correctamente-chino-27-10-15\/3336460\/\" target=\"_blank\" rel=\"noopener\"><\/a><\/li>\n<li><a href=\"http:\/\/www.cultograma.com\/tofu-fengshui-taichi-el-chino-llega-a-nuestras-vidas\/\" target=\"_blank\" rel=\"noopener\">Digital Cultograma <\/a><\/li>\n<li><a href=\"http:\/\/laestrella.com.pa\/estilo\/cultura\/chino-parte-nuestras-vidas\/23876002\" target=\"_blank\" rel=\"noopener\">La Estrella de Panam\u00e1<\/a><\/li>\n<li><a href=\"http:\/\/www.fundeu.es\/noticia\/tofu-fengshui-taichi-el-chino-llega-a-nuestras-vidas\/\" target=\"_blank\" rel=\"noopener\">Fund\u00e9u <\/a><\/li>\n<li><a href=\"https:\/\/es-us.noticias.yahoo.com\/tofu-fengshui-taich%C3%AD-chino-llega-vidas-111600419.html\" target=\"_blank\" rel=\"noopener\">Yahoo Noticias<\/a><\/li>\n<li><a href=\"http:\/\/divertinajes.infolibre.es\/?p=741\" target=\"_blank\" rel=\"noopener\">Divertinajes<\/a><\/li>\n<\/ul>\n","protected":false},"excerpt":{"rendered":"<p>Rtve: Asia hoy Digital Cultograma La Estrella de Panam\u00e1 [&hellip;]<\/p>\n","protected":false},"author":20,"featured_media":0,"parent":0,"menu_order":0,"comment_status":"closed","ping_status":"closed","template":"","meta":{"footnotes":""},"class_list":["post-590","page","type-page","status-publish","hentry"],"yoast_head":"<!-- This site is optimized with the Yoast SEO plugin v26.8 - https:\/\/yoast.com\/product\/yoast-seo-wordpress\/ -->\n<title>\u65b0\u95fb\u5a92\u4f53 - Grup de recerca en Traducci\u00f3 del xin\u00e8s al catal\u00e0\/castell\u00e0 (TXICC)<\/title>\n<meta name=\"robots\" content=\"index, follow, max-snippet:-1, max-image-preview:large, max-video-preview:-1\" \/>\n<link rel=\"canonical\" href=\"https:\/\/webs.uab.cat\/txicc\/zh-hans\/\u65b0\u95fb\u5a92\u4f53\/\" \/>\n<meta property=\"og:locale\" content=\"zh_CN\" \/>\n<meta property=\"og:type\" content=\"article\" \/>\n<meta property=\"og:title\" content=\"\u65b0\u95fb\u5a92\u4f53 - Grup de recerca en Traducci\u00f3 del xin\u00e8s al catal\u00e0\/castell\u00e0 (TXICC)\" \/>\n<meta property=\"og:description\" content=\"Rtve: Asia hoy Digital Cultograma La Estrella de Panam\u00e1 [&hellip;]\" \/>\n<meta property=\"og:url\" content=\"https:\/\/webs.uab.cat\/txicc\/zh-hans\/\u65b0\u95fb\u5a92\u4f53\/\" \/>\n<meta property=\"og:site_name\" content=\"Grup de recerca en Traducci\u00f3 del xin\u00e8s al catal\u00e0\/castell\u00e0 (TXICC)\" \/>\n<meta name=\"twitter:card\" content=\"summary_large_image\" \/>\n<script type=\"application\/ld+json\" class=\"yoast-schema-graph\">{\"@context\":\"https:\/\/schema.org\",\"@graph\":[{\"@type\":\"WebPage\",\"@id\":\"https:\/\/webs.uab.cat\/txicc\/zh-hans\/%e6%96%b0%e9%97%bb%e5%aa%92%e4%bd%93\/\",\"url\":\"https:\/\/webs.uab.cat\/txicc\/zh-hans\/%e6%96%b0%e9%97%bb%e5%aa%92%e4%bd%93\/\",\"name\":\"\u65b0\u95fb\u5a92\u4f53 - Grup de recerca en Traducci\u00f3 del xin\u00e8s al catal\u00e0\/castell\u00e0 (TXICC)\",\"isPartOf\":{\"@id\":\"https:\/\/webs.uab.cat\/txicc\/#website\"},\"datePublished\":\"2016-02-24T12:10:49+00:00\",\"breadcrumb\":{\"@id\":\"https:\/\/webs.uab.cat\/txicc\/zh-hans\/%e6%96%b0%e9%97%bb%e5%aa%92%e4%bd%93\/#breadcrumb\"},\"inLanguage\":\"zh-Hans\",\"potentialAction\":[{\"@type\":\"ReadAction\",\"target\":[\"https:\/\/webs.uab.cat\/txicc\/zh-hans\/%e6%96%b0%e9%97%bb%e5%aa%92%e4%bd%93\/\"]}]},{\"@type\":\"BreadcrumbList\",\"@id\":\"https:\/\/webs.uab.cat\/txicc\/zh-hans\/%e6%96%b0%e9%97%bb%e5%aa%92%e4%bd%93\/#breadcrumb\",\"itemListElement\":[{\"@type\":\"ListItem\",\"position\":1,\"name\":\"Portada\",\"item\":\"https:\/\/webs.uab.cat\/txicc\/zh-hans\/\"},{\"@type\":\"ListItem\",\"position\":2,\"name\":\"\u65b0\u95fb\u5a92\u4f53\"}]},{\"@type\":\"WebSite\",\"@id\":\"https:\/\/webs.uab.cat\/txicc\/#website\",\"url\":\"https:\/\/webs.uab.cat\/txicc\/\",\"name\":\"Grup de recerca en Traducci\u00f3 del xin\u00e8s al catal\u00e0\/castell\u00e0 (TXICC)\",\"description\":\"\",\"potentialAction\":[{\"@type\":\"SearchAction\",\"target\":{\"@type\":\"EntryPoint\",\"urlTemplate\":\"https:\/\/webs.uab.cat\/txicc\/?s={search_term_string}\"},\"query-input\":{\"@type\":\"PropertyValueSpecification\",\"valueRequired\":true,\"valueName\":\"search_term_string\"}}],\"inLanguage\":\"zh-Hans\"}]}<\/script>\n<!-- \/ Yoast SEO plugin. -->","yoast_head_json":{"title":"\u65b0\u95fb\u5a92\u4f53 - Grup de recerca en Traducci\u00f3 del xin\u00e8s al catal\u00e0\/castell\u00e0 (TXICC)","robots":{"index":"index","follow":"follow","max-snippet":"max-snippet:-1","max-image-preview":"max-image-preview:large","max-video-preview":"max-video-preview:-1"},"canonical":"https:\/\/webs.uab.cat\/txicc\/zh-hans\/\u65b0\u95fb\u5a92\u4f53\/","og_locale":"zh_CN","og_type":"article","og_title":"\u65b0\u95fb\u5a92\u4f53 - Grup de recerca en Traducci\u00f3 del xin\u00e8s al catal\u00e0\/castell\u00e0 (TXICC)","og_description":"Rtve: Asia hoy Digital Cultograma La Estrella de Panam\u00e1 [&hellip;]","og_url":"https:\/\/webs.uab.cat\/txicc\/zh-hans\/\u65b0\u95fb\u5a92\u4f53\/","og_site_name":"Grup de recerca en Traducci\u00f3 del xin\u00e8s al catal\u00e0\/castell\u00e0 (TXICC)","twitter_card":"summary_large_image","schema":{"@context":"https:\/\/schema.org","@graph":[{"@type":"WebPage","@id":"https:\/\/webs.uab.cat\/txicc\/zh-hans\/%e6%96%b0%e9%97%bb%e5%aa%92%e4%bd%93\/","url":"https:\/\/webs.uab.cat\/txicc\/zh-hans\/%e6%96%b0%e9%97%bb%e5%aa%92%e4%bd%93\/","name":"\u65b0\u95fb\u5a92\u4f53 - Grup de recerca en Traducci\u00f3 del xin\u00e8s al catal\u00e0\/castell\u00e0 (TXICC)","isPartOf":{"@id":"https:\/\/webs.uab.cat\/txicc\/#website"},"datePublished":"2016-02-24T12:10:49+00:00","breadcrumb":{"@id":"https:\/\/webs.uab.cat\/txicc\/zh-hans\/%e6%96%b0%e9%97%bb%e5%aa%92%e4%bd%93\/#breadcrumb"},"inLanguage":"zh-Hans","potentialAction":[{"@type":"ReadAction","target":["https:\/\/webs.uab.cat\/txicc\/zh-hans\/%e6%96%b0%e9%97%bb%e5%aa%92%e4%bd%93\/"]}]},{"@type":"BreadcrumbList","@id":"https:\/\/webs.uab.cat\/txicc\/zh-hans\/%e6%96%b0%e9%97%bb%e5%aa%92%e4%bd%93\/#breadcrumb","itemListElement":[{"@type":"ListItem","position":1,"name":"Portada","item":"https:\/\/webs.uab.cat\/txicc\/zh-hans\/"},{"@type":"ListItem","position":2,"name":"\u65b0\u95fb\u5a92\u4f53"}]},{"@type":"WebSite","@id":"https:\/\/webs.uab.cat\/txicc\/#website","url":"https:\/\/webs.uab.cat\/txicc\/","name":"Grup de recerca en Traducci\u00f3 del xin\u00e8s al catal\u00e0\/castell\u00e0 (TXICC)","description":"","potentialAction":[{"@type":"SearchAction","target":{"@type":"EntryPoint","urlTemplate":"https:\/\/webs.uab.cat\/txicc\/?s={search_term_string}"},"query-input":{"@type":"PropertyValueSpecification","valueRequired":true,"valueName":"search_term_string"}}],"inLanguage":"zh-Hans"}]}},"_links":{"self":[{"href":"https:\/\/webs.uab.cat\/txicc\/zh-hans\/wp-json\/wp\/v2\/pages\/590","targetHints":{"allow":["GET"]}}],"collection":[{"href":"https:\/\/webs.uab.cat\/txicc\/zh-hans\/wp-json\/wp\/v2\/pages"}],"about":[{"href":"https:\/\/webs.uab.cat\/txicc\/zh-hans\/wp-json\/wp\/v2\/types\/page"}],"author":[{"embeddable":true,"href":"https:\/\/webs.uab.cat\/txicc\/zh-hans\/wp-json\/wp\/v2\/users\/20"}],"replies":[{"embeddable":true,"href":"https:\/\/webs.uab.cat\/txicc\/zh-hans\/wp-json\/wp\/v2\/comments?post=590"}],"version-history":[{"count":0,"href":"https:\/\/webs.uab.cat\/txicc\/zh-hans\/wp-json\/wp\/v2\/pages\/590\/revisions"}],"wp:attachment":[{"href":"https:\/\/webs.uab.cat\/txicc\/zh-hans\/wp-json\/wp\/v2\/media?parent=590"}],"curies":[{"name":"wp","href":"https:\/\/api.w.org\/{rel}","templated":true}]}}