{"id":1162,"date":"2015-11-03T15:15:01","date_gmt":"2015-11-03T13:15:01","guid":{"rendered":"http:\/\/blogs.uab.cat\/uabnomenclatura\/?page_id=1162"},"modified":"2015-11-03T15:15:01","modified_gmt":"2015-11-03T13:15:01","slug":"departament-de-biologia-animal-de-biologia-vegetal-i-decologia","status":"publish","type":"page","link":"https:\/\/webs.uab.cat\/uabnomenclatura\/continguts\/departments\/departament-de-biologia-animal-de-biologia-vegetal-i-decologia\/","title":{"rendered":"Departament de Biologia Animal, de Biologia Vegetal i d\u2019Ecologia"},"content":{"rendered":"<p><em>ca<\/em> Departament\u00a0de\u00a0Biologia\u00a0Animal,\u00a0de Biologia\u00a0Vegetal\u00a0i\u00a0d\u2019Ecologia\u00a0<em>m<\/em><br \/>\n<em>en\u00a0<\/em>Department of Animal Biology, Plant Biology and Ecology<em>\u00a0n<\/em><br \/>\n<em>es\u00a0<\/em>Departamento de Biolog\u00eda Animal, Biolog\u00eda Vegetal y Ecolog\u00eda<em>\u00a0m<br \/>\n<\/em><\/p>\n<hr \/>\n<p><a href=\"https:\/\/webs.uab.cat\/uabnomenclatura\/wp-content\/uploads\/sites\/83\/2015\/07\/left_arrow_green-e1445597992936.png\"><img loading=\"lazy\" decoding=\"async\" class=\"  wp-image-153 alignnone\" src=\"https:\/\/webs.uab.cat\/uabnomenclatura\/wp-content\/uploads\/sites\/83\/2015\/07\/left_arrow_green-e1445597992936.png\" alt=\"left_arrow_green\" width=\"20\" height=\"21\" srcset=\"https:\/\/webs.uab.cat\/uabnomenclatura\/wp-content\/uploads\/sites\/83\/2015\/07\/left_arrow_green-e1445597992936.png 291w, https:\/\/webs.uab.cat\/uabnomenclatura\/wp-content\/uploads\/sites\/83\/2015\/07\/left_arrow_green-e1445597992936-150x150.png 150w\" sizes=\"auto, (max-width: 20px) 100vw, 20px\" \/><\/a>\u00a0<a href=\"http:\/\/blogs.uab.cat\/uabnomenclatura\/pagina-exemple\/departments\/\">Departaments<\/a><\/p>\n","protected":false},"excerpt":{"rendered":"<p>ca Departament\u00a0de\u00a0Biologia\u00a0Animal,\u00a0de Biologia\u00a0Vegetal\u00a0i\u00a0d\u2019Ecologia\u00a0m en\u00a0Department of Animal Biology, Plant Biology and Ecology\u00a0n es\u00a0Departamento de Biolog\u00eda Animal, Biolog\u00eda Vegetal y Ecolog\u00eda\u00a0m \u00a0Departaments<\/p>\n","protected":false},"author":59,"featured_media":0,"parent":382,"menu_order":10,"comment_status":"closed","ping_status":"closed","template":"","meta":{"footnotes":""},"class_list":["post-1162","page","type-page","status-publish","hentry"],"_links":{"self":[{"href":"https:\/\/webs.uab.cat\/uabnomenclatura\/wp-json\/wp\/v2\/pages\/1162","targetHints":{"allow":["GET"]}}],"collection":[{"href":"https:\/\/webs.uab.cat\/uabnomenclatura\/wp-json\/wp\/v2\/pages"}],"about":[{"href":"https:\/\/webs.uab.cat\/uabnomenclatura\/wp-json\/wp\/v2\/types\/page"}],"author":[{"embeddable":true,"href":"https:\/\/webs.uab.cat\/uabnomenclatura\/wp-json\/wp\/v2\/users\/59"}],"replies":[{"embeddable":true,"href":"https:\/\/webs.uab.cat\/uabnomenclatura\/wp-json\/wp\/v2\/comments?post=1162"}],"version-history":[{"count":0,"href":"https:\/\/webs.uab.cat\/uabnomenclatura\/wp-json\/wp\/v2\/pages\/1162\/revisions"}],"up":[{"embeddable":true,"href":"https:\/\/webs.uab.cat\/uabnomenclatura\/wp-json\/wp\/v2\/pages\/382"}],"wp:attachment":[{"href":"https:\/\/webs.uab.cat\/uabnomenclatura\/wp-json\/wp\/v2\/media?parent=1162"}],"curies":[{"name":"wp","href":"https:\/\/api.w.org\/{rel}","templated":true}]}}