{"id":1506,"date":"2015-11-05T15:14:35","date_gmt":"2015-11-05T13:14:35","guid":{"rendered":"http:\/\/blogs.uab.cat\/uabnomenclatura\/?page_id=1506"},"modified":"2015-11-05T15:14:35","modified_gmt":"2015-11-05T13:14:35","slug":"area-de-linguistica-general","status":"publish","type":"page","link":"https:\/\/webs.uab.cat\/uabnomenclatura\/continguts\/arees-de-coneixement\/area-de-linguistica-general\/","title":{"rendered":"\u00c0rea de Ling\u00fc\u00edstica General"},"content":{"rendered":"<p><em>ca<\/em> \u00c0rea\u00a0de\u00a0Ling\u00fc\u00edstica\u00a0General\u00a0<em>f<\/em><br \/>\n<em>en\u00a0<\/em>Area of General Linguistics<em>\u00a0n<\/em><br \/>\n<em>es\u00a0<\/em>\u00c1rea de Ling\u00fc\u00edstica General<em>\u00a0f<br \/>\n<\/em><\/p>\n<hr \/>\n<p><a href=\"https:\/\/webs.uab.cat\/uabnomenclatura\/wp-content\/uploads\/sites\/83\/2015\/07\/left_arrow_green-e1445597992936.png\"><img loading=\"lazy\" decoding=\"async\" class=\"  wp-image-153 alignnone\" src=\"https:\/\/webs.uab.cat\/uabnomenclatura\/wp-content\/uploads\/sites\/83\/2015\/07\/left_arrow_green-e1445597992936.png\" alt=\"left_arrow_green\" width=\"20\" height=\"21\" srcset=\"https:\/\/webs.uab.cat\/uabnomenclatura\/wp-content\/uploads\/sites\/83\/2015\/07\/left_arrow_green-e1445597992936.png 291w, https:\/\/webs.uab.cat\/uabnomenclatura\/wp-content\/uploads\/sites\/83\/2015\/07\/left_arrow_green-e1445597992936-150x150.png 150w\" sizes=\"auto, (max-width: 20px) 100vw, 20px\" \/><\/a>\u00a0<a href=\"http:\/\/blogs.uab.cat\/uabnomenclatura\/pagina-exemple\/arees-de-coneixement\/\">\u00c0rees de coneixement<\/a><\/p>\n","protected":false},"excerpt":{"rendered":"<p>ca \u00c0rea\u00a0de\u00a0Ling\u00fc\u00edstica\u00a0General\u00a0f en\u00a0Area of General Linguistics\u00a0n es\u00a0\u00c1rea de Ling\u00fc\u00edstica General\u00a0f \u00a0\u00c0rees de coneixement<\/p>\n","protected":false},"author":59,"featured_media":0,"parent":385,"menu_order":95,"comment_status":"closed","ping_status":"closed","template":"","meta":{"footnotes":""},"class_list":["post-1506","page","type-page","status-publish","hentry"],"_links":{"self":[{"href":"https:\/\/webs.uab.cat\/uabnomenclatura\/wp-json\/wp\/v2\/pages\/1506","targetHints":{"allow":["GET"]}}],"collection":[{"href":"https:\/\/webs.uab.cat\/uabnomenclatura\/wp-json\/wp\/v2\/pages"}],"about":[{"href":"https:\/\/webs.uab.cat\/uabnomenclatura\/wp-json\/wp\/v2\/types\/page"}],"author":[{"embeddable":true,"href":"https:\/\/webs.uab.cat\/uabnomenclatura\/wp-json\/wp\/v2\/users\/59"}],"replies":[{"embeddable":true,"href":"https:\/\/webs.uab.cat\/uabnomenclatura\/wp-json\/wp\/v2\/comments?post=1506"}],"version-history":[{"count":0,"href":"https:\/\/webs.uab.cat\/uabnomenclatura\/wp-json\/wp\/v2\/pages\/1506\/revisions"}],"up":[{"embeddable":true,"href":"https:\/\/webs.uab.cat\/uabnomenclatura\/wp-json\/wp\/v2\/pages\/385"}],"wp:attachment":[{"href":"https:\/\/webs.uab.cat\/uabnomenclatura\/wp-json\/wp\/v2\/media?parent=1506"}],"curies":[{"name":"wp","href":"https:\/\/api.w.org\/{rel}","templated":true}]}}