{"id":1653,"date":"2015-11-06T14:16:58","date_gmt":"2015-11-06T12:16:58","guid":{"rendered":"http:\/\/blogs.uab.cat\/uabnomenclatura\/?page_id=1653"},"modified":"2015-11-06T14:16:58","modified_gmt":"2015-11-06T12:16:58","slug":"professor-associat","status":"publish","type":"page","link":"https:\/\/webs.uab.cat\/uabnomenclatura\/continguts\/personal-academic\/professorat\/professor-associat\/","title":{"rendered":"professor associat"},"content":{"rendered":"<p><em>ca<\/em> professor\u00a0associat\u00a0<em>m<br \/>\nca<\/em> professora\u00a0associada\u00a0<em>f<\/em><\/p>\n<p><em>en\u00a0<\/em><em>1<\/em>. lecturer<em>\u00a0n<br \/>\n2<\/em>. adjunct lecturer<em>\u00a0n<\/em><br \/>\n<em>en\u00a0<\/em>(<em>us<\/em>)\u00a0<em>1<\/em>. professor<em>\u00a0n<br \/>\n2<\/em>. adjunct professor<em>\u00a0n<\/em><\/p>\n<p><em>es<\/em>\u00a0profesor asociado<em>\u00a0m<br \/>\nes<\/em>\u00a0profesora asociada<em>\u00a0f<\/em><\/p>\n<p><span style=\"color: #ff0000\"><em>Nota 1<\/em><em>: <\/em>nom\u00e9s s\u2019ha d\u2019utilitzar\u00a0<em>adjunct<\/em>\u00a0<em>lecturer<\/em>\/<em>professor<\/em> quan el context ho requereixi espec\u00edficament.<br \/>\n<\/span><\/p>\n<p><span style=\"color: #ff0000\"><em>Nota 2<\/em>: conv\u00e9 remarcar que en angl\u00e8s <a href=\"http:\/\/blogs.uab.cat\/uabnomenclatura\/pagina-exemple\/personal-academic\/professorat\/professor-agregat\/\">Associate Professor<\/a> no \u00e9s en cap cas la traducci\u00f3 de Professor associat.<\/span><\/p>\n<hr \/>\n<p><a href=\"https:\/\/webs.uab.cat\/uabnomenclatura\/wp-content\/uploads\/sites\/83\/2015\/07\/left_arrow_green-e1445597992936.png\"><img loading=\"lazy\" decoding=\"async\" class=\" wp-image-153 alignnone\" src=\"https:\/\/webs.uab.cat\/uabnomenclatura\/wp-content\/uploads\/sites\/83\/2015\/07\/left_arrow_green-e1445597992936.png\" alt=\"left_arrow_green\" width=\"20\" height=\"21\" srcset=\"https:\/\/webs.uab.cat\/uabnomenclatura\/wp-content\/uploads\/sites\/83\/2015\/07\/left_arrow_green-e1445597992936.png 291w, https:\/\/webs.uab.cat\/uabnomenclatura\/wp-content\/uploads\/sites\/83\/2015\/07\/left_arrow_green-e1445597992936-150x150.png 150w\" sizes=\"auto, (max-width: 20px) 100vw, 20px\" \/><\/a>\u00a0<a href=\"http:\/\/blogs.uab.cat\/uabnomenclatura\/pagina-exemple\/personal-academic\/professorat\/\">Professorat<\/a><\/p>\n","protected":false},"excerpt":{"rendered":"<p>ca professor\u00a0associat\u00a0m ca professora\u00a0associada\u00a0f en\u00a01. lecturer\u00a0n 2. adjunct lecturer\u00a0n en\u00a0(us)\u00a01. professor\u00a0n 2. adjunct professor\u00a0n es\u00a0profesor asociado\u00a0m es\u00a0profesora asociada\u00a0f Nota 1: nom\u00e9s s\u2019ha d\u2019utilitzar\u00a0adjunct\u00a0lecturer\/professor quan el context ho requereixi espec\u00edficament. Nota 2: conv\u00e9 remarcar que en angl\u00e8s Associate Professor no \u00e9s en cap cas la traducci\u00f3 de Professor associat. \u00a0Professorat<\/p>\n","protected":false},"author":59,"featured_media":0,"parent":390,"menu_order":11,"comment_status":"closed","ping_status":"closed","template":"","meta":{"footnotes":""},"class_list":["post-1653","page","type-page","status-publish","hentry"],"_links":{"self":[{"href":"https:\/\/webs.uab.cat\/uabnomenclatura\/wp-json\/wp\/v2\/pages\/1653","targetHints":{"allow":["GET"]}}],"collection":[{"href":"https:\/\/webs.uab.cat\/uabnomenclatura\/wp-json\/wp\/v2\/pages"}],"about":[{"href":"https:\/\/webs.uab.cat\/uabnomenclatura\/wp-json\/wp\/v2\/types\/page"}],"author":[{"embeddable":true,"href":"https:\/\/webs.uab.cat\/uabnomenclatura\/wp-json\/wp\/v2\/users\/59"}],"replies":[{"embeddable":true,"href":"https:\/\/webs.uab.cat\/uabnomenclatura\/wp-json\/wp\/v2\/comments?post=1653"}],"version-history":[{"count":0,"href":"https:\/\/webs.uab.cat\/uabnomenclatura\/wp-json\/wp\/v2\/pages\/1653\/revisions"}],"up":[{"embeddable":true,"href":"https:\/\/webs.uab.cat\/uabnomenclatura\/wp-json\/wp\/v2\/pages\/390"}],"wp:attachment":[{"href":"https:\/\/webs.uab.cat\/uabnomenclatura\/wp-json\/wp\/v2\/media?parent=1653"}],"curies":[{"name":"wp","href":"https:\/\/api.w.org\/{rel}","templated":true}]}}