{"id":1663,"date":"2015-11-06T14:22:06","date_gmt":"2015-11-06T12:22:06","guid":{"rendered":"http:\/\/blogs.uab.cat\/uabnomenclatura\/?page_id=1663"},"modified":"2015-11-06T14:22:06","modified_gmt":"2015-11-06T12:22:06","slug":"professor-lector","status":"publish","type":"page","link":"https:\/\/webs.uab.cat\/uabnomenclatura\/continguts\/personal-academic\/professorat\/professor-lector\/","title":{"rendered":"professor lector"},"content":{"rendered":"<p><em>ca<\/em> professor\u00a0lector\u00a0<em>m<br \/>\nca<\/em> professora\u00a0lectora\u00a0<em>f<\/em><\/p>\n<p><em>en\u00a0<\/em><em>1<\/em>. lecturer<em>\u00a0n<br \/>\nen 2<\/em>. (uk)\u00a0assistant lecturer<em>\u00a0n<\/em><br \/>\n(us)\u00a0assistant\u00a0professor<em>\u00a0n<br \/>\n<\/em><\/p>\n<p><i>es <\/i>profesor lector\u00a0<em>m<br \/>\nes<\/em> profesora lectora\u00a0<em>f<\/em><br \/>\n<em>es<\/em>\u00a0profesor ayudante doctor<em>\u00a0m<br \/>\nes<\/em>\u00a0profesora ayudante doctora<em>\u00a0f<\/em><\/p>\n<p><em><span style=\"color: #ff0000\">Nota 1: professor lector fa refer\u00e8ncia a la figura contractual docent, temporal i a temps complet, que correspon al primer estadi de la carrera acad\u00e8mica, i que t\u00e9 una durada m\u00e0xima de 4 anys.<\/span><\/em><\/p>\n<p><span style=\"color: #ff0000\"><em><i data-stringify-type=\"italic\">Nota 2: la figura de professor lector pertany al sistema universitari catal\u00e0. Per tant, la traducci\u00f3 en castell\u00e0 d\u2019aquesta figura \u00e9s profesor lector. No obstant, lector correspon a ayudante doctor en el sistema universitari espanyol i, tot i que no \u00e9s una traducci\u00f3 directa del terme lector, es pot fer servir la denominaci\u00f3 ayudante doctor si cal indicar equival\u00e8ncies.<\/i>\u00a0\u00a0<\/em><\/span><\/p>\n<hr \/>\n<p><a href=\"https:\/\/webs.uab.cat\/uabnomenclatura\/wp-content\/uploads\/sites\/83\/2015\/07\/left_arrow_green-e1445597992936.png\"><img loading=\"lazy\" decoding=\"async\" class=\" wp-image-153 alignnone\" src=\"https:\/\/webs.uab.cat\/uabnomenclatura\/wp-content\/uploads\/sites\/83\/2015\/07\/left_arrow_green-e1445597992936.png\" alt=\"left_arrow_green\" width=\"20\" height=\"21\" srcset=\"https:\/\/webs.uab.cat\/uabnomenclatura\/wp-content\/uploads\/sites\/83\/2015\/07\/left_arrow_green-e1445597992936.png 291w, https:\/\/webs.uab.cat\/uabnomenclatura\/wp-content\/uploads\/sites\/83\/2015\/07\/left_arrow_green-e1445597992936-150x150.png 150w\" sizes=\"auto, (max-width: 20px) 100vw, 20px\" \/><\/a>\u00a0<a href=\"http:\/\/blogs.uab.cat\/uabnomenclatura\/pagina-exemple\/personal-academic\/professorat\/\">Professorat<\/a><\/p>\n","protected":false},"excerpt":{"rendered":"<p>ca professor\u00a0lector\u00a0m ca professora\u00a0lectora\u00a0f en\u00a01. lecturer\u00a0n en 2. (uk)\u00a0assistant lecturer\u00a0n (us)\u00a0assistant\u00a0professor\u00a0n es profesor lector\u00a0m es profesora lectora\u00a0f es\u00a0profesor ayudante doctor\u00a0m es\u00a0profesora ayudante doctora\u00a0f Nota 1: professor lector fa refer\u00e8ncia a la figura contractual docent, temporal i a temps complet, que correspon al primer estadi de la carrera acad\u00e8mica, i que t\u00e9 una durada m\u00e0xima de [&hellip;]<\/p>\n","protected":false},"author":59,"featured_media":0,"parent":390,"menu_order":16,"comment_status":"closed","ping_status":"closed","template":"","meta":{"footnotes":""},"class_list":["post-1663","page","type-page","status-publish","hentry"],"_links":{"self":[{"href":"https:\/\/webs.uab.cat\/uabnomenclatura\/wp-json\/wp\/v2\/pages\/1663","targetHints":{"allow":["GET"]}}],"collection":[{"href":"https:\/\/webs.uab.cat\/uabnomenclatura\/wp-json\/wp\/v2\/pages"}],"about":[{"href":"https:\/\/webs.uab.cat\/uabnomenclatura\/wp-json\/wp\/v2\/types\/page"}],"author":[{"embeddable":true,"href":"https:\/\/webs.uab.cat\/uabnomenclatura\/wp-json\/wp\/v2\/users\/59"}],"replies":[{"embeddable":true,"href":"https:\/\/webs.uab.cat\/uabnomenclatura\/wp-json\/wp\/v2\/comments?post=1663"}],"version-history":[{"count":0,"href":"https:\/\/webs.uab.cat\/uabnomenclatura\/wp-json\/wp\/v2\/pages\/1663\/revisions"}],"up":[{"embeddable":true,"href":"https:\/\/webs.uab.cat\/uabnomenclatura\/wp-json\/wp\/v2\/pages\/390"}],"wp:attachment":[{"href":"https:\/\/webs.uab.cat\/uabnomenclatura\/wp-json\/wp\/v2\/media?parent=1663"}],"curies":[{"name":"wp","href":"https:\/\/api.w.org\/{rel}","templated":true}]}}