{"id":2811,"date":"2015-06-15T13:46:35","date_gmt":"2015-06-15T11:46:35","guid":{"rendered":"http:\/\/blogs.uab.cat\/uabnomenclatura\/?page_id=2"},"modified":"2024-10-24T11:35:47","modified_gmt":"2024-10-24T09:35:47","slug":"continguts","status":"publish","type":"page","link":"https:\/\/webs.uab.cat\/uabnomenclatura\/continguts\/","title":{"rendered":"Continguts"},"content":{"rendered":"<ol>\n<li><a href=\"http:\/\/webs.uab.cat\/uabnomenclatura\/pagina-exemple\/organs-de-govern\/\">\u00d2rgans de govern<\/a>\n<ol>\n<li><a href=\"https:\/\/webs.uab.cat\/uabnomenclatura\/pagina-exemple\/organs-de-govern\/equip-de-govern\/\">Equip de govern<\/a><\/li>\n<li><a href=\"http:\/\/webs.uab.cat\/uabnomenclatura\/pagina-exemple\/organs-de-govern-unipersonals\/\">\u00d2rgans de govern unipersonals<\/a><\/li>\n<li><a href=\"http:\/\/webs.uab.cat\/uabnomenclatura\/pagina-exemple\/organs-de-govern\/organs-de-govern-col%c2%b7legiats\/\">\u00d2rgans de govern col\u00b7legiats<\/a><\/li>\n<\/ol>\n<\/li>\n<li><a href=\"http:\/\/webs.uab.cat\/uabnomenclatura\/pagina-exemple\/centres-docents-i-de-recerca\/\">Centres docents i de recerca<\/a>\n<ol>\n<li><a href=\"http:\/\/webs.uab.cat\/uabnomenclatura\/pagina-exemple\/centres-docents-i-de-recerca\/facultats-i-escoles\/\">Facultats i escoles<\/a><\/li>\n<li><a href=\"http:\/\/webs.uab.cat\/uabnomenclatura\/pagina-exemple\/centres-docents-i-de-recerca\/escoles-universitaries-adscrites\/\">Escoles universit\u00e0ries adscrites<\/a><\/li>\n<li><a href=\"http:\/\/webs.uab.cat\/uabnomenclatura\/pagina-exemple\/centres-docents-i-de-recerca\/escoles-vinculades\/\">Escoles vinculades<\/a><\/li>\n<\/ol>\n<\/li>\n<li><a href=\"https:\/\/webs.uab.cat\/uabnomenclatura\/pagina-exemple\/departments\/\">Departaments<\/a><\/li>\n<li><a href=\"http:\/\/webs.uab.cat\/uabnomenclatura\/pagina-exemple\/arees-de-coneixement\/\">\u00c0rees de coneixement<\/a><\/li>\n<li><a href=\"http:\/\/webs.uab.cat\/uabnomenclatura\/pagina-exemple\/personal-academic\/\">Personal acad\u00e8mic<\/a>\n<ol>\n<li><a href=\"http:\/\/webs.uab.cat\/uabnomenclatura\/pagina-exemple\/personal-academic\/professorat\/\">Professorat<\/a><\/li>\n<li><a href=\"http:\/\/webs.uab.cat\/uabnomenclatura\/pagina-exemple\/personal-academic\/personal-investigador\/\">Personal investigador<\/a><\/li>\n<\/ol>\n<\/li>\n<li><a href=\"http:\/\/webs.uab.cat\/uabnomenclatura\/pagina-exemple\/personal-dadministracio-i-serveis\/\">Personal d\u2019administraci\u00f3 i serveis<\/a><\/li>\n<li><a href=\"http:\/\/webs.uab.cat\/uabnomenclatura\/pagina-exemple\/recerca\/\">Recerca<\/a><\/li>\n<li><a href=\"http:\/\/webs.uab.cat\/uabnomenclatura\/gestio-universitaria\/\">Gesti\u00f3 universit\u00e0ria<\/a><\/li>\n<li><a href=\"http:\/\/webs.uab.cat\/uabnomenclatura\/pagina-exemple\/ambit-academic\/\">\u00c0mbit acad\u00e8mic<\/a><\/li>\n<li><a href=\"http:\/\/webs.uab.cat\/uabnomenclatura\/pagina-exemple\/titulacio\/\">Titulaci\u00f3<\/a><\/li>\n<li><a href=\"http:\/\/webs.uab.cat\/uabnomenclatura\/pagina-exemple\/tramits-administratius-i-documentacio-2\/\">Tr\u00e0mits administratius i documentaci\u00f3<\/a><\/li>\n<li><a href=\"http:\/\/webs.uab.cat\/uabnomenclatura\/pagina-exemple\/expedient-academic\/\">Expedient acad\u00e8mic<\/a><\/li>\n<li><a href=\"http:\/\/webs.uab.cat\/uabnomenclatura\/pagina-exemple\/avaluacio\/\">Avaluaci\u00f3<\/a><\/li>\n<li><a href=\"http:\/\/webs.uab.cat\/uabnomenclatura\/pagina-exemple\/mobilitat\/\">Mobilitat<\/a><\/li>\n<li><a href=\"http:\/\/webs.uab.cat\/uabnomenclatura\/pagina-exemple\/serveis\/\">Serveis<\/a><\/li>\n<li><a href=\"http:\/\/webs.uab.cat\/uabnomenclatura\/pagina-exemple\/xarxa-vives-duniversitats\/\">Xarxa Vives d&#8217;Universitats<\/a><\/li>\n<\/ol>\n","protected":false},"excerpt":{"rendered":"<p>\u00d2rgans de govern Equip de govern \u00d2rgans de govern unipersonals \u00d2rgans de govern col\u00b7legiats Centres docents i de recerca Facultats i escoles Escoles universit\u00e0ries adscrites Escoles vinculades Departaments \u00c0rees de coneixement Personal acad\u00e8mic Professorat Personal investigador Personal d\u2019administraci\u00f3 i serveis Recerca Gesti\u00f3 universit\u00e0ria \u00c0mbit acad\u00e8mic Titulaci\u00f3 Tr\u00e0mits administratius i documentaci\u00f3 Expedient acad\u00e8mic Avaluaci\u00f3 Mobilitat Serveis [&hellip;]<\/p>\n","protected":false},"author":59,"featured_media":0,"parent":0,"menu_order":1,"comment_status":"closed","ping_status":"closed","template":"","meta":{"footnotes":""},"class_list":["post-2811","page","type-page","status-publish","hentry"],"_links":{"self":[{"href":"https:\/\/webs.uab.cat\/uabnomenclatura\/wp-json\/wp\/v2\/pages\/2811","targetHints":{"allow":["GET"]}}],"collection":[{"href":"https:\/\/webs.uab.cat\/uabnomenclatura\/wp-json\/wp\/v2\/pages"}],"about":[{"href":"https:\/\/webs.uab.cat\/uabnomenclatura\/wp-json\/wp\/v2\/types\/page"}],"author":[{"embeddable":true,"href":"https:\/\/webs.uab.cat\/uabnomenclatura\/wp-json\/wp\/v2\/users\/59"}],"replies":[{"embeddable":true,"href":"https:\/\/webs.uab.cat\/uabnomenclatura\/wp-json\/wp\/v2\/comments?post=2811"}],"version-history":[{"count":2,"href":"https:\/\/webs.uab.cat\/uabnomenclatura\/wp-json\/wp\/v2\/pages\/2811\/revisions"}],"predecessor-version":[{"id":3654,"href":"https:\/\/webs.uab.cat\/uabnomenclatura\/wp-json\/wp\/v2\/pages\/2811\/revisions\/3654"}],"wp:attachment":[{"href":"https:\/\/webs.uab.cat\/uabnomenclatura\/wp-json\/wp\/v2\/media?parent=2811"}],"curies":[{"name":"wp","href":"https:\/\/api.w.org\/{rel}","templated":true}]}}