{"id":398,"date":"2015-10-13T13:54:15","date_gmt":"2015-10-13T11:54:15","guid":{"rendered":"http:\/\/blogs.uab.cat\/uabnomenclatura\/?page_id=398"},"modified":"2024-02-12T14:56:30","modified_gmt":"2024-02-12T12:56:30","slug":"recerca","status":"publish","type":"page","link":"https:\/\/webs.uab.cat\/uabnomenclatura\/continguts\/recerca\/","title":{"rendered":"Recerca"},"content":{"rendered":"<ul>\n<li><span style=\"color: #0000ff\"><strong><a style=\"color: #0000ff\" href=\"http:\/\/webs.uab.cat\/uabnomenclatura\/pagina-exemple\/recerca\/recerca\/\">recerca<\/a><\/strong>\u00a0<em>m<\/em><\/span><br \/>\n<span style=\"color: #0000ff\"> <strong><a style=\"color: #0000ff\" href=\"http:\/\/webs.uab.cat\/uabnomenclatura\/pagina-exemple\/recerca\/recerca\/\">investigaci\u00f3<\/a><\/strong>\u00a0<em>f<\/em><\/span><\/li>\n<\/ul>\n<p><span style=\"color: #0000ff\"><em>en<\/em>\u00a0research\u00a0<em>n<\/em><\/span><br \/>\n<span style=\"color: #0000ff\"> <em>es<\/em>\u00a0investigaci\u00f3n\u00a0<em>f<\/em><\/span><\/p>\n<hr \/>\n<ul>\n<li><strong><a href=\"https:\/\/webs.uab.cat\/uabnomenclatura\/curriculum-vitae-abreujat\/\">curr\u00edculum vitae abreujat<\/a><\/strong>\u00a0<em>m<\/em><\/li>\n<\/ul>\n<p><em>en<\/em>\u00a0abbreviated curriculum vitae<em>\u00a0n<\/em><br \/>\n<em>es\u00a0<\/em>curriculum vitae abreviado <em>m<\/em><\/p>\n<p><em>sigla<\/em> CVA<\/p>\n<hr \/>\n<ul>\n<li><strong><a href=\"http:\/\/webs.uab.cat\/uabnomenclatura\/pagina-exemple\/recerca\/curriculum-vitae-normalitzat\/\">curriculum vitae normalitzat<\/a><\/strong> <em>m<\/em><\/li>\n<\/ul>\n<p><em>en<\/em>\u00a0standardised curriculum vitae<em>\u00a0n<\/em><br \/>\n<em>es\u00a0<\/em>curr\u00edculum v\u00edtae normalizado\u00a0<em>m<\/em><\/p>\n<p><em>sigla<\/em> CVN<\/p>\n<hr \/>\n<ul>\n<li><strong><a href=\"http:\/\/webs.uab.cat\/uabnomenclatura\/pagina-exemple\/recerca\/director-de-recerca\/\">director de recerca<\/a> <\/strong><em>m<\/em><br \/>\n<strong><a href=\"http:\/\/webs.uab.cat\/uabnomenclatura\/pagina-exemple\/recerca\/director-de-recerca\/\">directora de recerca<\/a><\/strong> <em><em>f<\/em><\/em><\/li>\n<\/ul>\n<p><em>en<\/em> research director<em>\u00a0n<\/em><br \/>\n<em>es <\/em>director de investigaci\u00f3n<\/p>\n<hr \/>\n<ul>\n<li><a href=\"http:\/\/webs.uab.cat\/uabnomenclatura\/pagina-exemple\/recerca\/entorn-per-a-la-gestio-de-la-recerca-i-la-transferencia\/\"><strong>entorn per a la gesti\u00f3 de la recerca i la transfer\u00e8ncia<\/strong><\/a> <em>m<\/em><\/li>\n<\/ul>\n<p><em>en<\/em> University Research Output and Transfer System<em> n<\/em><\/p>\n<p><em>es\u00a0<\/em>entorno para la gesti\u00f3n de la investigaci\u00f3n y la transferencia\u00a0<em>m<\/em><\/p>\n<p><em>sigla<\/em> EGRETA<\/p>\n<hr \/>\n<ul>\n<li><strong><a href=\"http:\/\/webs.uab.cat\/uabnomenclatura\/pagina-exemple\/recerca\/grup-de-recerca\/\">grup de recerca<\/a>\u00a0<\/strong><em>m<\/em><\/li>\n<\/ul>\n<p><em>en <\/em>research group<em>\u00a0n<\/em><br \/>\n<em>es <\/em>grupo de investigaci\u00f3n<em>\u00a0m<\/em><\/p>\n<hr \/>\n<ul>\n<li><strong><a href=\"http:\/\/webs.uab.cat\/uabnomenclatura\/pagina-exemple\/recerca\/grup-de-recerca-consolida\/\">grup de recerca consolidat<\/a>\u00a0<\/strong><em>m<\/em><\/li>\n<\/ul>\n<p><em>en <\/em>consolidated research group<em>\u00a0n<\/em><br \/>\n<em>es <\/em>grupo de investigaci\u00f3n consolidado<em>\u00a0m<\/em><\/p>\n<hr \/>\n<ul>\n<li><strong><a href=\"http:\/\/webs.uab.cat\/uabnomenclatura\/pagina-exemple\/recerca\/grup-de-recerca-de-la-uab\/\">grup de recerca de la UAB<\/a>\u00a0<\/strong><em>m<\/em><\/li>\n<\/ul>\n<p><em>en <\/em>UAB research group<em>\u00a0n<\/em><br \/>\n<em>es <\/em>grupo de investigaci\u00f3n de la UAB<em>\u00a0m<\/em><\/p>\n<hr \/>\n<ul>\n<li><strong><a href=\"http:\/\/webs.uab.cat\/uabnomenclatura\/pagina-exemple\/recerca\/grup-de-recerca-de-qualitat\/\">grup de recerca de qualitat<\/a>\u00a0<\/strong><em>m<\/em><\/li>\n<\/ul>\n<p><em>en <\/em>quality research group<em> n<\/em><br \/>\n<em>es <\/em>grupo de investigaci\u00f3n de calidad<em>\u00a0m<\/em><\/p>\n<hr \/>\n<ul>\n<li><strong><a href=\"http:\/\/webs.uab.cat\/uabnomenclatura\/pagina-exemple\/recerca\/investigador\/\">investigador\u00a0<\/a><\/strong><em>m<br \/>\n<\/em><strong><a href=\"http:\/\/webs.uab.cat\/uabnomenclatura\/pagina-exemple\/recerca\/investigador\/\">investigadora<\/a>\u00a0<\/strong><em>f<\/em><\/li>\n<\/ul>\n<p><em>en<\/em> researcher<em>\u00a0n<\/em><br \/>\n<em>es <\/em>investigador<em>\u00a0m<br \/>\nes<\/em> investigadora<em>\u00a0f<\/em><\/p>\n<hr \/>\n<ul>\n<li><strong><a href=\"http:\/\/webs.uab.cat\/uabnomenclatura\/pagina-exemple\/recerca\/investigador-principal\/\">investigador principal<\/a><\/strong>\u00a0<em>m<br \/>\n<\/em><strong><a href=\"http:\/\/webs.uab.cat\/uabnomenclatura\/pagina-exemple\/recerca\/investigador-principal\/\">investigadora principal<\/a>\u00a0<\/strong><em><em>f<\/em><\/em><\/li>\n<\/ul>\n<p><em>en<\/em> principal investigator<em>\u00a0n<br \/>\nen<\/em> PI <em>sigla<\/em><em>\u00a0n<\/em><br \/>\n<em>es <\/em>investigador principal<em>\u00a0m<br \/>\nes<\/em> investigadora principal<em>\u00a0f<\/em><\/p>\n<hr \/>\n<ul>\n<li><a href=\"https:\/\/webs.uab.cat\/uabnomenclatura\/pagina-exemple\/recerca\/produccio-cientifica\/\"><strong>producci\u00f3 cient\u00edfica<\/strong><\/a> <em>f<\/em><\/li>\n<\/ul>\n<p><em>en\u00a0<\/em>research output<em>\u00a0n<\/em><br \/>\n<em>es <\/em>producci\u00f3n cient\u00edfica<em>\u00a0m<\/em><\/p>\n<hr \/>\n<ul>\n<li><a href=\"http:\/\/webs.uab.cat\/uabnomenclatura\/recerca\/signatura-cientifica\/\"><strong>signatura cient\u00edfica<\/strong><\/a>\u00a0<em>f<\/em><\/li>\n<\/ul>\n<p><em>en<\/em>\u00a0standardised author signature\u00a0<em>n<\/em><br \/>\n<em>es<\/em>\u00a0firma cient\u00edfica\u00a0<em>m<\/em><\/p>\n<hr \/>\n<p><a href=\"https:\/\/webs.uab.cat\/uabnomenclatura\/wp-content\/uploads\/sites\/83\/2015\/07\/left_arrow_green-e1445597992936.png\"><img loading=\"lazy\" decoding=\"async\" class=\" wp-image-153 alignnone\" src=\"https:\/\/webs.uab.cat\/uabnomenclatura\/wp-content\/uploads\/sites\/83\/2015\/07\/left_arrow_green-e1445597992936.png\" alt=\"left_arrow_green\" width=\"20\" height=\"21\" srcset=\"https:\/\/webs.uab.cat\/uabnomenclatura\/wp-content\/uploads\/sites\/83\/2015\/07\/left_arrow_green-e1445597992936.png 291w, https:\/\/webs.uab.cat\/uabnomenclatura\/wp-content\/uploads\/sites\/83\/2015\/07\/left_arrow_green-e1445597992936-150x150.png 150w\" sizes=\"auto, (max-width: 20px) 100vw, 20px\" \/><\/a>\u00a0<a href=\"http:\/\/webs.uab.cat\/uabnomenclatura\/continguts\">Continguts<\/a><\/p>\n","protected":false},"excerpt":{"rendered":"<p>recerca\u00a0m investigaci\u00f3\u00a0f en\u00a0research\u00a0n es\u00a0investigaci\u00f3n\u00a0f curr\u00edculum vitae abreujat\u00a0m en\u00a0abbreviated curriculum vitae\u00a0n es\u00a0curriculum vitae abreviado m sigla CVA curriculum vitae normalitzat m en\u00a0standardised curriculum vitae\u00a0n es\u00a0curr\u00edculum v\u00edtae normalizado\u00a0m sigla CVN director de recerca m directora de recerca f en research director\u00a0n es director de investigaci\u00f3n entorn per a la gesti\u00f3 de la recerca i la transfer\u00e8ncia m [&hellip;]<\/p>\n","protected":false},"author":59,"featured_media":0,"parent":2811,"menu_order":5,"comment_status":"closed","ping_status":"closed","template":"","meta":{"footnotes":""},"class_list":["post-398","page","type-page","status-publish","hentry"],"_links":{"self":[{"href":"https:\/\/webs.uab.cat\/uabnomenclatura\/wp-json\/wp\/v2\/pages\/398","targetHints":{"allow":["GET"]}}],"collection":[{"href":"https:\/\/webs.uab.cat\/uabnomenclatura\/wp-json\/wp\/v2\/pages"}],"about":[{"href":"https:\/\/webs.uab.cat\/uabnomenclatura\/wp-json\/wp\/v2\/types\/page"}],"author":[{"embeddable":true,"href":"https:\/\/webs.uab.cat\/uabnomenclatura\/wp-json\/wp\/v2\/users\/59"}],"replies":[{"embeddable":true,"href":"https:\/\/webs.uab.cat\/uabnomenclatura\/wp-json\/wp\/v2\/comments?post=398"}],"version-history":[{"count":8,"href":"https:\/\/webs.uab.cat\/uabnomenclatura\/wp-json\/wp\/v2\/pages\/398\/revisions"}],"predecessor-version":[{"id":3614,"href":"https:\/\/webs.uab.cat\/uabnomenclatura\/wp-json\/wp\/v2\/pages\/398\/revisions\/3614"}],"up":[{"embeddable":true,"href":"https:\/\/webs.uab.cat\/uabnomenclatura\/wp-json\/wp\/v2\/pages\/2811"}],"wp:attachment":[{"href":"https:\/\/webs.uab.cat\/uabnomenclatura\/wp-json\/wp\/v2\/media?parent=398"}],"curies":[{"name":"wp","href":"https:\/\/api.w.org\/{rel}","templated":true}]}}