{"id":106,"date":"2021-03-10T22:54:21","date_gmt":"2021-03-10T20:54:21","guid":{"rendered":"https:\/\/blogs.uab.cat\/uaic\/?page_id=106"},"modified":"2021-03-10T22:54:21","modified_gmt":"2021-03-10T20:54:21","slug":"paola-espinoza-guzman","status":"publish","type":"page","link":"https:\/\/webs.uab.cat\/uaic\/paola-espinoza-guzman\/","title":{"rendered":"Dra. Paola Espinoza Guzm\u00e1n"},"content":{"rendered":"<p><img loading=\"lazy\" decoding=\"async\" class=\"size-medium wp-image-312 alignleft\" src=\"https:\/\/blogs.uab.cat\/uaic\/files\/2021\/05\/Paola-300x276.png\" alt=\"\" width=\"300\" height=\"276\" \/><\/p>\n<p>Doctora en Psicolog\u00eda, con acreditaci\u00f3n en Psicolog\u00eda Sanitaria.<span style=\"font-weight: 400\"> Coordina el equipo de investigaci\u00f3n de la Unidad de Evaluaci\u00f3n e Intervenci\u00f3n en la Imagen corporal. <\/span><\/p>\n<p><span style=\"font-weight: 400\">Trabaja en la coordinaci\u00f3n de diferentes l\u00edneas de investigaci\u00f3n en colaboraci\u00f3n con universidades europeas e iberoamericanas. Sus actividades principales se centran en el dise\u00f1o, ejecuci\u00f3n y evaluaci\u00f3n de talleres de prevenci\u00f3n y promoci\u00f3n de la salud en adolescentes, en la promoci\u00f3n de una imagen corporal positiva y de estilos de vida saludables en j\u00f3venes adultos y en el tratamiento de problemas relacionados con la alimentaci\u00f3n.\u00a0<\/span><\/p>\n<p><span style=\"font-weight: 400\">Trabaja en el Servicio de Psicolog\u00eda y Logopedia (SPL) de la UAB y realiza asesoramiento y tratamiento psicol\u00f3gico en el Servicio de Psiquiatr\u00eda y Psicolog\u00eda de Barcelona.\u00a0\u00a0<\/span><\/p>\n<p><a href=\"http:\/\/www.paolaespinozaguzman.com\/\">Web<\/a><br \/>\n<a href=\"https:\/\/orcid.org\/0000-0001-9537-538X\">ORCID iD<\/a><br \/>\n<a href=\"https:\/\/www.facebook.com\/PsicoterapeutaImagenCorporal\/\">Facebook<\/a><br \/>\n<a href=\"https:\/\/www.instagram.com\/paolaespinozaguzman\/\">Instagram<\/a><\/p>\n","protected":false},"excerpt":{"rendered":"<p>Doctora en Psicolog\u00eda, con acreditaci\u00f3n en Psicolog\u00eda Sanitaria. Coordina el equipo de investigaci\u00f3n de la Unidad de Evaluaci\u00f3n e Intervenci\u00f3n en la Imagen corporal. Trabaja en la coordinaci\u00f3n de diferentes l\u00edneas de investigaci\u00f3n en colaboraci\u00f3n con universidades europeas e iberoamericanas. Sus actividades principales se centran en el dise\u00f1o, ejecuci\u00f3n y evaluaci\u00f3n de talleres de prevenci\u00f3n [&hellip;]<\/p>\n","protected":false},"author":2547,"featured_media":252,"parent":0,"menu_order":0,"comment_status":"closed","ping_status":"closed","template":"full-width-page-template.php","meta":{"footnotes":""},"class_list":["post-106","page","type-page","status-publish","has-post-thumbnail","hentry"],"_links":{"self":[{"href":"https:\/\/webs.uab.cat\/uaic\/wp-json\/wp\/v2\/pages\/106","targetHints":{"allow":["GET"]}}],"collection":[{"href":"https:\/\/webs.uab.cat\/uaic\/wp-json\/wp\/v2\/pages"}],"about":[{"href":"https:\/\/webs.uab.cat\/uaic\/wp-json\/wp\/v2\/types\/page"}],"author":[{"embeddable":true,"href":"https:\/\/webs.uab.cat\/uaic\/wp-json\/wp\/v2\/users\/2547"}],"replies":[{"embeddable":true,"href":"https:\/\/webs.uab.cat\/uaic\/wp-json\/wp\/v2\/comments?post=106"}],"version-history":[{"count":0,"href":"https:\/\/webs.uab.cat\/uaic\/wp-json\/wp\/v2\/pages\/106\/revisions"}],"wp:featuredmedia":[{"embeddable":true,"href":"https:\/\/webs.uab.cat\/uaic\/wp-json\/"}],"wp:attachment":[{"href":"https:\/\/webs.uab.cat\/uaic\/wp-json\/wp\/v2\/media?parent=106"}],"curies":[{"name":"wp","href":"https:\/\/api.w.org\/{rel}","templated":true}]}}