{"id":12,"date":"2021-02-22T17:24:54","date_gmt":"2021-02-22T15:24:54","guid":{"rendered":"https:\/\/blogs.uab.cat\/uaic\/?page_id=12"},"modified":"2023-01-29T22:59:46","modified_gmt":"2023-01-29T20:59:46","slug":"contacto","status":"publish","type":"page","link":"https:\/\/webs.uab.cat\/uaic\/contacto\/","title":{"rendered":"Contacte"},"content":{"rendered":"<h3>Si desitja rebre m\u00e9s informaci\u00f3 no dubti a escriure&#8217;ns.<\/h3>\n<p>Estem en el despatx B5B-033 de la Facultat de Psicologia de la Universitat Aut\u00f2noma de Barcelona.<\/p>\n<p>Li atendrem en el tel\u00e8fon: 935 812 723\/ 648 252 810<\/p>\n<p>o a trav\u00e9s del correu: <span style=\"color: #0000ff\">uaic@uab.cat<\/span><\/p>\n<p>Pots seguir-nos en les nostres xarxes socials per a estar al corrent de tot el que fem.<\/p>\n<p><span style=\"font-weight: 400\">Instagram: <span style=\"color: #0000ff\"><a style=\"color: #0000ff\" href=\"https:\/\/www.instagram.com\/somosbodylovers\/?hl=es\">@somosbodylovers<\/a><\/span><\/span><\/p>\n<p><a href=\"http:\/\/www.linkedin.com\/company\/uaic-uab\"><span style=\"font-weight: 400\">LinkedIn<\/span><\/a><\/p>\n","protected":false},"excerpt":{"rendered":"<p>Si desitja rebre m\u00e9s informaci\u00f3 no dubti a escriure&#8217;ns. Estem en el despatx B5B-033 de la Facultat de Psicologia de la Universitat Aut\u00f2noma de Barcelona. Li atendrem en el tel\u00e8fon: 935 812 723\/ 648 252 810 o a trav\u00e9s del correu: uaic@uab.cat Pots seguir-nos en les nostres xarxes socials per a estar al corrent de [&hellip;]<\/p>\n","protected":false},"author":2547,"featured_media":252,"parent":0,"menu_order":0,"comment_status":"closed","ping_status":"closed","template":"full-width-page-template.php","meta":{"footnotes":""},"class_list":["post-12","page","type-page","status-publish","has-post-thumbnail","hentry"],"_links":{"self":[{"href":"https:\/\/webs.uab.cat\/uaic\/wp-json\/wp\/v2\/pages\/12","targetHints":{"allow":["GET"]}}],"collection":[{"href":"https:\/\/webs.uab.cat\/uaic\/wp-json\/wp\/v2\/pages"}],"about":[{"href":"https:\/\/webs.uab.cat\/uaic\/wp-json\/wp\/v2\/types\/page"}],"author":[{"embeddable":true,"href":"https:\/\/webs.uab.cat\/uaic\/wp-json\/wp\/v2\/users\/2547"}],"replies":[{"embeddable":true,"href":"https:\/\/webs.uab.cat\/uaic\/wp-json\/wp\/v2\/comments?post=12"}],"version-history":[{"count":2,"href":"https:\/\/webs.uab.cat\/uaic\/wp-json\/wp\/v2\/pages\/12\/revisions"}],"predecessor-version":[{"id":426,"href":"https:\/\/webs.uab.cat\/uaic\/wp-json\/wp\/v2\/pages\/12\/revisions\/426"}],"wp:featuredmedia":[{"embeddable":true,"href":"https:\/\/webs.uab.cat\/uaic\/wp-json\/"}],"wp:attachment":[{"href":"https:\/\/webs.uab.cat\/uaic\/wp-json\/wp\/v2\/media?parent=12"}],"curies":[{"name":"wp","href":"https:\/\/api.w.org\/{rel}","templated":true}]}}