{"id":13,"date":"2021-02-22T17:24:54","date_gmt":"2021-02-22T15:24:54","guid":{"rendered":"https:\/\/blogs.uab.cat\/uaic\/?page_id=13"},"modified":"2023-01-29T22:30:12","modified_gmt":"2023-01-29T20:30:12","slug":"foro","status":"publish","type":"page","link":"https:\/\/webs.uab.cat\/uaic\/foro\/","title":{"rendered":"II Foro Internacional de Salud Alimentaria"},"content":{"rendered":"\n<p><\/p>\n\n\n<p><strong>En Sinton\u00eda con el Cuerpo<\/strong><\/p>\n<p><strong>II Foro Internacional de Salud Alimentaria<\/strong><\/p>\n<p>Un esdeveniment en l\u00ednia en el qual experts en salut mental, nutrici\u00f3 i activitat f\u00edsica procedents de diversos pa\u00efsos, van abordar aven\u00e7os en el disseny d&#8217;estrat\u00e8gies per a la millora de la imatge corporal i la promoci\u00f3 d&#8217;estils de vida saludables.<\/p>\n<p>L\u2019esdeveniment va estar organitzat per la UAIC el 2 de juny del 2021 en col\u00b7laboraci\u00f3 amb la Universitat Olmeca i La Xarxa Iberoamericana de M\u00e0rqueting en Salut.<\/p>\n<p>Al seg\u00fcent Link porta a les comunicacions que es van presentar:<\/p>\n<p><a href=\"https:\/\/www.youtube.com\/channel\/UCzR1oqkicawS_Vu2pl-d7yw\">https:\/\/www.youtube.com\/channel\/UCzR1oqkicawS_Vu2pl-d7yw<\/a><\/p>\n<p style=\"text-align: center;padding-left: 120px\"><img loading=\"lazy\" decoding=\"async\" class=\"wp-image-406 aligncenter\" src=\"https:\/\/webs.uab.cat\/uaic\/wp-content\/uploads\/sites\/321\/2023\/01\/II-Foro-206x300.jpg\" alt=\"\" width=\"287\" height=\"418\" srcset=\"https:\/\/webs.uab.cat\/uaic\/wp-content\/uploads\/sites\/321\/2023\/01\/II-Foro-206x300.jpg 206w, https:\/\/webs.uab.cat\/uaic\/wp-content\/uploads\/sites\/321\/2023\/01\/II-Foro.jpg 298w\" sizes=\"auto, (max-width: 287px) 100vw, 287px\" \/><\/p>","protected":false},"excerpt":{"rendered":"<p>En Sinton\u00eda con el Cuerpo II Foro Internacional de Salud Alimentaria Un esdeveniment en l\u00ednia en el qual experts en salut mental, nutrici\u00f3 i activitat f\u00edsica procedents de diversos pa\u00efsos, van abordar aven\u00e7os en el disseny d&#8217;estrat\u00e8gies per a la millora de la imatge corporal i la promoci\u00f3 d&#8217;estils de vida saludables. L\u2019esdeveniment va estar [&hellip;]<\/p>\n","protected":false},"author":2547,"featured_media":252,"parent":0,"menu_order":0,"comment_status":"closed","ping_status":"closed","template":"full-width-page-template.php","meta":{"footnotes":""},"class_list":["post-13","page","type-page","status-publish","has-post-thumbnail","hentry"],"_links":{"self":[{"href":"https:\/\/webs.uab.cat\/uaic\/wp-json\/wp\/v2\/pages\/13","targetHints":{"allow":["GET"]}}],"collection":[{"href":"https:\/\/webs.uab.cat\/uaic\/wp-json\/wp\/v2\/pages"}],"about":[{"href":"https:\/\/webs.uab.cat\/uaic\/wp-json\/wp\/v2\/types\/page"}],"author":[{"embeddable":true,"href":"https:\/\/webs.uab.cat\/uaic\/wp-json\/wp\/v2\/users\/2547"}],"replies":[{"embeddable":true,"href":"https:\/\/webs.uab.cat\/uaic\/wp-json\/wp\/v2\/comments?post=13"}],"version-history":[{"count":9,"href":"https:\/\/webs.uab.cat\/uaic\/wp-json\/wp\/v2\/pages\/13\/revisions"}],"predecessor-version":[{"id":416,"href":"https:\/\/webs.uab.cat\/uaic\/wp-json\/wp\/v2\/pages\/13\/revisions\/416"}],"wp:featuredmedia":[{"embeddable":true,"href":"https:\/\/webs.uab.cat\/uaic\/wp-json\/"}],"wp:attachment":[{"href":"https:\/\/webs.uab.cat\/uaic\/wp-json\/wp\/v2\/media?parent=13"}],"curies":[{"name":"wp","href":"https:\/\/api.w.org\/{rel}","templated":true}]}}