{"id":44,"date":"2017-05-04T17:54:53","date_gmt":"2017-05-04T17:54:53","guid":{"rendered":"https:\/\/webs.uab.cat\/umaq\/programme\/"},"modified":"2017-05-04T17:54:53","modified_gmt":"2017-05-04T17:54:53","slug":"programme","status":"publish","type":"page","link":"https:\/\/webs.uab.cat\/umaq\/programme\/","title":{"rendered":"Programme"},"content":{"rendered":"<p><span style=\"font-size:16px;\"><span style=\"font-family: verdana,geneva,sans-serif;\">The provisional programme of the UMAQ Conference, updated on 24\/05\/2018 is available from <a href=\"https:\/\/webs.uab.cat\/umaq\/wp-content\/uploads\/sites\/125\/2017\/05\/umaq_conference_2018_programme_240518.pdf\">this link<\/a>. <\/span><\/span><\/p>\n<p><span style=\"font-size:16px;\"><span style=\"font-family: verdana,geneva,sans-serif;\">The book of abstracts is available from <a href=\"https:\/\/webs.uab.cat\/umaq\/wp-content\/uploads\/sites\/125\/2017\/05\/umaq_conference_book_of_abstracts_final.pdf\">this link<\/a>.<\/span><\/span><\/p>\n<p>&nbsp;<\/p>\n<table border=\"1\" cellpadding=\"0\" cellspacing=\"0\" height=\"2539\" width=\"1764\">\n<tbody>\n<tr>\n<td style=\"width: 30%;\"><span style=\"font-size:14px;\"><span style=\"font-family: verdana, geneva, sans-serif;\"><strong>4<sup>th<\/sup> JUNE 2018 <\/strong><\/span><\/span><\/td>\n<td style=\"width: 70%;\">&nbsp;<\/td>\n<\/tr>\n<tr>\n<td style=\"width: 30%;\"><span style=\"font-size:14px;\"><span style=\"font-family: verdana, geneva, sans-serif;\"><strong>08:00 &#8211; 08:50<\/strong><\/span><\/span><\/td>\n<td style=\"width: 70%;\"><span style=\"font-size:14px;\"><span style=\"font-family: verdana, geneva, sans-serif;\"><strong>Registration<\/strong><\/span><\/span><\/td>\n<\/tr>\n<tr>\n<td style=\"width: 30%;\"><span style=\"font-size:14px;\"><span style=\"font-family: verdana, geneva, sans-serif;\"><strong>08:50 &#8211; 09:00<\/strong><\/span><\/span><\/td>\n<td style=\"width: 70%;\"><span style=\"font-size:14px;\"><span style=\"font-family: verdana, geneva, sans-serif;\">Welcome address by <strong>Pilar Orero<\/strong> (Universitat Aut\u00f2noma de Barcelona, Spain).<\/span><\/span><\/td>\n<\/tr>\n<tr>\n<td style=\"width: 30%;\"><span style=\"font-size:14px;\"><span style=\"font-family: verdana, geneva, sans-serif;\"><strong>09:00 &#8211; 10:45<\/strong><\/span><\/span><\/td>\n<td style=\"width: 70%;\"><span style=\"font-size:14px;\"><span style=\"font-family: verdana, geneva, sans-serif;\"><strong>Session 1<\/strong><\/span><\/span><\/td>\n<\/tr>\n<tr>\n<td style=\"width: 30%;\">&nbsp;<\/td>\n<td style=\"width: 70%;\">\n<p><span style=\"font-size:14px;\"><span style=\"font-family: verdana, geneva, sans-serif;\">Chair: Jan-Louis Kruger (Macquarie University, Australia).<\/span><\/span><\/p>\n<ul>\n<li><span style=\"font-size:14px;\"><span style=\"font-family: verdana, geneva, sans-serif;\"><strong>Nathalie M\u00e4lzer<\/strong> and <strong>Maria W\u00fcnsche<\/strong> (Universit\u00e4t Hildesheim, Germany): <a href=\"https:\/\/webs.uab.cat\/umaq\/wp-content\/uploads\/sites\/125\/2017\/05\/presentation_malzerwunsche_bonw.pdf\"><em>Quality of subtitles for D\/deaf and hard of hearing children on German television: An EFRD research project<\/em><\/a>. 15\u2019<\/span><\/span><\/li>\n<li><span style=\"font-size:14px;\"><span style=\"font-family: verdana, geneva, sans-serif;\"><strong>Olivia Gerber-Mor\u00f3n<\/strong> (Universitat Aut\u00f2noma de Barcelona, Spain) and <strong>Agnieszka Szarkowska<\/strong> (University College London, UK): <em>Are faster subtitle reading speeds changing the nature of subtitling?<\/em> 15\u2019<\/span><\/span><\/li>\n<li><span style=\"font-size:14px;\"><span style=\"font-family: verdana, geneva, sans-serif;\"><strong>Em\u00edlia Perez<\/strong> and <strong>Simona Klimkov\u00e1<\/strong> (Constantine the Philosopher University in Nitra, Slovakia): <em>Anticipating viewers\u2019 needs: the decision-making process in SDH creation<\/em>. 15\u2019<\/span><\/span><\/li>\n<li><span style=\"font-size:14px;\"><span style=\"font-family: verdana, geneva, sans-serif;\"><strong>Nazaret Fresno<\/strong> (The University of Texas at Rio Grande Valley, USA): <em>Media Accessibility Quality in Televised Programs Re-shown on the Internet. The Case of the News in the US<\/em>. 15\u2019<\/span><\/span><\/li>\n<li><span style=\"font-size:14px;\"><span style=\"font-family: verdana, geneva, sans-serif;\"><strong>Minako O&#8217;Hagan<\/strong> (University of Auckland, New Zealand): <a href=\"https:\/\/webs.uab.cat\/umaq\/wp-content\/uploads\/sites\/125\/2017\/05\/holodeck_quality_accessibility_moh.pdf\"><em>Captions on Holodeck: Exploring Quality Implications of Augmented Reality to Improve Learner Experience in University Settings for Hard-of-Hearing and International Students<\/em><\/a>. 15\u2019<\/span><\/span><\/li>\n<\/ul>\n<p><span style=\"font-size:14px;\"><span style=\"font-family: verdana, geneva, sans-serif;\">Discussion: 30 minutes.<\/span><\/span><\/p>\n<\/td>\n<\/tr>\n<tr>\n<td style=\"width: 30%;\"><span style=\"font-size:14px;\"><span style=\"font-family: verdana, geneva, sans-serif;\"><strong>10:45 &#8211; 11:15<\/strong><\/span><\/span><\/td>\n<td style=\"width: 70%;\"><span style=\"font-size:14px;\"><span style=\"font-family: verdana, geneva, sans-serif;\"><span style=\"line-height: 107%;\">Coffee break<\/span> <\/span><\/span><\/td>\n<\/tr>\n<tr>\n<td style=\"width: 30%;\"><span style=\"font-size:14px;\"><span style=\"font-family: verdana, geneva, sans-serif;\"><strong>11:15 &#8211; 13:00<\/strong><\/span><\/span><\/td>\n<td style=\"width: 70%;\"><span style=\"font-size:14px;\"><span style=\"font-family: verdana, geneva, sans-serif;\"><strong>Session 2<\/strong><\/span><\/span><\/td>\n<\/tr>\n<tr>\n<td style=\"width: 30%;\">&nbsp;<\/td>\n<td style=\"width: 70%;\">\n<p><span style=\"font-size:14px;\"><span style=\"font-family: verdana, geneva, sans-serif;\">Chair: Anna Matamala (Universitat Aut\u00f2noma de Barcelona, Spain).<\/span><\/span><\/p>\n<ul>\n<li><span style=\"font-size:14px;\"><span style=\"font-family: verdana, geneva, sans-serif;\"><strong>Ben Shirley<\/strong> and <strong>Lauren Ward<\/strong> (University of Salford, UK): <em>Intelligibility vs. Comprehension: Understanding Quality of Accessible Next-generation Audio Broadcast<\/em>. 15\u2019<\/span><\/span><\/li>\n<li><span style=\"font-size:14px;\"><span style=\"font-family: verdana, geneva, sans-serif;\"><strong>Marina Ramos Caro <\/strong>and <strong>Ana M\u00aa Rojo L\u00f3pez<\/strong> (University of Murcia, Spain): <a href=\"https:\/\/webs.uab.cat\/umaq\/wp-content\/uploads\/sites\/125\/2017\/05\/umaq18_ramosrojo.pdf\"><em>Do more creative professionals audio describe better than less creative ones?<\/em><\/a> 15\u2019<\/span><\/span><\/li>\n<li><span style=\"font-size:14px;\"><span style=\"font-family: verdana, geneva, sans-serif;\"><strong>Anna Jankowska<\/strong> (Universitat Aut\u00f2noma de Barcelona, Spain &#8211; Jagiellonian University in Krakow, Poland): <em>How AD translation can lead us to quality?<\/em> 15\u2019<\/span><\/span><\/li>\n<li><span style=\"font-size:14px;\"><span style=\"font-family: verdana, geneva, sans-serif;\"><strong>Louise Fryer <\/strong>(Utopian Voices Ltd. and University College London, UK): <em>Quality in AD: Why Audio Describers Need a Model of Visual Perception<\/em>. 15\u2019<\/span><\/span><\/li>\n<li><span style=\"font-size:14px;\"><span style=\"font-family: verdana, geneva, sans-serif;\"><strong>Gonzalo Iturregui-Gallardo<\/strong>, <strong>Anna Serrano Ratera<\/strong>, <strong>Jorge-Luis M\u00e9ndez-Ulrich<\/strong>, <strong>Olga Soler-Vilageliu<\/strong> (Universitat Aut\u00f2noma de Barcelona, Spain), and <strong>Anna Jankowska<\/strong> (Universitat Autonoma de Barcelona, Spain &#8211; Jagiellonian University in Krakow, Poland): <em>Testing the filmic experience: audio subtitling and psychophysiology<\/em>. 15\u2019<\/span><\/span><\/li>\n<\/ul>\n<p><span style=\"font-size:14px;\"><span style=\"font-family: verdana, geneva, sans-serif;\">Discussion: 30 minutes.<\/span><\/span><\/p>\n<\/td>\n<\/tr>\n<tr>\n<td style=\"width: 30%;\"><span style=\"font-size:14px;\"><span style=\"font-family: verdana, geneva, sans-serif;\"><strong>13:00 &#8211; 14:00<\/strong><\/span><\/span><\/td>\n<td style=\"width: 70%;\"><span style=\"font-size:14px;\"><span style=\"font-family: verdana, geneva, sans-serif;\">Lunch break &#8211; Sandwiches will be offered to participants<\/span><\/span><\/td>\n<\/tr>\n<tr>\n<td style=\"width: 30%;\"><span style=\"font-size:14px;\"><span style=\"font-family: verdana, geneva, sans-serif;\"><strong>14:00 &#8211; 15:00<\/strong><\/span><\/span><\/td>\n<td style=\"width: 70%;\"><span style=\"font-size:14px;\"><span style=\"font-family: verdana, geneva, sans-serif;\"><strong>KEYNOTE SPEECH<\/strong><\/span><\/span><\/td>\n<\/tr>\n<tr>\n<td style=\"width: 30%;\">&nbsp;<\/td>\n<td style=\"width: 70%;\">\n<p><span style=\"font-size:14px;\"><span style=\"font-family: verdana, geneva, sans-serif;\">Chair: Gian Maria Greco (Universitat Aut\u00f2noma de Barcelona, Spain).<\/span><\/span><\/p>\n<p><span style=\"font-size:14px;\"><span style=\"font-family: verdana, geneva, sans-serif;\"><strong>Aljoscha Burchardt<\/strong> (DFKI GmbH, Germany):<em> A New Deal for Translation Quality<\/em>. 40\u2019<\/span><\/span><\/p>\n<p><span style=\"font-size:14px;\"><span style=\"font-family: verdana, geneva, sans-serif;\">Discussion: 20 minutes.<\/span><\/span><\/p>\n<\/td>\n<\/tr>\n<tr>\n<td style=\"width: 30%;\"><span style=\"font-size:14px;\"><span style=\"font-family: verdana, geneva, sans-serif;\"><strong>15:00 &#8211; 16:00<\/strong><\/span><\/span><\/td>\n<td style=\"width: 70%;\"><span style=\"font-size:14px;\"><span style=\"font-family: verdana, geneva, sans-serif;\"><strong>Session 3<\/strong><\/span><\/span><\/td>\n<\/tr>\n<tr>\n<td style=\"width: 30%;\">&nbsp;<\/td>\n<td style=\"width: 70%;\">\n<p><span style=\"font-size:14px;\"><span style=\"font-family: verdana, geneva, sans-serif;\">Chair: Pilar Orero (Universitat Aut\u00f2noma de Barcelona, Spain).<\/span><\/span><\/p>\n<ul>\n<li><span style=\"font-size:14px;\"><span style=\"font-family: verdana, geneva, sans-serif;\"><strong>Catalina Jim\u00e9nez<\/strong> and <strong>M Olalla Luque<\/strong> (University of Granada, Spain): <em>Leisure and culture accessibility and the OPERA-Project<\/em>. 15\u2019<\/span><\/span><\/li>\n<li><span style=\"font-size:14px;\"><span style=\"font-family: verdana, geneva, sans-serif;\"><strong>Mercedes Mart\u00ednez Lorenzo<\/strong> (Universidade de Vigo, Spain): <a href=\"https:\/\/webs.uab.cat\/umaq\/wp-content\/uploads\/sites\/125\/2017\/05\/umaq-merce-martinez-ma-in-galicia.pdf\"><em>Quantity and quality of media accessibility in Galicia<\/em><\/a>. 15\u2019<\/span><\/span><\/li>\n<li><span style=\"font-size:14px;\"><span style=\"font-family: verdana, geneva, sans-serif;\"><strong>Marie Junge Ernst<\/strong> (DR, Danish Broadcasting Corporation, Denmark): <a href=\"https:\/\/webs.uab.cat\/umaq\/wp-content\/uploads\/sites\/125\/2017\/05\/final_umaq_presentation_marie_junge_ernst_dr_290518.pdf\"><em>Two takes on quality work from Danish Broadcasting Corporation<\/em><\/a>. 10\u2019<\/span><\/span><\/li>\n<\/ul>\n<p><span style=\"font-size:14px;\"><span style=\"font-family: verdana, geneva, sans-serif;\">Discussion: 20 minutes.<\/span><\/span><\/p>\n<\/td>\n<\/tr>\n<tr>\n<td style=\"width: 30%;\"><span style=\"font-size:14px;\"><span style=\"font-family: verdana, geneva, sans-serif;\"><strong>16:00 &#8211; 16:30<\/strong><\/span><\/span><\/td>\n<td style=\"width: 70%;\"><span style=\"font-size:14px;\"><span style=\"font-family: verdana, geneva, sans-serif;\">Coffee break<\/span><\/span><\/td>\n<\/tr>\n<tr>\n<td style=\"width: 30%;\"><span style=\"font-size:14px;\"><span style=\"font-family: verdana, geneva, sans-serif;\"><strong>16:30 &#8211; 18:15<\/strong><\/span><\/span><\/td>\n<td style=\"width: 70%;\"><span style=\"font-size:14px;\"><span style=\"font-family: verdana, geneva, sans-serif;\"><strong>Session 4<\/strong><\/span><\/span><\/td>\n<\/tr>\n<tr>\n<td style=\"width: 30%;\">&nbsp;<\/td>\n<td style=\"width: 70%;\">\n<p><span style=\"font-size:14px;\"><span style=\"font-family: verdana, geneva, sans-serif;\">Chair: Pablo Romero Fresco (Universidade de Vigo, Spain)<\/span><\/span><\/p>\n<ul>\n<li><span style=\"font-size:14px;\"><span style=\"font-family: verdana, geneva, sans-serif;\"><strong>Chris Christelis<\/strong> (Technology Strategies International Inc., Canada), <strong>Pilar Orero<\/strong> (Universitat Aut\u00f2noma de Barcelona, Spain), and <strong>Pablo Romero Fresco<\/strong> (Universidade de Vigo, Spain): <em>Understanding User Responses to Live Closed Captioning in Canada<\/em>. 15\u2019<\/span><\/span><\/li>\n<li><span style=\"font-size:14px;\"><span style=\"font-family: verdana, geneva, sans-serif;\"><strong>Jan-Louis Kruger<\/strong> (Macquarie University, Australia), <strong>Stephen Doherty<\/strong> (University of New South Wales, Australia), and <strong>Leidy Castro-Meneses<\/strong> (Macquarie University, Australia): <em>Validating online measurements of cognitive load during the processing of educational video in a second language<\/em>. 15\u2019<\/span><\/span><\/li>\n<li><span style=\"font-size:14px;\"><span style=\"font-family: verdana, geneva, sans-serif;\"><strong>Stephen Doherty<\/strong> (The University of New South Wales, Australia): <em>Quality in machine-generated subtitles and captions: Psycholinguistic, technological, and practical factors<\/em>. 15\u2019<\/span><\/span><\/li>\n<li><span style=\"font-size:14px;\"><span style=\"font-family: verdana, geneva, sans-serif;\"><strong>Ke Hu<\/strong>, <strong>Sharon O\u2019Brien<\/strong>, <strong>Dorothy Kenny <\/strong>(Dublin City University, Ireland): <a href=\"https:\/\/webs.uab.cat\/umaq\/wp-content\/uploads\/sites\/125\/2017\/05\/umaq_ke_hu.pdf\"><em>Machine Translation for Subtitling &#8211; a way to improve access to MOOCs<\/em><\/a>. 15\u2019 <\/span><\/span><\/li>\n<li><span style=\"font-size:14px;\"><span style=\"font-family: verdana, geneva, sans-serif;\"><strong>Alexandra Hecker<\/strong> (University of Hildesheim, Germany): <a href=\"https:\/\/webs.uab.cat\/umaq\/wp-content\/uploads\/sites\/125\/2017\/05\/presentation_alexandra_hecker_white-yellow-on-black_v2.pdf\"><em>Measuring quality: chances and challenges \u2013 About the approach of developing a model to evaluate the quality of German film subtitles<\/em><\/a>. 15\u2019<\/span><\/span><\/li>\n<\/ul>\n<p><span style=\"font-size:14px;\"><span style=\"font-family: verdana, geneva, sans-serif;\">Discussion: 30 minutes<\/span><\/span><\/p>\n<\/td>\n<\/tr>\n<tr>\n<td style=\"width: 30%;\"><span style=\"font-size:14px;\"><span style=\"font-family: verdana, geneva, sans-serif;\"><strong>18:15 &#8211; 18:30<\/strong><\/span><\/span><\/td>\n<td style=\"width: 70%;\"><span style=\"font-size:14px;\"><span style=\"font-family: verdana, geneva, sans-serif;\">Conclusions of the day<\/span><\/span><\/td>\n<\/tr>\n<tr>\n<td style=\"width: 30%;\">&nbsp;<\/td>\n<td style=\"width: 70%;\">&nbsp;<\/td>\n<\/tr>\n<tr>\n<td style=\"width: 30%;\">&nbsp;<\/td>\n<td style=\"width: 70%;\">&nbsp;<\/td>\n<\/tr>\n<tr>\n<td style=\"width: 30%;\"><span style=\"font-size:14px;\"><span style=\"font-family: verdana, geneva, sans-serif;\"><strong>5<sup>th<\/sup> JUNE 2018 <\/strong><\/span><\/span><\/td>\n<td style=\"width: 70%;\">&nbsp;<\/td>\n<\/tr>\n<tr>\n<td style=\"width: 30%;\"><span style=\"font-size:14px;\"><span style=\"font-family: verdana, geneva, sans-serif;\"><strong>09:00 &#8211; 10:20<\/strong><\/span><\/span><\/td>\n<td style=\"width: 70%;\"><span style=\"font-size:14px;\"><span style=\"font-family: verdana, geneva, sans-serif;\"><strong>Session 5<\/strong><\/span><\/span><\/td>\n<\/tr>\n<tr>\n<td style=\"width: 30%;\">&nbsp;<\/td>\n<td style=\"width: 70%;\">\n<p><span style=\"font-size:14px;\"><span style=\"font-family: verdana, geneva, sans-serif;\">Chair: Anna Jankowska (Universitat Aut\u00f2noma de Barcelona, Spain).<\/span><\/span><\/p>\n<ul>\n<li><span style=\"font-size:14px;\"><span style=\"font-family: verdana, geneva, sans-serif;\"><strong>Kate Dangerfield<\/strong> (University of Roehampton, UK): <em>The value of difference in Media Accessibility Quality<\/em>. 15\u2019<\/span><\/span><\/li>\n<li><span style=\"font-size:14px;\"><span style=\"font-family: verdana, geneva, sans-serif;\"><strong>Joshua Branson<\/strong> (Universidade de Vigo, Spain): <em>Bridging the Maker-User Gap: the Case of the Italian Short Film Acquario<\/em>. 15\u2019<\/span><\/span><\/li>\n<li><span style=\"font-size:14px;\"><span style=\"font-family: verdana, geneva, sans-serif;\"><strong>Jan-Louis Kruger<\/strong> (Macquarie University, Australia): <em>Inclusive media design for education: Riding the wave or swimming against the tide? <\/em>15\u2019<\/span><\/span><\/li>\n<li><span style=\"font-size:14px;\"><span style=\"font-family: verdana, geneva, sans-serif;\"><strong>Gian Maria Greco<\/strong> (Universitat Aut\u00f2noma de Barcelona, Spain): <em>A First Look at Quality in Media Accessibility<\/em>. 15\u2019<\/span><\/span><\/li>\n<\/ul>\n<p><span style=\"font-size:14px;\"><span style=\"font-family: verdana, geneva, sans-serif;\">Discussion: 20 minutes<\/span><\/span><\/p>\n<\/td>\n<\/tr>\n<tr>\n<td style=\"width: 30%;\"><span style=\"font-size:14px;\"><span style=\"font-family: verdana, geneva, sans-serif;\"><strong>10:20 &#8211; 10:50<\/strong><\/span><\/span><\/td>\n<td style=\"width: 70%;\"><span style=\"font-size:14px;\"><span style=\"font-family: verdana, geneva, sans-serif;\">Coffee break<\/span><\/span><\/td>\n<\/tr>\n<tr>\n<td style=\"width: 30%;\"><span style=\"font-size:14px;\"><span style=\"font-family: verdana, geneva, sans-serif;\"><strong>10:50 &#8211; 12:50<\/strong><\/span><\/span><\/td>\n<td style=\"width: 70%;\"><span style=\"font-size:14px;\"><span style=\"font-family: verdana, geneva, sans-serif;\"><strong>Session 6<\/strong><\/span><\/span><\/td>\n<\/tr>\n<tr>\n<td style=\"width: 30%;\">&nbsp;<\/td>\n<td style=\"width: 70%;\">\n<p><span style=\"font-size:14px;\"><span style=\"font-family: verdana, geneva, sans-serif;\">Chair: Stephen Doherty (University of New South Wales, Australia)<\/span><\/span><\/p>\n<ul>\n<li><span style=\"font-size:14px;\"><span style=\"font-family: verdana, geneva, sans-serif;\"><strong>Jan Pedersen<\/strong> (Stockholm University, Sweden): <\/span><\/span><a href=\"http:\/\/pagines.uab.cat\/umaq\/sites\/pagines.uab.cat.umaq\/files\/UMAQ_files\/conference\/presentations\/far_model.pdf\">The FAR model: assessing the quality of interlingual subtitles<\/a><span style=\"font-size:14px;\"><span style=\"font-family: verdana, geneva, sans-serif;\">. 15\u2019<\/span><\/span><\/li>\n<li><span style=\"font-size:14px;\"><span style=\"font-family: verdana, geneva, sans-serif;\"><strong>Pablo Romero Fresco<\/strong> (Universidade de Vigo, Spain): <em>Negotiating Quality in Accessibility: The Case of Live Subtitling<\/em>. 15\u2019<\/span><\/span><\/li>\n<li><span style=\"font-size:14px;\"><span style=\"font-family: verdana, geneva, sans-serif;\"><strong>Hayley Dawson<\/strong> (University of Roehampton, UK): <a href=\"https:\/\/webs.uab.cat\/umaq\/wp-content\/uploads\/sites\/125\/2017\/05\/umaq_hayley_dawson_feasibility_and_quality_of_interlingual_live_subtitles_-_a_pilot_study.pdf\"><em>Feasibility and quality of interlingual live subtitles: a pilot study<\/em><\/a>. 15\u2019<\/span><\/span><\/li>\n<li><span style=\"font-size:14px;\"><span style=\"font-family: verdana, geneva, sans-serif;\"><strong>Annalisa Sandrelli <\/strong>(Universit\u00e0 degli Studi Internazionali di Roma- UNINT, Italy), <strong>Elena Davitti <\/strong>(University of Surrey, UK), <strong>Pablo Romero Fresco<\/strong> (Universidade de Vigo, Spain): <em>Interlingual respeaking: an experimental study comparing the performance of different subject groups<\/em>. 15\u2019<\/span><\/span><\/li>\n<li><span style=\"font-size:14px;\"><span style=\"font-family: verdana, geneva, sans-serif;\"><strong>\u0141ukasz Stanis\u0142aw Dutka<\/strong> (University of Warsaw, Poland) and <strong>Monika Szczygielska <\/strong>(Dostepni.eu, Widzialni Foundation, Poland): <em>Reality check: the real SDH reading speeds in Poland, Spain and the UK<\/em>. 15\u2019<\/span><\/span><\/li>\n<li><span style=\"font-size:14px;\"><span style=\"font-family: verdana, geneva, sans-serif;\"><strong>Tanja Jacobs<\/strong> (Universidade de Vigo, Spain): Sign language interpreting on TV: A strategic approach to improving accessibility for Deaf viewers. 15\u2019<\/span><\/span><\/li>\n<\/ul>\n<p><span style=\"font-size:14px;\"><span style=\"font-family: verdana, geneva, sans-serif;\">Discussion: 30 minutes<\/span><\/span><\/p>\n<\/td>\n<\/tr>\n<tr>\n<td style=\"width: 30%;\"><span style=\"font-size:14px;\"><span style=\"font-family: verdana, geneva, sans-serif;\"><strong>12:50 &#8211; 14:00<\/strong><\/span><\/span><\/td>\n<td style=\"width: 70%;\"><span style=\"font-size:14px;\"><span style=\"font-family: verdana, geneva, sans-serif;\">Lunch break &#8211; Sandwiches will be offered to participants<\/span><\/span><\/td>\n<\/tr>\n<tr>\n<td style=\"width: 30%;\"><span style=\"font-size:14px;\"><span style=\"font-family: verdana, geneva, sans-serif;\"><strong>14:00- 15:30<\/strong><\/span><\/span><\/td>\n<td style=\"width: 70%;\">\n<p><span style=\"font-size:14px;\"><span style=\"font-family: verdana, geneva, sans-serif;\"><strong>ROUNDTABLE<\/strong><\/span><\/span><\/p>\n<p><span style=\"font-size:14px;\"><span style=\"font-family: verdana, geneva, sans-serif;\"><em>Quality in Media Accessibility: Current Challenges and Future Perspectives.<\/em><\/span><\/span><\/p>\n<\/td>\n<\/tr>\n<tr>\n<td style=\"width: 30%;\">&nbsp;<\/td>\n<td style=\"width: 70%;\">\n<p><span style=\"font-size:14px;\"><span style=\"font-family: verdana, geneva, sans-serif;\">Chair: <strong>David Wood <\/strong>(Co-Chair IRG Audiovisual Media Accessibility, International Telecommunication Union, United Nations).<\/span><\/span><\/p>\n<ul>\n<li><span style=\"font-size:14px;\"><span style=\"font-family: verdana, geneva, sans-serif;\"><strong>Louise Fryer<\/strong> (Utopian Voices Ltd. and University College London, UK).<\/span><\/span><\/li>\n<li><span style=\"font-size:14px;\"><span style=\"font-family: verdana, geneva, sans-serif;\"><strong>Jan-Louis Kruger<\/strong> (Macquarie University, Australia).<\/span><\/span><\/li>\n<li><span style=\"font-size:14px;\"><span style=\"font-family: verdana, geneva, sans-serif;\"><strong>Gion Linder<\/strong> (Chairman of the Access Services Experts Group, European Broadcasting Union).<\/span><\/span><\/li>\n<li><span style=\"font-size:14px;\"><span style=\"font-family: verdana, geneva, sans-serif;\"><strong>Alejandro Moledo<\/strong> (New Technologies and Innovation Officer, European Disability Forum).<\/span><\/span><\/li>\n<li><span style=\"font-size:14px;\"><span style=\"font-family: verdana, geneva, sans-serif;\"><strong>Pablo Romero Fresco<\/strong> (University of Vigo, Spain, and University of Roehampton, UK).<\/span><\/span><\/li>\n<\/ul>\n<p><span style=\"font-size:14px;\"><span style=\"font-family: verdana, geneva, sans-serif;\">Discussion: 20 minutes<\/span><\/span><\/p>\n<\/td>\n<\/tr>\n<tr>\n<td style=\"width: 30%;\"><span style=\"font-size:14px;\"><span style=\"font-family: verdana, geneva, sans-serif;\"><strong>15:30 &#8211; 16:00<\/strong><\/span><\/span><\/td>\n<td style=\"width: 70%;\"><span style=\"font-size:14px;\"><span style=\"font-family: verdana, geneva, sans-serif;\">Coffee break<\/span><\/span><\/td>\n<\/tr>\n<tr>\n<td style=\"width: 30%;\"><span style=\"font-size:14px;\"><span style=\"font-family: verdana, geneva, sans-serif;\"><strong>16:00 &#8211; 17:20<\/strong><\/span><\/span><\/td>\n<td style=\"width: 70%;\"><span style=\"font-size:14px;\"><span style=\"font-family: verdana, geneva, sans-serif;\"><strong>Session 7<\/strong><\/span><\/span><\/td>\n<\/tr>\n<tr>\n<td style=\"width: 30%;\">&nbsp;<\/td>\n<td style=\"width: 70%;\">\n<p><span style=\"font-size:14px;\"><span style=\"font-family: verdana, geneva, sans-serif;\">Chair: Louise Fryer (Utopian Voices Ltd. and University College London, UK).<\/span><\/span><\/p>\n<ul>\n<li><span style=\"font-size:14px;\"><span style=\"font-family: verdana, geneva, sans-serif;\"><strong>Sof\u00eda S\u00e1nchez Mompe\u00e1n<\/strong> (Universidad de Murcia, Spain): <em>Towards a Quality Model for Paralanguage in Dubbed and Audiodescribed Dialogue<\/em>. 15\u2019<\/span><\/span><\/li>\n<li><span style=\"font-size:14px;\"><span style=\"font-family: verdana, geneva, sans-serif;\"><strong>David Vialard<\/strong> (Texas Tech University, USA):<em> Hearing Images: Defining Rhetorical Quality in Audio Description | Part 1<\/em>. 15\u2019<\/span><\/span><\/li>\n<li><span style=\"font-size:14px;\"><span style=\"font-family: verdana, geneva, sans-serif;\"><strong>Joel Snyder<\/strong> (Audio Description Project, American Council of the Blind &#8211; Audio Description Associates LLC, USA): <em>&#8220;Are you a CAD (Certified Audio Describer)?&#8221;<\/em> 15\u2019<\/span><\/span><\/li>\n<li><span style=\"font-size:14px;\"><span style=\"font-family: verdana, geneva, sans-serif;\"><strong>\u015eirin Okyayuz <\/strong>(Bilkent University, Turkey) and <strong>Engin Y\u0131lmaz<\/strong> (GETEM &amp; SEBEDER, Turkey): <a href=\"https:\/\/webs.uab.cat\/umaq\/wp-content\/uploads\/sites\/125\/2017\/05\/audiodescription_in_turkey.pdf\"><em>Audio description in Turkey: A Look at Quality Norms and Assessment<\/em><\/a>. 15\u2019<\/span><\/span><\/li>\n<\/ul>\n<p><span style=\"font-size:14px;\"><span style=\"font-family: verdana, geneva, sans-serif;\">Discussion: 20 minutes<\/span><\/span><\/p>\n<\/td>\n<\/tr>\n<tr>\n<td style=\"width: 30%;\"><span style=\"font-size:14px;\"><span style=\"font-family: verdana, geneva, sans-serif;\"><strong>17:20 &#8211; 17:35<\/strong><\/span><\/span><\/td>\n<td style=\"width: 70%;\"><span style=\"font-size:14px;\"><span style=\"font-family: verdana, geneva, sans-serif;\">Closing Remarks by<strong> Gian Maria Greco<\/strong> (Universitat Aut\u00f2noma de Barcelona)<\/span><\/span><\/td>\n<\/tr>\n<\/tbody>\n<\/table>\n<p>&nbsp;<\/p>\n","protected":false},"excerpt":{"rendered":"<p>The provisional programme of the UMAQ Conference, updated on 24\/05\/2018 is available from this link. The book of abstracts is available from this link. &nbsp; 4th JUNE 2018 &nbsp; 08:00 &#8211; 08:50 Registration 08:50 &#8211; 09:00 Welcome address by Pilar Orero (Universitat Aut\u00f2noma de Barcelona, Spain). 09:00 &#8211; 10:45 Session 1 &nbsp; Chair: Jan-Louis Kruger [&hellip;]<\/p>\n","protected":false},"author":20,"featured_media":0,"parent":0,"menu_order":0,"comment_status":"closed","ping_status":"closed","template":"","meta":{"footnotes":""},"class_list":["post-44","page","type-page","status-publish","hentry"],"_links":{"self":[{"href":"https:\/\/webs.uab.cat\/umaq\/wp-json\/wp\/v2\/pages\/44","targetHints":{"allow":["GET"]}}],"collection":[{"href":"https:\/\/webs.uab.cat\/umaq\/wp-json\/wp\/v2\/pages"}],"about":[{"href":"https:\/\/webs.uab.cat\/umaq\/wp-json\/wp\/v2\/types\/page"}],"author":[{"embeddable":true,"href":"https:\/\/webs.uab.cat\/umaq\/wp-json\/wp\/v2\/users\/20"}],"replies":[{"embeddable":true,"href":"https:\/\/webs.uab.cat\/umaq\/wp-json\/wp\/v2\/comments?post=44"}],"version-history":[{"count":0,"href":"https:\/\/webs.uab.cat\/umaq\/wp-json\/wp\/v2\/pages\/44\/revisions"}],"wp:attachment":[{"href":"https:\/\/webs.uab.cat\/umaq\/wp-json\/wp\/v2\/media?parent=44"}],"curies":[{"name":"wp","href":"https:\/\/api.w.org\/{rel}","templated":true}]}}