{"id":55,"date":"2017-06-06T14:32:50","date_gmt":"2017-06-06T14:32:50","guid":{"rendered":"https:\/\/webs.uab.cat\/umaq\/accessibility-faq\/"},"modified":"2022-09-29T07:36:02","modified_gmt":"2022-09-29T07:36:02","slug":"accessibility-faq","status":"publish","type":"page","link":"https:\/\/webs.uab.cat\/umaq\/accessibility-faq\/","title":{"rendered":"Accessibility FAQ"},"content":{"rendered":"\n<p><span style=\"font-size: 16px\"><span style=\"font-family: verdana,geneva,sans-serif\">The UMAQ conference is committed to providing an inclusive environment, and we will do our best to accommodate requests for specific assistance. This page describes the accessibility features of the UMAQ conference, to help you make an informed decision about whether or not the conference will be accessible to you. Please <a href=\"http:\/\/webs.uab.cat\/umaq\/contact-umaq-conference\" data-type=\"URL\" data-id=\"http:\/\/webs.uab.cat\/umaq\/contact-umaq-conference\">contact us<\/a> if your question is not answered here, or if the conference arrangements as described are not sufficient to allow you to attend. We will work with you to the best of our ability to make the conference accessible.<\/span><\/span><\/p>\n\n\n\n<p><span style=\"font-size: 16px\"><span style=\"font-family: verdana,geneva,sans-serif\">Below you can download a large print and dyslexia-friendly version of the call for papers. <\/span><\/span><\/p>\n\n\n\n<p><span style=\"font-size: 16px\"><span style=\"font-family: verdana,geneva,sans-serif\">You can also find information regarding accessibility of the conference venue; accessibility services provided during the conference; accessible routes to the conference venue; and accessible services, transport, and cultural venues around the city.<\/span><\/span><\/p>\n\n\n\n<p><span style=\"font-size: 16px\"><span style=\"font-family: verdana,geneva,sans-serif\">For further inquiries, please&nbsp;don&#8217;t hesitate to <a href=\"http:\/\/webs.uab.cat\/umaq\/contact-umaq-conference\">contact us<\/a>.<\/span><\/span><\/p>\n\n\n\n<p><a id=\"summary\" name=\"summary\"><\/a><strong><span style=\"font-size: 16px\"><span style=\"font-family: verdana,geneva,sans-serif\">Contents Summary<\/span><\/span><\/strong><br><a href=\"#access_cfp\"><span style=\"font-size: 16px\"><span style=\"font-family: verdana,geneva,sans-serif\">Is there an accessible version of the call for papers?<\/span><\/span><\/a><br><a href=\"#access_guidelines\"><span style=\"font-size: 16px\"><span style=\"font-family: verdana,geneva,sans-serif\">Will presentations be accessible?<\/span><\/span><\/a><br><a href=\"#access_services\"><span style=\"font-size: 16px\"><span style=\"font-family: verdana,geneva,sans-serif\">What are the accessibility services provided during the conference?<\/span><\/span><\/a><br><a href=\"#access_venue\"><span style=\"font-size: 16px\"><span style=\"font-family: verdana,geneva,sans-serif\">Will the conference venue be accessible?<\/span><\/span><\/a><br><a href=\"#access_presenters\"><span style=\"font-size: 16px\"><span style=\"font-family: verdana,geneva,sans-serif\">What are the arrangements for presenters with accessibility needs?<\/span><\/span><\/a><br><a href=\"#dog\"><span style=\"font-size: 16px\"><span style=\"font-family: verdana,geneva,sans-serif\">Can I bring my guide dog?<\/span><\/span><\/a><br><a href=\"#mike\"><span style=\"font-size: 16px\"><span style=\"font-family: verdana,geneva,sans-serif\">Will speakers and audience members asking questions be using a microphone?<\/span><\/span><\/a><br><a href=\"#location_venue\"><span style=\"font-size: 16px\"><span style=\"font-family: verdana,geneva,sans-serif\">Where is the conference venue located?<\/span><\/span><\/a><br><a href=\"#public_transport\"><span style=\"font-size: 16px\"><span style=\"font-family: verdana,geneva,sans-serif\">What are the public transport options for getting to the conference venue?<\/span><\/span><\/a><br><a href=\"#airport\"><span style=\"font-size: 16px\"><span style=\"font-family: verdana,geneva,sans-serif\">What are the accessible public transport options for getting to the conference venue from the airport?<\/span><\/span><\/a><br><a href=\"#access_info_city\"><span style=\"font-size: 16px\"><span style=\"font-family: verdana,geneva,sans-serif\">Where can I find information on accessible services, transport, and cultural venues in Barcelona?<\/span><\/span><\/a><br><a href=\"#speak\"><span style=\"font-size: 16px\"><span style=\"font-family: verdana,geneva,sans-serif\">How can I communicate accessibility needs to the UMAQ Conference organisers?<\/span><\/span><\/a><br><a href=\"#contact\"><span style=\"font-size: 16px\"><span style=\"font-family: verdana,geneva,sans-serif\">Who can I ask if my question is not answered here?<\/span><\/span><\/a><\/p>\n\n\n\n<p><a id=\"access_cfp\" name=\"access_cfp\"><\/a><strong><span style=\"font-size: 16px\"><span style=\"font-family: verdana,geneva,sans-serif\">Is there an accessible version of the call for papers?<\/span><\/span><\/strong><br><span style=\"font-size: 16px\"><span style=\"font-family: verdana,geneva,sans-serif\">Yes. You can download a large print and dyslexia-friendly version of the call for papers from the following link: <a href=\"https:\/\/webs.uab.cat\/umaq\/wp-content\/uploads\/sites\/125\/2017\/05\/umaq_conference_accessible_cfp.pdf\">UMAQ Conference CFP accessible version<\/a>.<\/span><\/span><br><span style=\"font-size: 16px\"><span style=\"font-family: verdana,geneva,sans-serif\">The document uses the high-readability and dyslexia-friendly font <a href=\"http:\/\/www.biancoeneroedizioni.it\/font\/\" target=\"_blank\" rel=\"noopener\">biancoenero\u00a9<\/a>.<\/span><\/span><\/p>\n\n\n\n<p><a href=\"#summary\"><span style=\"font-size: 16px\"><span style=\"font-family: verdana,geneva,sans-serif\">Go to back contents summary.<\/span><\/span><\/a><\/p>\n\n\n\n<p><a name=\"access_guidelines\"><\/a><strong><span style=\"font-size: 16px\"><span style=\"font-family: verdana,geneva,sans-serif\">Will presentations be accessible?<\/span><\/span><\/strong><br><span style=\"font-size: 16px\"><span style=\"font-family: verdana,geneva,sans-serif\">We have prepared a document with specific guidelines for creating accessible presentations. All speakers will be asked to comply with them, although we cannot guarantee that all will do so.<\/span><\/span><br><span style=\"font-size: 16px\"><span style=\"font-family: verdana,geneva,sans-serif\">The document can be downloaded at the following line: <a href=\"https:\/\/webs.uab.cat\/umaq\/wp-content\/uploads\/sites\/125\/2017\/06\/gmgreco_guidelines_accessible_presentation_v3.0.pdf\">Guidelines for an Accessible Presentation<\/a> (filesize 2.8 MB).<\/span><\/span><\/p>\n\n\n\n<p><a href=\"#summary\"><span style=\"font-size: 16px\"><span style=\"font-family: verdana,geneva,sans-serif\">Go to back contents summary.<\/span><\/span><\/a><\/p>\n\n\n\n<p><a name=\"access_services\"><\/a><strong><span style=\"font-size: 16px\"><span style=\"font-family: verdana,geneva,sans-serif\">What are the accessibility services provided during the conference?<\/span><\/span><\/strong><br><span style=\"font-size: 16px\"><span style=\"font-family: verdana,geneva,sans-serif\">We will try to provide live subtitles using webcaptioner, although we cannot guarantee that the system will work without any problems. <\/span><\/span><br><span style=\"font-size: 16px\"><span style=\"font-family: verdana,geneva,sans-serif\">Large print, dyslexia-friendly, and Braille versions of the conference programme will be provided upon request. If you wish to receive one, please contact us by 15 April 2018.<\/span><\/span><\/p>\n\n\n\n<p><a href=\"#summary\"><span style=\"font-size: 16px\"><span style=\"font-family: verdana,geneva,sans-serif\">Go to back contents summary.<\/span><\/span><\/a><\/p>\n\n\n\n<p><a id=\"access_venue\" name=\"access_venue\"><\/a><strong><span style=\"font-size: 16px\"><span style=\"font-family: verdana,geneva,sans-serif\">Will the conference venue be accessible?<\/span><\/span><\/strong><br><span style=\"font-size: 16px\"><span style=\"font-family: verdana,geneva,sans-serif\">Yes. The conference will take place in the auditorium of the Resid\u00e8ncia de Investigadors. The auditorium is located on the ground floor. Entrance to the Resid\u00e8ncia de Investigadors as well as the whole ground floor, including the auditorium, are step-free.<\/span><\/span><\/p>\n\n\n\n<p><a href=\"#summary\"><span style=\"font-size: 16px\"><span style=\"font-family: verdana,geneva,sans-serif\">Go to back contents summary.<\/span><\/span><\/a><\/p>\n\n\n\n<p><a id=\"access_presenters\" name=\"access_presenters\"><\/a><strong><span style=\"font-size: 16px\"><span style=\"font-family: verdana,geneva,sans-serif\">What are the arrangements for presenters with accessibility needs?<\/span><\/span><\/strong><br><span style=\"font-size: 16px\"><span style=\"font-family: verdana,geneva,sans-serif\">All speakers will present from the stage located at the end of the conference hall. The stage is raised, with four steps located on the right side and a ramp located on the left side. Presenters will usually stand and speak from the podium, located on the right side of the stage, near the four steps. If necessary, presenters will speak while seated at the speakers\u2019 table on stage. If you would like a volunteer to operate slides or guide you onto and off the stage, or have other accessibility requests, please contact us by 15 April 2018.<\/span><\/span><\/p>\n\n\n\n<p><a href=\"#summary\"><span style=\"font-size: 16px\"><span style=\"font-family: verdana,geneva,sans-serif\">Go to back contents summary.<\/span><\/span><\/a><\/p>\n\n\n\n<p><a id=\"dog\" name=\"dog\"><\/a><strong><span style=\"font-size: 16px\"><span style=\"font-family: verdana,geneva,sans-serif\">Can I bring my guide dog?<\/span><\/span><\/strong><br><span style=\"font-size: 16px\"><span style=\"font-family: verdana,geneva,sans-serif\">Yes. Guide dogs are welcome at the UMAQ Conference. When you register for the conference, there will be a registration field labelled, &#8220;If you have any specific needs, please indicate here&#8221;. In your message, please indicate if you anticipate bringing a guide dog to the conference.<\/span><\/span><\/p>\n\n\n\n<p><a href=\"#summary\"><span style=\"font-size: 16px\"><span style=\"font-family: verdana,geneva,sans-serif\">Go to back contents summary.<\/span><\/span><\/a><\/p>\n\n\n\n<p><a id=\"mike\" name=\"mike\"><\/a><strong><span style=\"font-size: 16px\"><span style=\"font-family: verdana,geneva,sans-serif\">Will speakers and audience members asking questions be using a microphone?<\/span><\/span><\/strong><br><span style=\"font-size: 16px\"><span style=\"font-family: verdana,geneva,sans-serif\">Yes, microphones will be used for all speakers. Attendees with questions will be requested to use a microphone so that their question is more easily heard.<\/span><\/span><\/p>\n\n\n\n<p><a href=\"#summary\"><span style=\"font-size: 16px\"><span style=\"font-family: verdana,geneva,sans-serif\">Go to back contents summary.<\/span><\/span><\/a><\/p>\n\n\n\n<p><a id=\"location_venue\" name=\"location_venue\"><\/a><strong><span style=\"font-size: 16px\"><span style=\"font-family: verdana,geneva,sans-serif\">Where is the conference venue located?<\/span><\/span><\/strong><br><span style=\"font-size: 16px\"><span style=\"font-family: verdana,geneva,sans-serif\">The conference will take place at the Resid\u00e8ncia de Investigadors, in Carrer de l&#8217;Hospital 64. Carrer de l&#8217;Hospital is located in the city centre, more specifically, in the neighbourhood called &#8220;El Raval&#8221;. The street is overlooking the Ramblas, Barcelona&#8217;s main&nbsp;thoroughfare.<\/span><\/span><\/p>\n\n\n\n<p><a href=\"#summary\"><span style=\"font-size: 16px\"><span style=\"font-family: verdana,geneva,sans-serif\">Go to back contents summary.<\/span><\/span><\/a><\/p>\n\n\n\n<p><a id=\"public_transport\" name=\"public_transport\"><\/a><strong><span style=\"font-size: 16px\"><span style=\"font-family: verdana,geneva,sans-serif\">What are the public transport options for getting to the conference venue?<\/span><\/span><\/strong><br><span style=\"font-size: 16px\"><span style=\"font-family: verdana,geneva,sans-serif\">The Resid\u00e8ncia de Investigadors cannot be directly reached by public transport. Nonetheless, you can use the city bus network or the metro to reach the Ramblas. Then the route from the Ramblas to the conference venue is almost step-free.<\/span><\/span><\/p>\n\n\n\n<p><span style=\"font-size: 16px\"><span style=\"font-family: verdana,geneva,sans-serif\">The Barcelona public bus transport service is accessible to users with reduced mobility as well as deaf and blind persons. If you use the bus network, your stop is Liceu, located on the Ramblas. The route from the Liceu stop to the Resid\u00e8ncia de Investigadors, using the sidewalk on the right of Carrer de l&#8217;Hospital, is almost step-free.<\/span><\/span><span style=\"font-size: 16px\"><span style=\"font-family: verdana,geneva,sans-serif\"> You can find more information on the accessibility of the city bus network on the following website: <a href=\"https:\/\/www.tmb.cat\/en\/barcelona\/accessibility-mobility-reduced\" target=\"_blank\" rel=\"noopener\">www.tmb.cat\/en\/barcelona\/accessibility-mobility-reduced<\/a>.<\/span><\/span><\/p>\n\n\n\n<p><span style=\"font-size: 16px\"><span style=\"font-family: verdana,geneva,sans-serif\">The whole Barcelona metro network is wheelchair adapted, except some stations (15 out of a total of 156).<\/span><\/span><br><span style=\"font-size: 16px\"><span style=\"font-family: verdana,geneva,sans-serif\">The nearest metro station is Liceu, on the metro line L3 &#8211; Green. The Liceu station is located on the Ramblas and equipped with an elevator, which will leave you just a few meters from the beginning of Carrer de l&#8217;Hospital. The route from the Liceu station to the Resid\u00e8ncia de Investigadors, using the sidewalk on the right of Carrer de l&#8217;Hospital, is almost step-free.<\/span><\/span><span style=\"font-size: 16px\"><span style=\"font-family: verdana,geneva,sans-serif\"> You can find more information on the accessibility of the metro network on the following website: <a href=\"https:\/\/www.tmb.cat\/en\/barcelona\/accessibility-mobility-reduced\" target=\"_blank\" rel=\"noopener\">www.tmb.cat\/en\/barcelona\/accessibility-mobility-reduced<\/a>.<\/span><\/span><\/p>\n\n\n\n<p><a href=\"#summary\"><span style=\"font-size: 16px\"><span style=\"font-family: verdana,geneva,sans-serif\">Go to back contents summary.<\/span><\/span><\/a><\/p>\n\n\n\n<p><a id=\"airport\" name=\"airport\"><\/a><strong><span style=\"font-size: 16px\"><span style=\"font-family: verdana,geneva,sans-serif\">What are the accessible public transport options for getting to the conference venue from the airport?<\/span><\/span><\/strong><br><span style=\"font-size: 16px\"><span style=\"font-family: verdana,geneva,sans-serif\">From Barcelona airport, the easiest way to get to the Resid\u00e8ncia de Investigadors is by Aerobus. If you arrive using the Aerobus, your stop is Pla\u00e7a Catalunya. The route from the Aerobus stop in Pla\u00e7a Catalunya to the Resid\u00e8ncia de Investigadors, via the Ramblas first and then Carrer de l&#8217;Hospital, is almost step-free.<\/span><\/span><br><span style=\"font-size: 16px\"><span style=\"font-family: verdana,geneva,sans-serif\">You can find more information about the Aerobus, including costs, operating hours, and stops on the following website: <a href=\"http:\/\/www.aerobusbcn.com\/en\/faq\" target=\"_blank\" rel=\"noopener\">www.aerobusbcn.com\/en\/faq<\/a><\/span><\/span><\/p>\n\n\n\n<p><a href=\"#summary\"><span style=\"font-size: 16px\"><span style=\"font-family: verdana,geneva,sans-serif\">Go to back contents summary.<\/span><\/span><\/a><\/p>\n\n\n\n<p><a id=\"access_info_city\" name=\"access_info_city\"><\/a><strong><span style=\"font-size: 16px\"><span style=\"font-family: verdana,geneva,sans-serif\">Where can I find information on accessible services, transport, and cultural venues in Barcelona?<\/span><\/span><\/strong><br><span style=\"font-size: 16px\"><span style=\"font-family: verdana,geneva,sans-serif\">The website <a href=\"http:\/\/www.barcelona-access.com\" target=\"_blank\" rel=\"noopener\">www.barcelona-access.com<\/a> provides information on accessible services, hotels, and cultural venues around the city.<\/span><\/span><span style=\"font-size: 16px\"><span style=\"font-family: verdana,geneva,sans-serif\"> It also provides information on accessible transport within the city and on the route from the Barcelona Airport to the city centre.<\/span><\/span><br><span style=\"font-size: 16px\"><span style=\"font-family: verdana,geneva,sans-serif\">The website is run by the Barcelona Tourism Consortium and provides information in four languages: English, French, Catalan, and Spanish.<\/span><\/span><\/p>\n\n\n\n<p><a href=\"#summary\"><span style=\"font-size: 16px\"><span style=\"font-family: verdana,geneva,sans-serif\">Go to back contents summary.<\/span><\/span><\/a><\/p>\n\n\n\n<p><a id=\"speak\" name=\"speak\"><\/a><strong><span style=\"font-size: 16px\"><span style=\"font-family: verdana,geneva,sans-serif\">How can I communicate accessibility needs to the UMAQ Conference organisers?<\/span><\/span><\/strong><br><span style=\"font-size: 16px\"><span style=\"font-family: verdana,geneva,sans-serif\">When you register for the conference, there will be a registration field labelled, &#8220;If you have any specific needs, please indicate here&#8221;. In your message, please indicate any accessibility needs you may have, such as a guide. We will follow up with you to clarify your needs. You can also contact us directly at any time through the conference contact form.<\/span><\/span><\/p>\n\n\n\n<p><a href=\"#summary\"><span style=\"font-size: 16px\"><span style=\"font-family: verdana,geneva,sans-serif\">Go to back contents summary.<\/span><\/span><\/a><\/p>\n\n\n\n<p><a name=\"contact\"><\/a><strong><span style=\"font-size: 16px\"><span style=\"font-family: verdana,geneva,sans-serif\">Who can I ask if my question is not answered here?<\/span><\/span><\/strong><br><span style=\"font-size: 16px\"><span style=\"font-family: verdana,geneva,sans-serif\">If there is specific accessibility information you would like to see here, or if you wish to discuss any accessibility requirements, please <a href=\"http:\/\/pagines.uab.cat\/umaq\/contact-umaq-conference\">contact us<\/a> directly at any time through the conference contact form, and we will respond to you shortly.<\/span><\/span><\/p>\n\n\n\n<p><a href=\"#summary\"><span style=\"font-size: 16px\"><span style=\"font-family: verdana,geneva,sans-serif\">Go to back contents summary.<\/span><\/span><\/a><\/p>\n\n\n\n<p><span style=\"font-size: 16px\"><span style=\"font-family: verdana,geneva,sans-serif\">This FAQ is based on a template provided by <a href=\"http:\/\/www.sigaccess.org\" target=\"_blank\" rel=\"noopener\">ACM SIGACCESS<\/a> and furtherly adapted by Gian Maria Greco.<\/span><\/span><\/p>\n","protected":false},"excerpt":{"rendered":"<p>The UMAQ conference is committed to providing an inclusive environment, and we will do our best to accommodate requests for specific assistance. This page describes the accessibility features of the UMAQ conference, to help you make an informed decision about whether or not the conference will be accessible to you. Please contact us if your [&hellip;]<\/p>\n","protected":false},"author":20,"featured_media":0,"parent":0,"menu_order":0,"comment_status":"closed","ping_status":"closed","template":"","meta":{"footnotes":""},"class_list":["post-55","page","type-page","status-publish","hentry"],"_links":{"self":[{"href":"https:\/\/webs.uab.cat\/umaq\/wp-json\/wp\/v2\/pages\/55","targetHints":{"allow":["GET"]}}],"collection":[{"href":"https:\/\/webs.uab.cat\/umaq\/wp-json\/wp\/v2\/pages"}],"about":[{"href":"https:\/\/webs.uab.cat\/umaq\/wp-json\/wp\/v2\/types\/page"}],"author":[{"embeddable":true,"href":"https:\/\/webs.uab.cat\/umaq\/wp-json\/wp\/v2\/users\/20"}],"replies":[{"embeddable":true,"href":"https:\/\/webs.uab.cat\/umaq\/wp-json\/wp\/v2\/comments?post=55"}],"version-history":[{"count":2,"href":"https:\/\/webs.uab.cat\/umaq\/wp-json\/wp\/v2\/pages\/55\/revisions"}],"predecessor-version":[{"id":178,"href":"https:\/\/webs.uab.cat\/umaq\/wp-json\/wp\/v2\/pages\/55\/revisions\/178"}],"wp:attachment":[{"href":"https:\/\/webs.uab.cat\/umaq\/wp-json\/wp\/v2\/media?parent=55"}],"curies":[{"name":"wp","href":"https:\/\/api.w.org\/{rel}","templated":true}]}}